{"id":95,"date":"2019-03-10T00:01:34","date_gmt":"2019-03-09T21:01:34","guid":{"rendered":"http:\/\/yrmegard.net\/cms\/?page_id=95"},"modified":"2025-04-20T13:15:41","modified_gmt":"2025-04-20T10:15:41","slug":"tere-tulemast-yrmegardi-tootuppa","status":"publish","type":"page","link":"https:\/\/yrmegard.net\/treasury\/et\/","title":{"rendered":"Tere tulemast Yrmegardi t\u00f6\u00f6tuppa!"},"content":{"rendered":"<div class=\"wp-block-visual-portfolio alignwide blog-image\">\n<div class=\"vp-portfolio vp-uid-67fe0d38 vp-id-Mix31\"\n\tdata-vp-layout=\"slider\" data-vp-content-source=\"images\" data-vp-items-style=\"emerge\" data-vp-items-click-action=\"url\" data-vp-items-gap=\"15\" data-vp-items-gap-vertical=\"\" data-vp-pagination=\"load-more\" data-vp-next-page-url=\"\" data-vp-slider-effect=\"slide\" data-vp-slider-items-height=\"34%\" data-vp-slider-items-min-height=\"\" data-vp-slider-slides-per-view=\"auto\" data-vp-slider-speed=\"0.9\" data-vp-slider-autoplay=\"3.4\" data-vp-slider-autoplay-hover-pause=\"true\" data-vp-slider-centered-slides=\"true\" data-vp-slider-loop=\"true\" data-vp-slider-free-mode=\"false\" data-vp-slider-free-mode-sticky=\"false\" data-vp-slider-arrows=\"true\" data-vp-slider-bullets=\"true\" data-vp-slider-bullets-dynamic=\"false\" data-vp-slider-mousewheel=\"true\" data-vp-slider-thumbnails=\"false\" >\n\t<div class=\"vp-portfolio__preloader-wrap\">\n\t\t<div class=\"vp-portfolio__preloader\">\n\t\t\t<img decoding=\"async\" loading=\"eager\" src=\"https:\/\/yrmegard.net\/treasury\/wp-content\/plugins\/visual-portfolio\/assets\/images\/logo-dark.svg\" alt=\"Visual Portfolio, Posts &amp; Image Gallery for WordPress\" width=\"20\" height=\"20\" data-skip-lazy>\n\t\t<\/div>\n\t<\/div>\n\t\t<div class=\"vp-portfolio__items-wrap\">\n\t\t\t\n<div class=\"vp-portfolio__items vp-portfolio__items-style-emerge vp-portfolio__items-show-overlay-hover vp-portfolio__items-show-caption-hover\">\n\n\t\t<div\t\tclass=\"vp-portfolio__item-wrap vp-portfolio__item-uid-05386e97\" data-vp-filter=\"\" \t\t>\n\t\t\t\t\t\t\t\t\t<figure class=\"vp-portfolio__item\">\n\t\t\t\t\n<div class=\"vp-portfolio__item-img-wrap\">\n\t<div class=\"vp-portfolio__item-img\">\n\t\t\t<a\n\t\thref=\"https:\/\/yrmegard.net\/shop\/et\/\"\n\t\taria-label=\"Eesti mustritega k\u00e4epaelad e-poes\" \t>\n\t\n\t\t<noscript><img loading=\"lazy\" decoding=\"async\" width=\"1200\" height=\"400\" data-skip-lazy src=\"https:\/\/yrmegard.net\/treasury\/wp-content\/uploads\/2025\/04\/shop-slider-1.png\" class=\"wp-image-9219\" alt=\"\" srcset=\"https:\/\/yrmegard.net\/treasury\/wp-content\/uploads\/2025\/04\/shop-slider-1.png 1200w, https:\/\/yrmegard.net\/treasury\/wp-content\/uploads\/2025\/04\/shop-slider-1-550x183.png 550w, https:\/\/yrmegard.net\/treasury\/wp-content\/uploads\/2025\/04\/shop-slider-1-750x250.png 750w, https:\/\/yrmegard.net\/treasury\/wp-content\/uploads\/2025\/04\/shop-slider-1-768x256.png 768w, https:\/\/yrmegard.net\/treasury\/wp-content\/uploads\/2025\/04\/shop-slider-1-500x167.png 500w, https:\/\/yrmegard.net\/treasury\/wp-content\/uploads\/2025\/04\/shop-slider-1-800x267.png 800w\" sizes=\"auto, (max-width: 1200px) 100vw, 1200px\" \/><\/noscript><img fetchpriority=\"high\" decoding=\"async\" width=\"1200\" height=\"400\" src=\"https:\/\/yrmegard.net\/treasury\/wp-content\/uploads\/2025\/04\/shop-slider-1.png\" class=\"wp-image-9219 vp-lazyload\" alt srcset=\"data:image\/svg+xml;base64,PHN2ZyB3aWR0aD0iMTIwMCIgaGVpZ2h0PSI0MDAiIHZpZXdCb3g9IjAgMCAxMjAwIDQwMCIgZmlsbD0ibm9uZSIgeG1sbnM9Imh0dHA6Ly93d3cudzMub3JnLzIwMDAvc3ZnIj48L3N2Zz4=\" data-src=\"https:\/\/yrmegard.net\/treasury\/wp-content\/uploads\/2025\/04\/shop-slider-1.png\" data-srcset=\"https:\/\/yrmegard.net\/treasury\/wp-content\/uploads\/2025\/04\/shop-slider-1.png 1200w, https:\/\/yrmegard.net\/treasury\/wp-content\/uploads\/2025\/04\/shop-slider-1-550x183.png 550w, https:\/\/yrmegard.net\/treasury\/wp-content\/uploads\/2025\/04\/shop-slider-1-750x250.png 750w, https:\/\/yrmegard.net\/treasury\/wp-content\/uploads\/2025\/04\/shop-slider-1-768x256.png 768w, https:\/\/yrmegard.net\/treasury\/wp-content\/uploads\/2025\/04\/shop-slider-1-500x167.png 500w, https:\/\/yrmegard.net\/treasury\/wp-content\/uploads\/2025\/04\/shop-slider-1-800x267.png 800w\" data-sizes=\"auto\" loading=\"eager\">\n\t\t<div class=\"vp-portfolio__item-overlay\"><\/div>\n\n\t\t<\/a>\t<\/div>\n<\/div>\n\n\t<figcaption class=\"vp-portfolio__item-caption vp-portfolio__item-caption-text-align-center\">\n\t\t<div class=\"vp-portfolio__item-meta-wrap vp-portfolio__custom-scrollbar\">\n\t\t\t<div class=\"vp-portfolio__item-meta\">\n\t\t\t\t\n<h2 class=\"vp-portfolio__item-meta-title\">\n\t\t<a\n\t\thref=\"https:\/\/yrmegard.net\/shop\/et\/\"\n\t\t\t>\n\tEesti mustritega k\u00e4epaelad e-poes<\/a><\/h2>\n\t\t\t<\/div>\n\t\t<\/div>\n\t<\/figcaption>\n\t\t\t<\/figure>\n\t\t\t\t\t<\/div>\n\t\t\n\t\t<div\t\tclass=\"vp-portfolio__item-wrap vp-portfolio__item-uid-cbc5ec37\" data-vp-filter=\"\" \t\t>\n\t\t\t\t\t\t\t\t\t<figure class=\"vp-portfolio__item\">\n\t\t\t\t\n<div class=\"vp-portfolio__item-img-wrap\">\n\t<div class=\"vp-portfolio__item-img\">\n\t\t\t<a\n\t\thref=\"https:\/\/yrmegard.net\/treasury\/et\/galerii\/galerii-kolad-linnud\/\"\n\t\taria-label=\"Lindudega v\u00f6\u00f6 galeriis\" \t>\n\t\n\t\t<noscript><img loading=\"lazy\" decoding=\"async\" width=\"1200\" height=\"400\" data-skip-lazy src=\"https:\/\/yrmegard.net\/treasury\/wp-content\/uploads\/2023\/08\/birds_slider.jpg\" class=\"wp-image-6484\" alt=\"\" srcset=\"https:\/\/yrmegard.net\/treasury\/wp-content\/uploads\/2023\/08\/birds_slider.jpg 1200w, https:\/\/yrmegard.net\/treasury\/wp-content\/uploads\/2023\/08\/birds_slider-300x100.jpg 300w, https:\/\/yrmegard.net\/treasury\/wp-content\/uploads\/2023\/08\/birds_slider-1024x341.jpg 1024w, https:\/\/yrmegard.net\/treasury\/wp-content\/uploads\/2023\/08\/birds_slider-768x256.jpg 768w\" sizes=\"auto, (max-width: 1200px) 100vw, 1200px\" \/><\/noscript><img decoding=\"async\" width=\"1200\" height=\"400\" src=\"https:\/\/yrmegard.net\/treasury\/wp-content\/uploads\/2023\/08\/birds_slider.jpg\" class=\"wp-image-6484 vp-lazyload\" alt srcset=\"data:image\/svg+xml;base64,PHN2ZyB3aWR0aD0iMTIwMCIgaGVpZ2h0PSI0MDAiIHZpZXdCb3g9IjAgMCAxMjAwIDQwMCIgZmlsbD0ibm9uZSIgeG1sbnM9Imh0dHA6Ly93d3cudzMub3JnLzIwMDAvc3ZnIj48L3N2Zz4=\" data-src=\"https:\/\/yrmegard.net\/treasury\/wp-content\/uploads\/2023\/08\/birds_slider.jpg\" data-srcset=\"https:\/\/yrmegard.net\/treasury\/wp-content\/uploads\/2023\/08\/birds_slider.jpg 1200w, https:\/\/yrmegard.net\/treasury\/wp-content\/uploads\/2023\/08\/birds_slider-300x100.jpg 300w, https:\/\/yrmegard.net\/treasury\/wp-content\/uploads\/2023\/08\/birds_slider-1024x341.jpg 1024w, https:\/\/yrmegard.net\/treasury\/wp-content\/uploads\/2023\/08\/birds_slider-768x256.jpg 768w\" data-sizes=\"auto\" loading=\"eager\">\n\t\t<div class=\"vp-portfolio__item-overlay\"><\/div>\n\n\t\t<\/a>\t<\/div>\n<\/div>\n\n\t<figcaption class=\"vp-portfolio__item-caption vp-portfolio__item-caption-text-align-center\">\n\t\t<div class=\"vp-portfolio__item-meta-wrap vp-portfolio__custom-scrollbar\">\n\t\t\t<div class=\"vp-portfolio__item-meta\">\n\t\t\t\t\n<h2 class=\"vp-portfolio__item-meta-title\">\n\t\t<a\n\t\thref=\"https:\/\/yrmegard.net\/treasury\/et\/galerii\/galerii-kolad-linnud\/\"\n\t\t\t>\n\tLindudega v\u00f6\u00f6 galeriis<\/a><\/h2>\n\t\t\t<\/div>\n\t\t<\/div>\n\t<\/figcaption>\n\t\t\t<\/figure>\n\t\t\t\t\t<\/div>\n\t\t\n\t\t<div\t\tclass=\"vp-portfolio__item-wrap vp-portfolio__item-uid-08ff0d61\" data-vp-filter=\"\" \t\t>\n\t\t\t\t\t\t\t\t\t<figure class=\"vp-portfolio__item\">\n\t\t\t\t\n<div class=\"vp-portfolio__item-img-wrap\">\n\t<div class=\"vp-portfolio__item-img\">\n\t\t\t<a\n\t\thref=\"https:\/\/yrmegard.net\/shop\/et\/toode\/kolad\/\"\n\t\taria-label=\"K\u00f5lad e-poes\" \t>\n\t\n\t\t<noscript><img loading=\"lazy\" decoding=\"async\" width=\"1200\" height=\"400\" data-skip-lazy src=\"https:\/\/yrmegard.net\/treasury\/wp-content\/uploads\/2025\/04\/tablets-slider.png\" class=\"wp-image-9218\" alt=\"\" srcset=\"https:\/\/yrmegard.net\/treasury\/wp-content\/uploads\/2025\/04\/tablets-slider.png 1200w, https:\/\/yrmegard.net\/treasury\/wp-content\/uploads\/2025\/04\/tablets-slider-550x183.png 550w, https:\/\/yrmegard.net\/treasury\/wp-content\/uploads\/2025\/04\/tablets-slider-750x250.png 750w, https:\/\/yrmegard.net\/treasury\/wp-content\/uploads\/2025\/04\/tablets-slider-768x256.png 768w, https:\/\/yrmegard.net\/treasury\/wp-content\/uploads\/2025\/04\/tablets-slider-500x167.png 500w, https:\/\/yrmegard.net\/treasury\/wp-content\/uploads\/2025\/04\/tablets-slider-800x267.png 800w\" sizes=\"auto, (max-width: 1200px) 100vw, 1200px\" \/><\/noscript><img decoding=\"async\" width=\"1200\" height=\"400\" src=\"https:\/\/yrmegard.net\/treasury\/wp-content\/uploads\/2025\/04\/tablets-slider.png\" class=\"wp-image-9218 vp-lazyload\" alt srcset=\"data:image\/svg+xml;base64,PHN2ZyB3aWR0aD0iMTIwMCIgaGVpZ2h0PSI0MDAiIHZpZXdCb3g9IjAgMCAxMjAwIDQwMCIgZmlsbD0ibm9uZSIgeG1sbnM9Imh0dHA6Ly93d3cudzMub3JnLzIwMDAvc3ZnIj48L3N2Zz4=\" data-src=\"https:\/\/yrmegard.net\/treasury\/wp-content\/uploads\/2025\/04\/tablets-slider.png\" data-srcset=\"https:\/\/yrmegard.net\/treasury\/wp-content\/uploads\/2025\/04\/tablets-slider.png 1200w, https:\/\/yrmegard.net\/treasury\/wp-content\/uploads\/2025\/04\/tablets-slider-550x183.png 550w, https:\/\/yrmegard.net\/treasury\/wp-content\/uploads\/2025\/04\/tablets-slider-750x250.png 750w, https:\/\/yrmegard.net\/treasury\/wp-content\/uploads\/2025\/04\/tablets-slider-768x256.png 768w, https:\/\/yrmegard.net\/treasury\/wp-content\/uploads\/2025\/04\/tablets-slider-500x167.png 500w, https:\/\/yrmegard.net\/treasury\/wp-content\/uploads\/2025\/04\/tablets-slider-800x267.png 800w\" data-sizes=\"auto\" loading=\"eager\">\n\t\t<div class=\"vp-portfolio__item-overlay\"><\/div>\n\n\t\t<\/a>\t<\/div>\n<\/div>\n\n\t<figcaption class=\"vp-portfolio__item-caption vp-portfolio__item-caption-text-align-center\">\n\t\t<div class=\"vp-portfolio__item-meta-wrap vp-portfolio__custom-scrollbar\">\n\t\t\t<div class=\"vp-portfolio__item-meta\">\n\t\t\t\t\n<h2 class=\"vp-portfolio__item-meta-title\">\n\t\t<a\n\t\thref=\"https:\/\/yrmegard.net\/shop\/et\/toode\/kolad\/\"\n\t\t\t>\n\tK\u00f5lad e-poes<\/a><\/h2>\n\t\t\t<\/div>\n\t\t<\/div>\n\t<\/figcaption>\n\t\t\t<\/figure>\n\t\t\t\t\t<\/div>\n\t\t\n\t\t<div\t\tclass=\"vp-portfolio__item-wrap vp-portfolio__item-uid-c6028fc1\" data-vp-filter=\"\" \t\t>\n\t\t\t\t\t\t\t\t\t<figure class=\"vp-portfolio__item\">\n\t\t\t\t\n<div class=\"vp-portfolio__item-img-wrap\">\n\t<div class=\"vp-portfolio__item-img\">\n\t\t\t<a\n\t\thref=\"https:\/\/yrmegard.net\/treasury\/et\/galerii\/galerii-kolad-kaladega-voo\/\"\n\t\taria-label=\"Kaladega v\u00f6\u00f6 galeriis\" \t>\n\t\n\t\t<noscript><img loading=\"lazy\" decoding=\"async\" width=\"1200\" height=\"400\" data-skip-lazy src=\"https:\/\/yrmegard.net\/treasury\/wp-content\/uploads\/2023\/08\/fish_slider.jpg\" class=\"wp-image-6485\" alt=\"\" srcset=\"https:\/\/yrmegard.net\/treasury\/wp-content\/uploads\/2023\/08\/fish_slider.jpg 1200w, https:\/\/yrmegard.net\/treasury\/wp-content\/uploads\/2023\/08\/fish_slider-300x100.jpg 300w, https:\/\/yrmegard.net\/treasury\/wp-content\/uploads\/2023\/08\/fish_slider-1024x341.jpg 1024w, https:\/\/yrmegard.net\/treasury\/wp-content\/uploads\/2023\/08\/fish_slider-768x256.jpg 768w\" sizes=\"auto, (max-width: 1200px) 100vw, 1200px\" \/><\/noscript><img decoding=\"async\" width=\"1200\" height=\"400\" src=\"https:\/\/yrmegard.net\/treasury\/wp-content\/uploads\/2023\/08\/fish_slider.jpg\" class=\"wp-image-6485 vp-lazyload\" alt srcset=\"data:image\/svg+xml;base64,PHN2ZyB3aWR0aD0iMTIwMCIgaGVpZ2h0PSI0MDAiIHZpZXdCb3g9IjAgMCAxMjAwIDQwMCIgZmlsbD0ibm9uZSIgeG1sbnM9Imh0dHA6Ly93d3cudzMub3JnLzIwMDAvc3ZnIj48L3N2Zz4=\" data-src=\"https:\/\/yrmegard.net\/treasury\/wp-content\/uploads\/2023\/08\/fish_slider.jpg\" data-srcset=\"https:\/\/yrmegard.net\/treasury\/wp-content\/uploads\/2023\/08\/fish_slider.jpg 1200w, https:\/\/yrmegard.net\/treasury\/wp-content\/uploads\/2023\/08\/fish_slider-300x100.jpg 300w, https:\/\/yrmegard.net\/treasury\/wp-content\/uploads\/2023\/08\/fish_slider-1024x341.jpg 1024w, https:\/\/yrmegard.net\/treasury\/wp-content\/uploads\/2023\/08\/fish_slider-768x256.jpg 768w\" data-sizes=\"auto\" loading=\"eager\">\n\t\t<div class=\"vp-portfolio__item-overlay\"><\/div>\n\n\t\t<\/a>\t<\/div>\n<\/div>\n\n\t<figcaption class=\"vp-portfolio__item-caption vp-portfolio__item-caption-text-align-center\">\n\t\t<div class=\"vp-portfolio__item-meta-wrap vp-portfolio__custom-scrollbar\">\n\t\t\t<div class=\"vp-portfolio__item-meta\">\n\t\t\t\t\n<h2 class=\"vp-portfolio__item-meta-title\">\n\t\t<a\n\t\thref=\"https:\/\/yrmegard.net\/treasury\/et\/galerii\/galerii-kolad-kaladega-voo\/\"\n\t\t\t>\n\tKaladega v\u00f6\u00f6 galeriis<\/a><\/h2>\n\t\t\t<\/div>\n\t\t<\/div>\n\t<\/figcaption>\n\t\t\t<\/figure>\n\t\t\t\t\t<\/div>\n\t\t\n\t\t<div\t\tclass=\"vp-portfolio__item-wrap vp-portfolio__item-uid-d54e13a6\" data-vp-filter=\"\" \t\t>\n\t\t\t\t\t\t\t\t\t<figure class=\"vp-portfolio__item\">\n\t\t\t\t\n<div class=\"vp-portfolio__item-img-wrap\">\n\t<div class=\"vp-portfolio__item-img\">\n\t\t\t<a\n\t\thref=\"https:\/\/yrmegard.net\/shop\/et\/toode\/komplekt-karksi-kaepaelad\/\"\n\t\taria-label=\"Karksi mustriga komplekt e-poes\" \t>\n\t\n\t\t<noscript><img loading=\"lazy\" decoding=\"async\" width=\"1200\" height=\"400\" data-skip-lazy src=\"https:\/\/yrmegard.net\/treasury\/wp-content\/uploads\/2025\/04\/set-slider.png\" class=\"wp-image-9221\" alt=\"\" srcset=\"https:\/\/yrmegard.net\/treasury\/wp-content\/uploads\/2025\/04\/set-slider.png 1200w, https:\/\/yrmegard.net\/treasury\/wp-content\/uploads\/2025\/04\/set-slider-550x183.png 550w, https:\/\/yrmegard.net\/treasury\/wp-content\/uploads\/2025\/04\/set-slider-750x250.png 750w, https:\/\/yrmegard.net\/treasury\/wp-content\/uploads\/2025\/04\/set-slider-768x256.png 768w, https:\/\/yrmegard.net\/treasury\/wp-content\/uploads\/2025\/04\/set-slider-500x167.png 500w, https:\/\/yrmegard.net\/treasury\/wp-content\/uploads\/2025\/04\/set-slider-800x267.png 800w\" sizes=\"auto, (max-width: 1200px) 100vw, 1200px\" \/><\/noscript><img decoding=\"async\" width=\"1200\" height=\"400\" src=\"https:\/\/yrmegard.net\/treasury\/wp-content\/uploads\/2025\/04\/set-slider.png\" class=\"wp-image-9221 vp-lazyload\" alt srcset=\"data:image\/svg+xml;base64,PHN2ZyB3aWR0aD0iMTIwMCIgaGVpZ2h0PSI0MDAiIHZpZXdCb3g9IjAgMCAxMjAwIDQwMCIgZmlsbD0ibm9uZSIgeG1sbnM9Imh0dHA6Ly93d3cudzMub3JnLzIwMDAvc3ZnIj48L3N2Zz4=\" data-src=\"https:\/\/yrmegard.net\/treasury\/wp-content\/uploads\/2025\/04\/set-slider.png\" data-srcset=\"https:\/\/yrmegard.net\/treasury\/wp-content\/uploads\/2025\/04\/set-slider.png 1200w, https:\/\/yrmegard.net\/treasury\/wp-content\/uploads\/2025\/04\/set-slider-550x183.png 550w, https:\/\/yrmegard.net\/treasury\/wp-content\/uploads\/2025\/04\/set-slider-750x250.png 750w, https:\/\/yrmegard.net\/treasury\/wp-content\/uploads\/2025\/04\/set-slider-768x256.png 768w, https:\/\/yrmegard.net\/treasury\/wp-content\/uploads\/2025\/04\/set-slider-500x167.png 500w, https:\/\/yrmegard.net\/treasury\/wp-content\/uploads\/2025\/04\/set-slider-800x267.png 800w\" data-sizes=\"auto\" loading=\"eager\">\n\t\t<div class=\"vp-portfolio__item-overlay\"><\/div>\n\n\t\t<\/a>\t<\/div>\n<\/div>\n\n\t<figcaption class=\"vp-portfolio__item-caption vp-portfolio__item-caption-text-align-center\">\n\t\t<div class=\"vp-portfolio__item-meta-wrap vp-portfolio__custom-scrollbar\">\n\t\t\t<div class=\"vp-portfolio__item-meta\">\n\t\t\t\t\n<h2 class=\"vp-portfolio__item-meta-title\">\n\t\t<a\n\t\thref=\"https:\/\/yrmegard.net\/shop\/et\/toode\/komplekt-karksi-kaepaelad\/\"\n\t\t\t>\n\tKarksi mustriga komplekt e-poes<\/a><\/h2>\n\t\t\t<\/div>\n\t\t<\/div>\n\t<\/figcaption>\n\t\t\t<\/figure>\n\t\t\t\t\t<\/div>\n\t\t\n\t\t<div\t\tclass=\"vp-portfolio__item-wrap vp-portfolio__item-uid-a74c1b4d\" data-vp-filter=\"\" \t\t>\n\t\t\t\t\t\t\t\t\t<figure class=\"vp-portfolio__item\">\n\t\t\t\t\n<div class=\"vp-portfolio__item-img-wrap\">\n\t<div class=\"vp-portfolio__item-img\">\n\t\t\t<a\n\t\thref=\"https:\/\/yrmegard.net\/treasury\/et\/galerii\/galerii-kolad-rebasesaba\/\"\n\t\taria-label=\"&quot;Rebase saba&quot; galeriis\" \t>\n\t\n\t\t<noscript><img loading=\"lazy\" decoding=\"async\" width=\"1199\" height=\"400\" data-skip-lazy src=\"https:\/\/yrmegard.net\/treasury\/wp-content\/uploads\/2023\/08\/fox_slider.jpg\" class=\"wp-image-6487\" alt=\"\" srcset=\"https:\/\/yrmegard.net\/treasury\/wp-content\/uploads\/2023\/08\/fox_slider.jpg 1199w, https:\/\/yrmegard.net\/treasury\/wp-content\/uploads\/2023\/08\/fox_slider-300x100.jpg 300w, https:\/\/yrmegard.net\/treasury\/wp-content\/uploads\/2023\/08\/fox_slider-1024x342.jpg 1024w, https:\/\/yrmegard.net\/treasury\/wp-content\/uploads\/2023\/08\/fox_slider-768x256.jpg 768w\" sizes=\"auto, (max-width: 1199px) 100vw, 1199px\" \/><\/noscript><img decoding=\"async\" width=\"1199\" height=\"400\" src=\"https:\/\/yrmegard.net\/treasury\/wp-content\/uploads\/2023\/08\/fox_slider.jpg\" class=\"wp-image-6487 vp-lazyload\" alt srcset=\"data:image\/svg+xml;base64,PHN2ZyB3aWR0aD0iMTE5OSIgaGVpZ2h0PSI0MDAiIHZpZXdCb3g9IjAgMCAxMTk5IDQwMCIgZmlsbD0ibm9uZSIgeG1sbnM9Imh0dHA6Ly93d3cudzMub3JnLzIwMDAvc3ZnIj48L3N2Zz4=\" data-src=\"https:\/\/yrmegard.net\/treasury\/wp-content\/uploads\/2023\/08\/fox_slider.jpg\" data-srcset=\"https:\/\/yrmegard.net\/treasury\/wp-content\/uploads\/2023\/08\/fox_slider.jpg 1199w, https:\/\/yrmegard.net\/treasury\/wp-content\/uploads\/2023\/08\/fox_slider-300x100.jpg 300w, https:\/\/yrmegard.net\/treasury\/wp-content\/uploads\/2023\/08\/fox_slider-1024x342.jpg 1024w, https:\/\/yrmegard.net\/treasury\/wp-content\/uploads\/2023\/08\/fox_slider-768x256.jpg 768w\" data-sizes=\"auto\" loading=\"eager\">\n\t\t<div class=\"vp-portfolio__item-overlay\"><\/div>\n\n\t\t<\/a>\t<\/div>\n<\/div>\n\n\t<figcaption class=\"vp-portfolio__item-caption vp-portfolio__item-caption-text-align-center\">\n\t\t<div class=\"vp-portfolio__item-meta-wrap vp-portfolio__custom-scrollbar\">\n\t\t\t<div class=\"vp-portfolio__item-meta\">\n\t\t\t\t\n<h2 class=\"vp-portfolio__item-meta-title\">\n\t\t<a\n\t\thref=\"https:\/\/yrmegard.net\/treasury\/et\/galerii\/galerii-kolad-rebasesaba\/\"\n\t\t\t>\n\t&#8220;Rebase saba&#8221; galeriis<\/a><\/h2>\n\t\t\t<\/div>\n\t\t<\/div>\n\t<\/figcaption>\n\t\t\t<\/figure>\n\t\t\t\t\t<\/div>\n\t\t\n\t\t<div\t\tclass=\"vp-portfolio__item-wrap vp-portfolio__item-uid-a8e384df\" data-vp-filter=\"\" \t\t>\n\t\t\t\t\t\t\t\t\t<figure class=\"vp-portfolio__item\">\n\t\t\t\t\n<div class=\"vp-portfolio__item-img-wrap\">\n\t<div class=\"vp-portfolio__item-img\">\n\t\t\t<a\n\t\thref=\"https:\/\/yrmegard.net\/shop\/et\/toode\/kaepael-dorpati-mustriga\/\"\n\t\taria-label=\"Dorpati mustriga k\u00e4epaelad e-poes\" \t>\n\t\n\t\t<noscript><img loading=\"lazy\" decoding=\"async\" width=\"1200\" height=\"400\" data-skip-lazy src=\"https:\/\/yrmegard.net\/treasury\/wp-content\/uploads\/2025\/04\/dorpat-slider.png\" class=\"wp-image-9225\" alt=\"\" srcset=\"https:\/\/yrmegard.net\/treasury\/wp-content\/uploads\/2025\/04\/dorpat-slider.png 1200w, https:\/\/yrmegard.net\/treasury\/wp-content\/uploads\/2025\/04\/dorpat-slider-550x183.png 550w, https:\/\/yrmegard.net\/treasury\/wp-content\/uploads\/2025\/04\/dorpat-slider-750x250.png 750w, https:\/\/yrmegard.net\/treasury\/wp-content\/uploads\/2025\/04\/dorpat-slider-768x256.png 768w, https:\/\/yrmegard.net\/treasury\/wp-content\/uploads\/2025\/04\/dorpat-slider-500x167.png 500w, https:\/\/yrmegard.net\/treasury\/wp-content\/uploads\/2025\/04\/dorpat-slider-800x267.png 800w\" sizes=\"auto, (max-width: 1200px) 100vw, 1200px\" \/><\/noscript><img decoding=\"async\" width=\"1200\" height=\"400\" src=\"https:\/\/yrmegard.net\/treasury\/wp-content\/uploads\/2025\/04\/dorpat-slider.png\" class=\"wp-image-9225 vp-lazyload\" alt srcset=\"data:image\/svg+xml;base64,PHN2ZyB3aWR0aD0iMTIwMCIgaGVpZ2h0PSI0MDAiIHZpZXdCb3g9IjAgMCAxMjAwIDQwMCIgZmlsbD0ibm9uZSIgeG1sbnM9Imh0dHA6Ly93d3cudzMub3JnLzIwMDAvc3ZnIj48L3N2Zz4=\" data-src=\"https:\/\/yrmegard.net\/treasury\/wp-content\/uploads\/2025\/04\/dorpat-slider.png\" data-srcset=\"https:\/\/yrmegard.net\/treasury\/wp-content\/uploads\/2025\/04\/dorpat-slider.png 1200w, https:\/\/yrmegard.net\/treasury\/wp-content\/uploads\/2025\/04\/dorpat-slider-550x183.png 550w, https:\/\/yrmegard.net\/treasury\/wp-content\/uploads\/2025\/04\/dorpat-slider-750x250.png 750w, https:\/\/yrmegard.net\/treasury\/wp-content\/uploads\/2025\/04\/dorpat-slider-768x256.png 768w, https:\/\/yrmegard.net\/treasury\/wp-content\/uploads\/2025\/04\/dorpat-slider-500x167.png 500w, https:\/\/yrmegard.net\/treasury\/wp-content\/uploads\/2025\/04\/dorpat-slider-800x267.png 800w\" data-sizes=\"auto\" loading=\"eager\">\n\t\t<div class=\"vp-portfolio__item-overlay\"><\/div>\n\n\t\t<\/a>\t<\/div>\n<\/div>\n\n\t<figcaption class=\"vp-portfolio__item-caption vp-portfolio__item-caption-text-align-center\">\n\t\t<div class=\"vp-portfolio__item-meta-wrap vp-portfolio__custom-scrollbar\">\n\t\t\t<div class=\"vp-portfolio__item-meta\">\n\t\t\t\t\n<h2 class=\"vp-portfolio__item-meta-title\">\n\t\t<a\n\t\thref=\"https:\/\/yrmegard.net\/shop\/et\/toode\/kaepael-dorpati-mustriga\/\"\n\t\t\t>\n\tDorpati mustriga k\u00e4epaelad e-poes<\/a><\/h2>\n\t\t\t<\/div>\n\t\t<\/div>\n\t<\/figcaption>\n\t\t\t<\/figure>\n\t\t\t\t\t<\/div>\n\t\t\n\t\t<div\t\tclass=\"vp-portfolio__item-wrap vp-portfolio__item-uid-b4fd8de3\" data-vp-filter=\"\" \t\t>\n\t\t\t\t\t\t\t\t\t<figure class=\"vp-portfolio__item\">\n\t\t\t\t\n<div class=\"vp-portfolio__item-img-wrap\">\n\t<div class=\"vp-portfolio__item-img\">\n\t\t\t<a\n\t\thref=\"https:\/\/yrmegard.net\/treasury\/et\/galerii\/galerii-kolad-paikesevoo\/\"\n\t\taria-label=\"&quot;P\u00e4ikese v\u00f6\u00f6&quot; galeriis\" \t>\n\t\n\t\t<noscript><img loading=\"lazy\" decoding=\"async\" width=\"1199\" height=\"400\" data-skip-lazy src=\"https:\/\/yrmegard.net\/treasury\/wp-content\/uploads\/2023\/08\/sun_slider.jpg\" class=\"wp-image-6492\" alt=\"\" srcset=\"https:\/\/yrmegard.net\/treasury\/wp-content\/uploads\/2023\/08\/sun_slider.jpg 1199w, https:\/\/yrmegard.net\/treasury\/wp-content\/uploads\/2023\/08\/sun_slider-300x100.jpg 300w, https:\/\/yrmegard.net\/treasury\/wp-content\/uploads\/2023\/08\/sun_slider-1024x342.jpg 1024w, https:\/\/yrmegard.net\/treasury\/wp-content\/uploads\/2023\/08\/sun_slider-768x256.jpg 768w\" sizes=\"auto, (max-width: 1199px) 100vw, 1199px\" \/><\/noscript><img decoding=\"async\" width=\"1199\" height=\"400\" src=\"https:\/\/yrmegard.net\/treasury\/wp-content\/uploads\/2023\/08\/sun_slider.jpg\" class=\"wp-image-6492 vp-lazyload\" alt srcset=\"data:image\/svg+xml;base64,PHN2ZyB3aWR0aD0iMTE5OSIgaGVpZ2h0PSI0MDAiIHZpZXdCb3g9IjAgMCAxMTk5IDQwMCIgZmlsbD0ibm9uZSIgeG1sbnM9Imh0dHA6Ly93d3cudzMub3JnLzIwMDAvc3ZnIj48L3N2Zz4=\" data-src=\"https:\/\/yrmegard.net\/treasury\/wp-content\/uploads\/2023\/08\/sun_slider.jpg\" data-srcset=\"https:\/\/yrmegard.net\/treasury\/wp-content\/uploads\/2023\/08\/sun_slider.jpg 1199w, https:\/\/yrmegard.net\/treasury\/wp-content\/uploads\/2023\/08\/sun_slider-300x100.jpg 300w, https:\/\/yrmegard.net\/treasury\/wp-content\/uploads\/2023\/08\/sun_slider-1024x342.jpg 1024w, https:\/\/yrmegard.net\/treasury\/wp-content\/uploads\/2023\/08\/sun_slider-768x256.jpg 768w\" data-sizes=\"auto\" loading=\"eager\">\n\t\t<div class=\"vp-portfolio__item-overlay\"><\/div>\n\n\t\t<\/a>\t<\/div>\n<\/div>\n\n\t<figcaption class=\"vp-portfolio__item-caption vp-portfolio__item-caption-text-align-center\">\n\t\t<div class=\"vp-portfolio__item-meta-wrap vp-portfolio__custom-scrollbar\">\n\t\t\t<div class=\"vp-portfolio__item-meta\">\n\t\t\t\t\n<h2 class=\"vp-portfolio__item-meta-title\">\n\t\t<a\n\t\thref=\"https:\/\/yrmegard.net\/treasury\/et\/galerii\/galerii-kolad-paikesevoo\/\"\n\t\t\t>\n\t&#8220;P\u00e4ikese v\u00f6\u00f6&#8221; galeriis<\/a><\/h2>\n\t\t\t<\/div>\n\t\t<\/div>\n\t<\/figcaption>\n\t\t\t<\/figure>\n\t\t\t\t\t<\/div>\n\t\t\n<\/div>\n\n<div class=\"vp-portfolio__items-arrow vp-portfolio__items-arrow-prev\" tabindex=\"0\" role=\"button\" aria-label=\"Previous Slide\">\n\t\n<svg class=\"vp-svg-icon\" width=\"20\" height=\"20\" viewBox=\"0 0 20 20\" fill=\"none\" xmlns=\"http:\/\/www.w3.org\/2000\/svg\">\n\t<path d=\"M12 4L6 10L12 16\" stroke=\"currentColor\" stroke-width=\"1.5\" stroke-linecap=\"round\" stroke-linejoin=\"round\" fill=\"transparent\" \/>\n<\/svg>\n<\/div>\n<div class=\"vp-portfolio__items-arrow vp-portfolio__items-arrow-next\" tabindex=\"0\" role=\"button\" aria-label=\"Next Slide\">\n\t\n<svg class=\"vp-svg-icon\" width=\"20\" height=\"20\" viewBox=\"0 0 20 20\" fill=\"none\" xmlns=\"http:\/\/www.w3.org\/2000\/svg\">\n\t<path d=\"M8 4L14 10L8 16\" stroke=\"currentColor\" stroke-width=\"1.5\" stroke-linecap=\"round\" stroke-linejoin=\"round\" fill=\"transparent\" \/>\n<\/svg>\n<\/div>\n\n<div class=\"vp-portfolio__items-bullets\"><\/div>\n\t\t<\/div>\n\t\t\n<\/div>\n<\/div>\n\n\n<div style=\"height:20px\" aria-hidden=\"true\" class=\"wp-block-spacer\"><\/div>\n\n\n\n<p>Yrmegardi t\u00f6\u00f6tuba on virtuaalne k\u00e4sit\u00f6\u00f6tuba ja <a href=\"https:\/\/yrmegard.net\/shop\/et\/\">e-pood<\/a>, mille p\u00f5hiteemaks on k\u00f5ladega kudumine. Aastate jooksul on t\u00f6\u00f6toa populaarsemaks alaosaks kujunenud tasuta <a href=\"https:\/\/yrmegard.net\/treasury\/et\/mustrid\/\">mustrikollektsioon<\/a> k\u00f5ladega kudumiseks, kust leiab eritehnikates mustreid koos GTT failidega ja pdf-formaadis juhenditega. Leiab sealt ka tikkimismustreid, mis on maha joonistatud ajaloolistelt esemetelt. Lisaks m\u00f5ned artiklid, mis on abiks nt k\u00f5lamustrite lugemisel, k\u00e4sit\u00f6\u00f6raamatute \u00fclevaated ning blogi, kuhu on kogunenud infot erinevate k\u00e4sit\u00f6\u00f6projektide kohta, aga ka n\u00f5uandeid ja juhendeid.<\/p>\n","protected":false},"excerpt":{"rendered":"<p>Yrmegardi t\u00f6\u00f6tuba on virtuaalne k\u00e4sit\u00f6\u00f6tuba ja e-pood, mille p\u00f5hiteemaks on k\u00f5ladega kudumine. Aastate jooksul on t\u00f6\u00f6toa populaarsemaks alaosaks kujunenud tasuta mustrikollektsioon k\u00f5ladega kudumiseks, kust leiab eritehnikates mustreid koos GTT failidega ja pdf-formaadis juhenditega. Leiab sealt ka tikkimismustreid, mis on maha joonistatud ajaloolistelt esemetelt. Lisaks m\u00f5ned&nbsp;<a class=\"read-more\" href=\"https:\/\/yrmegard.net\/treasury\/et\/\">&hellip;<\/a><\/p>\n","protected":false},"author":2,"featured_media":6491,"parent":0,"menu_order":1,"comment_status":"closed","ping_status":"closed","template":"template-full.php","meta":{"_vp_format_video_url":"","_vp_image_focal_point":[],"footnotes":""},"class_list":["post-95","page","type-page","status-publish","has-post-thumbnail","hentry"],"_links":{"self":[{"href":"https:\/\/yrmegard.net\/treasury\/wp-json\/wp\/v2\/pages\/95","targetHints":{"allow":["GET"]}}],"collection":[{"href":"https:\/\/yrmegard.net\/treasury\/wp-json\/wp\/v2\/pages"}],"about":[{"href":"https:\/\/yrmegard.net\/treasury\/wp-json\/wp\/v2\/types\/page"}],"author":[{"embeddable":true,"href":"https:\/\/yrmegard.net\/treasury\/wp-json\/wp\/v2\/users\/2"}],"replies":[{"embeddable":true,"href":"https:\/\/yrmegard.net\/treasury\/wp-json\/wp\/v2\/comments?post=95"}],"version-history":[{"count":7,"href":"https:\/\/yrmegard.net\/treasury\/wp-json\/wp\/v2\/pages\/95\/revisions"}],"predecessor-version":[{"id":9247,"href":"https:\/\/yrmegard.net\/treasury\/wp-json\/wp\/v2\/pages\/95\/revisions\/9247"}],"wp:featuredmedia":[{"embeddable":true,"href":"https:\/\/yrmegard.net\/treasury\/wp-json\/wp\/v2\/media\/6491"}],"wp:attachment":[{"href":"https:\/\/yrmegard.net\/treasury\/wp-json\/wp\/v2\/media?parent=95"}],"curies":[{"name":"wp","href":"https:\/\/api.w.org\/{rel}","templated":true}]}}