{"id":8587,"date":"2023-10-07T21:37:55","date_gmt":"2023-10-07T18:37:55","guid":{"rendered":"https:\/\/yrmegard.net\/treasury\/?page_id=8587"},"modified":"2024-03-02T23:28:10","modified_gmt":"2024-03-02T20:28:10","slug":"oih","status":"publish","type":"page","link":"https:\/\/yrmegard.net\/treasury\/et\/oih\/","title":{"rendered":"Oih!"},"content":{"rendered":"\n<p>Tundub, et otsid midagi, mis on t\u00f6\u00f6toa loomingulises korralageduses kaduma l\u00e4inud. Palun vaata uuesti!<\/p>\n\n\n\n<p>Kui otsid mustrit, piilu <a href=\"https:\/\/yrmegard.net\/treasury\/et\/mustrid\/\" data-type=\"page\" data-id=\"3207\">mustrikogumikku<\/a>.<\/p>\n\n\n\n<p>Kui otsid artiklit, see on ilmselt <a href=\"https:\/\/yrmegard.net\/treasury\/et\/artiklid\/\" data-type=\"page\" data-id=\"2918\">siin<\/a>.<\/p>\n\n\n\n<p>Kas <a href=\"https:\/\/yrmegard.net\/treasury\/et\/blogi\/\" data-type=\"page\" data-id=\"3823\">blogipostitusi<\/a> oled n\u00e4inud?<\/p>\n\n\n\n<p>V\u00f5i soovid hoopis <a href=\"https:\/\/yrmegard.net\/treasury\/et\/pood\/\" data-type=\"page\" data-id=\"5930\">poodi<\/a> piiluda?<\/p>\n\n\n\n<div style=\"height:30px\" aria-hidden=\"true\" class=\"wp-block-spacer\"><\/div>\n\n\n\n<p>Otsingust v\u00f5ib samuti abi olla:<\/p>\n\n\n<form role=\"search\" method=\"get\" action=\"https:\/\/yrmegard.net\/treasury\/\" class=\"wp-block-search__button-outside wp-block-search__text-button wp-block-search\"    ><label class=\"wp-block-search__label screen-reader-text\" for=\"wp-block-search__input-1\" >Search<\/label><div class=\"wp-block-search__inside-wrapper\"  style=\"width: 75%\"><input class=\"wp-block-search__input\" id=\"wp-block-search__input-1\" placeholder=\"\" value=\"\" type=\"search\" name=\"s\" required \/><button aria-label=\"Otsin\" class=\"wp-block-search__button wp-element-button\" type=\"submit\" >Otsin<\/button><\/div><\/form>","protected":false},"excerpt":{"rendered":"<p>Tundub, et otsid midagi, mis on t\u00f6\u00f6toa loomingulises korralageduses kaduma l\u00e4inud. Palun vaata uuesti! Kui otsid mustrit, piilu mustrikogumikku. Kui otsid artiklit, see on ilmselt siin. Kas blogipostitusi oled n\u00e4inud? V\u00f5i soovid hoopis poodi piiluda? Otsingust v\u00f5ib samuti abi olla:<\/p>\n","protected":false},"author":2,"featured_media":0,"parent":0,"menu_order":0,"comment_status":"closed","ping_status":"closed","template":"template-full.php","meta":{"_vp_format_video_url":"","_vp_image_focal_point":[],"footnotes":""},"class_list":["post-8587","page","type-page","status-publish","hentry"],"_links":{"self":[{"href":"https:\/\/yrmegard.net\/treasury\/wp-json\/wp\/v2\/pages\/8587","targetHints":{"allow":["GET"]}}],"collection":[{"href":"https:\/\/yrmegard.net\/treasury\/wp-json\/wp\/v2\/pages"}],"about":[{"href":"https:\/\/yrmegard.net\/treasury\/wp-json\/wp\/v2\/types\/page"}],"author":[{"embeddable":true,"href":"https:\/\/yrmegard.net\/treasury\/wp-json\/wp\/v2\/users\/2"}],"replies":[{"embeddable":true,"href":"https:\/\/yrmegard.net\/treasury\/wp-json\/wp\/v2\/comments?post=8587"}],"version-history":[{"count":4,"href":"https:\/\/yrmegard.net\/treasury\/wp-json\/wp\/v2\/pages\/8587\/revisions"}],"predecessor-version":[{"id":9016,"href":"https:\/\/yrmegard.net\/treasury\/wp-json\/wp\/v2\/pages\/8587\/revisions\/9016"}],"wp:attachment":[{"href":"https:\/\/yrmegard.net\/treasury\/wp-json\/wp\/v2\/media?parent=8587"}],"curies":[{"name":"wp","href":"https:\/\/api.w.org\/{rel}","templated":true}]}}