{"id":3589,"date":"2020-05-19T12:18:03","date_gmt":"2020-05-19T09:18:03","guid":{"rendered":"http:\/\/yrmegard.net\/cms\/?page_id=3589"},"modified":"2024-10-31T23:07:16","modified_gmt":"2024-10-31T20:07:16","slug":"galerii-kolad-linnud","status":"publish","type":"page","link":"https:\/\/yrmegard.net\/treasury\/et\/galerii\/galerii-kolad-linnud\/","title":{"rendered":"Galerii. K\u00f5ladega kudumine: kolmev\u00e4rvilised linnud"},"content":{"rendered":"\n<div class=\"wp-block-columns is-layout-flex wp-container-core-columns-is-layout-9d6595d7 wp-block-columns-is-layout-flex\">\n<div class=\"wp-block-column is-layout-flow wp-block-column-is-layout-flow\" style=\"flex-basis:50%\">\n<figure class=\"wp-block-image size-large blog-image\"><a href=\"https:\/\/yrmegard.net\/treasury\/wp-content\/uploads\/2023\/09\/tw-birds-full.jpg\" data-rel=\"lightbox-gallery-c30chHip\" data-rl_title=\"\" data-rl_caption=\"\" title=\"\"><img loading=\"lazy\" decoding=\"async\" width=\"750\" height=\"560\" src=\"https:\/\/yrmegard.net\/treasury\/wp-content\/uploads\/2023\/09\/tw-birds-full-750x560.jpg\" alt=\"\" class=\"wp-image-8286\" srcset=\"https:\/\/yrmegard.net\/treasury\/wp-content\/uploads\/2023\/09\/tw-birds-full-750x560.jpg 750w, https:\/\/yrmegard.net\/treasury\/wp-content\/uploads\/2023\/09\/tw-birds-full-550x410.jpg 550w, https:\/\/yrmegard.net\/treasury\/wp-content\/uploads\/2023\/09\/tw-birds-full-768x573.jpg 768w, https:\/\/yrmegard.net\/treasury\/wp-content\/uploads\/2023\/09\/tw-birds-full.jpg 1500w\" sizes=\"auto, (max-width: 750px) 100vw, 750px\" \/><\/a><\/figure>\n<\/div>\n\n\n\n<div class=\"wp-block-column is-layout-flow wp-block-column-is-layout-flow\" style=\"flex-basis:50%\">\n<div class=\"wp-block-columns is-not-stacked-on-mobile is-layout-flex wp-container-core-columns-is-layout-9d6595d7 wp-block-columns-is-layout-flex\">\n<div class=\"wp-block-column is-layout-flow wp-block-column-is-layout-flow\" style=\"flex-basis:150px\">\n<figure class=\"wp-block-image size-thumbnail blog-image\"><a href=\"https:\/\/yrmegard.net\/treasury\/wp-content\/uploads\/2023\/09\/tw-birds-warp.jpg\" data-rel=\"lightbox-gallery-c30chHip\" data-rl_title=\"\" data-rl_caption=\"\" title=\"\"><img loading=\"lazy\" decoding=\"async\" width=\"150\" height=\"150\" src=\"https:\/\/yrmegard.net\/treasury\/wp-content\/uploads\/2023\/09\/tw-birds-warp-150x150.jpg\" alt=\"\" class=\"wp-image-8287\" style=\"aspect-ratio:1;object-fit:cover\"\/><\/a><\/figure>\n<\/div>\n\n\n\n<div class=\"wp-block-column is-layout-flow wp-block-column-is-layout-flow\" style=\"flex-basis:150px\">\n<figure class=\"wp-block-image size-thumbnail blog-image\"><a href=\"https:\/\/yrmegard.net\/treasury\/wp-content\/uploads\/2023\/09\/tw-birds-start.jpg\" data-rel=\"lightbox-gallery-c30chHip\" data-rl_title=\"\" data-rl_caption=\"\" title=\"\"><img loading=\"lazy\" decoding=\"async\" width=\"150\" height=\"150\" src=\"https:\/\/yrmegard.net\/treasury\/wp-content\/uploads\/2023\/09\/tw-birds-start-150x150.jpg\" alt=\"\" class=\"wp-image-8288\" style=\"aspect-ratio:1;object-fit:cover\"\/><\/a><\/figure>\n<\/div>\n\n\n\n<div class=\"wp-block-column is-layout-flow wp-block-column-is-layout-flow\" style=\"flex-basis:150px\">\n<figure class=\"wp-block-image size-thumbnail blog-image\"><a href=\"https:\/\/yrmegard.net\/treasury\/wp-content\/uploads\/2023\/09\/tw-birds-process.jpg\" data-rel=\"lightbox-gallery-c30chHip\" data-rl_title=\"\" data-rl_caption=\"\" title=\"\"><img loading=\"lazy\" decoding=\"async\" width=\"150\" height=\"150\" src=\"https:\/\/yrmegard.net\/treasury\/wp-content\/uploads\/2023\/09\/tw-birds-process-150x150.jpg\" alt=\"\" class=\"wp-image-8289\" style=\"aspect-ratio:1;object-fit:cover\"\/><\/a><\/figure>\n<\/div>\n\n\n\n<div class=\"wp-block-column is-layout-flow wp-block-column-is-layout-flow\" style=\"flex-basis:150px\">\n<figure class=\"wp-block-image size-thumbnail blog-image\"><a href=\"https:\/\/yrmegard.net\/treasury\/wp-content\/uploads\/2023\/09\/tw-birds-finish.jpg\" data-rel=\"lightbox-gallery-c30chHip\" data-rl_title=\"\" data-rl_caption=\"\" title=\"\"><img loading=\"lazy\" decoding=\"async\" width=\"150\" height=\"150\" src=\"https:\/\/yrmegard.net\/treasury\/wp-content\/uploads\/2023\/09\/tw-birds-finish-150x150.jpg\" alt=\"\" class=\"wp-image-8290\" style=\"aspect-ratio:1;object-fit:cover\"\/><\/a><\/figure>\n<\/div>\n<\/div>\n\n\n\n<div class=\"wp-block-columns is-not-stacked-on-mobile is-layout-flex wp-container-core-columns-is-layout-9d6595d7 wp-block-columns-is-layout-flex\">\n<div class=\"wp-block-column is-layout-flow wp-block-column-is-layout-flow\" style=\"flex-basis:150px\">\n<figure class=\"wp-block-image size-thumbnail blog-image\"><a href=\"https:\/\/yrmegard.net\/treasury\/wp-content\/uploads\/2023\/09\/tw-birds-front.jpg\" data-rel=\"lightbox-gallery-c30chHip\" data-rl_title=\"\" data-rl_caption=\"\" title=\"\"><img loading=\"lazy\" decoding=\"async\" width=\"150\" height=\"150\" src=\"https:\/\/yrmegard.net\/treasury\/wp-content\/uploads\/2023\/09\/tw-birds-front-150x150.jpg\" alt=\"\" class=\"wp-image-8291\" style=\"aspect-ratio:1;object-fit:cover\"\/><\/a><\/figure>\n<\/div>\n\n\n\n<div class=\"wp-block-column is-layout-flow wp-block-column-is-layout-flow\" style=\"flex-basis:150px\">\n<figure class=\"wp-block-image size-thumbnail blog-image\"><a href=\"https:\/\/yrmegard.net\/treasury\/wp-content\/uploads\/2023\/09\/tw-birds-back.jpg\" data-rel=\"lightbox-gallery-c30chHip\" data-rl_title=\"\" data-rl_caption=\"\" title=\"\"><img loading=\"lazy\" decoding=\"async\" width=\"150\" height=\"150\" src=\"https:\/\/yrmegard.net\/treasury\/wp-content\/uploads\/2023\/09\/tw-birds-back-150x150.jpg\" alt=\"\" class=\"wp-image-8292\" style=\"aspect-ratio:1;object-fit:cover\"\/><\/a><\/figure>\n<\/div>\n\n\n\n<div class=\"wp-block-column is-layout-flow wp-block-column-is-layout-flow\" style=\"flex-basis:150px\">\n<figure class=\"wp-block-image size-thumbnail blog-image\"><a href=\"https:\/\/yrmegard.net\/treasury\/wp-content\/uploads\/2023\/09\/tw-birds-closeup.jpg\" data-rel=\"lightbox-gallery-c30chHip\" data-rl_title=\"\" data-rl_caption=\"\" title=\"\"><img loading=\"lazy\" decoding=\"async\" width=\"150\" height=\"150\" src=\"https:\/\/yrmegard.net\/treasury\/wp-content\/uploads\/2023\/09\/tw-birds-closeup-150x150.jpg\" alt=\"\" class=\"wp-image-8293\" style=\"aspect-ratio:1;object-fit:cover\"\/><\/a><\/figure>\n<\/div>\n\n\n\n<div class=\"wp-block-column is-layout-flow wp-block-column-is-layout-flow\" style=\"flex-basis:150px\"><\/div>\n<\/div>\n\n\n\n<div style=\"height:20px\" aria-hidden=\"true\" class=\"wp-block-spacer\"><\/div>\n\n\n\n<p>Vanadelt Peruu tekstiilidelt maha joonistatud linnud olid algselt m\u00f5eldud kangastelgedel kudumiseks.&nbsp;<\/p>\n\n\n\n<p><strong>M\u00f5\u00f5dud:<\/strong> laius 6,3 \u2014 6,7 cm, kootud osa pikkus 130 cm.<\/p>\n\n\n\n<p><strong>Materjalid:<\/strong> l\u00f5im \u2013 Red Heart Pearl Cotton 8, m\u00f5lemad koel\u00f5ngad \u2013 Coats Cotton nr 50.<\/p>\n<\/div>\n<\/div>\n\n\n\n<p><strong>Tehnika:<\/strong> pebble weave, 100 k\u00f5la.<\/p>\n\n\n\n<p><strong>Valmistamisaeg:<\/strong> 19. september 2011 &#8211; 29. september 2019.<\/p>\n\n\n\n<p><strong>Muster<\/strong> p\u00e4rineb Marijke van Epen&#8217;i raamatust&nbsp; \u00abThe Unknown Tablet Weaving\u00bb.&nbsp;<\/p>\n","protected":false},"excerpt":{"rendered":"<p>Vanadelt Peruu tekstiilidelt maha joonistatud linnud olid algselt m\u00f5eldud kangastelgedel kudumiseks.&nbsp; M\u00f5\u00f5dud: laius 6,3 \u2014 6,7 cm, kootud osa pikkus 130 cm. Materjalid: l\u00f5im \u2013 Red Heart Pearl Cotton 8, m\u00f5lemad koel\u00f5ngad \u2013 Coats Cotton nr 50. Tehnika: pebble weave, 100 k\u00f5la. Valmistamisaeg: 19. september&nbsp;<a class=\"read-more\" href=\"https:\/\/yrmegard.net\/treasury\/et\/galerii\/galerii-kolad-linnud\/\">&hellip;<\/a><\/p>\n","protected":false},"author":2,"featured_media":8291,"parent":3562,"menu_order":20,"comment_status":"closed","ping_status":"closed","template":"template-full.php","meta":{"_vp_format_video_url":"","_vp_image_focal_point":[],"footnotes":""},"class_list":["post-3589","page","type-page","status-publish","has-post-thumbnail","hentry"],"_links":{"self":[{"href":"https:\/\/yrmegard.net\/treasury\/wp-json\/wp\/v2\/pages\/3589","targetHints":{"allow":["GET"]}}],"collection":[{"href":"https:\/\/yrmegard.net\/treasury\/wp-json\/wp\/v2\/pages"}],"about":[{"href":"https:\/\/yrmegard.net\/treasury\/wp-json\/wp\/v2\/types\/page"}],"author":[{"embeddable":true,"href":"https:\/\/yrmegard.net\/treasury\/wp-json\/wp\/v2\/users\/2"}],"replies":[{"embeddable":true,"href":"https:\/\/yrmegard.net\/treasury\/wp-json\/wp\/v2\/comments?post=3589"}],"version-history":[{"count":2,"href":"https:\/\/yrmegard.net\/treasury\/wp-json\/wp\/v2\/pages\/3589\/revisions"}],"predecessor-version":[{"id":9142,"href":"https:\/\/yrmegard.net\/treasury\/wp-json\/wp\/v2\/pages\/3589\/revisions\/9142"}],"up":[{"embeddable":true,"href":"https:\/\/yrmegard.net\/treasury\/wp-json\/wp\/v2\/pages\/3562"}],"wp:featuredmedia":[{"embeddable":true,"href":"https:\/\/yrmegard.net\/treasury\/wp-json\/wp\/v2\/media\/8291"}],"wp:attachment":[{"href":"https:\/\/yrmegard.net\/treasury\/wp-json\/wp\/v2\/media?parent=3589"}],"curies":[{"name":"wp","href":"https:\/\/api.w.org\/{rel}","templated":true}]}}