{"id":3588,"date":"2020-05-19T10:22:05","date_gmt":"2020-05-19T07:22:05","guid":{"rendered":"http:\/\/yrmegard.net\/cms\/?page_id=3588"},"modified":"2023-09-30T18:37:17","modified_gmt":"2023-09-30T15:37:17","slug":"galerii-kolad-saarde-voo","status":"publish","type":"page","link":"https:\/\/yrmegard.net\/treasury\/et\/galerii\/galerii-kolad-saarde-voo\/","title":{"rendered":"Galerii. K\u00f5ladega kudumine: Saarde v\u00f6\u00f6"},"content":{"rendered":"\n<div class=\"wp-block-columns is-layout-flex wp-container-core-columns-is-layout-9d6595d7 wp-block-columns-is-layout-flex\">\n<div class=\"wp-block-column is-layout-flow wp-block-column-is-layout-flow\" style=\"flex-basis:50%\">\n<figure class=\"wp-block-image size-large blog-image\"><a href=\"https:\/\/yrmegard.net\/treasury\/wp-content\/uploads\/2023\/09\/tw-saarde-full.jpg\" data-rel=\"lightbox-gallery-MioGOwqO\" data-rl_title=\"\" data-rl_caption=\"\" title=\"\"><img loading=\"lazy\" decoding=\"async\" width=\"750\" height=\"476\" src=\"https:\/\/yrmegard.net\/treasury\/wp-content\/uploads\/2023\/09\/tw-saarde-full-750x476.jpg\" alt=\"\" class=\"wp-image-8275\" srcset=\"https:\/\/yrmegard.net\/treasury\/wp-content\/uploads\/2023\/09\/tw-saarde-full-750x476.jpg 750w, https:\/\/yrmegard.net\/treasury\/wp-content\/uploads\/2023\/09\/tw-saarde-full-550x349.jpg 550w, https:\/\/yrmegard.net\/treasury\/wp-content\/uploads\/2023\/09\/tw-saarde-full-768x487.jpg 768w, https:\/\/yrmegard.net\/treasury\/wp-content\/uploads\/2023\/09\/tw-saarde-full.jpg 1500w\" sizes=\"auto, (max-width: 750px) 100vw, 750px\" \/><\/a><\/figure>\n<\/div>\n\n\n\n<div class=\"wp-block-column is-layout-flow wp-block-column-is-layout-flow\" style=\"flex-basis:50%\">\n<div class=\"wp-block-columns is-not-stacked-on-mobile is-layout-flex wp-container-core-columns-is-layout-9d6595d7 wp-block-columns-is-layout-flex\">\n<div class=\"wp-block-column is-layout-flow wp-block-column-is-layout-flow\" style=\"flex-basis:150px\">\n<figure class=\"wp-block-image size-thumbnail blog-image\"><a href=\"https:\/\/yrmegard.net\/treasury\/wp-content\/uploads\/2023\/09\/tw-saarde-warp.jpg\" data-rel=\"lightbox-gallery-MioGOwqO\" data-rl_title=\"\" data-rl_caption=\"\" title=\"\"><img loading=\"lazy\" decoding=\"async\" width=\"150\" height=\"150\" src=\"https:\/\/yrmegard.net\/treasury\/wp-content\/uploads\/2023\/09\/tw-saarde-warp-150x150.jpg\" alt=\"\" class=\"wp-image-8276\" style=\"aspect-ratio:1;object-fit:cover\"\/><\/a><\/figure>\n<\/div>\n\n\n\n<div class=\"wp-block-column is-layout-flow wp-block-column-is-layout-flow\" style=\"flex-basis:150px\">\n<figure class=\"wp-block-image size-thumbnail blog-image\"><a href=\"https:\/\/yrmegard.net\/treasury\/wp-content\/uploads\/2023\/09\/tw-saarde-process.jpg\" data-rel=\"lightbox-gallery-MioGOwqO\" data-rl_title=\"\" data-rl_caption=\"\" title=\"\"><img loading=\"lazy\" decoding=\"async\" width=\"150\" height=\"150\" src=\"https:\/\/yrmegard.net\/treasury\/wp-content\/uploads\/2023\/09\/tw-saarde-process-150x150.jpg\" alt=\"\" class=\"wp-image-8277\" style=\"aspect-ratio:1;object-fit:cover\"\/><\/a><\/figure>\n<\/div>\n\n\n\n<div class=\"wp-block-column is-layout-flow wp-block-column-is-layout-flow\" style=\"flex-basis:150px\">\n<figure class=\"wp-block-image size-thumbnail blog-image\"><a href=\"https:\/\/yrmegard.net\/treasury\/wp-content\/uploads\/2023\/09\/tw-saarde-closeup.jpg\" data-rel=\"lightbox-gallery-MioGOwqO\" data-rl_title=\"\" data-rl_caption=\"\" title=\"\"><img loading=\"lazy\" decoding=\"async\" width=\"150\" height=\"150\" src=\"https:\/\/yrmegard.net\/treasury\/wp-content\/uploads\/2023\/09\/tw-saarde-closeup-150x150.jpg\" alt=\"\" class=\"wp-image-8278\" style=\"aspect-ratio:1;object-fit:cover\"\/><\/a><\/figure>\n<\/div>\n\n\n\n<div class=\"wp-block-column is-layout-flow wp-block-column-is-layout-flow\" style=\"flex-basis:150px\">\n<figure class=\"wp-block-image size-thumbnail blog-image\"><a href=\"https:\/\/yrmegard.net\/treasury\/wp-content\/uploads\/2023\/09\/tw-saarde-tassel.jpg\" data-rel=\"lightbox-gallery-MioGOwqO\" data-rl_title=\"\" data-rl_caption=\"\" title=\"\"><img loading=\"lazy\" decoding=\"async\" width=\"150\" height=\"150\" src=\"https:\/\/yrmegard.net\/treasury\/wp-content\/uploads\/2023\/09\/tw-saarde-tassel-150x150.jpg\" alt=\"\" class=\"wp-image-8279\" style=\"aspect-ratio:1;object-fit:cover\"\/><\/a><\/figure>\n<\/div>\n<\/div>\n\n\n\n<div style=\"height:20px\" aria-hidden=\"true\" class=\"wp-block-spacer\"><\/div>\n\n\n\n<p>Veidi muudetud v\u00e4rvidega eesti rahvariide v\u00f6\u00f6.<\/p>\n\n\n\n<p><strong>M\u00f5\u00f5dud:<\/strong> laius 2,7 \u2014 2,8 cm, kootud osa pikkus 405 cm.<\/p>\n\n\n\n<p><strong>Materjalid:<\/strong> l\u00f5im ja koel\u00f5ng \u2014 100% villane (Raasiku Aade L\u00f5ng).<\/p>\n\n\n\n<p><strong>Tehnika:<\/strong> rakendatud muster, 12 k\u00f5la.<\/p>\n\n\n\n<p><strong>Valmistamisaeg:<\/strong> 12. juuli \u2014 20. august 2012.<\/p>\n\n\n\n<p><strong>Mustri<\/strong> leiab <a href=\"http:\/\/yrmegard.net\/treasury\/et\/mustrid\/kolad-eesti-muster-09\/\">mustrikogumikust<\/a>.<\/p>\n<\/div>\n<\/div>\n","protected":false},"excerpt":{"rendered":"<p>Veidi muudetud v\u00e4rvidega eesti rahvariide v\u00f6\u00f6. M\u00f5\u00f5dud: laius 2,7 \u2014 2,8 cm, kootud osa pikkus 405 cm. Materjalid: l\u00f5im ja koel\u00f5ng \u2014 100% villane (Raasiku Aade L\u00f5ng). Tehnika: rakendatud muster, 12 k\u00f5la. Valmistamisaeg: 12. juuli \u2014 20. august 2012. Mustri leiab mustrikogumikust.<\/p>\n","protected":false},"author":2,"featured_media":8278,"parent":3562,"menu_order":19,"comment_status":"closed","ping_status":"closed","template":"template-full.php","meta":{"_vp_format_video_url":"","_vp_image_focal_point":[],"footnotes":""},"class_list":["post-3588","page","type-page","status-publish","has-post-thumbnail","hentry"],"_links":{"self":[{"href":"https:\/\/yrmegard.net\/treasury\/wp-json\/wp\/v2\/pages\/3588","targetHints":{"allow":["GET"]}}],"collection":[{"href":"https:\/\/yrmegard.net\/treasury\/wp-json\/wp\/v2\/pages"}],"about":[{"href":"https:\/\/yrmegard.net\/treasury\/wp-json\/wp\/v2\/types\/page"}],"author":[{"embeddable":true,"href":"https:\/\/yrmegard.net\/treasury\/wp-json\/wp\/v2\/users\/2"}],"replies":[{"embeddable":true,"href":"https:\/\/yrmegard.net\/treasury\/wp-json\/wp\/v2\/comments?post=3588"}],"version-history":[{"count":1,"href":"https:\/\/yrmegard.net\/treasury\/wp-json\/wp\/v2\/pages\/3588\/revisions"}],"predecessor-version":[{"id":8280,"href":"https:\/\/yrmegard.net\/treasury\/wp-json\/wp\/v2\/pages\/3588\/revisions\/8280"}],"up":[{"embeddable":true,"href":"https:\/\/yrmegard.net\/treasury\/wp-json\/wp\/v2\/pages\/3562"}],"wp:featuredmedia":[{"embeddable":true,"href":"https:\/\/yrmegard.net\/treasury\/wp-json\/wp\/v2\/media\/8278"}],"wp:attachment":[{"href":"https:\/\/yrmegard.net\/treasury\/wp-json\/wp\/v2\/media?parent=3588"}],"curies":[{"name":"wp","href":"https:\/\/api.w.org\/{rel}","templated":true}]}}