{"id":3586,"date":"2020-05-19T09:36:13","date_gmt":"2020-05-19T06:36:13","guid":{"rendered":"http:\/\/yrmegard.net\/cms\/?page_id=3586"},"modified":"2023-09-30T17:52:51","modified_gmt":"2023-09-30T14:52:51","slug":"galerii-kolad-kaladega-voo","status":"publish","type":"page","link":"https:\/\/yrmegard.net\/treasury\/et\/galerii\/galerii-kolad-kaladega-voo\/","title":{"rendered":"Galerii. K\u00f5ladega kudumine: kaladega v\u00f6\u00f6"},"content":{"rendered":"\n<div class=\"wp-block-columns is-layout-flex wp-container-core-columns-is-layout-9d6595d7 wp-block-columns-is-layout-flex\">\n<div class=\"wp-block-column is-layout-flow wp-block-column-is-layout-flow\" style=\"flex-basis:50%\">\n<figure class=\"wp-block-image size-large blog-image\"><a href=\"https:\/\/yrmegard.net\/treasury\/wp-content\/uploads\/2023\/09\/tw-fishbelt-full.jpg\" data-rel=\"lightbox-gallery-2s9eJ2n1\" data-rl_title=\"\" data-rl_caption=\"\" title=\"\"><img loading=\"lazy\" decoding=\"async\" width=\"750\" height=\"537\" src=\"https:\/\/yrmegard.net\/treasury\/wp-content\/uploads\/2023\/09\/tw-fishbelt-full-750x537.jpg\" alt=\"\" class=\"wp-image-8249\" srcset=\"https:\/\/yrmegard.net\/treasury\/wp-content\/uploads\/2023\/09\/tw-fishbelt-full-750x537.jpg 750w, https:\/\/yrmegard.net\/treasury\/wp-content\/uploads\/2023\/09\/tw-fishbelt-full-550x393.jpg 550w, https:\/\/yrmegard.net\/treasury\/wp-content\/uploads\/2023\/09\/tw-fishbelt-full-768x549.jpg 768w, https:\/\/yrmegard.net\/treasury\/wp-content\/uploads\/2023\/09\/tw-fishbelt-full.jpg 1500w\" sizes=\"auto, (max-width: 750px) 100vw, 750px\" \/><\/a><\/figure>\n<\/div>\n\n\n\n<div class=\"wp-block-column is-layout-flow wp-block-column-is-layout-flow\" style=\"flex-basis:50%\">\n<div class=\"wp-block-columns is-not-stacked-on-mobile is-layout-flex wp-container-core-columns-is-layout-9d6595d7 wp-block-columns-is-layout-flex\">\n<div class=\"wp-block-column is-layout-flow wp-block-column-is-layout-flow\" style=\"flex-basis:150px\">\n<figure class=\"wp-block-image size-thumbnail blog-image\"><a href=\"https:\/\/yrmegard.net\/treasury\/wp-content\/uploads\/2023\/09\/tw-fishbelt-test-start.jpg\" data-rel=\"lightbox-gallery-2s9eJ2n1\" data-rl_title=\"\" data-rl_caption=\"\" title=\"\"><img loading=\"lazy\" decoding=\"async\" width=\"150\" height=\"150\" src=\"https:\/\/yrmegard.net\/treasury\/wp-content\/uploads\/2023\/09\/tw-fishbelt-test-start-150x150.jpg\" alt=\"\" class=\"wp-image-8251\" style=\"aspect-ratio:1;object-fit:cover\"\/><\/a><\/figure>\n<\/div>\n\n\n\n<div class=\"wp-block-column is-layout-flow wp-block-column-is-layout-flow\" style=\"flex-basis:150px\">\n<figure class=\"wp-block-image size-thumbnail blog-image\"><a href=\"https:\/\/yrmegard.net\/treasury\/wp-content\/uploads\/2023\/09\/tw-fishbelt-test-bookmark.jpg\" data-rel=\"lightbox-gallery-2s9eJ2n1\" data-rl_title=\"\" data-rl_caption=\"\" title=\"\"><img loading=\"lazy\" decoding=\"async\" width=\"150\" height=\"150\" src=\"https:\/\/yrmegard.net\/treasury\/wp-content\/uploads\/2023\/09\/tw-fishbelt-test-bookmark-150x150.jpg\" alt=\"\" class=\"wp-image-8252\" style=\"aspect-ratio:1;object-fit:cover\"\/><\/a><\/figure>\n<\/div>\n\n\n\n<div class=\"wp-block-column is-layout-flow wp-block-column-is-layout-flow\" style=\"flex-basis:150px\">\n<figure class=\"wp-block-image size-thumbnail blog-image\"><a href=\"https:\/\/yrmegard.net\/treasury\/wp-content\/uploads\/2023\/09\/tw-fishbelt-start.jpg\" data-rel=\"lightbox-gallery-2s9eJ2n1\" data-rl_title=\"\" data-rl_caption=\"\" title=\"\"><img loading=\"lazy\" decoding=\"async\" width=\"150\" height=\"150\" src=\"https:\/\/yrmegard.net\/treasury\/wp-content\/uploads\/2023\/09\/tw-fishbelt-start-150x150.jpg\" alt=\"\" class=\"wp-image-8253\" style=\"aspect-ratio:1;object-fit:cover\"\/><\/a><\/figure>\n<\/div>\n\n\n\n<div class=\"wp-block-column is-layout-flow wp-block-column-is-layout-flow\" style=\"flex-basis:150px\">\n<figure class=\"wp-block-image size-thumbnail blog-image\"><a href=\"https:\/\/yrmegard.net\/treasury\/wp-content\/uploads\/2023\/09\/tw-fishbelt-complete.jpg\" data-rel=\"lightbox-gallery-2s9eJ2n1\" data-rl_title=\"\" data-rl_caption=\"\" title=\"\"><img loading=\"lazy\" decoding=\"async\" width=\"150\" height=\"150\" src=\"https:\/\/yrmegard.net\/treasury\/wp-content\/uploads\/2023\/09\/tw-fishbelt-complete-150x150.jpg\" alt=\"\" class=\"wp-image-8254\" style=\"aspect-ratio:1;object-fit:cover\"\/><\/a><\/figure>\n<\/div>\n<\/div>\n\n\n\n<div class=\"wp-block-columns is-not-stacked-on-mobile is-layout-flex wp-container-core-columns-is-layout-9d6595d7 wp-block-columns-is-layout-flex\">\n<div class=\"wp-block-column is-layout-flow wp-block-column-is-layout-flow\" style=\"flex-basis:150px\">\n<figure class=\"wp-block-image size-thumbnail blog-image\"><a href=\"https:\/\/yrmegard.net\/treasury\/wp-content\/uploads\/2023\/09\/tw-fishbelt-buckle.jpg\" data-rel=\"lightbox-gallery-2s9eJ2n1\" data-rl_title=\"\" data-rl_caption=\"\" title=\"\"><img loading=\"lazy\" decoding=\"async\" width=\"150\" height=\"150\" src=\"https:\/\/yrmegard.net\/treasury\/wp-content\/uploads\/2023\/09\/tw-fishbelt-buckle-150x150.jpg\" alt=\"\" class=\"wp-image-8255\" style=\"aspect-ratio:1;object-fit:cover\"\/><\/a><\/figure>\n<\/div>\n\n\n\n<div class=\"wp-block-column is-layout-flow wp-block-column-is-layout-flow\" style=\"flex-basis:150px\">\n<figure class=\"wp-block-image size-thumbnail blog-image\"><a href=\"https:\/\/yrmegard.net\/treasury\/wp-content\/uploads\/2023\/09\/tw-fishbelt-tassle.jpg\" data-rel=\"lightbox-gallery-2s9eJ2n1\" data-rl_title=\"\" data-rl_caption=\"\" title=\"\"><img loading=\"lazy\" decoding=\"async\" width=\"150\" height=\"150\" src=\"https:\/\/yrmegard.net\/treasury\/wp-content\/uploads\/2023\/09\/tw-fishbelt-tassle-150x150.jpg\" alt=\"\" class=\"wp-image-8256\" style=\"aspect-ratio:1;object-fit:cover\"\/><\/a><\/figure>\n<\/div>\n\n\n\n<div class=\"wp-block-column is-layout-flow wp-block-column-is-layout-flow\" style=\"flex-basis:150px\">\n<figure class=\"wp-block-image size-thumbnail blog-image\"><a href=\"https:\/\/yrmegard.net\/treasury\/wp-content\/uploads\/2023\/09\/tw-fishbelt-closeup.jpg\" data-rel=\"lightbox-gallery-2s9eJ2n1\" data-rl_title=\"\" data-rl_caption=\"\" title=\"\"><img loading=\"lazy\" decoding=\"async\" width=\"150\" height=\"150\" src=\"https:\/\/yrmegard.net\/treasury\/wp-content\/uploads\/2023\/09\/tw-fishbelt-closeup-150x150.jpg\" alt=\"\" class=\"wp-image-8257\" style=\"aspect-ratio:1;object-fit:cover\"\/><\/a><\/figure>\n<\/div>\n\n\n\n<div class=\"wp-block-column is-layout-flow wp-block-column-is-layout-flow\" style=\"flex-basis:150px\"><\/div>\n<\/div>\n\n\n\n<div style=\"height:20px\" aria-hidden=\"true\" class=\"wp-block-spacer\"><\/div>\n\n\n\n<p>Nii n\u00e4idis kui ka v\u00f6\u00f6 said kootud <em>pebble weave<\/em> tehnikaga tutvumiseks.&nbsp;<\/p>\n\n\n\n<p><strong>J\u00e4rjehoidja m\u00f5\u00f5dud:<\/strong> laius 4,6 cm, kootud osa pikkus 16,5 cm.<\/p>\n\n\n\n<p><strong>V\u00f6\u00f6 m\u00f5\u00f5dud:<\/strong> laius 1,9 cm, kootud osa pikkus ligi 1 m.<\/p>\n\n\n\n<p><strong>Materjalid:<\/strong> l\u00f5im ja koel\u00f5ng \u2014\u00a0 100% villane l\u00f5ng Valley (j\u00e4rjehoidja) ja 100% puuvillane l\u00f5ng Coats Floretta 20 (v\u00f6\u00f6).<\/p>\n<\/div>\n<\/div>\n\n\n\n<p><strong>Tehnika:<\/strong> <em>pebble weave<\/em>, 40 k\u00f5la.<\/p>\n\n\n\n<p><strong>Valmistamisaeg:<\/strong> 25. veebruar \u2014 1. juuni 2011.<\/p>\n\n\n\n<p><strong>Muster<\/strong> on p\u00e4rit Marijke van Epen&#8217;i raamatust \u00abThe Unknown Tablet Weaving\u00bb.<\/p>\n","protected":false},"excerpt":{"rendered":"<p>Nii n\u00e4idis kui ka v\u00f6\u00f6 said kootud pebble weave tehnikaga tutvumiseks.&nbsp; J\u00e4rjehoidja m\u00f5\u00f5dud: laius 4,6 cm, kootud osa pikkus 16,5 cm. V\u00f6\u00f6 m\u00f5\u00f5dud: laius 1,9 cm, kootud osa pikkus ligi 1 m. Materjalid: l\u00f5im ja koel\u00f5ng \u2014\u00a0 100% villane l\u00f5ng Valley (j\u00e4rjehoidja) ja 100% puuvillane&nbsp;<a class=\"read-more\" href=\"https:\/\/yrmegard.net\/treasury\/et\/galerii\/galerii-kolad-kaladega-voo\/\">&hellip;<\/a><\/p>\n","protected":false},"author":2,"featured_media":8257,"parent":3562,"menu_order":17,"comment_status":"closed","ping_status":"closed","template":"template-full.php","meta":{"_vp_format_video_url":"","_vp_image_focal_point":[],"footnotes":""},"class_list":["post-3586","page","type-page","status-publish","has-post-thumbnail","hentry"],"_links":{"self":[{"href":"https:\/\/yrmegard.net\/treasury\/wp-json\/wp\/v2\/pages\/3586","targetHints":{"allow":["GET"]}}],"collection":[{"href":"https:\/\/yrmegard.net\/treasury\/wp-json\/wp\/v2\/pages"}],"about":[{"href":"https:\/\/yrmegard.net\/treasury\/wp-json\/wp\/v2\/types\/page"}],"author":[{"embeddable":true,"href":"https:\/\/yrmegard.net\/treasury\/wp-json\/wp\/v2\/users\/2"}],"replies":[{"embeddable":true,"href":"https:\/\/yrmegard.net\/treasury\/wp-json\/wp\/v2\/comments?post=3586"}],"version-history":[{"count":1,"href":"https:\/\/yrmegard.net\/treasury\/wp-json\/wp\/v2\/pages\/3586\/revisions"}],"predecessor-version":[{"id":8258,"href":"https:\/\/yrmegard.net\/treasury\/wp-json\/wp\/v2\/pages\/3586\/revisions\/8258"}],"up":[{"embeddable":true,"href":"https:\/\/yrmegard.net\/treasury\/wp-json\/wp\/v2\/pages\/3562"}],"wp:featuredmedia":[{"embeddable":true,"href":"https:\/\/yrmegard.net\/treasury\/wp-json\/wp\/v2\/media\/8257"}],"wp:attachment":[{"href":"https:\/\/yrmegard.net\/treasury\/wp-json\/wp\/v2\/media?parent=3586"}],"curies":[{"name":"wp","href":"https:\/\/api.w.org\/{rel}","templated":true}]}}