{"id":3585,"date":"2020-05-19T09:30:46","date_gmt":"2020-05-19T06:30:46","guid":{"rendered":"http:\/\/yrmegard.net\/cms\/?page_id=3585"},"modified":"2023-09-30T17:14:04","modified_gmt":"2023-09-30T14:14:04","slug":"galerii-kolad-paikesevoo","status":"publish","type":"page","link":"https:\/\/yrmegard.net\/treasury\/et\/galerii\/galerii-kolad-paikesevoo\/","title":{"rendered":"Galerii. K\u00f5ladega kudumine: p\u00e4ikesev\u00f6\u00f6"},"content":{"rendered":"\n<div class=\"wp-block-columns is-layout-flex wp-container-core-columns-is-layout-9d6595d7 wp-block-columns-is-layout-flex\">\n<div class=\"wp-block-column is-layout-flow wp-block-column-is-layout-flow\" style=\"flex-basis:50%\">\n<figure class=\"wp-block-image size-large blog-image\"><a href=\"https:\/\/yrmegard.net\/treasury\/wp-content\/uploads\/2023\/09\/tw-sun-full.jpg\" data-rel=\"lightbox-gallery-449TWsqi\" data-rl_title=\"\" data-rl_caption=\"\" title=\"\"><img loading=\"lazy\" decoding=\"async\" width=\"750\" height=\"563\" src=\"https:\/\/yrmegard.net\/treasury\/wp-content\/uploads\/2023\/09\/tw-sun-full-750x563.jpg\" alt=\"\" class=\"wp-image-8240\" srcset=\"https:\/\/yrmegard.net\/treasury\/wp-content\/uploads\/2023\/09\/tw-sun-full-750x563.jpg 750w, https:\/\/yrmegard.net\/treasury\/wp-content\/uploads\/2023\/09\/tw-sun-full-550x413.jpg 550w, https:\/\/yrmegard.net\/treasury\/wp-content\/uploads\/2023\/09\/tw-sun-full-768x576.jpg 768w, https:\/\/yrmegard.net\/treasury\/wp-content\/uploads\/2023\/09\/tw-sun-full.jpg 1500w\" sizes=\"auto, (max-width: 750px) 100vw, 750px\" \/><\/a><\/figure>\n<\/div>\n\n\n\n<div class=\"wp-block-column is-layout-flow wp-block-column-is-layout-flow\" style=\"flex-basis:50%\">\n<div class=\"wp-block-columns is-not-stacked-on-mobile is-layout-flex wp-container-core-columns-is-layout-9d6595d7 wp-block-columns-is-layout-flex\">\n<div class=\"wp-block-column is-layout-flow wp-block-column-is-layout-flow\" style=\"flex-basis:150px\">\n<figure class=\"wp-block-image size-thumbnail blog-image\"><a href=\"https:\/\/yrmegard.net\/treasury\/wp-content\/uploads\/2023\/09\/tw-sun-process.jpg\" data-rel=\"lightbox-gallery-449TWsqi\" data-rl_title=\"\" data-rl_caption=\"\" title=\"\"><img loading=\"lazy\" decoding=\"async\" width=\"150\" height=\"150\" src=\"https:\/\/yrmegard.net\/treasury\/wp-content\/uploads\/2023\/09\/tw-sun-process-150x150.jpg\" alt=\"\" class=\"wp-image-8241\" style=\"aspect-ratio:1;object-fit:cover\"\/><\/a><\/figure>\n<\/div>\n\n\n\n<div class=\"wp-block-column is-layout-flow wp-block-column-is-layout-flow\" style=\"flex-basis:150px\">\n<figure class=\"wp-block-image size-thumbnail blog-image\"><a href=\"https:\/\/yrmegard.net\/treasury\/wp-content\/uploads\/2023\/09\/tw-sun-end.jpg\" data-rel=\"lightbox-gallery-449TWsqi\" data-rl_title=\"\" data-rl_caption=\"\" title=\"\"><img loading=\"lazy\" decoding=\"async\" width=\"150\" height=\"150\" src=\"https:\/\/yrmegard.net\/treasury\/wp-content\/uploads\/2023\/09\/tw-sun-end-150x150.jpg\" alt=\"\" class=\"wp-image-8243\" style=\"aspect-ratio:1;object-fit:cover\"\/><\/a><\/figure>\n<\/div>\n\n\n\n<div class=\"wp-block-column is-layout-flow wp-block-column-is-layout-flow\" style=\"flex-basis:150px\">\n<figure class=\"wp-block-image size-thumbnail blog-image\"><a href=\"https:\/\/yrmegard.net\/treasury\/wp-content\/uploads\/2023\/09\/tw-sun-buckle.jpg\" data-rel=\"lightbox-gallery-449TWsqi\" data-rl_title=\"\" data-rl_caption=\"\" title=\"\"><img loading=\"lazy\" decoding=\"async\" width=\"150\" height=\"150\" src=\"https:\/\/yrmegard.net\/treasury\/wp-content\/uploads\/2023\/09\/tw-sun-buckle-150x150.jpg\" alt=\"\" class=\"wp-image-8244\" style=\"aspect-ratio:1;object-fit:cover\"\/><\/a><\/figure>\n<\/div>\n\n\n\n<div class=\"wp-block-column is-layout-flow wp-block-column-is-layout-flow\" style=\"flex-basis:150px\">\n<figure class=\"wp-block-image size-thumbnail blog-image\"><a href=\"https:\/\/yrmegard.net\/treasury\/wp-content\/uploads\/2023\/09\/tw-sun-tassel.jpg\" data-rel=\"lightbox-gallery-449TWsqi\" data-rl_title=\"\" data-rl_caption=\"\" title=\"\"><img loading=\"lazy\" decoding=\"async\" width=\"150\" height=\"150\" src=\"https:\/\/yrmegard.net\/treasury\/wp-content\/uploads\/2023\/09\/tw-sun-tassel-150x150.jpg\" alt=\"\" class=\"wp-image-8245\" style=\"aspect-ratio:1;object-fit:cover\"\/><\/a><\/figure>\n<\/div>\n<\/div>\n\n\n\n<div class=\"wp-block-columns is-not-stacked-on-mobile is-layout-flex wp-container-core-columns-is-layout-9d6595d7 wp-block-columns-is-layout-flex\">\n<div class=\"wp-block-column is-layout-flow wp-block-column-is-layout-flow\" style=\"flex-basis:150px\">\n<figure class=\"wp-block-image size-thumbnail blog-image\"><a href=\"https:\/\/yrmegard.net\/treasury\/wp-content\/uploads\/2023\/09\/tw-sun-closeup.jpg\" data-rel=\"lightbox-gallery-449TWsqi\" data-rl_title=\"\" data-rl_caption=\"\" title=\"\"><img loading=\"lazy\" decoding=\"async\" width=\"150\" height=\"150\" src=\"https:\/\/yrmegard.net\/treasury\/wp-content\/uploads\/2023\/09\/tw-sun-closeup-150x150.jpg\" alt=\"\" class=\"wp-image-8246\" style=\"aspect-ratio:1;object-fit:cover\"\/><\/a><\/figure>\n<\/div>\n\n\n\n<div class=\"wp-block-column is-layout-flow wp-block-column-is-layout-flow\" style=\"flex-basis:150px\">\n<figure class=\"wp-block-image size-thumbnail blog-image\"><a href=\"https:\/\/yrmegard.net\/treasury\/wp-content\/uploads\/2023\/09\/tw-sun-back-closeup.jpg\" data-rel=\"lightbox-gallery-449TWsqi\" data-rl_title=\"\" data-rl_caption=\"\" title=\"\"><img loading=\"lazy\" decoding=\"async\" width=\"150\" height=\"150\" src=\"https:\/\/yrmegard.net\/treasury\/wp-content\/uploads\/2023\/09\/tw-sun-back-closeup-150x150.jpg\" alt=\"\" class=\"wp-image-8247\" style=\"aspect-ratio:1;object-fit:cover\"\/><\/a><\/figure>\n<\/div>\n\n\n\n<div class=\"wp-block-column is-layout-flow wp-block-column-is-layout-flow\" style=\"flex-basis:150px\"><\/div>\n\n\n\n<div class=\"wp-block-column is-layout-flow wp-block-column-is-layout-flow\" style=\"flex-basis:150px\"><\/div>\n<\/div>\n\n\n\n<div style=\"height:20px\" aria-hidden=\"true\" class=\"wp-block-spacer\"><\/div>\n\n\n\n<p>Kingituseks kootud neljav\u00e4rviline v\u00f6\u00f6.<\/p>\n\n\n\n<p><strong>M\u00f5\u00f5dud:<\/strong> laius 2,2 cm, pikkus 105 cm.<\/p>\n\n\n\n<p><strong>Materjalid:<\/strong> l\u00f5im ja koel\u00f5ng \u2014 Anchor Pearl Cotton 5, 100% puuvill.<\/p>\n\n\n\n<p><strong>Tehnika:<\/strong> egiptuse diagonaalid, 20 k\u00f5la.<\/p>\n\n\n\n<p><strong>Valmistamisaeg:<\/strong> 19. jaanuar \u2014 4. veebruar 2011.<\/p>\n\n\n\n<p><strong>Mustri<\/strong> leiab <a href=\"https:\/\/yrmegard.net\/treasury\/et\/mustrid\/kolad-diagonaalmuster-paike\/\" data-type=\"page\" data-id=\"3356\">mustrikogumikust<\/a>.<\/p>\n<\/div>\n<\/div>\n\n\n\n<p><\/p>\n","protected":false},"excerpt":{"rendered":"<p>Kingituseks kootud neljav\u00e4rviline v\u00f6\u00f6. M\u00f5\u00f5dud: laius 2,2 cm, pikkus 105 cm. Materjalid: l\u00f5im ja koel\u00f5ng \u2014 Anchor Pearl Cotton 5, 100% puuvill. Tehnika: egiptuse diagonaalid, 20 k\u00f5la. Valmistamisaeg: 19. jaanuar \u2014 4. veebruar 2011. Mustri leiab mustrikogumikust.<\/p>\n","protected":false},"author":2,"featured_media":8246,"parent":3562,"menu_order":16,"comment_status":"closed","ping_status":"closed","template":"template-full.php","meta":{"_vp_format_video_url":"","_vp_image_focal_point":[],"footnotes":""},"class_list":["post-3585","page","type-page","status-publish","has-post-thumbnail","hentry"],"_links":{"self":[{"href":"https:\/\/yrmegard.net\/treasury\/wp-json\/wp\/v2\/pages\/3585","targetHints":{"allow":["GET"]}}],"collection":[{"href":"https:\/\/yrmegard.net\/treasury\/wp-json\/wp\/v2\/pages"}],"about":[{"href":"https:\/\/yrmegard.net\/treasury\/wp-json\/wp\/v2\/types\/page"}],"author":[{"embeddable":true,"href":"https:\/\/yrmegard.net\/treasury\/wp-json\/wp\/v2\/users\/2"}],"replies":[{"embeddable":true,"href":"https:\/\/yrmegard.net\/treasury\/wp-json\/wp\/v2\/comments?post=3585"}],"version-history":[{"count":1,"href":"https:\/\/yrmegard.net\/treasury\/wp-json\/wp\/v2\/pages\/3585\/revisions"}],"predecessor-version":[{"id":8248,"href":"https:\/\/yrmegard.net\/treasury\/wp-json\/wp\/v2\/pages\/3585\/revisions\/8248"}],"up":[{"embeddable":true,"href":"https:\/\/yrmegard.net\/treasury\/wp-json\/wp\/v2\/pages\/3562"}],"wp:featuredmedia":[{"embeddable":true,"href":"https:\/\/yrmegard.net\/treasury\/wp-json\/wp\/v2\/media\/8246"}],"wp:attachment":[{"href":"https:\/\/yrmegard.net\/treasury\/wp-json\/wp\/v2\/media?parent=3585"}],"curies":[{"name":"wp","href":"https:\/\/api.w.org\/{rel}","templated":true}]}}