{"id":3584,"date":"2020-05-17T18:41:27","date_gmt":"2020-05-17T15:41:27","guid":{"rendered":"http:\/\/yrmegard.net\/cms\/?page_id=3584"},"modified":"2023-09-30T16:53:17","modified_gmt":"2023-09-30T13:53:17","slug":"galerii-kolad-jarjehoidjad","status":"publish","type":"page","link":"https:\/\/yrmegard.net\/treasury\/et\/galerii\/galerii-kolad-jarjehoidjad\/","title":{"rendered":"Galerii. K\u00f5ladega kudumine: j\u00e4rjehoidjad"},"content":{"rendered":"\n<div class=\"wp-block-columns is-layout-flex wp-container-core-columns-is-layout-9d6595d7 wp-block-columns-is-layout-flex\">\n<div class=\"wp-block-column is-layout-flow wp-block-column-is-layout-flow\" style=\"flex-basis:50%\">\n<figure class=\"wp-block-image size-large blog-image\"><a href=\"https:\/\/yrmegard.net\/treasury\/wp-content\/uploads\/2023\/09\/tw-bookmarks-front.jpg\" data-rel=\"lightbox-gallery-kWLDwUFw\" data-rl_title=\"\" data-rl_caption=\"\" title=\"\"><img loading=\"lazy\" decoding=\"async\" width=\"750\" height=\"425\" src=\"https:\/\/yrmegard.net\/treasury\/wp-content\/uploads\/2023\/09\/tw-bookmarks-front-750x425.jpg\" alt=\"\" class=\"wp-image-8229\" srcset=\"https:\/\/yrmegard.net\/treasury\/wp-content\/uploads\/2023\/09\/tw-bookmarks-front-750x425.jpg 750w, https:\/\/yrmegard.net\/treasury\/wp-content\/uploads\/2023\/09\/tw-bookmarks-front-550x312.jpg 550w, https:\/\/yrmegard.net\/treasury\/wp-content\/uploads\/2023\/09\/tw-bookmarks-front-768x435.jpg 768w, https:\/\/yrmegard.net\/treasury\/wp-content\/uploads\/2023\/09\/tw-bookmarks-front.jpg 1500w\" sizes=\"auto, (max-width: 750px) 100vw, 750px\" \/><\/a><\/figure>\n<\/div>\n\n\n\n<div class=\"wp-block-column is-layout-flow wp-block-column-is-layout-flow\" style=\"flex-basis:50%\">\n<div class=\"wp-block-columns is-not-stacked-on-mobile is-layout-flex wp-container-core-columns-is-layout-9d6595d7 wp-block-columns-is-layout-flex\">\n<div class=\"wp-block-column is-layout-flow wp-block-column-is-layout-flow\" style=\"flex-basis:150px\">\n<figure class=\"wp-block-image size-thumbnail blog-image\"><a href=\"https:\/\/yrmegard.net\/treasury\/wp-content\/uploads\/2023\/09\/tw-bookmarks-process.jpg\" data-rel=\"lightbox-gallery-kWLDwUFw\" data-rl_title=\"\" data-rl_caption=\"\" title=\"\"><img loading=\"lazy\" decoding=\"async\" width=\"150\" height=\"150\" src=\"https:\/\/yrmegard.net\/treasury\/wp-content\/uploads\/2023\/09\/tw-bookmarks-process-150x150.jpg\" alt=\"\" class=\"wp-image-8231\" style=\"aspect-ratio:1;object-fit:cover\"\/><\/a><\/figure>\n<\/div>\n\n\n\n<div class=\"wp-block-column is-layout-flow wp-block-column-is-layout-flow\" style=\"flex-basis:150px\">\n<figure class=\"wp-block-image size-thumbnail blog-image\"><a href=\"https:\/\/yrmegard.net\/treasury\/wp-content\/uploads\/2023\/09\/tw-bookmarks-closeup.jpg\" data-rel=\"lightbox-gallery-kWLDwUFw\" data-rl_title=\"\" data-rl_caption=\"\" title=\"\"><img loading=\"lazy\" decoding=\"async\" width=\"150\" height=\"150\" src=\"https:\/\/yrmegard.net\/treasury\/wp-content\/uploads\/2023\/09\/tw-bookmarks-closeup-150x150.jpg\" alt=\"\" class=\"wp-image-8232\" style=\"aspect-ratio:1;object-fit:cover\"\/><\/a><\/figure>\n<\/div>\n\n\n\n<div class=\"wp-block-column is-layout-flow wp-block-column-is-layout-flow\" style=\"flex-basis:150px\">\n<figure class=\"wp-block-image size-thumbnail blog-image\"><a href=\"https:\/\/yrmegard.net\/treasury\/wp-content\/uploads\/2023\/09\/tw-bookmarks-back.jpg\" data-rel=\"lightbox-gallery-kWLDwUFw\" data-rl_title=\"\" data-rl_caption=\"\" title=\"\"><img loading=\"lazy\" decoding=\"async\" width=\"150\" height=\"150\" src=\"https:\/\/yrmegard.net\/treasury\/wp-content\/uploads\/2023\/09\/tw-bookmarks-back-150x150.jpg\" alt=\"\" class=\"wp-image-8233\" style=\"aspect-ratio:1;object-fit:cover\"\/><\/a><\/figure>\n<\/div>\n\n\n\n<div class=\"wp-block-column is-layout-flow wp-block-column-is-layout-flow\" style=\"flex-basis:150px\">\n<figure class=\"wp-block-image size-thumbnail blog-image\"><a href=\"https:\/\/yrmegard.net\/treasury\/wp-content\/uploads\/2023\/09\/tw-bookmarks-back-closeup.jpg\" data-rel=\"lightbox-gallery-kWLDwUFw\" data-rl_title=\"\" data-rl_caption=\"\" title=\"\"><img loading=\"lazy\" decoding=\"async\" width=\"150\" height=\"150\" src=\"https:\/\/yrmegard.net\/treasury\/wp-content\/uploads\/2023\/09\/tw-bookmarks-back-closeup-150x150.jpg\" alt=\"\" class=\"wp-image-8234\" style=\"aspect-ratio:1;object-fit:cover\"\/><\/a><\/figure>\n<\/div>\n<\/div>\n\n\n\n<div style=\"height:20px\" aria-hidden=\"true\" class=\"wp-block-spacer\"><\/div>\n\n\n\n<p>Heategevuslikuks laadaks kootud j\u00e4rjehoidjad.<\/p>\n\n\n\n<p><strong>M\u00f5\u00f5dud:<\/strong> laius 1,5 cm, pikkused vahemikus 23,5 kuni 25 cm. Kokku 4 j\u00e4rjehoidjat.<\/p>\n\n\n\n<p><strong>Materjalid:<\/strong> l\u00f5im ja koel\u00f5ng \u2014 Anchor Pearl Cotton, 100% puuvill.<\/p>\n\n\n\n<p><strong>Tehnika:<\/strong> egiptuse diagonaalid, 20 k\u00f5la.<\/p>\n\n\n\n<p><strong>Valmistamisaeg:<\/strong> 22. november \u2014 9. detsember 2010.<\/p>\n\n\n\n<p><strong>Mustrid <\/strong>on avaldatud <a href=\"http:\/\/yrmegard.net\/treasury\/et\/mustrid#diagonal\">mustrikogumikus<\/a>.<\/p>\n<\/div>\n<\/div>\n\n\n\n<p><\/p>\n","protected":false},"excerpt":{"rendered":"<p>Heategevuslikuks laadaks kootud j\u00e4rjehoidjad. M\u00f5\u00f5dud: laius 1,5 cm, pikkused vahemikus 23,5 kuni 25 cm. Kokku 4 j\u00e4rjehoidjat. Materjalid: l\u00f5im ja koel\u00f5ng \u2014 Anchor Pearl Cotton, 100% puuvill. Tehnika: egiptuse diagonaalid, 20 k\u00f5la. Valmistamisaeg: 22. november \u2014 9. detsember 2010. Mustrid on avaldatud mustrikogumikus.<\/p>\n","protected":false},"author":2,"featured_media":8232,"parent":3562,"menu_order":15,"comment_status":"closed","ping_status":"closed","template":"template-full.php","meta":{"_vp_format_video_url":"","_vp_image_focal_point":[],"footnotes":""},"class_list":["post-3584","page","type-page","status-publish","has-post-thumbnail","hentry"],"_links":{"self":[{"href":"https:\/\/yrmegard.net\/treasury\/wp-json\/wp\/v2\/pages\/3584","targetHints":{"allow":["GET"]}}],"collection":[{"href":"https:\/\/yrmegard.net\/treasury\/wp-json\/wp\/v2\/pages"}],"about":[{"href":"https:\/\/yrmegard.net\/treasury\/wp-json\/wp\/v2\/types\/page"}],"author":[{"embeddable":true,"href":"https:\/\/yrmegard.net\/treasury\/wp-json\/wp\/v2\/users\/2"}],"replies":[{"embeddable":true,"href":"https:\/\/yrmegard.net\/treasury\/wp-json\/wp\/v2\/comments?post=3584"}],"version-history":[{"count":1,"href":"https:\/\/yrmegard.net\/treasury\/wp-json\/wp\/v2\/pages\/3584\/revisions"}],"predecessor-version":[{"id":8235,"href":"https:\/\/yrmegard.net\/treasury\/wp-json\/wp\/v2\/pages\/3584\/revisions\/8235"}],"up":[{"embeddable":true,"href":"https:\/\/yrmegard.net\/treasury\/wp-json\/wp\/v2\/pages\/3562"}],"wp:featuredmedia":[{"embeddable":true,"href":"https:\/\/yrmegard.net\/treasury\/wp-json\/wp\/v2\/media\/8232"}],"wp:attachment":[{"href":"https:\/\/yrmegard.net\/treasury\/wp-json\/wp\/v2\/media?parent=3584"}],"curies":[{"name":"wp","href":"https:\/\/api.w.org\/{rel}","templated":true}]}}