{"id":3583,"date":"2020-05-16T17:29:07","date_gmt":"2020-05-16T14:29:07","guid":{"rendered":"http:\/\/yrmegard.net\/cms\/?page_id=3583"},"modified":"2023-09-30T16:19:25","modified_gmt":"2023-09-30T13:19:25","slug":"galerii-kolad-halliste-voo","status":"publish","type":"page","link":"https:\/\/yrmegard.net\/treasury\/et\/galerii\/galerii-kolad-halliste-voo\/","title":{"rendered":"Galerii. K\u00f5ladega kudumine: Halliste v\u00f6\u00f6"},"content":{"rendered":"\n<div class=\"wp-block-columns is-layout-flex wp-container-core-columns-is-layout-9d6595d7 wp-block-columns-is-layout-flex\">\n<div class=\"wp-block-column is-layout-flow wp-block-column-is-layout-flow\" style=\"flex-basis:50%\">\n<figure class=\"wp-block-image size-large blog-image\"><a href=\"https:\/\/yrmegard.net\/treasury\/wp-content\/uploads\/2023\/09\/tw-halliste-full.jpg\" data-rel=\"lightbox-gallery-nhyle1aS\" data-rl_title=\"\" data-rl_caption=\"\" title=\"\"><img loading=\"lazy\" decoding=\"async\" width=\"750\" height=\"476\" src=\"https:\/\/yrmegard.net\/treasury\/wp-content\/uploads\/2023\/09\/tw-halliste-full-750x476.jpg\" alt=\"\" class=\"wp-image-8222\" srcset=\"https:\/\/yrmegard.net\/treasury\/wp-content\/uploads\/2023\/09\/tw-halliste-full-750x476.jpg 750w, https:\/\/yrmegard.net\/treasury\/wp-content\/uploads\/2023\/09\/tw-halliste-full-550x349.jpg 550w, https:\/\/yrmegard.net\/treasury\/wp-content\/uploads\/2023\/09\/tw-halliste-full-768x487.jpg 768w, https:\/\/yrmegard.net\/treasury\/wp-content\/uploads\/2023\/09\/tw-halliste-full.jpg 1500w\" sizes=\"auto, (max-width: 750px) 100vw, 750px\" \/><\/a><\/figure>\n<\/div>\n\n\n\n<div class=\"wp-block-column is-layout-flow wp-block-column-is-layout-flow\" style=\"flex-basis:50%\">\n<div class=\"wp-block-columns is-not-stacked-on-mobile is-layout-flex wp-container-core-columns-is-layout-9d6595d7 wp-block-columns-is-layout-flex\">\n<div class=\"wp-block-column is-layout-flow wp-block-column-is-layout-flow\" style=\"flex-basis:150px\">\n<figure class=\"wp-block-image size-thumbnail blog-image\"><a href=\"https:\/\/yrmegard.net\/treasury\/wp-content\/uploads\/2023\/09\/tw-halliste-process.jpg\" data-rel=\"lightbox-gallery-nhyle1aS\" data-rl_title=\"\" data-rl_caption=\"\" title=\"\"><img loading=\"lazy\" decoding=\"async\" width=\"150\" height=\"150\" src=\"https:\/\/yrmegard.net\/treasury\/wp-content\/uploads\/2023\/09\/tw-halliste-process-150x150.jpg\" alt=\"\" class=\"wp-image-8223\" style=\"aspect-ratio:1;object-fit:cover\"\/><\/a><\/figure>\n<\/div>\n\n\n\n<div class=\"wp-block-column is-layout-flow wp-block-column-is-layout-flow\" style=\"flex-basis:150px\">\n<figure class=\"wp-block-image size-thumbnail blog-image\"><a href=\"https:\/\/yrmegard.net\/treasury\/wp-content\/uploads\/2023\/09\/tw-halliste-closeup.jpg\" data-rel=\"lightbox-gallery-nhyle1aS\" data-rl_title=\"\" data-rl_caption=\"\" title=\"\"><img loading=\"lazy\" decoding=\"async\" width=\"150\" height=\"150\" src=\"https:\/\/yrmegard.net\/treasury\/wp-content\/uploads\/2023\/09\/tw-halliste-closeup-150x150.jpg\" alt=\"\" class=\"wp-image-8224\" style=\"aspect-ratio:1;object-fit:cover\"\/><\/a><\/figure>\n<\/div>\n\n\n\n<div class=\"wp-block-column is-layout-flow wp-block-column-is-layout-flow\" style=\"flex-basis:150px\"><\/div>\n\n\n\n<div class=\"wp-block-column is-layout-flow wp-block-column-is-layout-flow\" style=\"flex-basis:150px\"><\/div>\n<\/div>\n\n\n\n<div style=\"height:20px\" aria-hidden=\"true\" class=\"wp-block-spacer\"><\/div>\n\n\n\n<p>See v\u00f6\u00f6 on kootud eesti etnograafilise v\u00f6\u00f6 j\u00e4rgi, originaali v\u00e4rvid on erksamad.<\/p>\n\n\n\n<p><strong>M\u00f5\u00f5dud:<\/strong> laius 2,4 &#8211; 2,5 cm, kootud osa pikkus 220 cm.<\/p>\n\n\n\n<p><strong>Materjalid:<\/strong> l\u00f5im ja koel\u00f5ng &#8211; 100% villane (Raasiku Aade L\u00f5ng).<\/p>\n\n\n\n<p><strong>Tehnika:<\/strong> rakendatud muster, 17 k\u00f5la, millest 7 keskmises on vaid 2 l\u00f5nga.&nbsp;<\/p>\n\n\n\n<p><strong>Valmistamisaeg:<\/strong> 10. &#8211; 18. november 2010.<\/p>\n<\/div>\n<\/div>\n","protected":false},"excerpt":{"rendered":"<p>See v\u00f6\u00f6 on kootud eesti etnograafilise v\u00f6\u00f6 j\u00e4rgi, originaali v\u00e4rvid on erksamad. M\u00f5\u00f5dud: laius 2,4 &#8211; 2,5 cm, kootud osa pikkus 220 cm. Materjalid: l\u00f5im ja koel\u00f5ng &#8211; 100% villane (Raasiku Aade L\u00f5ng). Tehnika: rakendatud muster, 17 k\u00f5la, millest 7 keskmises on vaid 2 l\u00f5nga.&nbsp;&nbsp;<a class=\"read-more\" href=\"https:\/\/yrmegard.net\/treasury\/et\/galerii\/galerii-kolad-halliste-voo\/\">&hellip;<\/a><\/p>\n","protected":false},"author":2,"featured_media":8224,"parent":3562,"menu_order":14,"comment_status":"closed","ping_status":"closed","template":"template-full.php","meta":{"_vp_format_video_url":"","_vp_image_focal_point":[],"footnotes":""},"class_list":["post-3583","page","type-page","status-publish","has-post-thumbnail","hentry"],"_links":{"self":[{"href":"https:\/\/yrmegard.net\/treasury\/wp-json\/wp\/v2\/pages\/3583","targetHints":{"allow":["GET"]}}],"collection":[{"href":"https:\/\/yrmegard.net\/treasury\/wp-json\/wp\/v2\/pages"}],"about":[{"href":"https:\/\/yrmegard.net\/treasury\/wp-json\/wp\/v2\/types\/page"}],"author":[{"embeddable":true,"href":"https:\/\/yrmegard.net\/treasury\/wp-json\/wp\/v2\/users\/2"}],"replies":[{"embeddable":true,"href":"https:\/\/yrmegard.net\/treasury\/wp-json\/wp\/v2\/comments?post=3583"}],"version-history":[{"count":1,"href":"https:\/\/yrmegard.net\/treasury\/wp-json\/wp\/v2\/pages\/3583\/revisions"}],"predecessor-version":[{"id":8225,"href":"https:\/\/yrmegard.net\/treasury\/wp-json\/wp\/v2\/pages\/3583\/revisions\/8225"}],"up":[{"embeddable":true,"href":"https:\/\/yrmegard.net\/treasury\/wp-json\/wp\/v2\/pages\/3562"}],"wp:featuredmedia":[{"embeddable":true,"href":"https:\/\/yrmegard.net\/treasury\/wp-json\/wp\/v2\/media\/8224"}],"wp:attachment":[{"href":"https:\/\/yrmegard.net\/treasury\/wp-json\/wp\/v2\/media?parent=3583"}],"curies":[{"name":"wp","href":"https:\/\/api.w.org\/{rel}","templated":true}]}}