{"id":3582,"date":"2020-05-16T17:02:59","date_gmt":"2020-05-16T14:02:59","guid":{"rendered":"http:\/\/yrmegard.net\/cms\/?page_id=3582"},"modified":"2023-09-30T16:05:31","modified_gmt":"2023-09-30T13:05:31","slug":"galerii-kolad-brokaatpaela-naidis","status":"publish","type":"page","link":"https:\/\/yrmegard.net\/treasury\/et\/galerii\/galerii-kolad-brokaatpaela-naidis\/","title":{"rendered":"Galerii. K\u00f5lade kudumine: brokaatpaela n\u00e4idis"},"content":{"rendered":"\n<div class=\"wp-block-columns is-layout-flex wp-container-core-columns-is-layout-9d6595d7 wp-block-columns-is-layout-flex\">\n<div class=\"wp-block-column is-layout-flow wp-block-column-is-layout-flow\" style=\"flex-basis:50%\">\n<figure class=\"wp-block-image size-large blog-image\"><a href=\"https:\/\/yrmegard.net\/treasury\/wp-content\/uploads\/2023\/09\/tw-brocade-gallery.jpg\" data-rel=\"lightbox-gallery-JGIEcSt6\" data-rl_title=\"\" data-rl_caption=\"\" title=\"\"><img loading=\"lazy\" decoding=\"async\" width=\"750\" height=\"517\" src=\"https:\/\/yrmegard.net\/treasury\/wp-content\/uploads\/2023\/09\/tw-brocade-gallery-750x517.jpg\" alt=\"\" class=\"wp-image-8209\" srcset=\"https:\/\/yrmegard.net\/treasury\/wp-content\/uploads\/2023\/09\/tw-brocade-gallery-750x517.jpg 750w, https:\/\/yrmegard.net\/treasury\/wp-content\/uploads\/2023\/09\/tw-brocade-gallery-550x379.jpg 550w, https:\/\/yrmegard.net\/treasury\/wp-content\/uploads\/2023\/09\/tw-brocade-gallery-768x529.jpg 768w, https:\/\/yrmegard.net\/treasury\/wp-content\/uploads\/2023\/09\/tw-brocade-gallery.jpg 1192w\" sizes=\"auto, (max-width: 750px) 100vw, 750px\" \/><\/a><\/figure>\n<\/div>\n\n\n\n<div class=\"wp-block-column is-layout-flow wp-block-column-is-layout-flow\" style=\"flex-basis:50%\">\n<div class=\"wp-block-columns is-not-stacked-on-mobile is-layout-flex wp-container-core-columns-is-layout-9d6595d7 wp-block-columns-is-layout-flex\">\n<div class=\"wp-block-column is-layout-flow wp-block-column-is-layout-flow\" style=\"flex-basis:150px\">\n<figure class=\"wp-block-image size-thumbnail blog-image\"><a href=\"https:\/\/yrmegard.net\/treasury\/wp-content\/uploads\/2023\/09\/tw-brocade-process.jpg\" data-rel=\"lightbox-gallery-JGIEcSt6\" data-rl_title=\"\" data-rl_caption=\"\" title=\"\"><img loading=\"lazy\" decoding=\"async\" width=\"150\" height=\"150\" src=\"https:\/\/yrmegard.net\/treasury\/wp-content\/uploads\/2023\/09\/tw-brocade-process-150x150.jpg\" alt=\"\" class=\"wp-image-8210\" style=\"aspect-ratio:1;object-fit:cover\"\/><\/a><\/figure>\n<\/div>\n\n\n\n<div class=\"wp-block-column is-layout-flow wp-block-column-is-layout-flow\" style=\"flex-basis:150px\">\n<figure class=\"wp-block-image size-thumbnail blog-image\"><a href=\"https:\/\/yrmegard.net\/treasury\/wp-content\/uploads\/2023\/09\/tw-brocade-surface.jpg\" data-rel=\"lightbox-gallery-JGIEcSt6\" data-rl_title=\"\" data-rl_caption=\"\" title=\"\"><img loading=\"lazy\" decoding=\"async\" width=\"150\" height=\"150\" src=\"https:\/\/yrmegard.net\/treasury\/wp-content\/uploads\/2023\/09\/tw-brocade-surface-150x150.jpg\" alt=\"\" class=\"wp-image-8211\" style=\"aspect-ratio:1;object-fit:cover\"\/><\/a><\/figure>\n<\/div>\n\n\n\n<div class=\"wp-block-column is-layout-flow wp-block-column-is-layout-flow\" style=\"flex-basis:150px\">\n<figure class=\"wp-block-image size-thumbnail blog-image\"><a href=\"https:\/\/yrmegard.net\/treasury\/wp-content\/uploads\/2023\/09\/tw-brocade-full.jpg\" data-rel=\"lightbox-gallery-JGIEcSt6\" data-rl_title=\"\" data-rl_caption=\"\" title=\"\"><img loading=\"lazy\" decoding=\"async\" width=\"150\" height=\"150\" src=\"https:\/\/yrmegard.net\/treasury\/wp-content\/uploads\/2023\/09\/tw-brocade-full-150x150.jpg\" alt=\"\" class=\"wp-image-8212\" style=\"aspect-ratio:1;object-fit:cover\"\/><\/a><\/figure>\n<\/div>\n\n\n\n<div class=\"wp-block-column is-layout-flow wp-block-column-is-layout-flow\" style=\"flex-basis:150px\">\n<figure class=\"wp-block-image size-thumbnail blog-image\"><a href=\"https:\/\/yrmegard.net\/treasury\/wp-content\/uploads\/2023\/09\/tw-brocade-closeup.jpg\" data-rel=\"lightbox-gallery-JGIEcSt6\" data-rl_title=\"\" data-rl_caption=\"\" title=\"\"><img loading=\"lazy\" decoding=\"async\" width=\"150\" height=\"150\" src=\"https:\/\/yrmegard.net\/treasury\/wp-content\/uploads\/2023\/09\/tw-brocade-closeup-150x150.jpg\" alt=\"\" class=\"wp-image-8213\" style=\"aspect-ratio:1;object-fit:cover\"\/><\/a><\/figure>\n<\/div>\n<\/div>\n\n\n\n<div class=\"wp-block-columns is-not-stacked-on-mobile is-layout-flex wp-container-core-columns-is-layout-9d6595d7 wp-block-columns-is-layout-flex\">\n<div class=\"wp-block-column is-layout-flow wp-block-column-is-layout-flow\" style=\"flex-basis:150px\">\n<figure class=\"wp-block-image size-thumbnail blog-image\"><a href=\"https:\/\/yrmegard.net\/treasury\/wp-content\/uploads\/2023\/09\/tw-brocade-back.jpg\" data-rel=\"lightbox-gallery-JGIEcSt6\" data-rl_title=\"\" data-rl_caption=\"\" title=\"\"><img loading=\"lazy\" decoding=\"async\" width=\"150\" height=\"150\" src=\"https:\/\/yrmegard.net\/treasury\/wp-content\/uploads\/2023\/09\/tw-brocade-back-150x150.jpg\" alt=\"\" class=\"wp-image-8214\" style=\"aspect-ratio:1;object-fit:cover\"\/><\/a><\/figure>\n<\/div>\n\n\n\n<div class=\"wp-block-column is-layout-flow wp-block-column-is-layout-flow\" style=\"flex-basis:150px\"><\/div>\n\n\n\n<div class=\"wp-block-column is-layout-flow wp-block-column-is-layout-flow\" style=\"flex-basis:150px\"><\/div>\n\n\n\n<div class=\"wp-block-column is-layout-flow wp-block-column-is-layout-flow\" style=\"flex-basis:150px\"><\/div>\n<\/div>\n\n\n\n<div style=\"height:20px\" aria-hidden=\"true\" class=\"wp-block-spacer\"><\/div>\n\n\n\n<p>Brokaatpaela n\u00e4idis, mis sai kootud paela tiheduse ja l\u00f5nga vastupidavuse katsetamiseks.<\/p>\n\n\n\n<p><strong>M\u00f5\u00f5dud:<\/strong> laius 0,7 cm, kootud osa pikkus ligi 30 cm.<\/p>\n\n\n\n<p><strong>Materjalid:<\/strong> l\u00f5im ja m\u00f5lemad koel\u00f5ngad \u2014 India siid.<\/p>\n\n\n\n<p><strong>Tehnika:<\/strong> brokaat, 11 k\u00f5la.<\/p>\n<\/div>\n<\/div>\n\n\n\n<p><strong>Valmistamisaeg:<\/strong> 7. juuni \u2014 10 november 2010.<\/p>\n\n\n\n<p><strong>Muster <\/strong>p\u00e4rineb raamatust\u00a0<a href=\"http:\/\/yrmegard.net\/treasury\/et\/artiklid\/modelbuch-spies\/\">Anna Neuper\u2019s Modelbuch: Early Sixteenth-Century Patterns for Weaving Brocaded Bands.<\/a><\/p>\n","protected":false},"excerpt":{"rendered":"<p>Brokaatpaela n\u00e4idis, mis sai kootud paela tiheduse ja l\u00f5nga vastupidavuse katsetamiseks. M\u00f5\u00f5dud: laius 0,7 cm, kootud osa pikkus ligi 30 cm. Materjalid: l\u00f5im ja m\u00f5lemad koel\u00f5ngad \u2014 India siid. Tehnika: brokaat, 11 k\u00f5la. Valmistamisaeg: 7. juuni \u2014 10 november 2010. Muster p\u00e4rineb raamatust\u00a0Anna Neuper\u2019s Modelbuch:&nbsp;<a class=\"read-more\" href=\"https:\/\/yrmegard.net\/treasury\/et\/galerii\/galerii-kolad-brokaatpaela-naidis\/\">&hellip;<\/a><\/p>\n","protected":false},"author":2,"featured_media":8209,"parent":3562,"menu_order":13,"comment_status":"closed","ping_status":"closed","template":"template-full.php","meta":{"_vp_format_video_url":"","_vp_image_focal_point":[],"footnotes":""},"class_list":["post-3582","page","type-page","status-publish","has-post-thumbnail","hentry"],"_links":{"self":[{"href":"https:\/\/yrmegard.net\/treasury\/wp-json\/wp\/v2\/pages\/3582","targetHints":{"allow":["GET"]}}],"collection":[{"href":"https:\/\/yrmegard.net\/treasury\/wp-json\/wp\/v2\/pages"}],"about":[{"href":"https:\/\/yrmegard.net\/treasury\/wp-json\/wp\/v2\/types\/page"}],"author":[{"embeddable":true,"href":"https:\/\/yrmegard.net\/treasury\/wp-json\/wp\/v2\/users\/2"}],"replies":[{"embeddable":true,"href":"https:\/\/yrmegard.net\/treasury\/wp-json\/wp\/v2\/comments?post=3582"}],"version-history":[{"count":1,"href":"https:\/\/yrmegard.net\/treasury\/wp-json\/wp\/v2\/pages\/3582\/revisions"}],"predecessor-version":[{"id":8215,"href":"https:\/\/yrmegard.net\/treasury\/wp-json\/wp\/v2\/pages\/3582\/revisions\/8215"}],"up":[{"embeddable":true,"href":"https:\/\/yrmegard.net\/treasury\/wp-json\/wp\/v2\/pages\/3562"}],"wp:featuredmedia":[{"embeddable":true,"href":"https:\/\/yrmegard.net\/treasury\/wp-json\/wp\/v2\/media\/8209"}],"wp:attachment":[{"href":"https:\/\/yrmegard.net\/treasury\/wp-json\/wp\/v2\/media?parent=3582"}],"curies":[{"name":"wp","href":"https:\/\/api.w.org\/{rel}","templated":true}]}}