{"id":3581,"date":"2020-05-16T16:54:35","date_gmt":"2020-05-16T13:54:35","guid":{"rendered":"http:\/\/yrmegard.net\/cms\/?page_id=3581"},"modified":"2025-05-01T13:50:37","modified_gmt":"2025-05-01T10:50:37","slug":"galerii-kolad-lehtedega-voo","status":"publish","type":"page","link":"https:\/\/yrmegard.net\/treasury\/et\/galerii\/galerii-kolad-lehtedega-voo\/","title":{"rendered":"Galerii. K\u00f5ladega kudumine: lehtedega v\u00f6\u00f6"},"content":{"rendered":"\n<div class=\"wp-block-columns is-layout-flex wp-container-core-columns-is-layout-9d6595d7 wp-block-columns-is-layout-flex\">\n<div class=\"wp-block-column is-layout-flow wp-block-column-is-layout-flow\" style=\"flex-basis:50%\">\n<figure class=\"wp-block-image size-large blog-image\"><a href=\"https:\/\/yrmegard.net\/treasury\/wp-content\/uploads\/2023\/09\/tw-leaves-full.jpg\" data-rel=\"lightbox-gallery-vncJc5tk\" data-rl_title=\"\" data-rl_caption=\"\" title=\"\"><img loading=\"lazy\" decoding=\"async\" width=\"750\" height=\"509\" src=\"https:\/\/yrmegard.net\/treasury\/wp-content\/uploads\/2023\/09\/tw-leaves-full-750x509.jpg\" alt=\"\" class=\"wp-image-8196\" srcset=\"https:\/\/yrmegard.net\/treasury\/wp-content\/uploads\/2023\/09\/tw-leaves-full-750x509.jpg 750w, https:\/\/yrmegard.net\/treasury\/wp-content\/uploads\/2023\/09\/tw-leaves-full-550x373.jpg 550w, https:\/\/yrmegard.net\/treasury\/wp-content\/uploads\/2023\/09\/tw-leaves-full-768x521.jpg 768w, https:\/\/yrmegard.net\/treasury\/wp-content\/uploads\/2023\/09\/tw-leaves-full.jpg 1500w\" sizes=\"auto, (max-width: 750px) 100vw, 750px\" \/><\/a><\/figure>\n<\/div>\n\n\n\n<div class=\"wp-block-column is-layout-flow wp-block-column-is-layout-flow\" style=\"flex-basis:50%\">\n<div class=\"wp-block-columns is-not-stacked-on-mobile is-layout-flex wp-container-core-columns-is-layout-9d6595d7 wp-block-columns-is-layout-flex\">\n<div class=\"wp-block-column is-layout-flow wp-block-column-is-layout-flow\" style=\"flex-basis:150px\">\n<figure class=\"wp-block-image size-thumbnail blog-image\"><a href=\"https:\/\/yrmegard.net\/treasury\/wp-content\/uploads\/2023\/09\/tw-leaves-start.jpg\" data-rel=\"lightbox-gallery-vncJc5tk\" data-rl_title=\"\" data-rl_caption=\"\" title=\"\"><img loading=\"lazy\" decoding=\"async\" width=\"150\" height=\"150\" src=\"https:\/\/yrmegard.net\/treasury\/wp-content\/uploads\/2023\/09\/tw-leaves-start-150x150.jpg\" alt=\"\" class=\"wp-image-8197\" style=\"aspect-ratio:1;object-fit:cover\"\/><\/a><\/figure>\n<\/div>\n\n\n\n<div class=\"wp-block-column is-layout-flow wp-block-column-is-layout-flow\" style=\"flex-basis:150px\">\n<figure class=\"wp-block-image size-thumbnail blog-image\"><a href=\"https:\/\/yrmegard.net\/treasury\/wp-content\/uploads\/2023\/09\/tw-leaves-end.jpg\" data-rel=\"lightbox-gallery-vncJc5tk\" data-rl_title=\"\" data-rl_caption=\"\" title=\"\"><img loading=\"lazy\" decoding=\"async\" width=\"150\" height=\"150\" src=\"https:\/\/yrmegard.net\/treasury\/wp-content\/uploads\/2023\/09\/tw-leaves-end-150x150.jpg\" alt=\"\" class=\"wp-image-8198\" style=\"aspect-ratio:1;object-fit:cover\"\/><\/a><\/figure>\n<\/div>\n\n\n\n<div class=\"wp-block-column is-layout-flow wp-block-column-is-layout-flow\" style=\"flex-basis:150px\">\n<figure class=\"wp-block-image size-thumbnail blog-image\"><a href=\"https:\/\/yrmegard.net\/treasury\/wp-content\/uploads\/2023\/09\/tw-leaves-tassel.jpg\" data-rel=\"lightbox-gallery-vncJc5tk\" data-rl_title=\"\" data-rl_caption=\"\" title=\"\"><img loading=\"lazy\" decoding=\"async\" width=\"150\" height=\"150\" src=\"https:\/\/yrmegard.net\/treasury\/wp-content\/uploads\/2023\/09\/tw-leaves-tassel-150x150.jpg\" alt=\"\" class=\"wp-image-8199\" style=\"aspect-ratio:1;object-fit:cover\"\/><\/a><\/figure>\n<\/div>\n\n\n\n<div class=\"wp-block-column is-layout-flow wp-block-column-is-layout-flow\" style=\"flex-basis:150px\">\n<figure class=\"wp-block-image size-thumbnail blog-image\"><a href=\"https:\/\/yrmegard.net\/treasury\/wp-content\/uploads\/2023\/09\/tw-leaves-front.jpg\" data-rel=\"lightbox-gallery-vncJc5tk\" data-rl_title=\"\" data-rl_caption=\"\" title=\"\"><img loading=\"lazy\" decoding=\"async\" width=\"150\" height=\"150\" src=\"https:\/\/yrmegard.net\/treasury\/wp-content\/uploads\/2023\/09\/tw-leaves-front-150x150.jpg\" alt=\"\" class=\"wp-image-8200\" style=\"aspect-ratio:1;object-fit:cover\"\/><\/a><\/figure>\n<\/div>\n<\/div>\n\n\n\n<div class=\"wp-block-columns is-not-stacked-on-mobile is-layout-flex wp-container-core-columns-is-layout-9d6595d7 wp-block-columns-is-layout-flex\">\n<div class=\"wp-block-column is-layout-flow wp-block-column-is-layout-flow\" style=\"flex-basis:150px\">\n<figure class=\"wp-block-image size-thumbnail blog-image\"><a href=\"https:\/\/yrmegard.net\/treasury\/wp-content\/uploads\/2023\/09\/tw-leaves-back.jpg\" data-rel=\"lightbox-gallery-vncJc5tk\" data-rl_title=\"\" data-rl_caption=\"\" title=\"\"><img loading=\"lazy\" decoding=\"async\" width=\"150\" height=\"150\" src=\"https:\/\/yrmegard.net\/treasury\/wp-content\/uploads\/2023\/09\/tw-leaves-back-150x150.jpg\" alt=\"\" class=\"wp-image-8201\" style=\"aspect-ratio:1;object-fit:cover\"\/><\/a><\/figure>\n<\/div>\n\n\n\n<div class=\"wp-block-column is-layout-flow wp-block-column-is-layout-flow\" style=\"flex-basis:150px\"><\/div>\n\n\n\n<div class=\"wp-block-column is-layout-flow wp-block-column-is-layout-flow\" style=\"flex-basis:150px\"><\/div>\n\n\n\n<div class=\"wp-block-column is-layout-flow wp-block-column-is-layout-flow\" style=\"flex-basis:150px\"><\/div>\n<\/div>\n\n\n\n<div style=\"height:20px\" aria-hidden=\"true\" class=\"wp-block-spacer\"><\/div>\n\n\n\n<p>Eksperiment egiptuse diagonaalidega v\u00e4ga j\u00e4medast villasest l\u00f5ngast.<\/p>\n\n\n\n<p><b>M\u00f5\u00f5dud:<\/b> laius 7,3 \u2014 7,4 cm, kootud osa pikkus 140 cm.<\/p>\n\n\n\n<p><b>Materjalid:<\/b> l\u00f5im ja koel\u00f5ng \u2014 100% villane l\u00f5ng Valley.<\/p>\n\n\n\n<p><b>Tehnika:<\/b> klassikalised egiptuse diagonaalid (2\/2), 34 k\u00f5la.<\/p>\n<\/div>\n<\/div>\n\n\n\n<p><b>Valmistamisaeg:<\/b> 10. juuli \u2014 3. september 2010.<\/p>\n\n\n\n<p><b>Muster<\/b> on minu loodud ning seda saab osta <a href=\"https:\/\/yrmegard.net\/shop\/et\/toode\/lehed_ja_keerud\/\">poest<\/a>.<\/p>\n","protected":false},"excerpt":{"rendered":"<p>Eksperiment egiptuse diagonaalidega v\u00e4ga j\u00e4medast villasest l\u00f5ngast. M\u00f5\u00f5dud: laius 7,3 \u2014 7,4 cm, kootud osa pikkus 140 cm. Materjalid: l\u00f5im ja koel\u00f5ng \u2014 100% villane l\u00f5ng Valley. Tehnika: klassikalised egiptuse diagonaalid (2\/2), 34 k\u00f5la. Valmistamisaeg: 10. juuli \u2014 3. september 2010. Muster on minu loodud&nbsp;<a class=\"read-more\" href=\"https:\/\/yrmegard.net\/treasury\/et\/galerii\/galerii-kolad-lehtedega-voo\/\">&hellip;<\/a><\/p>\n","protected":false},"author":2,"featured_media":8200,"parent":3562,"menu_order":12,"comment_status":"closed","ping_status":"closed","template":"template-full.php","meta":{"_vp_format_video_url":"","_vp_image_focal_point":[],"footnotes":""},"class_list":["post-3581","page","type-page","status-publish","has-post-thumbnail","hentry"],"_links":{"self":[{"href":"https:\/\/yrmegard.net\/treasury\/wp-json\/wp\/v2\/pages\/3581","targetHints":{"allow":["GET"]}}],"collection":[{"href":"https:\/\/yrmegard.net\/treasury\/wp-json\/wp\/v2\/pages"}],"about":[{"href":"https:\/\/yrmegard.net\/treasury\/wp-json\/wp\/v2\/types\/page"}],"author":[{"embeddable":true,"href":"https:\/\/yrmegard.net\/treasury\/wp-json\/wp\/v2\/users\/2"}],"replies":[{"embeddable":true,"href":"https:\/\/yrmegard.net\/treasury\/wp-json\/wp\/v2\/comments?post=3581"}],"version-history":[{"count":3,"href":"https:\/\/yrmegard.net\/treasury\/wp-json\/wp\/v2\/pages\/3581\/revisions"}],"predecessor-version":[{"id":9485,"href":"https:\/\/yrmegard.net\/treasury\/wp-json\/wp\/v2\/pages\/3581\/revisions\/9485"}],"up":[{"embeddable":true,"href":"https:\/\/yrmegard.net\/treasury\/wp-json\/wp\/v2\/pages\/3562"}],"wp:featuredmedia":[{"embeddable":true,"href":"https:\/\/yrmegard.net\/treasury\/wp-json\/wp\/v2\/media\/8200"}],"wp:attachment":[{"href":"https:\/\/yrmegard.net\/treasury\/wp-json\/wp\/v2\/media?parent=3581"}],"curies":[{"name":"wp","href":"https:\/\/api.w.org\/{rel}","templated":true}]}}