{"id":3579,"date":"2021-09-19T15:38:53","date_gmt":"2021-09-19T12:38:53","guid":{"rendered":"http:\/\/yrmegard.net\/cms\/?page_id=3579"},"modified":"2023-09-30T12:35:39","modified_gmt":"2023-09-30T09:35:39","slug":"galerii-kolad-nimeline-pael","status":"publish","type":"page","link":"https:\/\/yrmegard.net\/treasury\/et\/galerii\/galerii-kolad-nimeline-pael\/","title":{"rendered":"Galerii. K\u00f5ladega kudumine: nimeline pael"},"content":{"rendered":"\n<div class=\"wp-block-columns is-layout-flex wp-container-core-columns-is-layout-9d6595d7 wp-block-columns-is-layout-flex\">\n<div class=\"wp-block-column is-layout-flow wp-block-column-is-layout-flow\" style=\"flex-basis:50%\">\n<figure class=\"wp-block-image size-large blog-image\"><a href=\"https:\/\/yrmegard.net\/treasury\/wp-content\/uploads\/2023\/09\/tw-names-full.jpg\" data-rel=\"lightbox-gallery-XqErG15C\" data-rl_title=\"\" data-rl_caption=\"\" title=\"\"><img loading=\"lazy\" decoding=\"async\" width=\"750\" height=\"504\" src=\"https:\/\/yrmegard.net\/treasury\/wp-content\/uploads\/2023\/09\/tw-names-full-750x504.jpg\" alt=\"\" class=\"wp-image-8162\" srcset=\"https:\/\/yrmegard.net\/treasury\/wp-content\/uploads\/2023\/09\/tw-names-full-750x504.jpg 750w, https:\/\/yrmegard.net\/treasury\/wp-content\/uploads\/2023\/09\/tw-names-full-550x369.jpg 550w, https:\/\/yrmegard.net\/treasury\/wp-content\/uploads\/2023\/09\/tw-names-full-768x516.jpg 768w, https:\/\/yrmegard.net\/treasury\/wp-content\/uploads\/2023\/09\/tw-names-full.jpg 1500w\" sizes=\"auto, (max-width: 750px) 100vw, 750px\" \/><\/a><\/figure>\n<\/div>\n\n\n\n<div class=\"wp-block-column is-layout-flow wp-block-column-is-layout-flow\" style=\"flex-basis:50%\">\n<div class=\"wp-block-columns is-not-stacked-on-mobile is-layout-flex wp-container-core-columns-is-layout-9d6595d7 wp-block-columns-is-layout-flex\">\n<div class=\"wp-block-column is-layout-flow wp-block-column-is-layout-flow\" style=\"flex-basis:150px\">\n<figure class=\"wp-block-image size-thumbnail blog-image\"><a href=\"https:\/\/yrmegard.net\/treasury\/wp-content\/uploads\/2023\/09\/tw-names-start.jpg\" data-rel=\"lightbox-gallery-XqErG15C\" data-rl_title=\"\" data-rl_caption=\"\" title=\"\"><img loading=\"lazy\" decoding=\"async\" width=\"150\" height=\"150\" src=\"https:\/\/yrmegard.net\/treasury\/wp-content\/uploads\/2023\/09\/tw-names-start-150x150.jpg\" alt=\"\" class=\"wp-image-8163\" style=\"aspect-ratio:1;object-fit:cover\"\/><\/a><\/figure>\n<\/div>\n\n\n\n<div class=\"wp-block-column is-layout-flow wp-block-column-is-layout-flow\" style=\"flex-basis:150px\">\n<figure class=\"wp-block-image size-thumbnail blog-image\"><a href=\"https:\/\/yrmegard.net\/treasury\/wp-content\/uploads\/2023\/09\/tw-names-process.jpg\" data-rel=\"lightbox-gallery-XqErG15C\" data-rl_title=\"\" data-rl_caption=\"\" title=\"\"><img loading=\"lazy\" decoding=\"async\" width=\"150\" height=\"150\" src=\"https:\/\/yrmegard.net\/treasury\/wp-content\/uploads\/2023\/09\/tw-names-process-150x150.jpg\" alt=\"\" class=\"wp-image-8164\" style=\"aspect-ratio:1;object-fit:cover\"\/><\/a><\/figure>\n<\/div>\n\n\n\n<div class=\"wp-block-column is-layout-flow wp-block-column-is-layout-flow\" style=\"flex-basis:150px\">\n<figure class=\"wp-block-image size-thumbnail blog-image\"><a href=\"https:\/\/yrmegard.net\/treasury\/wp-content\/uploads\/2023\/09\/tw-names-names.jpg\" data-rel=\"lightbox-gallery-XqErG15C\" data-rl_title=\"\" data-rl_caption=\"\" title=\"\"><img loading=\"lazy\" decoding=\"async\" width=\"150\" height=\"150\" src=\"https:\/\/yrmegard.net\/treasury\/wp-content\/uploads\/2023\/09\/tw-names-names-150x150.jpg\" alt=\"\" class=\"wp-image-8165\" style=\"aspect-ratio:1;object-fit:cover\"\/><\/a><\/figure>\n<\/div>\n\n\n\n<div class=\"wp-block-column is-layout-flow wp-block-column-is-layout-flow\" style=\"flex-basis:150px\">\n<figure class=\"wp-block-image size-thumbnail blog-image\"><a href=\"https:\/\/yrmegard.net\/treasury\/wp-content\/uploads\/2023\/09\/tw-names-ends.jpg\" data-rel=\"lightbox-gallery-XqErG15C\" data-rl_title=\"\" data-rl_caption=\"\" title=\"\"><img loading=\"lazy\" decoding=\"async\" width=\"150\" height=\"150\" src=\"https:\/\/yrmegard.net\/treasury\/wp-content\/uploads\/2023\/09\/tw-names-ends-150x150.jpg\" alt=\"\" class=\"wp-image-8166\" style=\"aspect-ratio:1;object-fit:cover\"\/><\/a><\/figure>\n<\/div>\n<\/div>\n\n\n\n<div class=\"wp-block-columns is-not-stacked-on-mobile is-layout-flex wp-container-core-columns-is-layout-9d6595d7 wp-block-columns-is-layout-flex\">\n<div class=\"wp-block-column is-layout-flow wp-block-column-is-layout-flow\" style=\"flex-basis:150px\">\n<figure class=\"wp-block-image size-thumbnail blog-image\"><a href=\"https:\/\/yrmegard.net\/treasury\/wp-content\/uploads\/2023\/09\/tw-names-closeup.jpg\" data-rel=\"lightbox-gallery-XqErG15C\" data-rl_title=\"\" data-rl_caption=\"\" title=\"\"><img loading=\"lazy\" decoding=\"async\" width=\"150\" height=\"150\" src=\"https:\/\/yrmegard.net\/treasury\/wp-content\/uploads\/2023\/09\/tw-names-closeup-150x150.jpg\" alt=\"\" class=\"wp-image-8167\" style=\"aspect-ratio:1;object-fit:cover\"\/><\/a><\/figure>\n<\/div>\n\n\n\n<div class=\"wp-block-column is-layout-flow wp-block-column-is-layout-flow\" style=\"flex-basis:150px\"><\/div>\n\n\n\n<div class=\"wp-block-column is-layout-flow wp-block-column-is-layout-flow\" style=\"flex-basis:150px\"><\/div>\n\n\n\n<div class=\"wp-block-column is-layout-flow wp-block-column-is-layout-flow\" style=\"flex-basis:150px\"><\/div>\n<\/div>\n\n\n\n<div style=\"height:20px\" aria-hidden=\"true\" class=\"wp-block-spacer\"><\/div>\n\n\n\n<p>Nimedega pael s\u00f5pradele oli plaanitud nende pulmadeks, kuid erinevatel p\u00f5hjustel ei saanud see \u00f5igeks ajaks tehtud, ning sellest sai kingitus hoopis pulma aastap\u00e4evaks.<\/p>\n\n\n\n<p><strong>M\u00f5\u00f5dud:<\/strong> laius 1,8 &#8211; 1,9 cm, kootud osa pikkus 92 cm.&nbsp;<\/p>\n\n\n\n<p><strong>Materjalid:<\/strong> puuvillane mulinee Anchor.&nbsp;<\/p>\n<\/div>\n<\/div>\n\n\n\n<p><strong>Tehnika:<\/strong> kahepoolne tehnika, 40 k\u00f5la.<\/p>\n\n\n\n<p><strong>Valmistamisaeg:<\/strong> 17. november \u2014 21. detsember 2009.<\/p>\n\n\n\n<p><strong>Muster: <\/strong>m\u00f5ned kujundid leiab <a href=\"http:\/\/yrmegard.net\/treasury\/et\/mustrid#doubleface\">mustrikogumikust<\/a>.&nbsp;<\/p>\n","protected":false},"excerpt":{"rendered":"<p>Nimedega pael s\u00f5pradele oli plaanitud nende pulmadeks, kuid erinevatel p\u00f5hjustel ei saanud see \u00f5igeks ajaks tehtud, ning sellest sai kingitus hoopis pulma aastap\u00e4evaks. M\u00f5\u00f5dud: laius 1,8 &#8211; 1,9 cm, kootud osa pikkus 92 cm.&nbsp; Materjalid: puuvillane mulinee Anchor.&nbsp; Tehnika: kahepoolne tehnika, 40 k\u00f5la. Valmistamisaeg: 17.&nbsp;<a class=\"read-more\" href=\"https:\/\/yrmegard.net\/treasury\/et\/galerii\/galerii-kolad-nimeline-pael\/\">&hellip;<\/a><\/p>\n","protected":false},"author":2,"featured_media":8167,"parent":3562,"menu_order":10,"comment_status":"closed","ping_status":"closed","template":"template-full.php","meta":{"_vp_format_video_url":"","_vp_image_focal_point":[],"footnotes":""},"class_list":["post-3579","page","type-page","status-publish","has-post-thumbnail","hentry"],"_links":{"self":[{"href":"https:\/\/yrmegard.net\/treasury\/wp-json\/wp\/v2\/pages\/3579","targetHints":{"allow":["GET"]}}],"collection":[{"href":"https:\/\/yrmegard.net\/treasury\/wp-json\/wp\/v2\/pages"}],"about":[{"href":"https:\/\/yrmegard.net\/treasury\/wp-json\/wp\/v2\/types\/page"}],"author":[{"embeddable":true,"href":"https:\/\/yrmegard.net\/treasury\/wp-json\/wp\/v2\/users\/2"}],"replies":[{"embeddable":true,"href":"https:\/\/yrmegard.net\/treasury\/wp-json\/wp\/v2\/comments?post=3579"}],"version-history":[{"count":2,"href":"https:\/\/yrmegard.net\/treasury\/wp-json\/wp\/v2\/pages\/3579\/revisions"}],"predecessor-version":[{"id":8172,"href":"https:\/\/yrmegard.net\/treasury\/wp-json\/wp\/v2\/pages\/3579\/revisions\/8172"}],"up":[{"embeddable":true,"href":"https:\/\/yrmegard.net\/treasury\/wp-json\/wp\/v2\/pages\/3562"}],"wp:featuredmedia":[{"embeddable":true,"href":"https:\/\/yrmegard.net\/treasury\/wp-json\/wp\/v2\/media\/8167"}],"wp:attachment":[{"href":"https:\/\/yrmegard.net\/treasury\/wp-json\/wp\/v2\/media?parent=3579"}],"curies":[{"name":"wp","href":"https:\/\/api.w.org\/{rel}","templated":true}]}}