{"id":3578,"date":"2020-05-15T18:36:14","date_gmt":"2020-05-15T15:36:14","guid":{"rendered":"http:\/\/yrmegard.net\/cms\/?page_id=3578"},"modified":"2023-09-30T12:20:39","modified_gmt":"2023-09-30T09:20:39","slug":"galerii-kolad-leek","status":"publish","type":"page","link":"https:\/\/yrmegard.net\/treasury\/et\/galerii\/galerii-kolad-leek\/","title":{"rendered":"Galerii. K\u00f5ladega kudumine: &#8220;leek&#8221;"},"content":{"rendered":"\n<div class=\"wp-block-columns is-layout-flex wp-container-core-columns-is-layout-9d6595d7 wp-block-columns-is-layout-flex\">\n<div class=\"wp-block-column is-layout-flow wp-block-column-is-layout-flow\" style=\"flex-basis:50%\">\n<figure class=\"wp-block-image size-large blog-image\"><a href=\"https:\/\/yrmegard.net\/treasury\/wp-content\/uploads\/2023\/09\/tw_threaded_05_02.jpg\" data-rel=\"lightbox-gallery-NZbnFrUy\" data-rl_title=\"\" data-rl_caption=\"\" title=\"\"><img loading=\"lazy\" decoding=\"async\" width=\"750\" height=\"406\" src=\"https:\/\/yrmegard.net\/treasury\/wp-content\/uploads\/2023\/09\/tw_threaded_05_02-750x406.jpg\" alt=\"\" class=\"wp-image-8153\" srcset=\"https:\/\/yrmegard.net\/treasury\/wp-content\/uploads\/2023\/09\/tw_threaded_05_02-750x406.jpg 750w, https:\/\/yrmegard.net\/treasury\/wp-content\/uploads\/2023\/09\/tw_threaded_05_02-550x298.jpg 550w, https:\/\/yrmegard.net\/treasury\/wp-content\/uploads\/2023\/09\/tw_threaded_05_02-768x416.jpg 768w, https:\/\/yrmegard.net\/treasury\/wp-content\/uploads\/2023\/09\/tw_threaded_05_02.jpg 900w\" sizes=\"auto, (max-width: 750px) 100vw, 750px\" \/><\/a><\/figure>\n<\/div>\n\n\n\n<div class=\"wp-block-column is-layout-flow wp-block-column-is-layout-flow\" style=\"flex-basis:50%\">\n<div class=\"wp-block-columns is-not-stacked-on-mobile is-layout-flex wp-container-core-columns-is-layout-9d6595d7 wp-block-columns-is-layout-flex\">\n<div class=\"wp-block-column is-layout-flow wp-block-column-is-layout-flow\" style=\"flex-basis:150px\">\n<figure class=\"wp-block-image size-thumbnail blog-image\"><a href=\"https:\/\/yrmegard.net\/treasury\/wp-content\/uploads\/2023\/09\/tw_threaded_05_01.jpg\" data-rel=\"lightbox-gallery-NZbnFrUy\" data-rl_title=\"\" data-rl_caption=\"\" title=\"\"><img loading=\"lazy\" decoding=\"async\" width=\"150\" height=\"150\" src=\"https:\/\/yrmegard.net\/treasury\/wp-content\/uploads\/2023\/09\/tw_threaded_05_01-150x150.jpg\" alt=\"\" class=\"wp-image-8155\" style=\"aspect-ratio:1;object-fit:cover\"\/><\/a><\/figure>\n<\/div>\n\n\n\n<div class=\"wp-block-column is-layout-flow wp-block-column-is-layout-flow\" style=\"flex-basis:150px\"><\/div>\n\n\n\n<div class=\"wp-block-column is-layout-flow wp-block-column-is-layout-flow\" style=\"flex-basis:150px\"><\/div>\n\n\n\n<div class=\"wp-block-column is-layout-flow wp-block-column-is-layout-flow\" style=\"flex-basis:150px\"><\/div>\n<\/div>\n\n\n\n<div style=\"height:20px\" aria-hidden=\"true\" class=\"wp-block-spacer\"><\/div>\n\n\n\n<p>Proovipael, mis sai kootud uute telgede katsetamiseks. Samuti katsetasin esimest korda, kuidas j\u00e4\u00e4b paelas mitmev\u00e4rviline l\u00f5ng. Katset v\u00f5ib pidada \u00f5nnestunuks, mulle meeldis, kuidas l\u00f5ng mustri esile t\u00f5i, kuid seejuures selgus, et seda on p\u00e4ris keeruline kenasti pildile saada.<\/p>\n\n\n\n<p><strong>M\u00f5\u00f5dud:<\/strong> laius 3,5 \u2014 3,8 cm, kootud osa pikkus 91 cm, \u00fcldpikkus 107 cm.<\/p>\n\n\n\n<p><strong>Materjalid:<\/strong> koel\u00f5ng ja \u00fchev\u00e4rviline l\u00f5im 100% villased, mitmev\u00e4rviline l\u00f5im &#8211; villase ja akr\u00fc\u00fcli segu.\u00a0<\/p>\n<\/div>\n<\/div>\n\n\n\n<p><strong>Tehnika:<\/strong> rakendatud muster, kivrim ebas\u00fcmmeetriline variatsioon, 18 k\u00f5la.<\/p>\n\n\n\n<p><strong>Valmistamisaeg:<\/strong> 23. &#8211; 28. september 2009.<\/p>\n\n\n\n<p><strong>Mustri<\/strong> leiab <a href=\"https:\/\/yrmegard.net\/treasury\/et\/mustrid\/kolad-kivrim-leek\/\" data-type=\"page\" data-id=\"3466\">mustrikogumikust<\/a>.<\/p>\n","protected":false},"excerpt":{"rendered":"<p>Proovipael, mis sai kootud uute telgede katsetamiseks. Samuti katsetasin esimest korda, kuidas j\u00e4\u00e4b paelas mitmev\u00e4rviline l\u00f5ng. Katset v\u00f5ib pidada \u00f5nnestunuks, mulle meeldis, kuidas l\u00f5ng mustri esile t\u00f5i, kuid seejuures selgus, et seda on p\u00e4ris keeruline kenasti pildile saada. M\u00f5\u00f5dud: laius 3,5 \u2014 3,8 cm, kootud&nbsp;<a class=\"read-more\" href=\"https:\/\/yrmegard.net\/treasury\/et\/galerii\/galerii-kolad-leek\/\">&hellip;<\/a><\/p>\n","protected":false},"author":2,"featured_media":8153,"parent":3562,"menu_order":9,"comment_status":"closed","ping_status":"closed","template":"template-full.php","meta":{"_vp_format_video_url":"","_vp_image_focal_point":[],"footnotes":""},"class_list":["post-3578","page","type-page","status-publish","has-post-thumbnail","hentry"],"_links":{"self":[{"href":"https:\/\/yrmegard.net\/treasury\/wp-json\/wp\/v2\/pages\/3578","targetHints":{"allow":["GET"]}}],"collection":[{"href":"https:\/\/yrmegard.net\/treasury\/wp-json\/wp\/v2\/pages"}],"about":[{"href":"https:\/\/yrmegard.net\/treasury\/wp-json\/wp\/v2\/types\/page"}],"author":[{"embeddable":true,"href":"https:\/\/yrmegard.net\/treasury\/wp-json\/wp\/v2\/users\/2"}],"replies":[{"embeddable":true,"href":"https:\/\/yrmegard.net\/treasury\/wp-json\/wp\/v2\/comments?post=3578"}],"version-history":[{"count":1,"href":"https:\/\/yrmegard.net\/treasury\/wp-json\/wp\/v2\/pages\/3578\/revisions"}],"predecessor-version":[{"id":8156,"href":"https:\/\/yrmegard.net\/treasury\/wp-json\/wp\/v2\/pages\/3578\/revisions\/8156"}],"up":[{"embeddable":true,"href":"https:\/\/yrmegard.net\/treasury\/wp-json\/wp\/v2\/pages\/3562"}],"wp:featuredmedia":[{"embeddable":true,"href":"https:\/\/yrmegard.net\/treasury\/wp-json\/wp\/v2\/media\/8153"}],"wp:attachment":[{"href":"https:\/\/yrmegard.net\/treasury\/wp-json\/wp\/v2\/media?parent=3578"}],"curies":[{"name":"wp","href":"https:\/\/api.w.org\/{rel}","templated":true}]}}