{"id":3577,"date":"2020-05-15T18:15:15","date_gmt":"2020-05-15T15:15:15","guid":{"rendered":"http:\/\/yrmegard.net\/cms\/?page_id=3577"},"modified":"2023-09-30T12:09:19","modified_gmt":"2023-09-30T09:09:19","slug":"galerii-kolad-sorad","status":"publish","type":"page","link":"https:\/\/yrmegard.net\/treasury\/et\/galerii\/galerii-kolad-sorad\/","title":{"rendered":"Galerii. K\u00f5ladega kudumine: &#8220;s\u00f5rad&#8221;"},"content":{"rendered":"\n<div class=\"wp-block-columns is-layout-flex wp-container-core-columns-is-layout-9d6595d7 wp-block-columns-is-layout-flex\">\n<div class=\"wp-block-column is-layout-flow wp-block-column-is-layout-flow\" style=\"flex-basis:50%\">\n<figure class=\"wp-block-image size-large blog-image\"><a href=\"https:\/\/yrmegard.net\/treasury\/wp-content\/uploads\/2023\/09\/tw-hoofs-full.jpg\" data-rel=\"lightbox-gallery-UaFqoyX5\" data-rl_title=\"\" data-rl_caption=\"\" title=\"\"><img loading=\"lazy\" decoding=\"async\" width=\"750\" height=\"488\" src=\"https:\/\/yrmegard.net\/treasury\/wp-content\/uploads\/2023\/09\/tw-hoofs-full-750x488.jpg\" alt=\"\" class=\"wp-image-8146\" srcset=\"https:\/\/yrmegard.net\/treasury\/wp-content\/uploads\/2023\/09\/tw-hoofs-full-750x488.jpg 750w, https:\/\/yrmegard.net\/treasury\/wp-content\/uploads\/2023\/09\/tw-hoofs-full-550x358.jpg 550w, https:\/\/yrmegard.net\/treasury\/wp-content\/uploads\/2023\/09\/tw-hoofs-full-768x499.jpg 768w, https:\/\/yrmegard.net\/treasury\/wp-content\/uploads\/2023\/09\/tw-hoofs-full.jpg 1000w\" sizes=\"auto, (max-width: 750px) 100vw, 750px\" \/><\/a><\/figure>\n<\/div>\n\n\n\n<div class=\"wp-block-column is-layout-flow wp-block-column-is-layout-flow\" style=\"flex-basis:50%\">\n<div class=\"wp-block-columns is-not-stacked-on-mobile is-layout-flex wp-container-core-columns-is-layout-9d6595d7 wp-block-columns-is-layout-flex\">\n<div class=\"wp-block-column is-layout-flow wp-block-column-is-layout-flow\" style=\"flex-basis:150px\">\n<figure class=\"wp-block-image size-large blog-image\"><a href=\"https:\/\/yrmegard.net\/treasury\/wp-content\/uploads\/2023\/09\/tw-hoofs-closeup.jpg\" data-rel=\"lightbox-gallery-UaFqoyX5\" data-rl_title=\"\" data-rl_caption=\"\" title=\"\"><img loading=\"lazy\" decoding=\"async\" width=\"750\" height=\"368\" src=\"https:\/\/yrmegard.net\/treasury\/wp-content\/uploads\/2023\/09\/tw-hoofs-closeup-750x368.jpg\" alt=\"\" class=\"wp-image-8147\" style=\"aspect-ratio:1;object-fit:cover\" srcset=\"https:\/\/yrmegard.net\/treasury\/wp-content\/uploads\/2023\/09\/tw-hoofs-closeup-750x368.jpg 750w, https:\/\/yrmegard.net\/treasury\/wp-content\/uploads\/2023\/09\/tw-hoofs-closeup-550x270.jpg 550w, https:\/\/yrmegard.net\/treasury\/wp-content\/uploads\/2023\/09\/tw-hoofs-closeup-768x377.jpg 768w, https:\/\/yrmegard.net\/treasury\/wp-content\/uploads\/2023\/09\/tw-hoofs-closeup.jpg 1199w\" sizes=\"auto, (max-width: 750px) 100vw, 750px\" \/><\/a><\/figure>\n<\/div>\n\n\n\n<div class=\"wp-block-column is-layout-flow wp-block-column-is-layout-flow\" style=\"flex-basis:150px\"><\/div>\n\n\n\n<div class=\"wp-block-column is-layout-flow wp-block-column-is-layout-flow\" style=\"flex-basis:150px\"><\/div>\n\n\n\n<div class=\"wp-block-column is-layout-flow wp-block-column-is-layout-flow\" style=\"flex-basis:150px\"><\/div>\n<\/div>\n\n\n\n<div style=\"height:20px\" aria-hidden=\"true\" class=\"wp-block-spacer\"><\/div>\n\n\n\n<p>Muster on p\u00e4rit eesti etnograafiliselt v\u00f6\u00f6lt, kuid on veidi muudetud: originaalil on \u00e4\u00e4red ja keskmised t\u00e4pid erinevat v\u00e4rvi. Taas \u00fcks sukapaelte paar, mis kootud <a rel=\"noopener\" href=\"https:\/\/www.sca.org\/\" target=\"_blank\">SCA<\/a> \u00fcrituse jaoks.<\/p>\n\n\n\n<p><strong>M\u00f5\u00f5dud:<\/strong> laius 2,5 cm, kootud osa pikkus 80 cm, \u00fcldpikkus 1 m.<\/p>\n\n\n\n<p><strong>Materjalid:<\/strong> l\u00f5im villane, koel\u00f5ngaks peenika linane niit.&nbsp;<\/p>\n\n\n\n<p><strong>Tehnika:<\/strong> rakendatud muster, 12 k\u00f5la.<\/p>\n\n\n\n<p><strong>Valmistamisaeg:<\/strong> juuli 2004.<\/p>\n\n\n\n<p><strong>Muster:<\/strong> originaalv\u00f6\u00f6 j\u00e4rgi joonistatud mustri saab <a href=\"https:\/\/yrmegard.net\/treasury\/et\/mustrid\/kolad-eesti-muster-02\/\" data-type=\"page\" data-id=\"3287\">mustrikogumikust<\/a>.<\/p>\n<\/div>\n<\/div>\n","protected":false},"excerpt":{"rendered":"<p>Muster on p\u00e4rit eesti etnograafiliselt v\u00f6\u00f6lt, kuid on veidi muudetud: originaalil on \u00e4\u00e4red ja keskmised t\u00e4pid erinevat v\u00e4rvi. Taas \u00fcks sukapaelte paar, mis kootud SCA \u00fcrituse jaoks. M\u00f5\u00f5dud: laius 2,5 cm, kootud osa pikkus 80 cm, \u00fcldpikkus 1 m. Materjalid: l\u00f5im villane, koel\u00f5ngaks peenika linane&nbsp;<a class=\"read-more\" href=\"https:\/\/yrmegard.net\/treasury\/et\/galerii\/galerii-kolad-sorad\/\">&hellip;<\/a><\/p>\n","protected":false},"author":2,"featured_media":8146,"parent":3562,"menu_order":8,"comment_status":"closed","ping_status":"closed","template":"template-full.php","meta":{"_vp_format_video_url":"","_vp_image_focal_point":[],"footnotes":""},"class_list":["post-3577","page","type-page","status-publish","has-post-thumbnail","hentry"],"_links":{"self":[{"href":"https:\/\/yrmegard.net\/treasury\/wp-json\/wp\/v2\/pages\/3577","targetHints":{"allow":["GET"]}}],"collection":[{"href":"https:\/\/yrmegard.net\/treasury\/wp-json\/wp\/v2\/pages"}],"about":[{"href":"https:\/\/yrmegard.net\/treasury\/wp-json\/wp\/v2\/types\/page"}],"author":[{"embeddable":true,"href":"https:\/\/yrmegard.net\/treasury\/wp-json\/wp\/v2\/users\/2"}],"replies":[{"embeddable":true,"href":"https:\/\/yrmegard.net\/treasury\/wp-json\/wp\/v2\/comments?post=3577"}],"version-history":[{"count":2,"href":"https:\/\/yrmegard.net\/treasury\/wp-json\/wp\/v2\/pages\/3577\/revisions"}],"predecessor-version":[{"id":8149,"href":"https:\/\/yrmegard.net\/treasury\/wp-json\/wp\/v2\/pages\/3577\/revisions\/8149"}],"up":[{"embeddable":true,"href":"https:\/\/yrmegard.net\/treasury\/wp-json\/wp\/v2\/pages\/3562"}],"wp:featuredmedia":[{"embeddable":true,"href":"https:\/\/yrmegard.net\/treasury\/wp-json\/wp\/v2\/media\/8146"}],"wp:attachment":[{"href":"https:\/\/yrmegard.net\/treasury\/wp-json\/wp\/v2\/media?parent=3577"}],"curies":[{"name":"wp","href":"https:\/\/api.w.org\/{rel}","templated":true}]}}