{"id":3576,"date":"2020-05-15T15:40:59","date_gmt":"2020-05-15T12:40:59","guid":{"rendered":"http:\/\/yrmegard.net\/cms\/?page_id=3576"},"modified":"2023-09-30T12:01:41","modified_gmt":"2023-09-30T09:01:41","slug":"galerii-kolad-nimeline-lapsevoo","status":"publish","type":"page","link":"https:\/\/yrmegard.net\/treasury\/et\/galerii\/galerii-kolad-nimeline-lapsevoo\/","title":{"rendered":"Galerii. K\u00f5ladega kudumine: nimeline lapsev\u00f6\u00f6"},"content":{"rendered":"\n<div class=\"wp-block-columns is-layout-flex wp-container-core-columns-is-layout-9d6595d7 wp-block-columns-is-layout-flex\">\n<div class=\"wp-block-column is-layout-flow wp-block-column-is-layout-flow\" style=\"flex-basis:50%\">\n<figure class=\"wp-block-image size-large blog-image\"><a href=\"https:\/\/yrmegard.net\/treasury\/wp-content\/uploads\/2023\/09\/tw-sarmika-full.jpg\" data-rel=\"lightbox-gallery-zpozeRt1\" data-rl_title=\"\" data-rl_caption=\"\" title=\"\"><img loading=\"lazy\" decoding=\"async\" width=\"750\" height=\"509\" src=\"https:\/\/yrmegard.net\/treasury\/wp-content\/uploads\/2023\/09\/tw-sarmika-full-750x509.jpg\" alt=\"\" class=\"wp-image-8134\" srcset=\"https:\/\/yrmegard.net\/treasury\/wp-content\/uploads\/2023\/09\/tw-sarmika-full-750x509.jpg 750w, https:\/\/yrmegard.net\/treasury\/wp-content\/uploads\/2023\/09\/tw-sarmika-full-550x373.jpg 550w, https:\/\/yrmegard.net\/treasury\/wp-content\/uploads\/2023\/09\/tw-sarmika-full-768x521.jpg 768w, https:\/\/yrmegard.net\/treasury\/wp-content\/uploads\/2023\/09\/tw-sarmika-full.jpg 1200w\" sizes=\"auto, (max-width: 750px) 100vw, 750px\" \/><\/a><\/figure>\n<\/div>\n\n\n\n<div class=\"wp-block-column is-layout-flow wp-block-column-is-layout-flow\" style=\"flex-basis:50%\">\n<div class=\"wp-block-columns is-not-stacked-on-mobile is-layout-flex wp-container-core-columns-is-layout-9d6595d7 wp-block-columns-is-layout-flex\">\n<div class=\"wp-block-column is-layout-flow wp-block-column-is-layout-flow\" style=\"flex-basis:150px\">\n<figure class=\"wp-block-image size-thumbnail blog-image\"><a href=\"https:\/\/yrmegard.net\/treasury\/wp-content\/uploads\/2023\/09\/sarmika_koer_suur.jpg\" data-rel=\"lightbox-gallery-zpozeRt1\" data-rl_title=\"\" data-rl_caption=\"\" title=\"\"><img loading=\"lazy\" decoding=\"async\" width=\"150\" height=\"150\" src=\"https:\/\/yrmegard.net\/treasury\/wp-content\/uploads\/2023\/09\/sarmika_koer_suur-150x150.jpg\" alt=\"\" class=\"wp-image-8135\" style=\"aspect-ratio:1;object-fit:cover\"\/><\/a><\/figure>\n<\/div>\n\n\n\n<div class=\"wp-block-column is-layout-flow wp-block-column-is-layout-flow\" style=\"flex-basis:150px\">\n<figure class=\"wp-block-image size-thumbnail blog-image\"><a href=\"https:\/\/yrmegard.net\/treasury\/wp-content\/uploads\/2023\/09\/sarmika_kelt4_suur.jpg\" data-rel=\"lightbox-gallery-zpozeRt1\" data-rl_title=\"\" data-rl_caption=\"\" title=\"\"><img loading=\"lazy\" decoding=\"async\" width=\"150\" height=\"150\" src=\"https:\/\/yrmegard.net\/treasury\/wp-content\/uploads\/2023\/09\/sarmika_kelt4_suur-150x150.jpg\" alt=\"\" class=\"wp-image-8136\" style=\"aspect-ratio:1;object-fit:cover\"\/><\/a><\/figure>\n<\/div>\n\n\n\n<div class=\"wp-block-column is-layout-flow wp-block-column-is-layout-flow\" style=\"flex-basis:150px\">\n<figure class=\"wp-block-image size-thumbnail blog-image\"><a href=\"https:\/\/yrmegard.net\/treasury\/wp-content\/uploads\/2023\/09\/sarmika_nimi_suur.jpg\" data-rel=\"lightbox-gallery-zpozeRt1\" data-rl_title=\"\" data-rl_caption=\"\" title=\"\"><img loading=\"lazy\" decoding=\"async\" width=\"150\" height=\"150\" src=\"https:\/\/yrmegard.net\/treasury\/wp-content\/uploads\/2023\/09\/sarmika_nimi_suur-150x150.jpg\" alt=\"\" class=\"wp-image-8137\" style=\"aspect-ratio:1;object-fit:cover\"\/><\/a><\/figure>\n<\/div>\n\n\n\n<div class=\"wp-block-column is-layout-flow wp-block-column-is-layout-flow\" style=\"flex-basis:150px\">\n<figure class=\"wp-block-image size-thumbnail blog-image\"><a href=\"https:\/\/yrmegard.net\/treasury\/wp-content\/uploads\/2023\/09\/sarmika_pats_suur.jpg\" data-rel=\"lightbox-gallery-zpozeRt1\" data-rl_title=\"\" data-rl_caption=\"\" title=\"\"><img loading=\"lazy\" decoding=\"async\" width=\"150\" height=\"150\" src=\"https:\/\/yrmegard.net\/treasury\/wp-content\/uploads\/2023\/09\/sarmika_pats_suur-150x150.jpg\" alt=\"\" class=\"wp-image-8138\" style=\"aspect-ratio:1;object-fit:cover\"\/><\/a><\/figure>\n<\/div>\n<\/div>\n\n\n\n<div class=\"wp-block-columns is-not-stacked-on-mobile is-layout-flex wp-container-core-columns-is-layout-9d6595d7 wp-block-columns-is-layout-flex\">\n<div class=\"wp-block-column is-layout-flow wp-block-column-is-layout-flow\" style=\"flex-basis:150px\">\n<figure class=\"wp-block-image size-thumbnail blog-image\"><a href=\"https:\/\/yrmegard.net\/treasury\/wp-content\/uploads\/2023\/09\/sarmika_kelt8_suur.jpg\" data-rel=\"lightbox-gallery-zpozeRt1\" data-rl_title=\"\" data-rl_caption=\"\" title=\"\"><img loading=\"lazy\" decoding=\"async\" width=\"150\" height=\"150\" src=\"https:\/\/yrmegard.net\/treasury\/wp-content\/uploads\/2023\/09\/sarmika_kelt8_suur-150x150.jpg\" alt=\"\" class=\"wp-image-8139\" style=\"aspect-ratio:1;object-fit:cover\"\/><\/a><\/figure>\n<\/div>\n\n\n\n<div class=\"wp-block-column is-layout-flow wp-block-column-is-layout-flow\" style=\"flex-basis:150px\">\n<figure class=\"wp-block-image size-thumbnail blog-image\"><a href=\"https:\/\/yrmegard.net\/treasury\/wp-content\/uploads\/2023\/09\/sarmika_back_suur.jpg\" data-rel=\"lightbox-gallery-zpozeRt1\" data-rl_title=\"\" data-rl_caption=\"\" title=\"\"><img loading=\"lazy\" decoding=\"async\" width=\"150\" height=\"150\" src=\"https:\/\/yrmegard.net\/treasury\/wp-content\/uploads\/2023\/09\/sarmika_back_suur-150x150.jpg\" alt=\"\" class=\"wp-image-8140\" style=\"aspect-ratio:1;object-fit:cover\"\/><\/a><\/figure>\n<\/div>\n\n\n\n<div class=\"wp-block-column is-layout-flow wp-block-column-is-layout-flow\" style=\"flex-basis:150px\"><\/div>\n\n\n\n<div class=\"wp-block-column is-layout-flow wp-block-column-is-layout-flow\" style=\"flex-basis:150px\"><\/div>\n<\/div>\n\n\n\n<div style=\"height:20px\" aria-hidden=\"true\" class=\"wp-block-spacer\"><\/div>\n\n\n\n<p>Nimeline v\u00f6\u00f6 sai kootud kingiks s\u00f5prade t\u00fctrele.&nbsp;<\/p>\n\n\n\n<p><strong>M\u00f5\u00f5dud:<\/strong> laius 1,7 \u2014 1,8 cm, kootud osa pikkus 88 cm, \u00fcldpikkus 1 m.<\/p>\n\n\n\n<p><strong>Materjalid:<\/strong> puuvillane mulinee Anchor.<\/p>\n\n\n\n<p><strong>Tehnika:<\/strong> kahepoolne tehnika, 30 k\u00f5la.<\/p>\n<\/div>\n<\/div>\n\n\n\n<p><strong>Valmistamisaeg:<\/strong> mai &#8211; juuli 2004.<\/p>\n\n\n\n<p><strong>Mustri<\/strong> koostamisel kasutasin Ekhard Gartz\u2019i (aka&nbsp;<a rel=\"noreferrer noopener\" href=\"http:\/\/www.guntram.co.za\/tabletweaving\/patterns\/patterns.html\" target=\"_blank\">Guntram<\/a>\u2019i) tarkvara ja mustreid.<\/p>\n","protected":false},"excerpt":{"rendered":"<p>Nimeline v\u00f6\u00f6 sai kootud kingiks s\u00f5prade t\u00fctrele.&nbsp; M\u00f5\u00f5dud: laius 1,7 \u2014 1,8 cm, kootud osa pikkus 88 cm, \u00fcldpikkus 1 m. Materjalid: puuvillane mulinee Anchor. Tehnika: kahepoolne tehnika, 30 k\u00f5la. Valmistamisaeg: mai &#8211; juuli 2004. Mustri koostamisel kasutasin Ekhard Gartz\u2019i (aka&nbsp;Guntram\u2019i) tarkvara ja mustreid.<\/p>\n","protected":false},"author":2,"featured_media":8135,"parent":3562,"menu_order":7,"comment_status":"closed","ping_status":"closed","template":"template-full.php","meta":{"_vp_format_video_url":"","_vp_image_focal_point":[],"footnotes":""},"class_list":["post-3576","page","type-page","status-publish","has-post-thumbnail","hentry"],"_links":{"self":[{"href":"https:\/\/yrmegard.net\/treasury\/wp-json\/wp\/v2\/pages\/3576","targetHints":{"allow":["GET"]}}],"collection":[{"href":"https:\/\/yrmegard.net\/treasury\/wp-json\/wp\/v2\/pages"}],"about":[{"href":"https:\/\/yrmegard.net\/treasury\/wp-json\/wp\/v2\/types\/page"}],"author":[{"embeddable":true,"href":"https:\/\/yrmegard.net\/treasury\/wp-json\/wp\/v2\/users\/2"}],"replies":[{"embeddable":true,"href":"https:\/\/yrmegard.net\/treasury\/wp-json\/wp\/v2\/comments?post=3576"}],"version-history":[{"count":1,"href":"https:\/\/yrmegard.net\/treasury\/wp-json\/wp\/v2\/pages\/3576\/revisions"}],"predecessor-version":[{"id":8141,"href":"https:\/\/yrmegard.net\/treasury\/wp-json\/wp\/v2\/pages\/3576\/revisions\/8141"}],"up":[{"embeddable":true,"href":"https:\/\/yrmegard.net\/treasury\/wp-json\/wp\/v2\/pages\/3562"}],"wp:featuredmedia":[{"embeddable":true,"href":"https:\/\/yrmegard.net\/treasury\/wp-json\/wp\/v2\/media\/8135"}],"wp:attachment":[{"href":"https:\/\/yrmegard.net\/treasury\/wp-json\/wp\/v2\/media?parent=3576"}],"curies":[{"name":"wp","href":"https:\/\/api.w.org\/{rel}","templated":true}]}}