{"id":3570,"date":"2020-05-11T19:43:36","date_gmt":"2020-05-11T16:43:36","guid":{"rendered":"http:\/\/yrmegard.net\/cms\/?page_id=3570"},"modified":"2023-09-29T22:19:21","modified_gmt":"2023-09-29T19:19:21","slug":"galerii-kolad-lehtedega-rombid","status":"publish","type":"page","link":"https:\/\/yrmegard.net\/treasury\/et\/galerii\/galerii-kolad-lehtedega-rombid\/","title":{"rendered":"Galerii. K\u00f5ladega kudumine: lehtedega rombid"},"content":{"rendered":"\n<div class=\"wp-block-columns is-layout-flex wp-container-core-columns-is-layout-9d6595d7 wp-block-columns-is-layout-flex\">\n<div class=\"wp-block-column is-layout-flow wp-block-column-is-layout-flow\" style=\"flex-basis:50%\">\n<figure class=\"wp-block-image size-large blog-image\"><a href=\"https:\/\/yrmegard.net\/treasury\/wp-content\/uploads\/2023\/09\/tw-chevron-leaves-full.jpg\" data-rel=\"lightbox-gallery-86PoG9Vb\" data-rl_title=\"\" data-rl_caption=\"\" title=\"\"><img loading=\"lazy\" decoding=\"async\" width=\"750\" height=\"428\" src=\"https:\/\/yrmegard.net\/treasury\/wp-content\/uploads\/2023\/09\/tw-chevron-leaves-full-750x428.jpg\" alt=\"\" class=\"wp-image-8083\" srcset=\"https:\/\/yrmegard.net\/treasury\/wp-content\/uploads\/2023\/09\/tw-chevron-leaves-full-750x428.jpg 750w, https:\/\/yrmegard.net\/treasury\/wp-content\/uploads\/2023\/09\/tw-chevron-leaves-full-550x314.jpg 550w, https:\/\/yrmegard.net\/treasury\/wp-content\/uploads\/2023\/09\/tw-chevron-leaves-full-768x438.jpg 768w, https:\/\/yrmegard.net\/treasury\/wp-content\/uploads\/2023\/09\/tw-chevron-leaves-full.jpg 1200w\" sizes=\"auto, (max-width: 750px) 100vw, 750px\" \/><\/a><\/figure>\n<\/div>\n\n\n\n<div class=\"wp-block-column is-layout-flow wp-block-column-is-layout-flow\" style=\"flex-basis:50%\">\n<div class=\"wp-block-columns is-not-stacked-on-mobile is-layout-flex wp-container-core-columns-is-layout-9d6595d7 wp-block-columns-is-layout-flex\">\n<div class=\"wp-block-column is-layout-flow wp-block-column-is-layout-flow\" style=\"flex-basis:150px\">\n<figure class=\"wp-block-image size-thumbnail blog-image\"><a href=\"https:\/\/yrmegard.net\/treasury\/wp-content\/uploads\/2023\/09\/tw-chevron-leaves-front.jpg\" data-rel=\"lightbox-gallery-86PoG9Vb\" data-rl_title=\"\" data-rl_caption=\"\" title=\"\"><img loading=\"lazy\" decoding=\"async\" width=\"150\" height=\"150\" src=\"https:\/\/yrmegard.net\/treasury\/wp-content\/uploads\/2023\/09\/tw-chevron-leaves-front-150x150.jpg\" alt=\"\" class=\"wp-image-8085\" style=\"aspect-ratio:1;object-fit:cover\"\/><\/a><\/figure>\n<\/div>\n\n\n\n<div class=\"wp-block-column is-layout-flow wp-block-column-is-layout-flow\" style=\"flex-basis:150px\">\n<figure class=\"wp-block-image size-thumbnail blog-image\"><a href=\"https:\/\/yrmegard.net\/treasury\/wp-content\/uploads\/2023\/09\/tw-chevron-leaves-back.jpg\" data-rel=\"lightbox-gallery-86PoG9Vb\" data-rl_title=\"\" data-rl_caption=\"\" title=\"\"><img loading=\"lazy\" decoding=\"async\" width=\"150\" height=\"150\" src=\"https:\/\/yrmegard.net\/treasury\/wp-content\/uploads\/2023\/09\/tw-chevron-leaves-back-150x150.jpg\" alt=\"\" class=\"wp-image-8086\" style=\"aspect-ratio:1;object-fit:cover\"\/><\/a><\/figure>\n<\/div>\n\n\n\n<div class=\"wp-block-column is-layout-flow wp-block-column-is-layout-flow\" style=\"flex-basis:150px\"><\/div>\n\n\n\n<div class=\"wp-block-column is-layout-flow wp-block-column-is-layout-flow\" style=\"flex-basis:150px\"><\/div>\n<\/div>\n\n\n\n<div style=\"height:20px\" aria-hidden=\"true\" class=\"wp-block-spacer\"><\/div>\n\n\n\n<p>\u00dcks minu esimesi pikki v\u00f6id. Selgelt eba\u00f5nnestunud l\u00f5ngavalik: lootsin, et see l\u00f5ng on villasest vastupidavam, kuid selgus, et akr\u00fc\u00fcl ajab hirmsasti karva. See p\u00f5hjustas p\u00e4ris mitu probleemi, muster l\u00e4ks mitu korda sassi, sest l\u00f5ngu \u00fcksteisest eraldada ei olnud kohati \u00fcldse v\u00f5imalik. Samas just selle v\u00f6\u00f6 kudumisel sain selgeks, kuidas moodustub muster ning paela struktuur, ning just sellep\u00e4rast meeldib see v\u00f6\u00f6 mulle v\u00e4ga. \ud83d\ude42<\/p>\n\n\n\n<p><b>M\u00f5\u00f5dud:<\/b> laius 2,6 cm, kootud osa pikkus 148,5 cm, narmaste pikkus 20 cm.<\/p>\n\n\n\n<p><b>Materjalid:<\/b> l\u00f5im \u2014 60% villa\/40% akr\u00fc\u00fcli, koel\u00f5ng \u2014 puuvillane \u00f5mblusniit.<\/p>\n\n\n\n<p><b>Tehnika:<\/b> egiptuse diagonaalid, 24 k\u00f5la.<\/p>\n<\/div>\n<\/div>\n\n\n\n<p><b>Valmistamisaeg:<\/b> suvi 2001.<\/p>\n\n\n\n<p><strong>Muster:<\/strong> sama t\u00fc\u00fcpi muster on leitav <a href=\"https:\/\/yrmegard.net\/treasury\/et\/mustrid\/koladega-kudumine-egiptuse-diagonaalid-rombid-lehtedega\/\" data-type=\"page\" data-id=\"3354\">T\u00f6\u00f6toa mustrikogumikus<\/a>.<\/p>\n","protected":false},"excerpt":{"rendered":"<p>\u00dcks minu esimesi pikki v\u00f6id. Selgelt eba\u00f5nnestunud l\u00f5ngavalik: lootsin, et see l\u00f5ng on villasest vastupidavam, kuid selgus, et akr\u00fc\u00fcl ajab hirmsasti karva. See p\u00f5hjustas p\u00e4ris mitu probleemi, muster l\u00e4ks mitu korda sassi, sest l\u00f5ngu \u00fcksteisest eraldada ei olnud kohati \u00fcldse v\u00f5imalik. Samas just selle v\u00f6\u00f6&nbsp;<a class=\"read-more\" href=\"https:\/\/yrmegard.net\/treasury\/et\/galerii\/galerii-kolad-lehtedega-rombid\/\">&hellip;<\/a><\/p>\n","protected":false},"author":2,"featured_media":8085,"parent":3562,"menu_order":3,"comment_status":"closed","ping_status":"closed","template":"template-full.php","meta":{"_vp_format_video_url":"","_vp_image_focal_point":[],"footnotes":""},"class_list":["post-3570","page","type-page","status-publish","has-post-thumbnail","hentry"],"_links":{"self":[{"href":"https:\/\/yrmegard.net\/treasury\/wp-json\/wp\/v2\/pages\/3570","targetHints":{"allow":["GET"]}}],"collection":[{"href":"https:\/\/yrmegard.net\/treasury\/wp-json\/wp\/v2\/pages"}],"about":[{"href":"https:\/\/yrmegard.net\/treasury\/wp-json\/wp\/v2\/types\/page"}],"author":[{"embeddable":true,"href":"https:\/\/yrmegard.net\/treasury\/wp-json\/wp\/v2\/users\/2"}],"replies":[{"embeddable":true,"href":"https:\/\/yrmegard.net\/treasury\/wp-json\/wp\/v2\/comments?post=3570"}],"version-history":[{"count":1,"href":"https:\/\/yrmegard.net\/treasury\/wp-json\/wp\/v2\/pages\/3570\/revisions"}],"predecessor-version":[{"id":8087,"href":"https:\/\/yrmegard.net\/treasury\/wp-json\/wp\/v2\/pages\/3570\/revisions\/8087"}],"up":[{"embeddable":true,"href":"https:\/\/yrmegard.net\/treasury\/wp-json\/wp\/v2\/pages\/3562"}],"wp:featuredmedia":[{"embeddable":true,"href":"https:\/\/yrmegard.net\/treasury\/wp-json\/wp\/v2\/media\/8085"}],"wp:attachment":[{"href":"https:\/\/yrmegard.net\/treasury\/wp-json\/wp\/v2\/media?parent=3570"}],"curies":[{"name":"wp","href":"https:\/\/api.w.org\/{rel}","templated":true}]}}