{"id":3569,"date":"2020-05-03T16:48:39","date_gmt":"2020-05-03T13:48:39","guid":{"rendered":"http:\/\/yrmegard.net\/cms\/?page_id=3569"},"modified":"2023-09-29T21:20:05","modified_gmt":"2023-09-29T18:20:05","slug":"galerii-kolad-ootamatu-tulemus","status":"publish","type":"page","link":"https:\/\/yrmegard.net\/treasury\/et\/galerii\/galerii-kolad-ootamatu-tulemus\/","title":{"rendered":"Galerii. K\u00f5ladega kudumine: ootamatu tulemus"},"content":{"rendered":"\n<div class=\"wp-block-columns is-layout-flex wp-container-core-columns-is-layout-9d6595d7 wp-block-columns-is-layout-flex\">\n<div class=\"wp-block-column is-layout-flow wp-block-column-is-layout-flow\" style=\"flex-basis:50%\">\n<figure class=\"wp-block-image size-large blog-image\"><a href=\"https:\/\/yrmegard.net\/treasury\/wp-content\/uploads\/2023\/09\/tw-unexpected-full.jpg\" data-rel=\"lightbox-gallery-Ts2EINXv\" data-rl_title=\"\" data-rl_caption=\"\" title=\"\"><img loading=\"lazy\" decoding=\"async\" width=\"750\" height=\"497\" src=\"https:\/\/yrmegard.net\/treasury\/wp-content\/uploads\/2023\/09\/tw-unexpected-full-750x497.jpg\" alt=\"\" class=\"wp-image-8073\" srcset=\"https:\/\/yrmegard.net\/treasury\/wp-content\/uploads\/2023\/09\/tw-unexpected-full-750x497.jpg 750w, https:\/\/yrmegard.net\/treasury\/wp-content\/uploads\/2023\/09\/tw-unexpected-full-550x364.jpg 550w, https:\/\/yrmegard.net\/treasury\/wp-content\/uploads\/2023\/09\/tw-unexpected-full-768x508.jpg 768w, https:\/\/yrmegard.net\/treasury\/wp-content\/uploads\/2023\/09\/tw-unexpected-full.jpg 1000w\" sizes=\"auto, (max-width: 750px) 100vw, 750px\" \/><\/a><\/figure>\n<\/div>\n\n\n\n<div class=\"wp-block-column is-layout-flow wp-block-column-is-layout-flow\" style=\"flex-basis:50%\">\n<div class=\"wp-block-columns is-not-stacked-on-mobile is-layout-flex wp-container-core-columns-is-layout-9d6595d7 wp-block-columns-is-layout-flex\">\n<div class=\"wp-block-column is-layout-flow wp-block-column-is-layout-flow\" style=\"flex-basis:150px\">\n<figure class=\"wp-block-image size-thumbnail blog-image\"><a href=\"https:\/\/yrmegard.net\/treasury\/wp-content\/uploads\/2023\/09\/tw-unexpected-front.jpg\" data-rel=\"lightbox-gallery-Ts2EINXv\" data-rl_title=\"\" data-rl_caption=\"\" title=\"\"><img loading=\"lazy\" decoding=\"async\" width=\"150\" height=\"150\" src=\"https:\/\/yrmegard.net\/treasury\/wp-content\/uploads\/2023\/09\/tw-unexpected-front-150x150.jpg\" alt=\"\" class=\"wp-image-8075\" style=\"aspect-ratio:1;object-fit:cover\"\/><\/a><\/figure>\n<\/div>\n\n\n\n<div class=\"wp-block-column is-layout-flow wp-block-column-is-layout-flow\" style=\"flex-basis:150px\">\n<figure class=\"wp-block-image size-thumbnail blog-image\"><a href=\"https:\/\/yrmegard.net\/treasury\/wp-content\/uploads\/2023\/09\/tw-unexpected-back.jpg\" data-rel=\"lightbox-gallery-Ts2EINXv\" data-rl_title=\"\" data-rl_caption=\"\" title=\"\"><img loading=\"lazy\" decoding=\"async\" width=\"150\" height=\"150\" src=\"https:\/\/yrmegard.net\/treasury\/wp-content\/uploads\/2023\/09\/tw-unexpected-back-150x150.jpg\" alt=\"\" class=\"wp-image-8076\" style=\"aspect-ratio:1;object-fit:cover\"\/><\/a><\/figure>\n<\/div>\n\n\n\n<div class=\"wp-block-column is-layout-flow wp-block-column-is-layout-flow\" style=\"flex-basis:150px\"><\/div>\n\n\n\n<div class=\"wp-block-column is-layout-flow wp-block-column-is-layout-flow\" style=\"flex-basis:150px\"><\/div>\n<\/div>\n\n\n\n<div style=\"height:20px\" aria-hidden=\"true\" class=\"wp-block-spacer\"><\/div>\n\n\n\n<p>Teine osa minu k\u00f5ige esimesest k\u00f5lakatsetusest. Plaanis oli <a href=\"https:\/\/yrmegard.net\/treasury\/et\/mustrid\/kolad-kivrim-jooksev-koer\/\" data-type=\"page\" data-id=\"3464\">\u201cjooksva koera\u201d<\/a> kahev\u00e4rviline variant, kuid ajasin midagi k\u00f5lade rakendamisel sassi ning sain p\u00e4ris ootamatu tulemuse. Muster tundus p\u00f5nev sellegipoolest, nii et kudusin m\u00f5nda aega edasi.\u00a0<\/p>\n\n\n\n<p><b>M\u00f5\u00f5dud:<\/b> laius 2 cm, kootud osa pikkus 63 cm, \u00fcldpikkus 90 cm.\u00a0<\/p>\n\n\n\n<p><b>Materjalid:<\/b> l\u00f5im \u2013 j\u00e4medal puuvillane l\u00f5ng, koel\u00f5ng \u2013 puuvillane \u00f5mblusniit.\u00a0<\/p>\n\n\n\n<p><b>Tehnika:<\/b> rakendatud muster, 10 k\u00f5la, jooksva koera kahev\u00e4rviline variantsioon.<\/p>\n\n\n\n<p><b>Valmistamisaeg:<\/b> mai 2001.<\/p>\n<\/div>\n<\/div>\n","protected":false},"excerpt":{"rendered":"<p>Teine osa minu k\u00f5ige esimesest k\u00f5lakatsetusest. Plaanis oli \u201cjooksva koera\u201d kahev\u00e4rviline variant, kuid ajasin midagi k\u00f5lade rakendamisel sassi ning sain p\u00e4ris ootamatu tulemuse. Muster tundus p\u00f5nev sellegipoolest, nii et kudusin m\u00f5nda aega edasi.\u00a0 M\u00f5\u00f5dud: laius 2 cm, kootud osa pikkus 63 cm, \u00fcldpikkus 90 cm.\u00a0&nbsp;<a class=\"read-more\" href=\"https:\/\/yrmegard.net\/treasury\/et\/galerii\/galerii-kolad-ootamatu-tulemus\/\">&hellip;<\/a><\/p>\n","protected":false},"author":2,"featured_media":8073,"parent":3562,"menu_order":2,"comment_status":"closed","ping_status":"closed","template":"template-full.php","meta":{"_vp_format_video_url":"","_vp_image_focal_point":[],"footnotes":""},"class_list":["post-3569","page","type-page","status-publish","has-post-thumbnail","hentry"],"_links":{"self":[{"href":"https:\/\/yrmegard.net\/treasury\/wp-json\/wp\/v2\/pages\/3569","targetHints":{"allow":["GET"]}}],"collection":[{"href":"https:\/\/yrmegard.net\/treasury\/wp-json\/wp\/v2\/pages"}],"about":[{"href":"https:\/\/yrmegard.net\/treasury\/wp-json\/wp\/v2\/types\/page"}],"author":[{"embeddable":true,"href":"https:\/\/yrmegard.net\/treasury\/wp-json\/wp\/v2\/users\/2"}],"replies":[{"embeddable":true,"href":"https:\/\/yrmegard.net\/treasury\/wp-json\/wp\/v2\/comments?post=3569"}],"version-history":[{"count":1,"href":"https:\/\/yrmegard.net\/treasury\/wp-json\/wp\/v2\/pages\/3569\/revisions"}],"predecessor-version":[{"id":8077,"href":"https:\/\/yrmegard.net\/treasury\/wp-json\/wp\/v2\/pages\/3569\/revisions\/8077"}],"up":[{"embeddable":true,"href":"https:\/\/yrmegard.net\/treasury\/wp-json\/wp\/v2\/pages\/3562"}],"wp:featuredmedia":[{"embeddable":true,"href":"https:\/\/yrmegard.net\/treasury\/wp-json\/wp\/v2\/media\/8073"}],"wp:attachment":[{"href":"https:\/\/yrmegard.net\/treasury\/wp-json\/wp\/v2\/media?parent=3569"}],"curies":[{"name":"wp","href":"https:\/\/api.w.org\/{rel}","templated":true}]}}