{"id":3566,"date":"2020-05-03T15:40:48","date_gmt":"2020-05-03T12:40:48","guid":{"rendered":"http:\/\/yrmegard.net\/cms\/?page_id=3566"},"modified":"2023-09-29T21:12:54","modified_gmt":"2023-09-29T18:12:54","slug":"galerii-kolad-esimene-katsetus","status":"publish","type":"page","link":"https:\/\/yrmegard.net\/treasury\/et\/galerii\/galerii-kolad-esimene-katsetus\/","title":{"rendered":"Galerii. K\u00f5ladega kudumine: esimene katsetus"},"content":{"rendered":"\n<div class=\"wp-block-columns is-layout-flex wp-container-core-columns-is-layout-9d6595d7 wp-block-columns-is-layout-flex\">\n<div class=\"wp-block-column is-layout-flow wp-block-column-is-layout-flow\" style=\"flex-basis:50%\">\n<figure class=\"wp-block-image size-full blog-image\"><a href=\"https:\/\/yrmegard.net\/treasury\/wp-content\/uploads\/2023\/09\/tw-first-full.jpg\" data-rel=\"lightbox-gallery-wREhShH0\" data-rl_title=\"\" data-rl_caption=\"\" title=\"\"><img loading=\"lazy\" decoding=\"async\" width=\"1200\" height=\"692\" src=\"https:\/\/yrmegard.net\/treasury\/wp-content\/uploads\/2023\/09\/tw-first-full.jpg\" alt=\"\" class=\"wp-image-8053\" srcset=\"https:\/\/yrmegard.net\/treasury\/wp-content\/uploads\/2023\/09\/tw-first-full.jpg 1200w, https:\/\/yrmegard.net\/treasury\/wp-content\/uploads\/2023\/09\/tw-first-full-768x443.jpg 768w\" sizes=\"auto, (max-width: 1200px) 100vw, 1200px\" \/><\/a><\/figure>\n<\/div>\n\n\n\n<div class=\"wp-block-column is-layout-flow wp-block-column-is-layout-flow\" style=\"flex-basis:50%\">\n<div class=\"wp-block-columns is-not-stacked-on-mobile is-layout-flex wp-container-core-columns-is-layout-9d6595d7 wp-block-columns-is-layout-flex\">\n<div class=\"wp-block-column is-layout-flow wp-block-column-is-layout-flow\" style=\"flex-basis:150px\">\n<figure class=\"wp-block-image size-thumbnail blog-image\"><a href=\"https:\/\/yrmegard.net\/treasury\/wp-content\/uploads\/2023\/09\/tw-first-front.jpg\" data-rel=\"lightbox-gallery-wREhShH0\" data-rl_title=\"\" data-rl_caption=\"\" title=\"\"><img loading=\"lazy\" decoding=\"async\" width=\"150\" height=\"150\" src=\"https:\/\/yrmegard.net\/treasury\/wp-content\/uploads\/2023\/09\/tw-first-front-150x150.jpg\" alt=\"Esimese katsetuse pealmine pool.\" class=\"wp-image-8054\" style=\"aspect-ratio:1;object-fit:cover\"\/><\/a><\/figure>\n<\/div>\n\n\n\n<div class=\"wp-block-column is-layout-flow wp-block-column-is-layout-flow\" style=\"flex-basis:150px\">\n<figure class=\"wp-block-image size-thumbnail blog-image\"><a href=\"https:\/\/yrmegard.net\/treasury\/wp-content\/uploads\/2023\/09\/tw-first-back.jpg\" data-rel=\"lightbox-gallery-wREhShH0\" data-rl_title=\"\" data-rl_caption=\"\" title=\"\"><img loading=\"lazy\" decoding=\"async\" width=\"150\" height=\"150\" src=\"https:\/\/yrmegard.net\/treasury\/wp-content\/uploads\/2023\/09\/tw-first-back-150x150.jpg\" alt=\"\" class=\"wp-image-8055\" style=\"aspect-ratio:1;object-fit:cover\"\/><\/a><\/figure>\n<\/div>\n\n\n\n<div class=\"wp-block-column is-layout-flow wp-block-column-is-layout-flow\" style=\"flex-basis:150px\"><\/div>\n\n\n\n<div class=\"wp-block-column is-layout-flow wp-block-column-is-layout-flow\" style=\"flex-basis:150px\"><\/div>\n<\/div>\n\n\n\n<div style=\"height:20px\" aria-hidden=\"true\" class=\"wp-block-spacer\"><\/div>\n\n\n\n<p>See pael on osa minu k\u00f5ige esimesest k\u00f5lakatsetusest. Aluseks v\u00f5tsin Sarah Goslee (aka <a rel=\"noopener noreferrer\" href=\"http:\/\/www.stringpage.com\/tw\/tw.html\" target=\"_blank\">Phiala<\/a>) materjale, kasutasin \u00f5hukesest papist k\u00f5lasid, sain paela valmis h\u00e4sti kiiresti. Sain selgeks, et kudumine meeldib mulle v\u00e4ga.<\/p>\n\n\n\n<p><b>M\u00f5\u00f5dud:<\/b> laius 2 cm, kootud osa pikkus 1 m, \u00fcldpikkus 135 cm.<\/p>\n\n\n\n<p><b>Materjalid:<\/b> l\u00f5im \u2014&nbsp; j\u00e4medam puuvillane l\u00f5ng, koel\u00f5ng &#8211; puuvillane \u00f5mblusniit.<\/p>\n\n\n\n<p><b>Tehnika:<\/b> rakendatud muster, 10 k\u00f5la, 4 p\u00f6\u00f6ret edasi, 4 p\u00f6\u00f6ret tagasi.&nbsp;<\/p>\n\n\n\n<p><b>Valmistamisaeg:<\/b> mai 2001.<\/p>\n<\/div>\n<\/div>\n","protected":false},"excerpt":{"rendered":"<p>See pael on osa minu k\u00f5ige esimesest k\u00f5lakatsetusest. Aluseks v\u00f5tsin Sarah Goslee (aka Phiala) materjale, kasutasin \u00f5hukesest papist k\u00f5lasid, sain paela valmis h\u00e4sti kiiresti. Sain selgeks, et kudumine meeldib mulle v\u00e4ga. M\u00f5\u00f5dud: laius 2 cm, kootud osa pikkus 1 m, \u00fcldpikkus 135 cm. Materjalid: l\u00f5im&nbsp;<a class=\"read-more\" href=\"https:\/\/yrmegard.net\/treasury\/et\/galerii\/galerii-kolad-esimene-katsetus\/\">&hellip;<\/a><\/p>\n","protected":false},"author":2,"featured_media":8054,"parent":3562,"menu_order":1,"comment_status":"closed","ping_status":"closed","template":"template-full.php","meta":{"_vp_format_video_url":"","_vp_image_focal_point":[],"footnotes":""},"class_list":["post-3566","page","type-page","status-publish","has-post-thumbnail","hentry"],"_links":{"self":[{"href":"https:\/\/yrmegard.net\/treasury\/wp-json\/wp\/v2\/pages\/3566","targetHints":{"allow":["GET"]}}],"collection":[{"href":"https:\/\/yrmegard.net\/treasury\/wp-json\/wp\/v2\/pages"}],"about":[{"href":"https:\/\/yrmegard.net\/treasury\/wp-json\/wp\/v2\/types\/page"}],"author":[{"embeddable":true,"href":"https:\/\/yrmegard.net\/treasury\/wp-json\/wp\/v2\/users\/2"}],"replies":[{"embeddable":true,"href":"https:\/\/yrmegard.net\/treasury\/wp-json\/wp\/v2\/comments?post=3566"}],"version-history":[{"count":14,"href":"https:\/\/yrmegard.net\/treasury\/wp-json\/wp\/v2\/pages\/3566\/revisions"}],"predecessor-version":[{"id":8069,"href":"https:\/\/yrmegard.net\/treasury\/wp-json\/wp\/v2\/pages\/3566\/revisions\/8069"}],"up":[{"embeddable":true,"href":"https:\/\/yrmegard.net\/treasury\/wp-json\/wp\/v2\/pages\/3562"}],"wp:featuredmedia":[{"embeddable":true,"href":"https:\/\/yrmegard.net\/treasury\/wp-json\/wp\/v2\/media\/8054"}],"wp:attachment":[{"href":"https:\/\/yrmegard.net\/treasury\/wp-json\/wp\/v2\/media?parent=3566"}],"curies":[{"name":"wp","href":"https:\/\/api.w.org\/{rel}","templated":true}]}}