{"id":3532,"date":"2023-09-25T13:02:45","date_gmt":"2023-09-25T10:02:45","guid":{"rendered":"http:\/\/yrmegard.net\/cms\/?page_id=3532"},"modified":"2023-12-25T23:19:28","modified_gmt":"2023-12-25T20:19:28","slug":"tikkimismuster-lilledega-borduur","status":"publish","type":"page","link":"https:\/\/yrmegard.net\/treasury\/et\/mustrid\/tikkimismuster-lilledega-borduur\/","title":{"rendered":"Tikkimismuster: lilledega bord\u00fc\u00fcr karikakattelt"},"content":{"rendered":"<div class=\"wp-block-image blog-image\">\n<figure class=\"alignright size-full is-resized\"><a href=\"https:\/\/yrmegard.net\/treasury\/wp-content\/uploads\/2023\/09\/embroidery_pattern_03_flower_border_preview.jpg\" data-rel=\"lightbox-gallery-cIdrZGLS\" data-rl_title=\"\" data-rl_caption=\"\" title=\"\"><img loading=\"lazy\" decoding=\"async\" width=\"840\" height=\"533\" src=\"https:\/\/yrmegard.net\/treasury\/wp-content\/uploads\/2023\/09\/embroidery_pattern_03_flower_border_preview.jpg\" alt=\"\" class=\"wp-image-7917\" style=\"width:500px;height:undefinedpx\" srcset=\"https:\/\/yrmegard.net\/treasury\/wp-content\/uploads\/2023\/09\/embroidery_pattern_03_flower_border_preview.jpg 840w, https:\/\/yrmegard.net\/treasury\/wp-content\/uploads\/2023\/09\/embroidery_pattern_03_flower_border_preview-768x487.jpg 768w\" sizes=\"auto, (max-width: 840px) 100vw, 840px\" \/><\/a><\/figure>\n<\/div>\n\n\n<p>Muster p\u00e4rineb armulauakarika karikakattelt, mis on dateeritud umbes 1600. aastasse ning on arvatavasti kas itaalia v\u00f5i saksa p\u00e4ritolu. Hetkel asub karikakate N\u00fcrnbergis Saksamaa Rahvuslikus Muuseumis. Pilte sellest n\u00e4eb <a rel=\"noopener noreferrer\" href=\"http:\/\/www.bildindex.de\/\" target=\"_blank\">Bildindex<\/a>\u2019i pildikogust: <a href=\"http:\/\/www.bildindex.de\/bilder\/MI07919a13a.jpg\" data-rel=\"lightbox-gallery-cIdrZGLS\" data-rl_title=\"\" data-rl_caption=\"\" title=\"\">karikakate tervikuna<\/a>, <a href=\"http:\/\/www.bildindex.de\/bilder\/MI07919a14a.jpg\" data-rel=\"lightbox-gallery-cIdrZGLS\" data-rl_title=\"\" data-rl_caption=\"\" title=\"\">bord\u00fc\u00fcri suurendatud fragment<\/a>.<\/p>\n\n\n\n<p>Muster koosneb identsest \u00fclemisest ja alumisest ribast ja p\u00f5hiosast. Ribade k\u00f5rgus on 10 ruutu, mustrikorduse laius 44 ruutu. P\u00f5hiosa segmendid on trapetsikujulised, nende k\u00f5rguseks on 48 ruutu, laiuseks kitsamas otsas 29 ruutu ja laiemas otsas 103 ruutu (laius on arvestatud mustri v\u00e4lis\u00e4\u00e4rte j\u00e4rgi). Kuna originaal tikiti silma j\u00e4rgi, mitte kanga koel\u00f5ngade j\u00e4rgi, siis samad kujundid tikandi eri osades n\u00e4evad v\u00e4lja erinevalt. Seet\u00f5ttu said k\u00e4esoleva mustriskeemi jaoks mustrielemendid veidi t\u00f6\u00f6deldud, et nad mahuks mustrikorduse sisse ja seejuures j\u00e4\u00e4ks muster originaalile v\u00f5imalikult sarnane.<\/p>\n\n\n\n<p>Lisaks ristpistes tikitud p\u00f5hielementidele n\u00e4eb mustril peenikesi jooni ja keerusid, mis on arvatavasti tikitud Holbeini pistes. Kitsastel ribadel asuvad keerud suhteliselt korrap\u00e4raselt, p\u00f5himustri segmendid on ka selles m\u00f5ttes p\u00e4ris erinevad. Mustriskeemil on ribad t\u00e4iendatud kogu pikkuses originaalile vastavate keerdudega, p\u00f5himustril on aga keerud n\u00e4idatud vaid \u00fchel segmendil ning vastavad originaalile stiili, kuid mitte alati asukoha ja kuju poolest.<\/p>\n\n\n\n<pre class=\"wp-block-verse\"><a href=\"http:\/\/www.yrmegard.net\/treasury\/patterns\/pdf\/tikkimismuster-lilledega-borduur.pdf\" target=\"_blank\" rel=\"noreferrer noopener\">Lae alla tikkimismuster ja juhised pdf formaadis.<\/a><\/pre>\n","protected":false},"excerpt":{"rendered":"<p>Muster p\u00e4rineb armulauakarika karikakattelt, mis on dateeritud umbes 1600. aastasse ning on arvatavasti kas itaalia v\u00f5i saksa p\u00e4ritolu. Hetkel asub karikakate N\u00fcrnbergis Saksamaa Rahvuslikus Muuseumis. Pilte sellest n\u00e4eb Bildindex\u2019i pildikogust: karikakate tervikuna, bord\u00fc\u00fcri suurendatud fragment. Muster koosneb identsest \u00fclemisest ja alumisest ribast ja p\u00f5hiosast. Ribade&nbsp;<a class=\"read-more\" href=\"https:\/\/yrmegard.net\/treasury\/et\/mustrid\/tikkimismuster-lilledega-borduur\/\">&hellip;<\/a><\/p>\n","protected":false},"author":2,"featured_media":7917,"parent":3207,"menu_order":203,"comment_status":"closed","ping_status":"closed","template":"template-full.php","meta":{"_vp_format_video_url":"","_vp_image_focal_point":[],"footnotes":""},"class_list":["post-3532","page","type-page","status-publish","has-post-thumbnail","hentry"],"_links":{"self":[{"href":"https:\/\/yrmegard.net\/treasury\/wp-json\/wp\/v2\/pages\/3532","targetHints":{"allow":["GET"]}}],"collection":[{"href":"https:\/\/yrmegard.net\/treasury\/wp-json\/wp\/v2\/pages"}],"about":[{"href":"https:\/\/yrmegard.net\/treasury\/wp-json\/wp\/v2\/types\/page"}],"author":[{"embeddable":true,"href":"https:\/\/yrmegard.net\/treasury\/wp-json\/wp\/v2\/users\/2"}],"replies":[{"embeddable":true,"href":"https:\/\/yrmegard.net\/treasury\/wp-json\/wp\/v2\/comments?post=3532"}],"version-history":[{"count":3,"href":"https:\/\/yrmegard.net\/treasury\/wp-json\/wp\/v2\/pages\/3532\/revisions"}],"predecessor-version":[{"id":8994,"href":"https:\/\/yrmegard.net\/treasury\/wp-json\/wp\/v2\/pages\/3532\/revisions\/8994"}],"up":[{"embeddable":true,"href":"https:\/\/yrmegard.net\/treasury\/wp-json\/wp\/v2\/pages\/3207"}],"wp:featuredmedia":[{"embeddable":true,"href":"https:\/\/yrmegard.net\/treasury\/wp-json\/wp\/v2\/media\/7917"}],"wp:attachment":[{"href":"https:\/\/yrmegard.net\/treasury\/wp-json\/wp\/v2\/media?parent=3532"}],"curies":[{"name":"wp","href":"https:\/\/api.w.org\/{rel}","templated":true}]}}