{"id":3472,"date":"2023-09-26T10:14:57","date_gmt":"2023-09-26T07:14:57","guid":{"rendered":"http:\/\/yrmegard.net\/cms\/?page_id=3472"},"modified":"2023-09-28T18:44:11","modified_gmt":"2023-09-28T15:44:11","slug":"kolad-ajaloolised-mustrid-virunuka","status":"publish","type":"page","link":"https:\/\/yrmegard.net\/treasury\/et\/mustrid\/kolad-ajaloolised-mustrid-virunuka\/","title":{"rendered":"K\u00f5ladega kudumine. Ajaloolised mustrid: Virunuka, 12.-14. sajand"},"content":{"rendered":"\n<figure class=\"wp-block-image size-full\"><img loading=\"lazy\" decoding=\"async\" width=\"1279\" height=\"228\" src=\"https:\/\/yrmegard.net\/treasury\/wp-content\/uploads\/2023\/09\/tw_artefact_pattern_02_draft.png\" alt=\"\" class=\"wp-image-7886\" srcset=\"https:\/\/yrmegard.net\/treasury\/wp-content\/uploads\/2023\/09\/tw_artefact_pattern_02_draft.png 1279w, https:\/\/yrmegard.net\/treasury\/wp-content\/uploads\/2023\/09\/tw_artefact_pattern_02_draft-768x137.png 768w\" sizes=\"auto, (max-width: 1279px) 100vw, 1279px\" \/><\/figure>\n\n\n\n<div style=\"height:40px\" aria-hidden=\"true\" class=\"wp-block-spacer\"><\/div>\n\n\n\n<p><strong>K\u00f5lade algasend<\/strong><\/p>\n\n\n\n<figure class=\"wp-block-image size-full\"><img loading=\"lazy\" decoding=\"async\" width=\"615\" height=\"120\" src=\"https:\/\/yrmegard.net\/treasury\/wp-content\/uploads\/2023\/09\/tw_artefact_pattern_02_thread.gif\" alt=\"\" class=\"wp-image-7884\"\/><\/figure>\n\n\n\n<div style=\"height:30px\" aria-hidden=\"true\" class=\"wp-block-spacer\"><\/div>\n\n\n\n<p>Kolme v\u00f6\u00f6fragmenti ning rekonstruktsiooni, mille on teinud soome v\u00f6\u00f6deuurija Barbro Gardberg, n\u00e4eb Eesti v\u00f6\u00f6de albumis (<a href=\"https:\/\/yrmegard.net\/treasury\/et\/artiklid\/eesti-vood-eevi-astel\/\" data-type=\"page\" data-id=\"3130\">Eevi Astel, Ilmamaa, 1998<\/a>). Siin lehel avaldatud rekonstruktsioon p\u00f5hineb vaid originaalfragmentidel. Fragmendid asuvad hetkel Tallinna \u00dclikooli Ajaloo, arheoloogia ja kunstiajaloo keskuses. Need on v\u00e4ga \u00f5hukesed ning peaaegu \u00fchtlaselt hallid. Punase ja musta v\u00e4rvi kombinatsioon p\u00f5hineb materjali anal\u00fc\u00fcsidel.<\/p>\n\n\n\n<p>V\u00f6\u00f6d kootakse 38 k\u00f5laga. Neist kaheksal k\u00f5lal on 4 l\u00f5nga, \u00fclej\u00e4\u00e4nutel vaid kaks. \u00c4\u00e4rek\u00f5lad keeratakse iga rea jaoks veerand p\u00f6\u00f6ret edasi, mustrik\u00f5lad teevad v\u00e4rvi vahetuseks pool p\u00f6\u00f6ret edasi v\u00f5i tagasi, v\u00e4rvi samaks j\u00e4tmiseks j\u00e4etakse k\u00f5la keeramata.<\/p>\n\n\n\n<div style=\"height:30px\" aria-hidden=\"true\" class=\"wp-block-spacer\"><\/div>\n\n\n\n<pre class=\"wp-block-verse\"><a href=\"http:\/\/www.yrmegard.net\/treasury\/patterns\/pdf\/kolad-ajalooline-muster-virunuka.pdf\" target=\"_blank\" rel=\"noreferrer noopener\">Lae alla Virunuka muster ja juhised pdf formaadis.<\/a><\/pre>\n","protected":false},"excerpt":{"rendered":"<p>K\u00f5lade algasend Kolme v\u00f6\u00f6fragmenti ning rekonstruktsiooni, mille on teinud soome v\u00f6\u00f6deuurija Barbro Gardberg, n\u00e4eb Eesti v\u00f6\u00f6de albumis (Eevi Astel, Ilmamaa, 1998). Siin lehel avaldatud rekonstruktsioon p\u00f5hineb vaid originaalfragmentidel. Fragmendid asuvad hetkel Tallinna \u00dclikooli Ajaloo, arheoloogia ja kunstiajaloo keskuses. Need on v\u00e4ga \u00f5hukesed ning peaaegu \u00fchtlaselt&nbsp;<a class=\"read-more\" href=\"https:\/\/yrmegard.net\/treasury\/et\/mustrid\/kolad-ajaloolised-mustrid-virunuka\/\">&hellip;<\/a><\/p>\n","protected":false},"author":2,"featured_media":7886,"parent":3207,"menu_order":132,"comment_status":"closed","ping_status":"closed","template":"template-full.php","meta":{"_vp_format_video_url":"","_vp_image_focal_point":[],"footnotes":""},"class_list":["post-3472","page","type-page","status-publish","has-post-thumbnail","hentry"],"_links":{"self":[{"href":"https:\/\/yrmegard.net\/treasury\/wp-json\/wp\/v2\/pages\/3472","targetHints":{"allow":["GET"]}}],"collection":[{"href":"https:\/\/yrmegard.net\/treasury\/wp-json\/wp\/v2\/pages"}],"about":[{"href":"https:\/\/yrmegard.net\/treasury\/wp-json\/wp\/v2\/types\/page"}],"author":[{"embeddable":true,"href":"https:\/\/yrmegard.net\/treasury\/wp-json\/wp\/v2\/users\/2"}],"replies":[{"embeddable":true,"href":"https:\/\/yrmegard.net\/treasury\/wp-json\/wp\/v2\/comments?post=3472"}],"version-history":[{"count":2,"href":"https:\/\/yrmegard.net\/treasury\/wp-json\/wp\/v2\/pages\/3472\/revisions"}],"predecessor-version":[{"id":7888,"href":"https:\/\/yrmegard.net\/treasury\/wp-json\/wp\/v2\/pages\/3472\/revisions\/7888"}],"up":[{"embeddable":true,"href":"https:\/\/yrmegard.net\/treasury\/wp-json\/wp\/v2\/pages\/3207"}],"wp:featuredmedia":[{"embeddable":true,"href":"https:\/\/yrmegard.net\/treasury\/wp-json\/wp\/v2\/media\/7886"}],"wp:attachment":[{"href":"https:\/\/yrmegard.net\/treasury\/wp-json\/wp\/v2\/media?parent=3472"}],"curies":[{"name":"wp","href":"https:\/\/api.w.org\/{rel}","templated":true}]}}