{"id":3471,"date":"2023-09-25T13:02:19","date_gmt":"2023-09-25T10:02:19","guid":{"rendered":"http:\/\/yrmegard.net\/cms\/?page_id=3471"},"modified":"2023-09-26T23:37:02","modified_gmt":"2023-09-26T20:37:02","slug":"kolad-ajalooline-muster-koln","status":"publish","type":"page","link":"https:\/\/yrmegard.net\/treasury\/et\/mustrid\/kolad-ajalooline-muster-koln\/","title":{"rendered":"K\u00f5ladega kudumine. Ajalooline muster: K\u00f6ln, 14. sajand"},"content":{"rendered":"\n<div class=\"wp-block-columns is-layout-flex wp-container-core-columns-is-layout-9d6595d7 wp-block-columns-is-layout-flex\">\n<div class=\"wp-block-column is-vertically-aligned-top is-layout-flow wp-block-column-is-layout-flow\" style=\"flex-basis:220px\">\n<figure class=\"wp-block-image size-full is-resized\"><img loading=\"lazy\" decoding=\"async\" src=\"https:\/\/yrmegard.net\/treasury\/wp-content\/uploads\/2023\/09\/tw_artefact_pattern_01_draft2.png\" alt=\"\" class=\"wp-image-7868\" style=\"object-fit:cover;width:200px;height:350px\" width=\"200\" height=\"350\"\/><\/figure>\n<\/div>\n\n\n\n<div class=\"wp-block-column is-layout-flow wp-block-column-is-layout-flow\">\n<p><strong><strong><strong><strong>K\u00f5lade algasend<\/strong><\/strong><\/strong><\/strong><\/p>\n\n\n\n<figure class=\"wp-block-image size-full\"><img loading=\"lazy\" decoding=\"async\" width=\"420\" height=\"110\" src=\"https:\/\/yrmegard.net\/treasury\/wp-content\/uploads\/2023\/09\/tw_artefact_pattern_01_thread.png\" alt=\"\" class=\"wp-image-7869\"\/><\/figure>\n\n\n\n<div style=\"height:30px\" aria-hidden=\"true\" class=\"wp-block-spacer\"><\/div>\n\n\n\n<p>Originaalpaela saatus pole teada. Selle koopia on valmistatud 1970-date l\u00f5pus ning asub K\u00f6lni linnamuuseumis. Fotot koopiast on avaldatud andmebaasis <a rel=\"noopener noreferrer\" href=\"http:\/\/www.bildindex.de\/\" target=\"_blank\">Bildindex.de<\/a>, seda n\u00e4eb <a href=\"https:\/\/www.bildindex.de\/media\/obj05741904\/mi06543c04&amp;medium=mi06543c04?part=0\" target=\"_blank\" rel=\"noreferrer noopener\">siit<\/a>.<\/p>\n\n\n\n<p>K\u00f5lade asend vaheldub \u00fcle \u00fche, 24 k\u00f5la keeratakse pidevalt \u00fches suunas.<\/p>\n\n\n\n<div style=\"height:30px\" aria-hidden=\"true\" class=\"wp-block-spacer\"><\/div>\n\n\n\n<pre class=\"wp-block-verse\">* <a rel=\"noreferrer noopener\" href=\"https:\/\/www.yrmegard.net\/treasury\/patterns\/gtt\/tw_artefact_pattern_01.gtt\" target=\"_blank\">Lae alla GTT muster<\/a>.\n* <a href=\"https:\/\/www.yrmegard.net\/treasury\/patterns\/pdf\/kolad-ajalooline-muster-koln.pdf\">Lae alla muster ja juhised pdf formaadis<\/a>.<\/pre>\n<\/div>\n<\/div>\n","protected":false},"excerpt":{"rendered":"<p>K\u00f5lade algasend Originaalpaela saatus pole teada. Selle koopia on valmistatud 1970-date l\u00f5pus ning asub K\u00f6lni linnamuuseumis. Fotot koopiast on avaldatud andmebaasis Bildindex.de, seda n\u00e4eb siit. K\u00f5lade asend vaheldub \u00fcle \u00fche, 24 k\u00f5la keeratakse pidevalt \u00fches suunas. * Lae alla GTT muster. * Lae alla muster&nbsp;<a class=\"read-more\" href=\"https:\/\/yrmegard.net\/treasury\/et\/mustrid\/kolad-ajalooline-muster-koln\/\">&hellip;<\/a><\/p>\n","protected":false},"author":2,"featured_media":7865,"parent":3207,"menu_order":131,"comment_status":"closed","ping_status":"closed","template":"template-full.php","meta":{"_vp_format_video_url":"","_vp_image_focal_point":[],"footnotes":""},"class_list":["post-3471","page","type-page","status-publish","has-post-thumbnail","hentry"],"_links":{"self":[{"href":"https:\/\/yrmegard.net\/treasury\/wp-json\/wp\/v2\/pages\/3471","targetHints":{"allow":["GET"]}}],"collection":[{"href":"https:\/\/yrmegard.net\/treasury\/wp-json\/wp\/v2\/pages"}],"about":[{"href":"https:\/\/yrmegard.net\/treasury\/wp-json\/wp\/v2\/types\/page"}],"author":[{"embeddable":true,"href":"https:\/\/yrmegard.net\/treasury\/wp-json\/wp\/v2\/users\/2"}],"replies":[{"embeddable":true,"href":"https:\/\/yrmegard.net\/treasury\/wp-json\/wp\/v2\/comments?post=3471"}],"version-history":[{"count":7,"href":"https:\/\/yrmegard.net\/treasury\/wp-json\/wp\/v2\/pages\/3471\/revisions"}],"predecessor-version":[{"id":7877,"href":"https:\/\/yrmegard.net\/treasury\/wp-json\/wp\/v2\/pages\/3471\/revisions\/7877"}],"up":[{"embeddable":true,"href":"https:\/\/yrmegard.net\/treasury\/wp-json\/wp\/v2\/pages\/3207"}],"wp:featuredmedia":[{"embeddable":true,"href":"https:\/\/yrmegard.net\/treasury\/wp-json\/wp\/v2\/media\/7865"}],"wp:attachment":[{"href":"https:\/\/yrmegard.net\/treasury\/wp-json\/wp\/v2\/media?parent=3471"}],"curies":[{"name":"wp","href":"https:\/\/api.w.org\/{rel}","templated":true}]}}