{"id":3466,"date":"2023-09-25T13:01:42","date_gmt":"2023-09-25T10:01:42","guid":{"rendered":"http:\/\/yrmegard.net\/cms\/?page_id=3466"},"modified":"2023-09-26T20:50:55","modified_gmt":"2023-09-26T17:50:55","slug":"kolad-kivrim-leek","status":"publish","type":"page","link":"https:\/\/yrmegard.net\/treasury\/et\/mustrid\/kolad-kivrim-leek\/","title":{"rendered":"K\u00f5ladega kudumine. Kivrim: leek"},"content":{"rendered":"\n<div class=\"wp-block-columns is-layout-flex wp-container-core-columns-is-layout-9d6595d7 wp-block-columns-is-layout-flex\">\n<div class=\"wp-block-column is-vertically-aligned-top is-layout-flow wp-block-column-is-layout-flow\" style=\"flex-basis:450px\">\n<div class=\"wp-block-columns is-not-stacked-on-mobile is-layout-flex wp-container-core-columns-is-layout-9d6595d7 wp-block-columns-is-layout-flex\">\n<div class=\"wp-block-column is-vertically-aligned-top is-layout-flow wp-block-column-is-layout-flow\" style=\"flex-basis:170px\">\n<figure class=\"wp-block-image size-full is-resized\"><img loading=\"lazy\" decoding=\"async\" src=\"https:\/\/yrmegard.net\/treasury\/wp-content\/uploads\/2023\/09\/tw_kivrim_pattern_03_draft.png\" alt=\"\" class=\"wp-image-7816\" style=\"object-fit:cover;width:163px;height:390px\" width=\"163\" height=\"390\"\/><\/figure>\n<\/div>\n\n\n\n<div class=\"wp-block-column is-vertically-aligned-top is-layout-flow wp-block-column-is-layout-flow\" style=\"flex-basis:280px\">\n<figure class=\"wp-block-image size-full is-resized\"><img loading=\"lazy\" decoding=\"async\" src=\"https:\/\/yrmegard.net\/treasury\/wp-content\/uploads\/2023\/09\/tw_kivrim_pattern_03_draft2.png\" alt=\"\" class=\"wp-image-7817\" style=\"object-fit:cover;width:271px;height:390px\" width=\"271\" height=\"390\"\/><\/figure>\n<\/div>\n<\/div>\n<\/div>\n\n\n\n<div class=\"wp-block-column is-layout-flow wp-block-column-is-layout-flow\">\n<div class=\"wp-block-columns is-not-stacked-on-mobile is-layout-flex wp-container-core-columns-is-layout-9d6595d7 wp-block-columns-is-layout-flex\">\n<div class=\"wp-block-column is-vertically-aligned-top is-layout-flow wp-block-column-is-layout-flow\">\n<p><strong><strong><strong><strong>K\u00f5lade algasend<\/strong><\/strong><\/strong><\/strong><\/p>\n\n\n\n<figure class=\"wp-block-image size-full\"><img loading=\"lazy\" decoding=\"async\" width=\"322\" height=\"110\" src=\"https:\/\/yrmegard.net\/treasury\/wp-content\/uploads\/2023\/09\/tw_kivrim_pattern_03_thread.png\" alt=\"\" class=\"wp-image-7818\"\/><\/figure>\n\n\n\n<div style=\"height:30px\" aria-hidden=\"true\" class=\"wp-block-spacer\"><\/div>\n\n\n\n<p>Klassikalise anatoolia mustri ebas\u00fcmmeetriline topeltversioon, \u00fcks v\u00f5imalikest variatsioonidest. 18 k\u00f5la, mustrikorduse pikkuseks 8 rida. Iga poole keskmised k\u00f5lad (5., 6., 13., 14.) keeratakse pidevalt \u00fches suunas, k\u00f5lad 1-4 ja 7-9 keeratakse 4 korda edasi, 4 korda tagasi, k\u00f5lad 10-12 ja 15-18 keeratakse 4 korda tagasi, 4 korda edasi.<\/p>\n\n\n\n<div class=\"wp-block-columns is-layout-flex wp-container-core-columns-is-layout-9d6595d7 wp-block-columns-is-layout-flex\">\n<div class=\"wp-block-column is-layout-flow wp-block-column-is-layout-flow\" style=\"flex-basis:180px\"><div class=\"wp-block-image\">\n<figure class=\"aligncenter size-full\"><img loading=\"lazy\" decoding=\"async\" width=\"175\" height=\"118\" src=\"https:\/\/yrmegard.net\/treasury\/wp-content\/uploads\/2023\/09\/tw_kivrim_pattern_03_seq.gif\" alt=\"\" class=\"wp-image-7819\"\/><\/figure>\n<\/div><\/div>\n\n\n\n<div class=\"wp-block-column is-vertically-aligned-center is-layout-flow wp-block-column-is-layout-flow\">\n<pre class=\"wp-block-verse\">* <a href=\"https:\/\/www.yrmegard.net\/treasury\/patterns\/gtt\/tw_kivrim_pattern_03.gtt\" target=\"_blank\" rel=\"noreferrer noopener\">Lae alla GTT muster<\/a>.\n* <a href=\"https:\/\/www.yrmegard.net\/treasury\/patterns\/pdf\/kolad-kivrim-leek.pdf\" target=\"_blank\" rel=\"noreferrer noopener\">Lae alla muster ja juhised pdf formaadis<\/a>.<\/pre>\n<\/div>\n<\/div>\n<\/div>\n<\/div>\n<\/div>\n<\/div>\n","protected":false},"excerpt":{"rendered":"<p>K\u00f5lade algasend Klassikalise anatoolia mustri ebas\u00fcmmeetriline topeltversioon, \u00fcks v\u00f5imalikest variatsioonidest. 18 k\u00f5la, mustrikorduse pikkuseks 8 rida. Iga poole keskmised k\u00f5lad (5., 6., 13., 14.) keeratakse pidevalt \u00fches suunas, k\u00f5lad 1-4 ja 7-9 keeratakse 4 korda edasi, 4 korda tagasi, k\u00f5lad 10-12 ja 15-18 keeratakse 4&nbsp;<a class=\"read-more\" href=\"https:\/\/yrmegard.net\/treasury\/et\/mustrid\/kolad-kivrim-leek\/\">&hellip;<\/a><\/p>\n","protected":false},"author":2,"featured_media":7813,"parent":3207,"menu_order":103,"comment_status":"closed","ping_status":"closed","template":"template-full.php","meta":{"_vp_format_video_url":"","_vp_image_focal_point":[],"footnotes":""},"class_list":["post-3466","page","type-page","status-publish","has-post-thumbnail","hentry"],"_links":{"self":[{"href":"https:\/\/yrmegard.net\/treasury\/wp-json\/wp\/v2\/pages\/3466","targetHints":{"allow":["GET"]}}],"collection":[{"href":"https:\/\/yrmegard.net\/treasury\/wp-json\/wp\/v2\/pages"}],"about":[{"href":"https:\/\/yrmegard.net\/treasury\/wp-json\/wp\/v2\/types\/page"}],"author":[{"embeddable":true,"href":"https:\/\/yrmegard.net\/treasury\/wp-json\/wp\/v2\/users\/2"}],"replies":[{"embeddable":true,"href":"https:\/\/yrmegard.net\/treasury\/wp-json\/wp\/v2\/comments?post=3466"}],"version-history":[{"count":4,"href":"https:\/\/yrmegard.net\/treasury\/wp-json\/wp\/v2\/pages\/3466\/revisions"}],"predecessor-version":[{"id":7823,"href":"https:\/\/yrmegard.net\/treasury\/wp-json\/wp\/v2\/pages\/3466\/revisions\/7823"}],"up":[{"embeddable":true,"href":"https:\/\/yrmegard.net\/treasury\/wp-json\/wp\/v2\/pages\/3207"}],"wp:featuredmedia":[{"embeddable":true,"href":"https:\/\/yrmegard.net\/treasury\/wp-json\/wp\/v2\/media\/7813"}],"wp:attachment":[{"href":"https:\/\/yrmegard.net\/treasury\/wp-json\/wp\/v2\/media?parent=3466"}],"curies":[{"name":"wp","href":"https:\/\/api.w.org\/{rel}","templated":true}]}}