{"id":3420,"date":"2023-09-25T13:02:01","date_gmt":"2023-09-25T10:02:01","guid":{"rendered":"http:\/\/yrmegard.net\/cms\/?page_id=3420"},"modified":"2023-09-26T17:46:06","modified_gmt":"2023-09-26T14:46:06","slug":"kolad-kitsad-diagonaalid-muster1","status":"publish","type":"page","link":"https:\/\/yrmegard.net\/treasury\/et\/mustrid\/kolad-kitsad-diagonaalid-muster1\/","title":{"rendered":"K\u00f5ladega kudumine. Kitsad kahepoolsed diagonaalid: muster 1"},"content":{"rendered":"\n<div class=\"wp-block-columns is-layout-flex wp-container-core-columns-is-layout-9d6595d7 wp-block-columns-is-layout-flex\">\n<div class=\"wp-block-column is-vertically-aligned-top is-layout-flow wp-block-column-is-layout-flow\" style=\"flex-basis:365px\">\n<div class=\"wp-block-columns is-not-stacked-on-mobile is-layout-flex wp-container-core-columns-is-layout-9d6595d7 wp-block-columns-is-layout-flex\">\n<div class=\"wp-block-column is-vertically-aligned-top is-layout-flow wp-block-column-is-layout-flow\" style=\"flex-basis:180px\">\n<figure class=\"wp-block-image size-full\"><img loading=\"lazy\" decoding=\"async\" width=\"170\" height=\"423\" src=\"https:\/\/yrmegard.net\/treasury\/wp-content\/uploads\/2023\/09\/tw_narrow_diagonal_pattern_01_draft.gif\" alt=\"\" class=\"wp-image-7700\" style=\"object-fit:cover\"\/><\/figure>\n<\/div>\n\n\n\n<div class=\"wp-block-column is-vertically-aligned-top is-layout-flow wp-block-column-is-layout-flow\" style=\"flex-basis:180px\">\n<figure class=\"wp-block-image size-full\"><img loading=\"lazy\" decoding=\"async\" width=\"170\" height=\"423\" src=\"https:\/\/yrmegard.net\/treasury\/wp-content\/uploads\/2023\/09\/tw_narrow_diagonal_pattern_01_draft_back.gif\" alt=\"\" class=\"wp-image-7701\" style=\"object-fit:cover\"\/><\/figure>\n<\/div>\n<\/div>\n<\/div>\n\n\n\n<div class=\"wp-block-column is-layout-flow wp-block-column-is-layout-flow\">\n<div class=\"wp-block-columns is-not-stacked-on-mobile is-layout-flex wp-container-core-columns-is-layout-9d6595d7 wp-block-columns-is-layout-flex\">\n<div class=\"wp-block-column is-vertically-aligned-top is-layout-flow wp-block-column-is-layout-flow\">\n<p><strong><strong><strong><strong>K\u00f5lade algasend<\/strong><\/strong><\/strong><\/strong><\/p>\n\n\n\n<figure class=\"wp-block-image size-full\"><img loading=\"lazy\" decoding=\"async\" width=\"484\" height=\"110\" src=\"https:\/\/yrmegard.net\/treasury\/wp-content\/uploads\/2023\/09\/tw_narrow_diagonal_pattern_01_thread.png\" alt=\"\" class=\"wp-image-7702\"\/><\/figure>\n\n\n\n<div style=\"height:30px\" aria-hidden=\"true\" class=\"wp-block-spacer\"><\/div>\n\n\n\n<div class=\"wp-block-columns is-layout-flex wp-container-core-columns-is-layout-9d6595d7 wp-block-columns-is-layout-flex\">\n<div class=\"wp-block-column is-layout-flow wp-block-column-is-layout-flow\">\n<p>Muster 28 k\u00f5lale, neist 4 \u00e4\u00e4rek\u00f5la keeratakse j\u00e4tkuvalt \u00fches suunas.&nbsp;&nbsp;<\/p>\n\n\n\n<p>Teisi k\u00f5lasid keeratakse mustriskeemi j\u00e4rgi. Mustrikorduse pikkuseks on 20 rida. Paremal on n\u00e4idatud paela esik\u00fclg ja tagak\u00fclg.<\/p>\n\n\n\n<p>Seda mustrit saab kombineerida <a href=\"http:\/\/yrmegard.net\/treasury\/et\/mustrid\/kolad-kitsad-diagonaalid-muster2\/\">mustriga 2<\/a>, kuid sel juhul tuleb lugeda mustrikorduse alguseks 11. rida ja selle l\u00f5puks 10. rida.<\/p>\n\n\n\n<div style=\"height:30px\" aria-hidden=\"true\" class=\"wp-block-spacer\"><\/div>\n\n\n\n<pre class=\"wp-block-verse\">* <a rel=\"noreferrer noopener\" href=\"https:\/\/www.yrmegard.net\/treasury\/patterns\/gtt\/tw_narrow_diagonal_pattern_01.gtt\" target=\"_blank\">Lae <\/a><a href=\"https:\/\/www.yrmegard.net\/treasury\/patterns\/gtt\/tw_thin_diagonal_pattern_01.gtt\" target=\"_blank\" rel=\"noreferrer noopener\">a<\/a><a rel=\"noreferrer noopener\" href=\"https:\/\/www.yrmegard.net\/treasury\/patterns\/gtt\/tw_narrow_diagonal_pattern_01.gtt\" target=\"_blank\">lla GTT muster<\/a>.\n* <a rel=\"noreferrer noopener\" href=\"https:\/\/www.yrmegard.net\/treasury\/patterns\/pdf\/kolad-kitsad-diagonaalid-muster1.pdf\" target=\"_blank\">Lae alla muster ja juhised pdf formaadis<\/a>.<\/pre>\n<\/div>\n\n\n\n<div class=\"wp-block-column is-layout-flow wp-block-column-is-layout-flow\" style=\"flex-basis:290px\">\n<figure class=\"wp-block-image size-full is-resized\"><img decoding=\"async\" src=\"https:\/\/yrmegard.net\/treasury\/wp-content\/uploads\/2023\/09\/tw_narrow_diagonal_pattern_01_seq.gif\" alt=\"\" class=\"wp-image-7703\" style=\"height:250px\" height=\"250\"\/><\/figure>\n<\/div>\n<\/div>\n<\/div>\n<\/div>\n<\/div>\n<\/div>\n","protected":false},"excerpt":{"rendered":"<p>K\u00f5lade algasend Muster 28 k\u00f5lale, neist 4 \u00e4\u00e4rek\u00f5la keeratakse j\u00e4tkuvalt \u00fches suunas.&nbsp;&nbsp; Teisi k\u00f5lasid keeratakse mustriskeemi j\u00e4rgi. Mustrikorduse pikkuseks on 20 rida. Paremal on n\u00e4idatud paela esik\u00fclg ja tagak\u00fclg. Seda mustrit saab kombineerida mustriga 2, kuid sel juhul tuleb lugeda mustrikorduse alguseks 11. rida ja&nbsp;<a class=\"read-more\" href=\"https:\/\/yrmegard.net\/treasury\/et\/mustrid\/kolad-kitsad-diagonaalid-muster1\/\">&hellip;<\/a><\/p>\n","protected":false},"author":2,"featured_media":7698,"parent":3207,"menu_order":81,"comment_status":"closed","ping_status":"closed","template":"template-full.php","meta":{"_vp_format_video_url":"","_vp_image_focal_point":[],"footnotes":""},"class_list":["post-3420","page","type-page","status-publish","has-post-thumbnail","hentry"],"_links":{"self":[{"href":"https:\/\/yrmegard.net\/treasury\/wp-json\/wp\/v2\/pages\/3420","targetHints":{"allow":["GET"]}}],"collection":[{"href":"https:\/\/yrmegard.net\/treasury\/wp-json\/wp\/v2\/pages"}],"about":[{"href":"https:\/\/yrmegard.net\/treasury\/wp-json\/wp\/v2\/types\/page"}],"author":[{"embeddable":true,"href":"https:\/\/yrmegard.net\/treasury\/wp-json\/wp\/v2\/users\/2"}],"replies":[{"embeddable":true,"href":"https:\/\/yrmegard.net\/treasury\/wp-json\/wp\/v2\/comments?post=3420"}],"version-history":[{"count":3,"href":"https:\/\/yrmegard.net\/treasury\/wp-json\/wp\/v2\/pages\/3420\/revisions"}],"predecessor-version":[{"id":7779,"href":"https:\/\/yrmegard.net\/treasury\/wp-json\/wp\/v2\/pages\/3420\/revisions\/7779"}],"up":[{"embeddable":true,"href":"https:\/\/yrmegard.net\/treasury\/wp-json\/wp\/v2\/pages\/3207"}],"wp:featuredmedia":[{"embeddable":true,"href":"https:\/\/yrmegard.net\/treasury\/wp-json\/wp\/v2\/media\/7698"}],"wp:attachment":[{"href":"https:\/\/yrmegard.net\/treasury\/wp-json\/wp\/v2\/media?parent=3420"}],"curies":[{"name":"wp","href":"https:\/\/api.w.org\/{rel}","templated":true}]}}