{"id":3359,"date":"2023-09-25T13:01:30","date_gmt":"2023-09-25T10:01:30","guid":{"rendered":"http:\/\/yrmegard.net\/cms\/?page_id=3359"},"modified":"2023-09-25T12:46:31","modified_gmt":"2023-09-25T09:46:31","slug":"kolad-diagonaalmuster-kuusekesed","status":"publish","type":"page","link":"https:\/\/yrmegard.net\/treasury\/et\/mustrid\/kolad-diagonaalmuster-kuusekesed\/","title":{"rendered":"K\u00f5ladega kudumine. Egiptuse diagonaalid: kuusekesed"},"content":{"rendered":"\n<div class=\"wp-block-columns is-layout-flex wp-container-core-columns-is-layout-9d6595d7 wp-block-columns-is-layout-flex\">\n<div class=\"wp-block-column is-vertically-aligned-top is-layout-flow wp-block-column-is-layout-flow\" style=\"flex-basis:310px\">\n<div class=\"wp-block-columns is-not-stacked-on-mobile is-layout-flex wp-container-core-columns-is-layout-9d6595d7 wp-block-columns-is-layout-flex\">\n<div class=\"wp-block-column is-vertically-aligned-top is-layout-flow wp-block-column-is-layout-flow\" style=\"flex-basis:130px\">\n<figure class=\"wp-block-image size-full is-resized\"><img loading=\"lazy\" decoding=\"async\" src=\"https:\/\/yrmegard.net\/treasury\/wp-content\/uploads\/2023\/09\/tw_diagonal_pattern_08_draft.png\" alt=\"\" class=\"wp-image-7640\" style=\"object-fit:cover;width:122px;height:350px\" width=\"122\" height=\"350\"\/><\/figure>\n<\/div>\n\n\n\n<div class=\"wp-block-column is-vertically-aligned-top is-layout-flow wp-block-column-is-layout-flow\" style=\"flex-basis:250px\">\n<figure class=\"wp-block-image size-full is-resized\"><img loading=\"lazy\" decoding=\"async\" src=\"https:\/\/yrmegard.net\/treasury\/wp-content\/uploads\/2023\/09\/tw_diagonal_pattern_08_draft2.png\" alt=\"\" class=\"wp-image-7641\" style=\"object-fit:cover;width:241px;height:350px\" width=\"241\" height=\"350\"\/><\/figure>\n<\/div>\n<\/div>\n<\/div>\n\n\n\n<div class=\"wp-block-column is-layout-flow wp-block-column-is-layout-flow\">\n<div class=\"wp-block-columns is-not-stacked-on-mobile is-layout-flex wp-container-core-columns-is-layout-9d6595d7 wp-block-columns-is-layout-flex\">\n<div class=\"wp-block-column is-vertically-aligned-top is-layout-flow wp-block-column-is-layout-flow\">\n<p><strong><strong><strong><strong>K\u00f5lade algasend<\/strong><\/strong><\/strong><\/strong><\/p>\n\n\n\n<figure class=\"wp-block-image size-full\"><img loading=\"lazy\" decoding=\"async\" width=\"355\" height=\"110\" src=\"https:\/\/yrmegard.net\/treasury\/wp-content\/uploads\/2023\/09\/tw_diagonal_pattern_08_thread.png\" alt=\"\" class=\"wp-image-7642\"\/><\/figure>\n\n\n\n<div style=\"height:30px\" aria-hidden=\"true\" class=\"wp-block-spacer\"><\/div>\n\n\n\n<p>Muster 20 k\u00f5lale (16 mustrik\u00f5la + \u00e4\u00e4red). Mustriskeemil on n\u00e4idatud \u00fcks mustrikordus, mille pikkuseks 22 rida. Kui alustada kudumist kolmandalt realt, saab sama mustri negatiivis.<\/p>\n\n\n\n<p>Selle mustriga j\u00e4rjehoidjat n\u00e4eb <a href=\"http:\/\/yrmegard.net\/treasury\/et\/galerii\/galerii-kolad-jarjehoidjad\/\">galeriis<\/a>.<\/p>\n\n\n\n<div style=\"height:30px\" aria-hidden=\"true\" class=\"wp-block-spacer\"><\/div>\n\n\n\n<pre class=\"wp-block-verse\">* <a href=\"https:\/\/www.yrmegard.net\/treasury\/patterns\/gtt\/tw_diagonal_pattern_08.gtt\" target=\"_blank\" rel=\"noreferrer noopener\">Lae alla GTT muster<\/a>.\n* <a href=\"https:\/\/www.yrmegard.net\/treasury\/patterns\/pdf\/kolad-diagonaalmuster-kuusekesed.pdf\" target=\"_blank\" rel=\"noreferrer noopener\">Lae alla muster ja juhised pdf formaadis<\/a>.<\/pre>\n<\/div>\n\n\n\n<div class=\"wp-block-column is-vertically-aligned-top is-layout-flow wp-block-column-is-layout-flow\" style=\"flex-basis:200px\">\n<figure class=\"wp-block-image size-full\"><img loading=\"lazy\" decoding=\"async\" width=\"195\" height=\"322\" src=\"https:\/\/yrmegard.net\/treasury\/wp-content\/uploads\/2023\/09\/tw_diagonal_pattern_08_seq.gif\" alt=\"\" class=\"wp-image-7643\"\/><\/figure>\n<\/div>\n<\/div>\n<\/div>\n<\/div>\n","protected":false},"excerpt":{"rendered":"<p>K\u00f5lade algasend Muster 20 k\u00f5lale (16 mustrik\u00f5la + \u00e4\u00e4red). Mustriskeemil on n\u00e4idatud \u00fcks mustrikordus, mille pikkuseks 22 rida. Kui alustada kudumist kolmandalt realt, saab sama mustri negatiivis. Selle mustriga j\u00e4rjehoidjat n\u00e4eb galeriis. * Lae alla GTT muster. * Lae alla muster ja juhised pdf formaadis.<\/p>\n","protected":false},"author":2,"featured_media":0,"parent":3207,"menu_order":68,"comment_status":"closed","ping_status":"closed","template":"template-full.php","meta":{"_vp_format_video_url":"","_vp_image_focal_point":[],"footnotes":""},"class_list":["post-3359","page","type-page","status-publish","hentry"],"_links":{"self":[{"href":"https:\/\/yrmegard.net\/treasury\/wp-json\/wp\/v2\/pages\/3359","targetHints":{"allow":["GET"]}}],"collection":[{"href":"https:\/\/yrmegard.net\/treasury\/wp-json\/wp\/v2\/pages"}],"about":[{"href":"https:\/\/yrmegard.net\/treasury\/wp-json\/wp\/v2\/types\/page"}],"author":[{"embeddable":true,"href":"https:\/\/yrmegard.net\/treasury\/wp-json\/wp\/v2\/users\/2"}],"replies":[{"embeddable":true,"href":"https:\/\/yrmegard.net\/treasury\/wp-json\/wp\/v2\/comments?post=3359"}],"version-history":[{"count":1,"href":"https:\/\/yrmegard.net\/treasury\/wp-json\/wp\/v2\/pages\/3359\/revisions"}],"predecessor-version":[{"id":7644,"href":"https:\/\/yrmegard.net\/treasury\/wp-json\/wp\/v2\/pages\/3359\/revisions\/7644"}],"up":[{"embeddable":true,"href":"https:\/\/yrmegard.net\/treasury\/wp-json\/wp\/v2\/pages\/3207"}],"wp:attachment":[{"href":"https:\/\/yrmegard.net\/treasury\/wp-json\/wp\/v2\/media?parent=3359"}],"curies":[{"name":"wp","href":"https:\/\/api.w.org\/{rel}","templated":true}]}}