{"id":3356,"date":"2021-03-17T21:00:33","date_gmt":"2021-03-17T18:00:33","guid":{"rendered":"http:\/\/yrmegard.net\/cms\/?page_id=3356"},"modified":"2023-09-25T11:14:10","modified_gmt":"2023-09-25T08:14:10","slug":"kolad-diagonaalmuster-paike","status":"publish","type":"page","link":"https:\/\/yrmegard.net\/treasury\/et\/mustrid\/kolad-diagonaalmuster-paike\/","title":{"rendered":"K\u00f5ladega kudumine. Egiptuse diagonaalid: p\u00e4ike"},"content":{"rendered":"\n<div class=\"wp-block-columns is-layout-flex wp-container-core-columns-is-layout-9d6595d7 wp-block-columns-is-layout-flex\">\n<div class=\"wp-block-column is-vertically-aligned-top is-layout-flow wp-block-column-is-layout-flow\" style=\"flex-basis:310px\">\n<div class=\"wp-block-columns is-not-stacked-on-mobile is-layout-flex wp-container-core-columns-is-layout-9d6595d7 wp-block-columns-is-layout-flex\">\n<div class=\"wp-block-column is-vertically-aligned-top is-layout-flow wp-block-column-is-layout-flow\" style=\"flex-basis:100px\">\n<figure class=\"wp-block-image size-full is-resized\"><img loading=\"lazy\" decoding=\"async\" src=\"https:\/\/yrmegard.net\/treasury\/wp-content\/uploads\/2023\/09\/tw_diagonal_pattern_05_draft.png\" alt=\"\" class=\"wp-image-7597\" style=\"object-fit:cover;width:97px;height:440px\" width=\"97\" height=\"440\"\/><\/figure>\n<\/div>\n\n\n\n<div class=\"wp-block-column is-vertically-aligned-top is-layout-flow wp-block-column-is-layout-flow\" style=\"flex-basis:210px\">\n<figure class=\"wp-block-image size-full is-resized\"><img loading=\"lazy\" decoding=\"async\" src=\"https:\/\/yrmegard.net\/treasury\/wp-content\/uploads\/2023\/09\/tw_diagonal_pattern_05_draft2.png\" alt=\"\" class=\"wp-image-7598\" style=\"object-fit:cover;width:197px;height:440px\" width=\"197\" height=\"440\"\/><\/figure>\n<\/div>\n<\/div>\n<\/div>\n\n\n\n<div class=\"wp-block-column is-layout-flow wp-block-column-is-layout-flow\">\n<div class=\"wp-block-columns is-not-stacked-on-mobile is-layout-flex wp-container-core-columns-is-layout-9d6595d7 wp-block-columns-is-layout-flex\">\n<div class=\"wp-block-column is-vertically-aligned-top is-layout-flow wp-block-column-is-layout-flow\">\n<p><strong><strong><strong><strong>K\u00f5lade algasend<\/strong><\/strong><\/strong><\/strong><\/p>\n\n\n\n<figure class=\"wp-block-image size-full\"><img loading=\"lazy\" decoding=\"async\" width=\"290\" height=\"110\" src=\"https:\/\/yrmegard.net\/treasury\/wp-content\/uploads\/2023\/09\/tw_diagonal_pattern_02_thread.png\" alt=\"\" class=\"wp-image-7564\"\/><\/figure>\n\n\n\n<div style=\"height:30px\" aria-hidden=\"true\" class=\"wp-block-spacer\"><\/div>\n\n\n\n<p>Muster 16 mustrik\u00f5lale. Mustriskeemil on n\u00e4idatud \u00fcks mustrikordus, mille pikkuseks 30 rida. Skeemi loetakse alt \u00fcles. Kui alustada kudumist mitte esimesest, vaid kolmandast reast selle mustriskeemi j\u00e4rgi, saab sama mustri negatiivis.\u00a0<\/p>\n\n\n\n<p>Sama mustriga v\u00f6\u00f6d n\u00e4eb <a href=\"http:\/\/yrmegard.net\/tresury\/et\/galerii\/galerii-kolad-paikesevoo\/\">galeriis<\/a>.<\/p>\n\n\n\n<div style=\"height:30px\" aria-hidden=\"true\" class=\"wp-block-spacer\"><\/div>\n\n\n\n<pre class=\"wp-block-verse\">* <a href=\"https:\/\/www.yrmegard.net\/treasury\/patterns\/gtt\/tw_diagonal_pattern_05.gtt\" target=\"_blank\" rel=\"noreferrer noopener\">Lae alla GTT muster<\/a>.\n* <a href=\"https:\/\/www.yrmegard.net\/treasury\/patterns\/pdf\/kolad-diagonaalmuster-paike.pdf\" target=\"_blank\" rel=\"noreferrer noopener\">Lae alla muster ja juhised pdf formaadis<\/a>.<\/pre>\n<\/div>\n\n\n\n<div class=\"wp-block-column is-vertically-aligned-top is-layout-flow wp-block-column-is-layout-flow\" style=\"flex-basis:170px\">\n<figure class=\"wp-block-image size-full\"><img loading=\"lazy\" decoding=\"async\" width=\"156\" height=\"220\" src=\"https:\/\/yrmegard.net\/treasury\/wp-content\/uploads\/2023\/09\/tw_diagonal_pattern_05_seq2.gif\" alt=\"\" class=\"wp-image-7599\"\/><\/figure>\n\n\n\n<figure class=\"wp-block-image size-full\"><img loading=\"lazy\" decoding=\"async\" width=\"156\" height=\"219\" src=\"https:\/\/yrmegard.net\/treasury\/wp-content\/uploads\/2023\/09\/tw_diagonal_pattern_05_seq1.gif\" alt=\"\" class=\"wp-image-7600\" style=\"object-fit:cover\"\/><\/figure>\n<\/div>\n<\/div>\n<\/div>\n<\/div>\n","protected":false},"excerpt":{"rendered":"<p>K\u00f5lade algasend Muster 16 mustrik\u00f5lale. Mustriskeemil on n\u00e4idatud \u00fcks mustrikordus, mille pikkuseks 30 rida. Skeemi loetakse alt \u00fcles. Kui alustada kudumist mitte esimesest, vaid kolmandast reast selle mustriskeemi j\u00e4rgi, saab sama mustri negatiivis.\u00a0 Sama mustriga v\u00f6\u00f6d n\u00e4eb galeriis. * Lae alla GTT muster. * Lae&nbsp;<a class=\"read-more\" href=\"https:\/\/yrmegard.net\/treasury\/et\/mustrid\/kolad-diagonaalmuster-paike\/\">&hellip;<\/a><\/p>\n","protected":false},"author":2,"featured_media":7595,"parent":3207,"menu_order":65,"comment_status":"closed","ping_status":"closed","template":"template-full.php","meta":{"_vp_format_video_url":"","_vp_image_focal_point":[],"footnotes":""},"class_list":["post-3356","page","type-page","status-publish","has-post-thumbnail","hentry"],"_links":{"self":[{"href":"https:\/\/yrmegard.net\/treasury\/wp-json\/wp\/v2\/pages\/3356","targetHints":{"allow":["GET"]}}],"collection":[{"href":"https:\/\/yrmegard.net\/treasury\/wp-json\/wp\/v2\/pages"}],"about":[{"href":"https:\/\/yrmegard.net\/treasury\/wp-json\/wp\/v2\/types\/page"}],"author":[{"embeddable":true,"href":"https:\/\/yrmegard.net\/treasury\/wp-json\/wp\/v2\/users\/2"}],"replies":[{"embeddable":true,"href":"https:\/\/yrmegard.net\/treasury\/wp-json\/wp\/v2\/comments?post=3356"}],"version-history":[{"count":1,"href":"https:\/\/yrmegard.net\/treasury\/wp-json\/wp\/v2\/pages\/3356\/revisions"}],"predecessor-version":[{"id":7601,"href":"https:\/\/yrmegard.net\/treasury\/wp-json\/wp\/v2\/pages\/3356\/revisions\/7601"}],"up":[{"embeddable":true,"href":"https:\/\/yrmegard.net\/treasury\/wp-json\/wp\/v2\/pages\/3207"}],"wp:featuredmedia":[{"embeddable":true,"href":"https:\/\/yrmegard.net\/treasury\/wp-json\/wp\/v2\/media\/7595"}],"wp:attachment":[{"href":"https:\/\/yrmegard.net\/treasury\/wp-json\/wp\/v2\/media?parent=3356"}],"curies":[{"name":"wp","href":"https:\/\/api.w.org\/{rel}","templated":true}]}}