{"id":3354,"date":"2020-11-24T21:35:46","date_gmt":"2020-11-24T18:35:46","guid":{"rendered":"http:\/\/yrmegard.net\/cms\/?page_id=3354"},"modified":"2023-09-29T22:26:56","modified_gmt":"2023-09-29T19:26:56","slug":"koladega-kudumine-egiptuse-diagonaalid-rombid-lehtedega","status":"publish","type":"page","link":"https:\/\/yrmegard.net\/treasury\/et\/mustrid\/koladega-kudumine-egiptuse-diagonaalid-rombid-lehtedega\/","title":{"rendered":"K\u00f5ladega kudumine. Egiptuse diagonaalid: lehtedega rombid"},"content":{"rendered":"\n<div class=\"wp-block-columns is-layout-flex wp-container-core-columns-is-layout-9d6595d7 wp-block-columns-is-layout-flex\">\n<div class=\"wp-block-column is-vertically-aligned-top is-layout-flow wp-block-column-is-layout-flow\" style=\"flex-basis:310px\">\n<div class=\"wp-block-columns is-not-stacked-on-mobile is-layout-flex wp-container-core-columns-is-layout-9d6595d7 wp-block-columns-is-layout-flex\">\n<div class=\"wp-block-column is-vertically-aligned-top is-layout-flow wp-block-column-is-layout-flow\" style=\"flex-basis:100px\">\n<figure class=\"wp-block-image size-full is-resized\"><img loading=\"lazy\" decoding=\"async\" src=\"https:\/\/yrmegard.net\/treasury\/wp-content\/uploads\/2023\/09\/tw_diagonal_pattern_03_draft.png\" alt=\"\" class=\"wp-image-7574\" style=\"object-fit:cover;width:97px;height:760px\" width=\"97\" height=\"760\"\/><\/figure>\n<\/div>\n\n\n\n<div class=\"wp-block-column is-vertically-aligned-top is-layout-flow wp-block-column-is-layout-flow\" style=\"flex-basis:210px\">\n<figure class=\"wp-block-image size-full is-resized\"><img loading=\"lazy\" decoding=\"async\" src=\"https:\/\/yrmegard.net\/treasury\/wp-content\/uploads\/2023\/09\/tw_diagonal_pattern_03_draft2.png\" alt=\"\" class=\"wp-image-7575\" style=\"object-fit:cover;width:197px;height:760px\" width=\"197\" height=\"760\"\/><\/figure>\n<\/div>\n<\/div>\n<\/div>\n\n\n\n<div class=\"wp-block-column is-layout-flow wp-block-column-is-layout-flow\">\n<div class=\"wp-block-columns is-not-stacked-on-mobile is-layout-flex wp-container-core-columns-is-layout-9d6595d7 wp-block-columns-is-layout-flex\">\n<div class=\"wp-block-column is-vertically-aligned-top is-layout-flow wp-block-column-is-layout-flow\">\n<p><strong><strong><strong><strong>K\u00f5lade algasend<\/strong><\/strong><\/strong><\/strong><\/p>\n\n\n\n<figure class=\"wp-block-image size-full\"><img loading=\"lazy\" decoding=\"async\" width=\"290\" height=\"110\" src=\"https:\/\/yrmegard.net\/treasury\/wp-content\/uploads\/2023\/09\/tw_diagonal_pattern_02_thread.png\" alt=\"\" class=\"wp-image-7564\"\/><\/figure>\n\n\n\n<div style=\"height:30px\" aria-hidden=\"true\" class=\"wp-block-spacer\"><\/div>\n\n\n\n<p>Muster 16 mustrik\u00f5lale. Mustrikordus algab esimese lehe keskel ning l\u00f5peb j\u00e4rgmise segmendi esimese lehe keskel. Mustrikorduse pikkuseks on 44 rida. Paremal asuval skeemil on n\u00e4idatud mustri algus ning \u00fcks mustrikordus (esimesest viimase v\u00e4rvilise jooneni). Mustriskeemi tuleb lugeda alt \u00fcles.<\/p>\n\n\n\n<p>Sarnase mustriga v\u00f6\u00f6d n\u00e4eb <a href=\"https:\/\/yrmegard.net\/treasury\/et\/galerii\/galerii-kolad-lehtedega-rombid\/\" data-type=\"page\" data-id=\"3570\">galeriis<\/a>.<\/p>\n\n\n\n<div style=\"height:30px\" aria-hidden=\"true\" class=\"wp-block-spacer\"><\/div>\n\n\n\n<pre class=\"wp-block-verse\">* <a href=\"https:\/\/www.yrmegard.net\/treasury\/patterns\/gtt\/tw_diagonal_pattern_03.gtt\" target=\"_blank\" rel=\"noreferrer noopener\">Lae alla GTT muster<\/a>.\n* <a href=\"https:\/\/www.yrmegard.net\/treasury\/patterns\/pdf\/kolad-diagonaalmuster-romb-lehtedega.pdf\" target=\"_blank\" rel=\"noreferrer noopener\">Lae alla muster ja juhised pdf formaadis<\/a>.<\/pre>\n<\/div>\n\n\n\n<div class=\"wp-block-column is-vertically-aligned-top is-layout-flow wp-block-column-is-layout-flow\" style=\"flex-basis:170px\">\n<figure class=\"wp-block-image size-full\"><img loading=\"lazy\" decoding=\"async\" width=\"156\" height=\"379\" src=\"https:\/\/yrmegard.net\/treasury\/wp-content\/uploads\/2023\/09\/tw_diagonal_pattern_03_seq2.gif\" alt=\"\" class=\"wp-image-7577\"\/><\/figure>\n\n\n\n<figure class=\"wp-block-image size-full\"><img loading=\"lazy\" decoding=\"async\" width=\"156\" height=\"380\" src=\"https:\/\/yrmegard.net\/treasury\/wp-content\/uploads\/2023\/09\/tw_diagonal_pattern_03_seq1.gif\" alt=\"\" class=\"wp-image-7576\" style=\"object-fit:cover\"\/><\/figure>\n<\/div>\n<\/div>\n<\/div>\n<\/div>\n","protected":false},"excerpt":{"rendered":"<p>K\u00f5lade algasend Muster 16 mustrik\u00f5lale. Mustrikordus algab esimese lehe keskel ning l\u00f5peb j\u00e4rgmise segmendi esimese lehe keskel. Mustrikorduse pikkuseks on 44 rida. Paremal asuval skeemil on n\u00e4idatud mustri algus ning \u00fcks mustrikordus (esimesest viimase v\u00e4rvilise jooneni). Mustriskeemi tuleb lugeda alt \u00fcles. Sarnase mustriga v\u00f6\u00f6d n\u00e4eb&nbsp;<a class=\"read-more\" href=\"https:\/\/yrmegard.net\/treasury\/et\/mustrid\/koladega-kudumine-egiptuse-diagonaalid-rombid-lehtedega\/\">&hellip;<\/a><\/p>\n","protected":false},"author":2,"featured_media":7572,"parent":3207,"menu_order":63,"comment_status":"closed","ping_status":"closed","template":"template-full.php","meta":{"_vp_format_video_url":"","_vp_image_focal_point":[],"footnotes":""},"class_list":["post-3354","page","type-page","status-publish","has-post-thumbnail","hentry"],"_links":{"self":[{"href":"https:\/\/yrmegard.net\/treasury\/wp-json\/wp\/v2\/pages\/3354","targetHints":{"allow":["GET"]}}],"collection":[{"href":"https:\/\/yrmegard.net\/treasury\/wp-json\/wp\/v2\/pages"}],"about":[{"href":"https:\/\/yrmegard.net\/treasury\/wp-json\/wp\/v2\/types\/page"}],"author":[{"embeddable":true,"href":"https:\/\/yrmegard.net\/treasury\/wp-json\/wp\/v2\/users\/2"}],"replies":[{"embeddable":true,"href":"https:\/\/yrmegard.net\/treasury\/wp-json\/wp\/v2\/comments?post=3354"}],"version-history":[{"count":3,"href":"https:\/\/yrmegard.net\/treasury\/wp-json\/wp\/v2\/pages\/3354\/revisions"}],"predecessor-version":[{"id":8090,"href":"https:\/\/yrmegard.net\/treasury\/wp-json\/wp\/v2\/pages\/3354\/revisions\/8090"}],"up":[{"embeddable":true,"href":"https:\/\/yrmegard.net\/treasury\/wp-json\/wp\/v2\/pages\/3207"}],"wp:featuredmedia":[{"embeddable":true,"href":"https:\/\/yrmegard.net\/treasury\/wp-json\/wp\/v2\/media\/7572"}],"wp:attachment":[{"href":"https:\/\/yrmegard.net\/treasury\/wp-json\/wp\/v2\/media?parent=3354"}],"curies":[{"name":"wp","href":"https:\/\/api.w.org\/{rel}","templated":true}]}}