{"id":3352,"date":"2020-11-23T21:51:11","date_gmt":"2020-11-23T18:51:11","guid":{"rendered":"http:\/\/yrmegard.net\/cms\/?page_id=3352"},"modified":"2023-09-24T21:00:38","modified_gmt":"2023-09-24T18:00:38","slug":"kolad-diagonaalmuster-kolmnurgad","status":"publish","type":"page","link":"https:\/\/yrmegard.net\/treasury\/et\/mustrid\/kolad-diagonaalmuster-kolmnurgad\/","title":{"rendered":"K\u00f5ladega kudumine. Egiptuse diagonaalid: kolmnurgad"},"content":{"rendered":"\n<div class=\"wp-block-columns is-layout-flex wp-container-core-columns-is-layout-9d6595d7 wp-block-columns-is-layout-flex\">\n<div class=\"wp-block-column is-vertically-aligned-top is-layout-flow wp-block-column-is-layout-flow\" style=\"flex-basis:310px\">\n<div class=\"wp-block-columns is-not-stacked-on-mobile is-layout-flex wp-container-core-columns-is-layout-9d6595d7 wp-block-columns-is-layout-flex\">\n<div class=\"wp-block-column is-vertically-aligned-top is-layout-flow wp-block-column-is-layout-flow\" style=\"flex-basis:100px\">\n<figure class=\"wp-block-image size-full is-resized\"><img loading=\"lazy\" decoding=\"async\" src=\"https:\/\/yrmegard.net\/treasury\/wp-content\/uploads\/2023\/09\/tw_diagonal_pattern_01_draft.png\" alt=\"\" class=\"wp-image-7542\" style=\"object-fit:cover;width:97px;height:451px\" width=\"97\" height=\"451\"\/><\/figure>\n<\/div>\n\n\n\n<div class=\"wp-block-column is-vertically-aligned-top is-layout-flow wp-block-column-is-layout-flow\" style=\"flex-basis:210px\">\n<figure class=\"wp-block-image size-full is-resized\"><img loading=\"lazy\" decoding=\"async\" src=\"https:\/\/yrmegard.net\/treasury\/wp-content\/uploads\/2023\/09\/tw_diagonal_pattern_01_draft2.png\" alt=\"\" class=\"wp-image-7543\" style=\"object-fit:cover;width:197px;height:451px\" width=\"197\" height=\"451\"\/><\/figure>\n<\/div>\n<\/div>\n<\/div>\n\n\n\n<div class=\"wp-block-column is-layout-flow wp-block-column-is-layout-flow\">\n<div class=\"wp-block-columns is-not-stacked-on-mobile is-layout-flex wp-container-core-columns-is-layout-9d6595d7 wp-block-columns-is-layout-flex\">\n<div class=\"wp-block-column is-vertically-aligned-top is-layout-flow wp-block-column-is-layout-flow\">\n<p><strong><strong><strong><strong>K\u00f5lade algasend<\/strong><\/strong><\/strong><\/strong><\/p>\n\n\n\n<figure class=\"wp-block-image size-full\"><img loading=\"lazy\" decoding=\"async\" width=\"290\" height=\"110\" src=\"https:\/\/yrmegard.net\/treasury\/wp-content\/uploads\/2023\/09\/tw_diagonal_pattern_01_thread.png\" alt=\"\" class=\"wp-image-7545\"\/><\/figure>\n\n\n\n<div style=\"height:30px\" aria-hidden=\"true\" class=\"wp-block-spacer\"><\/div>\n\n\n\n<p>16 mustrik\u00f5la on algselt samas asendis. Mustrikorduse pikkuseks on 30 rida. K\u00f5igepealt keeratakse k\u00f5iki k\u00f5lasid 1 kord koos, edasi muudetakse igas teises reas kahe k\u00f5la kaupa nende keeramise suunda, kuni k\u00f5ik k\u00f5lad keeramise suunda vahetavad. Siis j\u00e4lle keeratakse k\u00f5iki k\u00f5lasid 1 kord koos ning siis hakatakse nende keeramise suunda uuesti muutma kahe kaupa, kuid alustades teiselt poolt (vt. k\u00f5lade keeramise skeemi k\u00f5rval). K\u00f5lade keeramise suuna vahetamise asemel v\u00f5ib vahetada k\u00f5lade asendit l\u00f5imel\u00f5ngade suhtes. Kui keerata k\u00f5iki k\u00f5lasid koos rohkem kordi kui skeemil n\u00e4idatud, saab teistsuguse mustrivariatsiooni, kus muutub kolmnurkade suurus ning neil v\u00f5ib \u00fcks nurk sootuks \u00e4ra kaduda.<\/p>\n\n\n\n<p>K\u00f5rval n\u00e4idatud skeemil on \u00fcks terve mustrikordus, mille algus, keskpunkt ja l\u00f5pp on m\u00e4rgitud \u00e4ra punase joonega.<\/p>\n\n\n\n<pre class=\"wp-block-verse\">* <a href=\"https:\/\/www.yrmegard.net\/treasury\/patterns\/gtt\/tw_diagonal_pattern_01.gtt\" target=\"_blank\" rel=\"noreferrer noopener\">Lae alla GTT muster<\/a>.\n* <a href=\"https:\/\/www.yrmegard.net\/treasury\/patterns\/pdf\/kolad-diagonaalmuster-kolmnurgad.pdf\" target=\"_blank\" rel=\"noreferrer noopener\">Lae alla muster ja juhised pdf formaadis<\/a>.<\/pre>\n<\/div>\n\n\n\n<div class=\"wp-block-column is-vertically-aligned-top is-layout-flow wp-block-column-is-layout-flow\" style=\"flex-basis:170px\">\n<figure class=\"wp-block-image size-full\"><img loading=\"lazy\" decoding=\"async\" width=\"156\" height=\"452\" src=\"https:\/\/yrmegard.net\/treasury\/wp-content\/uploads\/2023\/09\/tw_diagonal_pattern_01_seq.gif\" alt=\"\" class=\"wp-image-7544\" style=\"object-fit:cover\"\/><\/figure>\n<\/div>\n<\/div>\n<\/div>\n<\/div>\n","protected":false},"excerpt":{"rendered":"<p>K\u00f5lade algasend 16 mustrik\u00f5la on algselt samas asendis. Mustrikorduse pikkuseks on 30 rida. K\u00f5igepealt keeratakse k\u00f5iki k\u00f5lasid 1 kord koos, edasi muudetakse igas teises reas kahe k\u00f5la kaupa nende keeramise suunda, kuni k\u00f5ik k\u00f5lad keeramise suunda vahetavad. Siis j\u00e4lle keeratakse k\u00f5iki k\u00f5lasid 1 kord koos&nbsp;<a class=\"read-more\" href=\"https:\/\/yrmegard.net\/treasury\/et\/mustrid\/kolad-diagonaalmuster-kolmnurgad\/\">&hellip;<\/a><\/p>\n","protected":false},"author":2,"featured_media":7540,"parent":3207,"menu_order":61,"comment_status":"closed","ping_status":"closed","template":"template-full.php","meta":{"_vp_format_video_url":"","_vp_image_focal_point":[],"footnotes":""},"class_list":["post-3352","page","type-page","status-publish","has-post-thumbnail","hentry"],"_links":{"self":[{"href":"https:\/\/yrmegard.net\/treasury\/wp-json\/wp\/v2\/pages\/3352","targetHints":{"allow":["GET"]}}],"collection":[{"href":"https:\/\/yrmegard.net\/treasury\/wp-json\/wp\/v2\/pages"}],"about":[{"href":"https:\/\/yrmegard.net\/treasury\/wp-json\/wp\/v2\/types\/page"}],"author":[{"embeddable":true,"href":"https:\/\/yrmegard.net\/treasury\/wp-json\/wp\/v2\/users\/2"}],"replies":[{"embeddable":true,"href":"https:\/\/yrmegard.net\/treasury\/wp-json\/wp\/v2\/comments?post=3352"}],"version-history":[{"count":2,"href":"https:\/\/yrmegard.net\/treasury\/wp-json\/wp\/v2\/pages\/3352\/revisions"}],"predecessor-version":[{"id":7548,"href":"https:\/\/yrmegard.net\/treasury\/wp-json\/wp\/v2\/pages\/3352\/revisions\/7548"}],"up":[{"embeddable":true,"href":"https:\/\/yrmegard.net\/treasury\/wp-json\/wp\/v2\/pages\/3207"}],"wp:featuredmedia":[{"embeddable":true,"href":"https:\/\/yrmegard.net\/treasury\/wp-json\/wp\/v2\/media\/7540"}],"wp:attachment":[{"href":"https:\/\/yrmegard.net\/treasury\/wp-json\/wp\/v2\/media?parent=3352"}],"curies":[{"name":"wp","href":"https:\/\/api.w.org\/{rel}","templated":true}]}}