{"id":3292,"date":"2020-11-22T14:36:30","date_gmt":"2020-11-22T11:36:30","guid":{"rendered":"http:\/\/yrmegard.net\/cms\/?page_id=3292"},"modified":"2023-09-24T14:46:28","modified_gmt":"2023-09-24T11:46:28","slug":"kolad-eesti-muster-07","status":"publish","type":"page","link":"https:\/\/yrmegard.net\/treasury\/et\/mustrid\/kolad-eesti-muster-07\/","title":{"rendered":"K\u00f5ladega kudumine. Eesti v\u00f6\u00f6d: Lobotka, 19. sajand (II)"},"content":{"rendered":"\n<div class=\"wp-block-columns is-layout-flex wp-container-core-columns-is-layout-9d6595d7 wp-block-columns-is-layout-flex\">\n<div class=\"wp-block-column is-vertically-aligned-top is-layout-flow wp-block-column-is-layout-flow\" style=\"flex-basis:250px\">\n<div class=\"wp-block-columns is-not-stacked-on-mobile is-layout-flex wp-container-core-columns-is-layout-9d6595d7 wp-block-columns-is-layout-flex\">\n<div class=\"wp-block-column is-vertically-aligned-top is-layout-flow wp-block-column-is-layout-flow\" style=\"flex-basis:80px\">\n<figure class=\"wp-block-image size-full is-resized\"><img loading=\"lazy\" decoding=\"async\" src=\"https:\/\/yrmegard.net\/treasury\/wp-content\/uploads\/2023\/09\/tw_estonian_pattern_07_draft.png\" alt=\"\" class=\"wp-image-7479\" style=\"object-fit:cover;width:60px;height:300px\" width=\"60\" height=\"300\"\/><\/figure>\n<\/div>\n\n\n\n<div class=\"wp-block-column is-vertically-aligned-top is-layout-flow wp-block-column-is-layout-flow\" style=\"flex-basis:150px\">\n<figure class=\"wp-block-image size-full is-resized\"><img loading=\"lazy\" decoding=\"async\" src=\"https:\/\/yrmegard.net\/treasury\/wp-content\/uploads\/2023\/09\/tw_estonian_pattern_07_draft2.png\" alt=\"\" class=\"wp-image-7481\" style=\"object-fit:cover;width:120px;height:300px\" width=\"120\" height=\"300\"\/><\/figure>\n<\/div>\n<\/div>\n<\/div>\n\n\n\n<div class=\"wp-block-column is-layout-flow wp-block-column-is-layout-flow\">\n<p><strong>K\u00f5lade algasend<\/strong><\/p>\n\n\n\n<figure class=\"wp-block-image size-full\"><img loading=\"lazy\" decoding=\"async\" width=\"193\" height=\"110\" src=\"https:\/\/yrmegard.net\/treasury\/wp-content\/uploads\/2023\/09\/tw_estonian_pattern_07_thread.png\" alt=\"\" class=\"wp-image-7482\"\/><\/figure>\n\n\n\n<div style=\"height:30px\" aria-hidden=\"true\" class=\"wp-block-spacer\"><\/div>\n\n\n\n<p>10 k\u00f5la keeratakse koos \u00fches suunas. Muster on identne paela m\u00f5lemal k\u00fcljel, kuid jookseb erinevas suunas.<\/p>\n\n\n\n<div style=\"height:30px\" aria-hidden=\"true\" class=\"wp-block-spacer\"><\/div>\n\n\n\n<pre class=\"wp-block-verse\">* <a href=\"https:\/\/www.yrmegard.net\/treasury\/patterns\/gtt\/tw_estonian_pattern_07.gtt\" target=\"_blank\" rel=\"noreferrer noopener\">Lae alla GTT muster<\/a>.\n* <a href=\"https:\/\/www.yrmegard.net\/treasury\/patterns\/pdf\/kolad-eesti-muster-07.pdf\" target=\"_blank\" rel=\"noreferrer noopener\">Lae alla muster ja juhised pdf formaadis<\/a>.<\/pre>\n<\/div>\n<\/div>\n","protected":false},"excerpt":{"rendered":"<p>K\u00f5lade algasend 10 k\u00f5la keeratakse koos \u00fches suunas. Muster on identne paela m\u00f5lemal k\u00fcljel, kuid jookseb erinevas suunas. * Lae alla GTT muster. * Lae alla muster ja juhised pdf formaadis.<\/p>\n","protected":false},"author":2,"featured_media":7478,"parent":3207,"menu_order":37,"comment_status":"closed","ping_status":"closed","template":"template-full.php","meta":{"_vp_format_video_url":"","_vp_image_focal_point":[],"footnotes":""},"class_list":["post-3292","page","type-page","status-publish","has-post-thumbnail","hentry"],"_links":{"self":[{"href":"https:\/\/yrmegard.net\/treasury\/wp-json\/wp\/v2\/pages\/3292","targetHints":{"allow":["GET"]}}],"collection":[{"href":"https:\/\/yrmegard.net\/treasury\/wp-json\/wp\/v2\/pages"}],"about":[{"href":"https:\/\/yrmegard.net\/treasury\/wp-json\/wp\/v2\/types\/page"}],"author":[{"embeddable":true,"href":"https:\/\/yrmegard.net\/treasury\/wp-json\/wp\/v2\/users\/2"}],"replies":[{"embeddable":true,"href":"https:\/\/yrmegard.net\/treasury\/wp-json\/wp\/v2\/comments?post=3292"}],"version-history":[{"count":1,"href":"https:\/\/yrmegard.net\/treasury\/wp-json\/wp\/v2\/pages\/3292\/revisions"}],"predecessor-version":[{"id":7483,"href":"https:\/\/yrmegard.net\/treasury\/wp-json\/wp\/v2\/pages\/3292\/revisions\/7483"}],"up":[{"embeddable":true,"href":"https:\/\/yrmegard.net\/treasury\/wp-json\/wp\/v2\/pages\/3207"}],"wp:featuredmedia":[{"embeddable":true,"href":"https:\/\/yrmegard.net\/treasury\/wp-json\/wp\/v2\/media\/7478"}],"wp:attachment":[{"href":"https:\/\/yrmegard.net\/treasury\/wp-json\/wp\/v2\/media?parent=3292"}],"curies":[{"name":"wp","href":"https:\/\/api.w.org\/{rel}","templated":true}]}}