{"id":3255,"date":"2020-11-04T21:44:42","date_gmt":"2020-11-04T18:44:42","guid":{"rendered":"http:\/\/yrmegard.net\/cms\/?page_id=3255"},"modified":"2023-09-24T12:25:31","modified_gmt":"2023-09-24T09:25:31","slug":"kolad-rakendatud-muster-01","status":"publish","type":"page","link":"https:\/\/yrmegard.net\/treasury\/et\/mustrid\/kolad-rakendatud-muster-01\/","title":{"rendered":"K\u00f5ladega kudumine. Rakendatud muster 1"},"content":{"rendered":"\n<div class=\"wp-block-columns is-layout-flex wp-container-core-columns-is-layout-9d6595d7 wp-block-columns-is-layout-flex\">\n<div class=\"wp-block-column is-vertically-aligned-top is-layout-flow wp-block-column-is-layout-flow\" style=\"flex-basis:270px\">\n<div class=\"wp-block-columns is-not-stacked-on-mobile is-layout-flex wp-container-core-columns-is-layout-9d6595d7 wp-block-columns-is-layout-flex\">\n<div class=\"wp-block-column is-layout-flow wp-block-column-is-layout-flow\" style=\"flex-basis:100px\"><div class=\"wp-block-image\">\n<figure class=\"alignleft size-full is-resized\"><img loading=\"lazy\" decoding=\"async\" src=\"https:\/\/yrmegard.net\/treasury\/wp-content\/uploads\/2023\/09\/tw_threaded_pattern_01_draft-e1695323809198.gif\" alt=\"\" class=\"wp-image-7265\" style=\"object-fit:cover;width:92px;height:300px\" width=\"92\" height=\"300\"\/><\/figure>\n<\/div><\/div>\n\n\n\n<div class=\"wp-block-column is-vertically-aligned-top is-layout-flow wp-block-column-is-layout-flow\" style=\"flex-basis:190px\"><div class=\"wp-block-image\">\n<figure class=\"alignleft size-full is-resized\"><img loading=\"lazy\" decoding=\"async\" src=\"https:\/\/yrmegard.net\/treasury\/wp-content\/uploads\/2023\/09\/tw_threaded_pattern_01_draft.png\" alt=\"\" class=\"wp-image-7270\" style=\"object-fit:cover;width:185px;height:300px\" width=\"185\" height=\"300\"\/><\/figure>\n<\/div><\/div>\n<\/div>\n<\/div>\n\n\n\n<div class=\"wp-block-column is-layout-flow wp-block-column-is-layout-flow\">\n<p><strong>K\u00f5lade algasend<\/strong><\/p>\n\n\n\n<figure class=\"wp-block-image size-full\"><img loading=\"lazy\" decoding=\"async\" width=\"290\" height=\"110\" src=\"https:\/\/yrmegard.net\/treasury\/wp-content\/uploads\/2023\/09\/tw_threaded_pattern_01_thread.png\" alt=\"\" class=\"wp-image-7264\"\/><\/figure>\n\n\n\n<div style=\"height:35px\" aria-hidden=\"true\" class=\"wp-block-spacer\"><\/div>\n\n\n\n<p>16 k\u00f5la ja 3 v\u00e4rvi. 14 mustrik\u00f5la keeratakse ts\u00fcklitena: 4 korda edasi, 4 korda tagasi. 2 \u00e4\u00e4rek\u00f5la keeratakse pidevalt \u00fches suunas.<\/p>\n\n\n\n<div style=\"height:30px\" aria-hidden=\"true\" class=\"wp-block-spacer\"><\/div>\n\n\n\n<pre class=\"wp-block-verse\">* <a href=\"https:\/\/www.yrmegard.net\/treasury\/patterns\/gtt\/tw_threaded_pattern_01.gtt\" target=\"_blank\" rel=\"noreferrer noopener\">Lae alla GTT muster<\/a>.\n* <a href=\"https:\/\/www.yrmegard.net\/treasury\/patterns\/pdf\/kolad-rakendatud-muster-01.pdf\" target=\"_blank\" rel=\"noreferrer noopener\">Lae alla muster ja juhised pdf formaadis<\/a>.<\/pre>\n<\/div>\n<\/div>\n","protected":false},"excerpt":{"rendered":"<p>K\u00f5lade algasend 16 k\u00f5la ja 3 v\u00e4rvi. 14 mustrik\u00f5la keeratakse ts\u00fcklitena: 4 korda edasi, 4 korda tagasi. 2 \u00e4\u00e4rek\u00f5la keeratakse pidevalt \u00fches suunas. * Lae alla GTT muster. * Lae alla muster ja juhised pdf formaadis.<\/p>\n","protected":false},"author":2,"featured_media":7294,"parent":3207,"menu_order":11,"comment_status":"closed","ping_status":"closed","template":"template-full.php","meta":{"_vp_format_video_url":"","_vp_image_focal_point":[],"footnotes":""},"class_list":["post-3255","page","type-page","status-publish","has-post-thumbnail","hentry"],"_links":{"self":[{"href":"https:\/\/yrmegard.net\/treasury\/wp-json\/wp\/v2\/pages\/3255","targetHints":{"allow":["GET"]}}],"collection":[{"href":"https:\/\/yrmegard.net\/treasury\/wp-json\/wp\/v2\/pages"}],"about":[{"href":"https:\/\/yrmegard.net\/treasury\/wp-json\/wp\/v2\/types\/page"}],"author":[{"embeddable":true,"href":"https:\/\/yrmegard.net\/treasury\/wp-json\/wp\/v2\/users\/2"}],"replies":[{"embeddable":true,"href":"https:\/\/yrmegard.net\/treasury\/wp-json\/wp\/v2\/comments?post=3255"}],"version-history":[{"count":7,"href":"https:\/\/yrmegard.net\/treasury\/wp-json\/wp\/v2\/pages\/3255\/revisions"}],"predecessor-version":[{"id":7439,"href":"https:\/\/yrmegard.net\/treasury\/wp-json\/wp\/v2\/pages\/3255\/revisions\/7439"}],"up":[{"embeddable":true,"href":"https:\/\/yrmegard.net\/treasury\/wp-json\/wp\/v2\/pages\/3207"}],"wp:featuredmedia":[{"embeddable":true,"href":"https:\/\/yrmegard.net\/treasury\/wp-json\/wp\/v2\/media\/7294"}],"wp:attachment":[{"href":"https:\/\/yrmegard.net\/treasury\/wp-json\/wp\/v2\/media?parent=3255"}],"curies":[{"name":"wp","href":"https:\/\/api.w.org\/{rel}","templated":true}]}}