{"id":3248,"date":"2020-09-25T19:15:03","date_gmt":"2020-09-25T16:15:03","guid":{"rendered":"http:\/\/yrmegard.net\/cms\/?page_id=3248"},"modified":"2023-09-22T21:26:55","modified_gmt":"2023-09-22T18:26:55","slug":"kolad-baasmuster-05-rombid","status":"publish","type":"page","link":"https:\/\/yrmegard.net\/treasury\/et\/mustrid\/kolad-baasmuster-05-rombid\/","title":{"rendered":"K\u00f5ladega kudumine. Baasmuster: linnukesed ja rombid"},"content":{"rendered":"\n<h5 class=\"wp-block-heading\">Linnukesed ja rombid 1 x 1<\/h5>\n\n\n\n<div class=\"wp-block-columns is-layout-flex wp-container-core-columns-is-layout-9d6595d7 wp-block-columns-is-layout-flex\">\n<div class=\"wp-block-column is-layout-flow wp-block-column-is-layout-flow\" style=\"flex-basis:395px\">\n<div class=\"wp-block-columns is-not-stacked-on-mobile is-layout-flex wp-container-core-columns-is-layout-9d6595d7 wp-block-columns-is-layout-flex\">\n<div class=\"wp-block-column is-layout-flow wp-block-column-is-layout-flow\" style=\"flex-basis:395px\">\n<div class=\"wp-block-columns is-not-stacked-on-mobile is-layout-flex wp-container-core-columns-is-layout-9d6595d7 wp-block-columns-is-layout-flex\">\n<div class=\"wp-block-column is-layout-flow wp-block-column-is-layout-flow\"><div class=\"wp-block-image\">\n<figure class=\"aligncenter size-full is-resized\"><img loading=\"lazy\" decoding=\"async\" src=\"https:\/\/yrmegard.net\/treasury\/wp-content\/uploads\/2023\/09\/tw_basic_pattern_05_draft1_1.gif\" alt=\"\" class=\"wp-image-7236\" style=\"object-fit:cover;width:120px;height:450px\" width=\"120\" height=\"450\"\/><\/figure>\n<\/div><\/div>\n\n\n\n<div class=\"wp-block-column is-layout-flow wp-block-column-is-layout-flow\"><div class=\"wp-block-image\">\n<figure class=\"aligncenter size-full is-resized\"><img loading=\"lazy\" decoding=\"async\" src=\"https:\/\/yrmegard.net\/treasury\/wp-content\/uploads\/2023\/09\/tw_basic_pattern_05_draft1_2.gif\" alt=\"\" class=\"wp-image-7237\" style=\"object-fit:cover;width:120px;height:230px\" width=\"120\" height=\"230\"\/><\/figure>\n<\/div>\n\n\n<div style=\"height:5px\" aria-hidden=\"true\" class=\"wp-block-spacer\"><\/div>\n\n\n\n<figure class=\"wp-block-image size-full is-resized\"><img loading=\"lazy\" decoding=\"async\" src=\"https:\/\/yrmegard.net\/treasury\/wp-content\/uploads\/2023\/09\/tw_basic_pattern_05_draft1_3.gif\" alt=\"\" class=\"wp-image-7238\" style=\"object-fit:cover;width:120px;height:230px\" width=\"120\" height=\"230\"\/><\/figure>\n<\/div>\n\n\n\n<div class=\"wp-block-column is-layout-flow wp-block-column-is-layout-flow\"><div class=\"wp-block-image\">\n<figure class=\"aligncenter size-full is-resized\"><img loading=\"lazy\" decoding=\"async\" src=\"https:\/\/yrmegard.net\/treasury\/wp-content\/uploads\/2023\/09\/tw_basic_pattern_05_draft1_4.gif\" alt=\"\" class=\"wp-image-7239\" style=\"object-fit:cover;width:120px;height:230px\" width=\"120\" height=\"230\"\/><\/figure>\n<\/div>\n\n\n<div style=\"height:5px\" aria-hidden=\"true\" class=\"wp-block-spacer\"><\/div>\n\n\n\n<figure class=\"wp-block-image size-full is-resized\"><img loading=\"lazy\" decoding=\"async\" src=\"https:\/\/yrmegard.net\/treasury\/wp-content\/uploads\/2023\/09\/tw_basic_pattern_05_draft1_5.gif\" alt=\"\" class=\"wp-image-7240\" style=\"object-fit:cover;width:120px;height:230px\" width=\"120\" height=\"230\"\/><\/figure>\n<\/div>\n<\/div>\n<\/div>\n<\/div>\n<\/div>\n\n\n\n<div class=\"wp-block-column is-layout-flow wp-block-column-is-layout-flow\">\n<p><strong>K\u00f5lade algasend<\/strong><\/p>\n\n\n\n<figure class=\"wp-block-image size-full threading\"><img loading=\"lazy\" decoding=\"async\" width=\"198\" height=\"125\" src=\"https:\/\/yrmegard.net\/treasury\/wp-content\/uploads\/2023\/09\/tw_basic_pattern_05_thread.png\" alt=\"\" class=\"wp-image-7235\"\/><\/figure>\n\n\n\n<p>Rakendades k\u00f5lasid diagonaalide kudumiseks s\u00fcmmeetriliselt vertikaalse telje suhtes, saab k\u00f5lasid \u00fches suunas keerates linnukesi, k\u00f5lade keeramise suunda muutes aga rombe. K\u00f5lade asend peab olema samuti s\u00fcmmeetriline sama telje suhtes &#8211; v\u00f5i siis mitme telje suhtes, kui eesm\u00e4rgiks on keerulisem muster. Seejuures m\u00f5jutab k\u00f5lade vastastikune asend (kas S v\u00f5i Z) vaid joonte algset jooksmise suunda, mitte aga v\u00e4ljan\u00e4gemist. <br>Piltidel vasakult paremale: 1 &#8211; k\u00f5lade algasend vastab \u00fclaltoodud tabelile, s\u00fcmmeetriatelg asub keskel, k\u00f5lasid keeratakse \u00fches suunas (18 rida), siis j\u00e4tkuvalt teises suunas; 2 &#8211; k\u00f5lade asend vaheldub \u00fcle \u00fche, k\u00f5lasid keeratakse 6 korda edasi, 6 korda tagasi; 3 &#8211; k\u00f5igi k\u00f5lade asend on sama (\\), k\u00f5lasid keeratakse 6 korda edasi, 6 korda tagasi; 4 &#8211; k\u00f5lade algasend vastab \u00fclaltoodud tabelile, s\u00fcmmeetriatelg asub keskel, k\u00f5lasid keeratakse ts\u00fcklitena 2 korda edasi, 2 korda tagasi; 5 &#8211; k\u00f5lade asend \\ \\ \/ \/ \/ \\ \\ \\ \/ \/, kolm \u00fchtlaselt asetsevat s\u00fcmmetriatelge, k\u00f5lasid keeratakse ts\u00fcklitena 4 korda edasi, 4 korda tagasi.<\/p>\n\n\n\n<pre class=\"wp-block-verse\">* <a href=\"https:\/\/www.yrmegard.net\/treasury\/patterns\/gtt\/tw_basic_pattern_05_1.gtt\" target=\"_blank\" rel=\"noreferrer noopener\">Lae alla GTT muster<\/a>.\n* <a href=\"https:\/\/www.yrmegard.net\/treasury\/patterns\/pdf\/kolad-baasmuster-05-rombid.pdf\" target=\"_blank\" rel=\"noreferrer noopener\">Lae alla muster ja juhised pdf formaadis<\/a>.<\/pre>\n<\/div>\n<\/div>\n\n\n\n<div class=\"wp-block-boldblocks-icon-separator\" style=\"--bb--margin-top--sm:var(--bb--margin-top--lg);--bb--margin-bottom--sm:var(--bb--margin-bottom--lg);--bb--margin-top--md:var(--bb--margin-top--lg);--bb--margin-bottom--md:var(--bb--margin-bottom--lg);--bb--margin-top--lg:var(--wp--preset--spacing--80);--bb--margin-bottom--lg:var(--wp--preset--spacing--80)\" role=\"separator\"><div class=\"wp-block-boldblocks-icon-separator__inner icon-center is-align-center\" style=\"--bb--width--sm:var(--bb--width--lg);--bb--width--md:var(--bb--width--lg);--bb--width--lg:50%;--bb-border:1px solid var(--wp--preset--color--cyan-bluish-gray, #abb8c3);--bb--icon-width:1em;--bb--icon-spacing:2em;--bb--icon-fill-color:var(--wp--preset--color--cyan-bluish-gray, #abb8c3);--bb--icon-stroke-color:var(--wp--preset--color--cyan-bluish-gray, #abb8c3)\"><svg xmlns=\"http:\/\/www.w3.org\/2000\/svg\" fill=\"currentColor\" class=\"bi bi-three-dots bb-icon bb-icon--three-dots\" viewBox=\"0 0 16 16\">\n  <path d=\"M3 9.5a1.5 1.5 0 1 1 0-3 1.5 1.5 0 0 1 0 3zm5 0a1.5 1.5 0 1 1 0-3 1.5 1.5 0 0 1 0 3zm5 0a1.5 1.5 0 1 1 0-3 1.5 1.5 0 0 1 0 3z\"><\/path>\n<\/svg><\/div><\/div>\n\n\n\n<h5 class=\"wp-block-heading\">Linnukesed ja rombid 2 x 2<\/h5>\n\n\n\n<div class=\"wp-block-columns is-layout-flex wp-container-core-columns-is-layout-9d6595d7 wp-block-columns-is-layout-flex\">\n<div class=\"wp-block-column is-layout-flow wp-block-column-is-layout-flow\" style=\"flex-basis:395px\">\n<div class=\"wp-block-columns is-not-stacked-on-mobile is-layout-flex wp-container-core-columns-is-layout-9d6595d7 wp-block-columns-is-layout-flex\">\n<div class=\"wp-block-column is-layout-flow wp-block-column-is-layout-flow\" style=\"flex-basis:395px\">\n<div class=\"wp-block-columns is-not-stacked-on-mobile is-layout-flex wp-container-core-columns-is-layout-9d6595d7 wp-block-columns-is-layout-flex\">\n<div class=\"wp-block-column is-layout-flow wp-block-column-is-layout-flow\"><div class=\"wp-block-image\">\n<figure class=\"aligncenter size-full is-resized\"><img loading=\"lazy\" decoding=\"async\" src=\"https:\/\/yrmegard.net\/treasury\/wp-content\/uploads\/2023\/09\/tw_basic_pattern_05_draft2_1.gif\" alt=\"\" class=\"wp-image-7247\" style=\"object-fit:cover;width:120px;height:450px\" width=\"120\" height=\"450\"\/><\/figure>\n<\/div><\/div>\n\n\n\n<div class=\"wp-block-column is-layout-flow wp-block-column-is-layout-flow\"><div class=\"wp-block-image\">\n<figure class=\"aligncenter size-full is-resized\"><img loading=\"lazy\" decoding=\"async\" src=\"https:\/\/yrmegard.net\/treasury\/wp-content\/uploads\/2023\/09\/tw_basic_pattern_05_draft2_2.gif\" alt=\"\" class=\"wp-image-7248\" style=\"object-fit:cover;width:120px;height:230px\" width=\"120\" height=\"230\"\/><\/figure>\n<\/div>\n\n\n<div style=\"height:5px\" aria-hidden=\"true\" class=\"wp-block-spacer\"><\/div>\n\n\n\n<figure class=\"wp-block-image size-full is-resized\"><img loading=\"lazy\" decoding=\"async\" src=\"https:\/\/yrmegard.net\/treasury\/wp-content\/uploads\/2023\/09\/tw_basic_pattern_05_draft2_3.gif\" alt=\"\" class=\"wp-image-7249\" style=\"object-fit:cover;width:120px;height:230px\" width=\"120\" height=\"230\"\/><\/figure>\n<\/div>\n\n\n\n<div class=\"wp-block-column is-layout-flow wp-block-column-is-layout-flow\"><div class=\"wp-block-image\">\n<figure class=\"aligncenter size-full is-resized\"><img loading=\"lazy\" decoding=\"async\" src=\"https:\/\/yrmegard.net\/treasury\/wp-content\/uploads\/2023\/09\/tw_basic_pattern_05_draft2_4.gif\" alt=\"\" class=\"wp-image-7250\" style=\"object-fit:cover;width:120px;height:450px\" width=\"120\" height=\"450\"\/><\/figure>\n<\/div><\/div>\n<\/div>\n<\/div>\n<\/div>\n<\/div>\n\n\n\n<div class=\"wp-block-column is-layout-flow wp-block-column-is-layout-flow\">\n<p><strong>K\u00f5lade algasend<\/strong><\/p>\n\n\n\n<figure class=\"wp-block-image size-full threading\"><img loading=\"lazy\" decoding=\"async\" width=\"198\" height=\"125\" src=\"https:\/\/yrmegard.net\/treasury\/wp-content\/uploads\/2023\/09\/tw_basic_pattern_05_thread2.png\" alt=\"\" class=\"wp-image-7246\"\/><\/figure>\n\n\n\n<p>See on klassikaline egiptuse diagonaalide p\u00f5hirakendus. K\u00f5lasid \u00fches suunas keerates saab \u00fchtlaseid linnukesi, k\u00f5lade keeramise suunda muutes tekivad rombid. K\u00f5lade s\u00fcmmeetriline asend valitud telje suhtes on oluline siledate diagonaalide saavutamiseks. <br>Piltidel vasakult paremale: 1 &#8211; k\u00f5lade asend vastab \u00fclaltoodud tabelile, k\u00f5lasid keeratakse pidevalt \u00fches suunas; 2 &#8211; k\u00f5igi k\u00f5lade asend on sama (\\), k\u00f5lasid keeratakse pidevalt \u00fches suunas; 3 &#8211; k\u00f5lade asend vaheldub \u00fcle \u00fche, k\u00f5lasid keeratakse pidevalt \u00fches suunas; 4 &#8211; k\u00f5lade asend vastab \u00fclaltoodud tabelile, k\u00f5lasid keeratakse ts\u00fcklitena 4 korda edasi, 4 korda tagasi, 2 korda edasi, 2 korda tagasi.<\/p>\n\n\n\n<pre class=\"wp-block-verse\">* <a href=\"https:\/\/www.yrmegard.net\/treasury\/patterns\/gtt\/tw_basic_pattern_05_2.gtt\" target=\"_blank\" rel=\"noreferrer noopener\">Lae alla GTT muster<\/a>.\n* <a rel=\"noreferrer noopener\" href=\"https:\/\/www.yrmegard.net\/treasury\/patterns\/pdf\/kolad-baasmuster-05-rombid.pdf\" target=\"_blank\">Lae alla muster ja juhised pdf formaadis<\/a>.<\/pre>\n<\/div>\n<\/div>\n\n\n\n<div class=\"wp-block-boldblocks-icon-separator\" style=\"--bb--margin-top--sm:var(--bb--margin-top--lg);--bb--margin-bottom--sm:var(--bb--margin-bottom--lg);--bb--margin-top--md:var(--bb--margin-top--lg);--bb--margin-bottom--md:var(--bb--margin-bottom--lg);--bb--margin-top--lg:var(--wp--preset--spacing--80);--bb--margin-bottom--lg:var(--wp--preset--spacing--80)\" role=\"separator\"><div class=\"wp-block-boldblocks-icon-separator__inner icon-center is-align-center\" style=\"--bb--width--sm:var(--bb--width--lg);--bb--width--md:var(--bb--width--lg);--bb--width--lg:50%;--bb-border:1px solid var(--wp--preset--color--cyan-bluish-gray, #abb8c3);--bb--icon-width:1em;--bb--icon-spacing:2em;--bb--icon-fill-color:var(--wp--preset--color--cyan-bluish-gray, #abb8c3);--bb--icon-stroke-color:var(--wp--preset--color--cyan-bluish-gray, #abb8c3)\"><svg xmlns=\"http:\/\/www.w3.org\/2000\/svg\" fill=\"currentColor\" class=\"bi bi-three-dots bb-icon bb-icon--three-dots\" viewBox=\"0 0 16 16\">\n  <path d=\"M3 9.5a1.5 1.5 0 1 1 0-3 1.5 1.5 0 0 1 0 3zm5 0a1.5 1.5 0 1 1 0-3 1.5 1.5 0 0 1 0 3zm5 0a1.5 1.5 0 1 1 0-3 1.5 1.5 0 0 1 0 3z\"><\/path>\n<\/svg><\/div><\/div>\n\n\n\n<h5 class=\"wp-block-heading\">Linnukesed ja rombid 1 x 3<\/h5>\n\n\n\n<div class=\"wp-block-columns is-layout-flex wp-container-core-columns-is-layout-9d6595d7 wp-block-columns-is-layout-flex\">\n<div class=\"wp-block-column is-layout-flow wp-block-column-is-layout-flow\" style=\"flex-basis:395px\">\n<div class=\"wp-block-columns is-not-stacked-on-mobile is-layout-flex wp-container-core-columns-is-layout-9d6595d7 wp-block-columns-is-layout-flex\">\n<div class=\"wp-block-column is-layout-flow wp-block-column-is-layout-flow\" style=\"flex-basis:395px\">\n<div class=\"wp-block-columns is-not-stacked-on-mobile is-layout-flex wp-container-core-columns-is-layout-9d6595d7 wp-block-columns-is-layout-flex\">\n<div class=\"wp-block-column is-layout-flow wp-block-column-is-layout-flow\"><div class=\"wp-block-image\">\n<figure class=\"aligncenter size-full is-resized\"><img loading=\"lazy\" decoding=\"async\" src=\"https:\/\/yrmegard.net\/treasury\/wp-content\/uploads\/2023\/09\/tw_basic_pattern_05_draft3_1.gif\" alt=\"\" class=\"wp-image-7252\" style=\"object-fit:cover;width:120px;height:450px\" width=\"120\" height=\"450\"\/><\/figure>\n<\/div><\/div>\n\n\n\n<div class=\"wp-block-column is-layout-flow wp-block-column-is-layout-flow\"><div class=\"wp-block-image\">\n<figure class=\"aligncenter size-full is-resized\"><img loading=\"lazy\" decoding=\"async\" src=\"https:\/\/yrmegard.net\/treasury\/wp-content\/uploads\/2023\/09\/tw_basic_pattern_05_draft3_2.gif\" alt=\"\" class=\"wp-image-7253\" style=\"object-fit:cover;width:120px;height:230px\" width=\"120\" height=\"230\"\/><\/figure>\n<\/div>\n\n\n<div style=\"height:5px\" aria-hidden=\"true\" class=\"wp-block-spacer\"><\/div>\n\n\n\n<figure class=\"wp-block-image size-full is-resized\"><img loading=\"lazy\" decoding=\"async\" src=\"https:\/\/yrmegard.net\/treasury\/wp-content\/uploads\/2023\/09\/tw_basic_pattern_05_draft3_3.gif\" alt=\"\" class=\"wp-image-7254\" style=\"object-fit:cover;width:120px;height:230px\" width=\"120\" height=\"230\"\/><\/figure>\n<\/div>\n\n\n\n<div class=\"wp-block-column is-layout-flow wp-block-column-is-layout-flow\"><div class=\"wp-block-image\">\n<figure class=\"aligncenter size-full is-resized\"><img loading=\"lazy\" decoding=\"async\" src=\"https:\/\/yrmegard.net\/treasury\/wp-content\/uploads\/2023\/09\/tw_basic_pattern_05_draft3_4.gif\" alt=\"\" class=\"wp-image-7255\" style=\"object-fit:cover;width:120px;height:450px\" width=\"120\" height=\"450\"\/><\/figure>\n<\/div><\/div>\n<\/div>\n<\/div>\n<\/div>\n<\/div>\n\n\n\n<div class=\"wp-block-column is-layout-flow wp-block-column-is-layout-flow\">\n<p><strong>K\u00f5lade algasend<\/strong><\/p>\n\n\n\n<figure class=\"wp-block-image size-full threading\"><img loading=\"lazy\" decoding=\"async\" width=\"198\" height=\"125\" src=\"https:\/\/yrmegard.net\/treasury\/wp-content\/uploads\/2023\/09\/tw_basic_pattern_05_thread3.png\" alt=\"\" class=\"wp-image-7251\"\/><\/figure>\n\n\n\n<p>Ka selle rakenduse puhul peavad k\u00f5lad selgete joonte saamiseks asuma telje suhtes s\u00fcmmeetriliselt. Piltidel vasakult paremale: 1 &#8211; k\u00f5lade asend vastab \u00fclaltoodud tabelile, k\u00f5lasid keeratakse pidevalt \u00fches suunas; 2 &#8211; k\u00f5igi k\u00f5lade asend on sama (\\), k\u00f5lasid keeratakse pidevalt \u00fches suunas; 3 &#8211; k\u00f5lade asend vaheldub \u00fcle \u00fche, k\u00f5lasid keeratakse pidevalt \u00fches suunas; 4 &#8211; k\u00f5lade asend vastab \u00fclaltoodud tabelile, k\u00f5lasid keeratakse ts\u00fcklitena: kaks ts\u00fcklit 4 korda edasi, 4 korda tagasi, kaks ts\u00fcklit 2 korda edasi, 2 korda tagasi.<\/p>\n\n\n\n<pre class=\"wp-block-verse\">* <a href=\"https:\/\/www.yrmegard.net\/treasury\/patterns\/gtt\/tw_basic_pattern_05_3.gtt\" target=\"_blank\" rel=\"noreferrer noopener\">Lae alla GTT muster<\/a>.\n* <a rel=\"noreferrer noopener\" href=\"https:\/\/www.yrmegard.net\/treasury\/patterns\/pdf\/kolad-baasmuster-05-rombid.pdf\" target=\"_blank\">Lae alla muster ja juhised pdf formaadis<\/a>.<\/pre>\n<\/div>\n<\/div>\n","protected":false},"excerpt":{"rendered":"<p>Linnukesed ja rombid 1 x 1 K\u00f5lade algasend Rakendades k\u00f5lasid diagonaalide kudumiseks s\u00fcmmeetriliselt vertikaalse telje suhtes, saab k\u00f5lasid \u00fches suunas keerates linnukesi, k\u00f5lade keeramise suunda muutes aga rombe. K\u00f5lade asend peab olema samuti s\u00fcmmeetriline sama telje suhtes &#8211; v\u00f5i siis mitme telje suhtes, kui eesm\u00e4rgiks&nbsp;<a class=\"read-more\" href=\"https:\/\/yrmegard.net\/treasury\/et\/mustrid\/kolad-baasmuster-05-rombid\/\">&hellip;<\/a><\/p>\n","protected":false},"author":2,"featured_media":7233,"parent":3207,"menu_order":5,"comment_status":"closed","ping_status":"closed","template":"template-full.php","meta":{"_vp_format_video_url":"","_vp_image_focal_point":[],"footnotes":""},"class_list":["post-3248","page","type-page","status-publish","has-post-thumbnail","hentry"],"_links":{"self":[{"href":"https:\/\/yrmegard.net\/treasury\/wp-json\/wp\/v2\/pages\/3248","targetHints":{"allow":["GET"]}}],"collection":[{"href":"https:\/\/yrmegard.net\/treasury\/wp-json\/wp\/v2\/pages"}],"about":[{"href":"https:\/\/yrmegard.net\/treasury\/wp-json\/wp\/v2\/types\/page"}],"author":[{"embeddable":true,"href":"https:\/\/yrmegard.net\/treasury\/wp-json\/wp\/v2\/users\/2"}],"replies":[{"embeddable":true,"href":"https:\/\/yrmegard.net\/treasury\/wp-json\/wp\/v2\/comments?post=3248"}],"version-history":[{"count":5,"href":"https:\/\/yrmegard.net\/treasury\/wp-json\/wp\/v2\/pages\/3248\/revisions"}],"predecessor-version":[{"id":7291,"href":"https:\/\/yrmegard.net\/treasury\/wp-json\/wp\/v2\/pages\/3248\/revisions\/7291"}],"up":[{"embeddable":true,"href":"https:\/\/yrmegard.net\/treasury\/wp-json\/wp\/v2\/pages\/3207"}],"wp:featuredmedia":[{"embeddable":true,"href":"https:\/\/yrmegard.net\/treasury\/wp-json\/wp\/v2\/media\/7233"}],"wp:attachment":[{"href":"https:\/\/yrmegard.net\/treasury\/wp-json\/wp\/v2\/media?parent=3248"}],"curies":[{"name":"wp","href":"https:\/\/api.w.org\/{rel}","templated":true}]}}