{"id":3242,"date":"2020-09-24T16:16:53","date_gmt":"2020-09-24T13:16:53","guid":{"rendered":"http:\/\/yrmegard.net\/cms\/?page_id=3242"},"modified":"2023-09-22T21:25:55","modified_gmt":"2023-09-22T18:25:55","slug":"kolad-baasmuster-04-diagonaalid","status":"publish","type":"page","link":"https:\/\/yrmegard.net\/treasury\/et\/mustrid\/kolad-baasmuster-04-diagonaalid\/","title":{"rendered":"K\u00f5ladega kudumine. Baasmuster: diagonaalid"},"content":{"rendered":"\n<h5 class=\"wp-block-heading\">Diagonaalid 1 x 1<\/h5>\n\n\n\n<div class=\"wp-block-columns is-layout-flex wp-container-core-columns-is-layout-9d6595d7 wp-block-columns-is-layout-flex\">\n<div class=\"wp-block-column is-layout-flow wp-block-column-is-layout-flow\" style=\"flex-basis:395px\">\n<div class=\"wp-block-columns is-not-stacked-on-mobile is-layout-flex wp-container-core-columns-is-layout-9d6595d7 wp-block-columns-is-layout-flex\">\n<div class=\"wp-block-column is-layout-flow wp-block-column-is-layout-flow\"><div class=\"wp-block-image\">\n<figure class=\"aligncenter size-full is-resized\"><img loading=\"lazy\" decoding=\"async\" src=\"https:\/\/yrmegard.net\/treasury\/wp-content\/uploads\/2023\/09\/tw_basic_pattern_04_draft1_1.gif\" alt=\"\" class=\"wp-image-7206\" style=\"object-fit:cover;width:120px;height:400px\" width=\"120\" height=\"400\"\/><\/figure>\n<\/div><\/div>\n\n\n\n<div class=\"wp-block-column is-layout-flow wp-block-column-is-layout-flow\"><div class=\"wp-block-image\">\n<figure class=\"aligncenter size-full is-resized\"><img loading=\"lazy\" decoding=\"async\" src=\"https:\/\/yrmegard.net\/treasury\/wp-content\/uploads\/2023\/09\/tw_basic_pattern_04_draft1_2.gif\" alt=\"\" class=\"wp-image-7207\" style=\"object-fit:cover;width:120px;height:400px\" width=\"120\" height=\"400\"\/><\/figure>\n<\/div><\/div>\n\n\n\n<div class=\"wp-block-column is-layout-flow wp-block-column-is-layout-flow\"><div class=\"wp-block-image\">\n<figure class=\"aligncenter size-full is-resized\"><img loading=\"lazy\" decoding=\"async\" src=\"https:\/\/yrmegard.net\/treasury\/wp-content\/uploads\/2023\/09\/tw_basic_pattern_04_draft1_3.gif\" alt=\"\" class=\"wp-image-7208\" style=\"object-fit:cover;width:120px;height:400px\" width=\"120\" height=\"400\"\/><\/figure>\n<\/div><\/div>\n<\/div>\n<\/div>\n\n\n\n<div class=\"wp-block-column is-layout-flow wp-block-column-is-layout-flow\">\n<p><strong>K\u00f5lade algasend<\/strong><\/p>\n\n\n\n<figure class=\"wp-block-image size-full threading\"><img loading=\"lazy\" decoding=\"async\" width=\"198\" height=\"125\" src=\"https:\/\/yrmegard.net\/treasury\/wp-content\/uploads\/2023\/09\/tw_basic_pattern_04_thread.png\" alt=\"\" class=\"wp-image-7205\"\/><\/figure>\n\n\n\n<p>Kitsaid diagonaale saab kududa kahe, kolme v\u00f5i nelja v\u00e4rvi l\u00f5nga kasutades. Antud skeemil on kasutatud selguse m\u00f5ttes kahte v\u00e4rvi. Selgete diagonaalide saamiseks peab k\u00f5gi k\u00f5lade asend olema sama, kusjuures konkreetne asend (kas S v\u00f5i Z) m\u00f5jutab vaid diagonaalide jooksmise suunda, mitte aga nende v\u00e4ljan\u00e4gemist. Piltidel vasakult paremale: 1 \u2013 k\u00f5igi k\u00f5lade asend on sama, k\u00f5lasid keeratakse pidevalt \u00fches suunas (valmis pael keerdub spiraali l\u00f5ngade keerdumise suunas); 2 \u2013 k\u00f5igi k\u00f5lade asend on sama, k\u00f5lasid keeratakse ts\u00fcklitena: 2 neljast ts\u00fcklit, 6 kahest ts\u00fcklit; 3 \u2013 k\u00f5lade asend vaheldub \u00fcle \u00fche, k\u00f5lade keeramise ts\u00fcklid samad, mis eelmise n\u00e4ite puhul.<\/p>\n\n\n\n<pre class=\"wp-block-verse\">* <a href=\"https:\/\/www.yrmegard.net\/treasury\/patterns\/gtt\/tw_basic_pattern_04_1.gtt\" target=\"_blank\" rel=\"noreferrer noopener\">Lae alla GTT muster<\/a>.\n* <a href=\"https:\/\/www.yrmegard.net\/treasury\/patterns\/pdf\/kolad-baasmuster-04-diagonaalid.pdf\" target=\"_blank\" rel=\"noreferrer noopener\">Lae alla muster ja juhised pdf formaadis<\/a>.<\/pre>\n<\/div>\n<\/div>\n\n\n\n<div class=\"wp-block-boldblocks-icon-separator\" style=\"--bb--margin-top--sm:var(--bb--margin-top--lg);--bb--margin-bottom--sm:var(--bb--margin-bottom--lg);--bb--margin-top--md:var(--bb--margin-top--lg);--bb--margin-bottom--md:var(--bb--margin-bottom--lg);--bb--margin-top--lg:var(--wp--preset--spacing--80);--bb--margin-bottom--lg:var(--wp--preset--spacing--80)\" role=\"separator\"><div class=\"wp-block-boldblocks-icon-separator__inner icon-center is-align-center\" style=\"--bb--width--sm:var(--bb--width--lg);--bb--width--md:var(--bb--width--lg);--bb--width--lg:50%;--bb-border:1px solid var(--wp--preset--color--cyan-bluish-gray, #abb8c3);--bb--icon-width:1em;--bb--icon-spacing:2em;--bb--icon-fill-color:var(--wp--preset--color--cyan-bluish-gray, #abb8c3);--bb--icon-stroke-color:var(--wp--preset--color--cyan-bluish-gray, #abb8c3)\"><svg xmlns=\"http:\/\/www.w3.org\/2000\/svg\" fill=\"currentColor\" class=\"bi bi-three-dots bb-icon bb-icon--three-dots\" viewBox=\"0 0 16 16\">\n  <path d=\"M3 9.5a1.5 1.5 0 1 1 0-3 1.5 1.5 0 0 1 0 3zm5 0a1.5 1.5 0 1 1 0-3 1.5 1.5 0 0 1 0 3zm5 0a1.5 1.5 0 1 1 0-3 1.5 1.5 0 0 1 0 3z\"><\/path>\n<\/svg><\/div><\/div>\n\n\n\n<h5 class=\"wp-block-heading\">Diagonaalid 2 x 2<\/h5>\n\n\n\n<div class=\"wp-block-columns is-layout-flex wp-container-core-columns-is-layout-9d6595d7 wp-block-columns-is-layout-flex\">\n<div class=\"wp-block-column is-layout-flow wp-block-column-is-layout-flow\" style=\"flex-basis:395px\">\n<div class=\"wp-block-columns is-not-stacked-on-mobile is-layout-flex wp-container-core-columns-is-layout-9d6595d7 wp-block-columns-is-layout-flex\">\n<div class=\"wp-block-column is-layout-flow wp-block-column-is-layout-flow\"><div class=\"wp-block-image\">\n<figure class=\"aligncenter size-full is-resized\"><img loading=\"lazy\" decoding=\"async\" src=\"https:\/\/yrmegard.net\/treasury\/wp-content\/uploads\/2023\/09\/tw_basic_pattern_04_draft2_1.gif\" alt=\"\" class=\"wp-image-7213\" style=\"object-fit:cover;width:120px;height:400px\" width=\"120\" height=\"400\"\/><\/figure>\n<\/div><\/div>\n\n\n\n<div class=\"wp-block-column is-layout-flow wp-block-column-is-layout-flow\"><div class=\"wp-block-image\">\n<figure class=\"aligncenter size-full is-resized\"><img loading=\"lazy\" decoding=\"async\" src=\"https:\/\/yrmegard.net\/treasury\/wp-content\/uploads\/2023\/09\/tw_basic_pattern_04_draft2_2.gif\" alt=\"\" class=\"wp-image-7214\" style=\"object-fit:cover;width:120px;height:400px\" width=\"120\" height=\"400\"\/><\/figure>\n<\/div><\/div>\n\n\n\n<div class=\"wp-block-column is-layout-flow wp-block-column-is-layout-flow\"><div class=\"wp-block-image\">\n<figure class=\"aligncenter size-full is-resized\"><img loading=\"lazy\" decoding=\"async\" src=\"https:\/\/yrmegard.net\/treasury\/wp-content\/uploads\/2023\/09\/tw_basic_pattern_04_draft2_3.gif\" alt=\"\" class=\"wp-image-7215\" style=\"object-fit:cover;width:120px;height:400px\" width=\"120\" height=\"400\"\/><\/figure>\n<\/div><\/div>\n<\/div>\n<\/div>\n\n\n\n<div class=\"wp-block-column is-layout-flow wp-block-column-is-layout-flow\">\n<p><strong>K\u00f5lade algasend<\/strong><\/p>\n\n\n\n<figure class=\"wp-block-image size-full threading\"><img loading=\"lazy\" decoding=\"async\" width=\"198\" height=\"125\" src=\"https:\/\/yrmegard.net\/treasury\/wp-content\/uploads\/2023\/09\/tw_basic_pattern_04_thread2.png\" alt=\"\" class=\"wp-image-7212\"\/><\/figure>\n\n\n\n<p>Laiad \u00fchelaiused diagonaale nimetatakse ka &#8220;egiptuse diagonaalideks&#8221;. Sellise rakenduse puhul on oluline mitte ainult k\u00f5igi k\u00f5lade sama asend, vaid ka k\u00f5lade asendi ning l\u00f5ngade asendi omavaheline kombinatsioon. Piltidel vasakult paremale: 1 &#8211; k\u00f5igi k\u00f5lade asend on sama (\/), k\u00f5lad on k\u00f5igepealt keeratud pidevalt samas suunas (14 rida), seej\u00e4rel 4 korda tagasi, 2 korda edasi, 2 korda tagasi; 2 &#8211; k\u00f5igi k\u00f5lade asend on sama (\\), k\u00f5lad on k\u00f5igepealt keeratud pidevalt samas suunas (12 rida), seej\u00e4rel neljaste ts\u00fcklitena (k\u00f5lade \u00f5ige asendi juures n\u00e4eb selline v\u00e4lja paela tagumine k\u00fclg); 3 &#8211; k\u00f5lade asend vaheldub \u00fcle \u00fche, k\u00f5lasid keeratakse pidevalt samas suunas.<\/p>\n\n\n\n<pre class=\"wp-block-verse\">* <a href=\"https:\/\/www.yrmegard.net\/treasury\/patterns\/gtt\/tw_basic_pattern_04_2.gtt\" target=\"_blank\" rel=\"noreferrer noopener\">Lae alla GTT muster<\/a>.\n* <a rel=\"noreferrer noopener\" href=\"https:\/\/www.yrmegard.net\/treasury\/patterns\/pdf\/kolad-baasmuster-04-diagonaalid.pdf\" target=\"_blank\">Lae alla muster ja juhised pdf formaadis<\/a>.<\/pre>\n<\/div>\n<\/div>\n\n\n\n<div class=\"wp-block-boldblocks-icon-separator\" style=\"--bb--margin-top--sm:var(--bb--margin-top--lg);--bb--margin-bottom--sm:var(--bb--margin-bottom--lg);--bb--margin-top--md:var(--bb--margin-top--lg);--bb--margin-bottom--md:var(--bb--margin-bottom--lg);--bb--margin-top--lg:var(--wp--preset--spacing--80);--bb--margin-bottom--lg:var(--wp--preset--spacing--80)\" role=\"separator\"><div class=\"wp-block-boldblocks-icon-separator__inner icon-center is-align-center\" style=\"--bb--width--sm:var(--bb--width--lg);--bb--width--md:var(--bb--width--lg);--bb--width--lg:50%;--bb-border:1px solid var(--wp--preset--color--cyan-bluish-gray, #abb8c3);--bb--icon-width:1em;--bb--icon-spacing:2em;--bb--icon-fill-color:var(--wp--preset--color--cyan-bluish-gray, #abb8c3);--bb--icon-stroke-color:var(--wp--preset--color--cyan-bluish-gray, #abb8c3)\"><svg xmlns=\"http:\/\/www.w3.org\/2000\/svg\" fill=\"currentColor\" class=\"bi bi-three-dots bb-icon bb-icon--three-dots\" viewBox=\"0 0 16 16\">\n  <path d=\"M3 9.5a1.5 1.5 0 1 1 0-3 1.5 1.5 0 0 1 0 3zm5 0a1.5 1.5 0 1 1 0-3 1.5 1.5 0 0 1 0 3zm5 0a1.5 1.5 0 1 1 0-3 1.5 1.5 0 0 1 0 3z\"><\/path>\n<\/svg><\/div><\/div>\n\n\n\n<h5 class=\"wp-block-heading\">Diagonaalid 1 x 3<\/h5>\n\n\n\n<div class=\"wp-block-columns is-layout-flex wp-container-core-columns-is-layout-9d6595d7 wp-block-columns-is-layout-flex\">\n<div class=\"wp-block-column is-layout-flow wp-block-column-is-layout-flow\" style=\"flex-basis:395px\">\n<div class=\"wp-block-columns is-not-stacked-on-mobile is-layout-flex wp-container-core-columns-is-layout-9d6595d7 wp-block-columns-is-layout-flex\">\n<div class=\"wp-block-column is-layout-flow wp-block-column-is-layout-flow\"><div class=\"wp-block-image\">\n<figure class=\"aligncenter size-full is-resized\"><img loading=\"lazy\" decoding=\"async\" src=\"https:\/\/yrmegard.net\/treasury\/wp-content\/uploads\/2023\/09\/tw_basic_pattern_04_draft3_1.gif\" alt=\"\" class=\"wp-image-7217\" style=\"object-fit:cover;width:120px;height:400px\" width=\"120\" height=\"400\"\/><\/figure>\n<\/div><\/div>\n\n\n\n<div class=\"wp-block-column is-layout-flow wp-block-column-is-layout-flow\"><div class=\"wp-block-image\">\n<figure class=\"aligncenter size-full is-resized\"><img loading=\"lazy\" decoding=\"async\" src=\"https:\/\/yrmegard.net\/treasury\/wp-content\/uploads\/2023\/09\/tw_basic_pattern_04_draft3_2.gif\" alt=\"\" class=\"wp-image-7218\" style=\"object-fit:cover;width:120px;height:400px\" width=\"120\" height=\"400\"\/><\/figure>\n<\/div><\/div>\n\n\n\n<div class=\"wp-block-column is-layout-flow wp-block-column-is-layout-flow\"><div class=\"wp-block-image\">\n<figure class=\"aligncenter size-full is-resized\"><img loading=\"lazy\" decoding=\"async\" src=\"https:\/\/yrmegard.net\/treasury\/wp-content\/uploads\/2023\/09\/tw_basic_pattern_04_draft3_3.gif\" alt=\"\" class=\"wp-image-7219\" style=\"object-fit:cover;width:120px;height:400px\" width=\"120\" height=\"400\"\/><\/figure>\n<\/div><\/div>\n<\/div>\n<\/div>\n\n\n\n<div class=\"wp-block-column is-layout-flow wp-block-column-is-layout-flow\">\n<p><strong>K\u00f5lade algasend<\/strong><\/p>\n\n\n\n<figure class=\"wp-block-image size-full threading\"><img loading=\"lazy\" decoding=\"async\" width=\"198\" height=\"125\" src=\"https:\/\/yrmegard.net\/treasury\/wp-content\/uploads\/2023\/09\/tw_basic_pattern_04_thread3.png\" alt=\"\" class=\"wp-image-7216\"\/><\/figure>\n\n\n\n<p>Erineva laiusega diagonaalid, nagu ka laiad \u00fchesugused diagonaalid, n\u00f5uavad konkreetset k\u00f5lade asendit, vastasel juhul selgeid diagonaale ei teki. Piltidel vasakult paremale: 1 &#8211; k\u00f5igi k\u00f5lade asend on sama (\/), k\u00f5lad on k\u00f5igepealt keeratud pidevalt samas suunas (12 rida), seej\u00e4rel 4 korda tagasi, 2 korda edasi, 2 korda tagasi, 2 korda edasi; 2 &#8211; k\u00f5igi k\u00f5lade asend on sama (\\), k\u00f5lade keeramise ts\u00fcklid samad nagu eelmisel n\u00e4itel (k\u00f5lade \u00f5ige asendi juures n\u00e4eb selline v\u00e4lja paela tagumine k\u00fclg); 3 &#8211; k\u00f5lade asend vaheldub \u00fcle \u00fche, k\u00f5lade keeramise ts\u00fckkel sama.<\/p>\n\n\n\n<pre class=\"wp-block-verse\">* <a href=\"https:\/\/www.yrmegard.net\/treasury\/patterns\/gtt\/tw_basic_pattern_04_3.gtt\" target=\"_blank\" rel=\"noreferrer noopener\">Lae alla GTT muster<\/a>.\n* <a rel=\"noreferrer noopener\" href=\"https:\/\/www.yrmegard.net\/treasury\/patterns\/pdf\/kolad-baasmuster-04-diagonaalid.pdf\" target=\"_blank\">Lae alla muster ja juhised pdf formaadis<\/a>.<\/pre>\n<\/div>\n<\/div>\n","protected":false},"excerpt":{"rendered":"<p>Diagonaalid 1 x 1 K\u00f5lade algasend Kitsaid diagonaale saab kududa kahe, kolme v\u00f5i nelja v\u00e4rvi l\u00f5nga kasutades. Antud skeemil on kasutatud selguse m\u00f5ttes kahte v\u00e4rvi. Selgete diagonaalide saamiseks peab k\u00f5gi k\u00f5lade asend olema sama, kusjuures konkreetne asend (kas S v\u00f5i Z) m\u00f5jutab vaid diagonaalide jooksmise&nbsp;<a class=\"read-more\" href=\"https:\/\/yrmegard.net\/treasury\/et\/mustrid\/kolad-baasmuster-04-diagonaalid\/\">&hellip;<\/a><\/p>\n","protected":false},"author":2,"featured_media":7221,"parent":3207,"menu_order":4,"comment_status":"closed","ping_status":"closed","template":"template-full.php","meta":{"_vp_format_video_url":"","_vp_image_focal_point":[],"footnotes":""},"class_list":["post-3242","page","type-page","status-publish","has-post-thumbnail","hentry"],"_links":{"self":[{"href":"https:\/\/yrmegard.net\/treasury\/wp-json\/wp\/v2\/pages\/3242","targetHints":{"allow":["GET"]}}],"collection":[{"href":"https:\/\/yrmegard.net\/treasury\/wp-json\/wp\/v2\/pages"}],"about":[{"href":"https:\/\/yrmegard.net\/treasury\/wp-json\/wp\/v2\/types\/page"}],"author":[{"embeddable":true,"href":"https:\/\/yrmegard.net\/treasury\/wp-json\/wp\/v2\/users\/2"}],"replies":[{"embeddable":true,"href":"https:\/\/yrmegard.net\/treasury\/wp-json\/wp\/v2\/comments?post=3242"}],"version-history":[{"count":3,"href":"https:\/\/yrmegard.net\/treasury\/wp-json\/wp\/v2\/pages\/3242\/revisions"}],"predecessor-version":[{"id":7288,"href":"https:\/\/yrmegard.net\/treasury\/wp-json\/wp\/v2\/pages\/3242\/revisions\/7288"}],"up":[{"embeddable":true,"href":"https:\/\/yrmegard.net\/treasury\/wp-json\/wp\/v2\/pages\/3207"}],"wp:featuredmedia":[{"embeddable":true,"href":"https:\/\/yrmegard.net\/treasury\/wp-json\/wp\/v2\/media\/7221"}],"wp:attachment":[{"href":"https:\/\/yrmegard.net\/treasury\/wp-json\/wp\/v2\/media?parent=3242"}],"curies":[{"name":"wp","href":"https:\/\/api.w.org\/{rel}","templated":true}]}}