{"id":3235,"date":"2020-09-22T14:37:39","date_gmt":"2020-09-22T11:37:39","guid":{"rendered":"http:\/\/yrmegard.net\/cms\/?page_id=3235"},"modified":"2023-09-22T21:25:12","modified_gmt":"2023-09-22T18:25:12","slug":"kolad-baasmuster-03-maleruut","status":"publish","type":"page","link":"https:\/\/yrmegard.net\/treasury\/et\/mustrid\/kolad-baasmuster-03-maleruut\/","title":{"rendered":"K\u00f5ladega kudumine. Baasmuster: maleruut"},"content":{"rendered":"\n<div class=\"wp-block-columns is-layout-flex wp-container-core-columns-is-layout-9d6595d7 wp-block-columns-is-layout-flex\">\n<div class=\"wp-block-column is-layout-flow wp-block-column-is-layout-flow\" style=\"flex-basis:395px\">\n<div class=\"wp-block-columns is-not-stacked-on-mobile is-layout-flex wp-container-core-columns-is-layout-9d6595d7 wp-block-columns-is-layout-flex\">\n<div class=\"wp-block-column is-layout-flow wp-block-column-is-layout-flow\"><div class=\"wp-block-image\">\n<figure class=\"aligncenter size-full is-resized\"><img loading=\"lazy\" decoding=\"async\" src=\"https:\/\/yrmegard.net\/treasury\/wp-content\/uploads\/2023\/09\/tw_basic_pattern_03_draft1.gif\" alt=\"\" class=\"wp-image-7193\" style=\"object-fit:cover;width:120px;height:400px\" width=\"120\" height=\"400\"\/><\/figure>\n<\/div><\/div>\n\n\n\n<div class=\"wp-block-column is-layout-flow wp-block-column-is-layout-flow\"><div class=\"wp-block-image\">\n<figure class=\"aligncenter size-full is-resized\"><img loading=\"lazy\" decoding=\"async\" src=\"https:\/\/yrmegard.net\/treasury\/wp-content\/uploads\/2023\/09\/tw_basic_pattern_03_draft2.gif\" alt=\"\" class=\"wp-image-7194\" style=\"object-fit:cover;width:120px;height:400px\" width=\"120\" height=\"400\"\/><\/figure>\n<\/div><\/div>\n\n\n\n<div class=\"wp-block-column is-layout-flow wp-block-column-is-layout-flow\"><div class=\"wp-block-image\">\n<figure class=\"aligncenter size-full is-resized\"><img loading=\"lazy\" decoding=\"async\" src=\"https:\/\/yrmegard.net\/treasury\/wp-content\/uploads\/2023\/09\/tw_basic_pattern_03_draft3.gif\" alt=\"\" class=\"wp-image-7195\" style=\"object-fit:cover;width:120px;height:400px\" width=\"120\" height=\"400\"\/><\/figure>\n<\/div><\/div>\n<\/div>\n<\/div>\n\n\n\n<div class=\"wp-block-column is-layout-flow wp-block-column-is-layout-flow\">\n<p><strong>K\u00f5lade algasend<\/strong><\/p>\n\n\n\n<figure class=\"wp-block-image size-full threading\"><img loading=\"lazy\" decoding=\"async\" width=\"198\" height=\"125\" src=\"https:\/\/yrmegard.net\/treasury\/wp-content\/uploads\/2023\/09\/tw_basic_pattern_03_thread.png\" alt=\"\" class=\"wp-image-7192\"\/><\/figure>\n\n\n\n<p>See rakendus on 2\u00d72 rakenduse variatsioon, mida kasutatakse nii samalaiuste ristitriipude, kui ka kahepoolse paela kudumiseks. Antud juhul on k\u00f5lade paarid k\u00f5rvalasuvate paaride suhtes poole ringi v\u00f5rra nihkes. Keerates k\u00f5lasid kaheste ts\u00fcklitena (2 korda edasi, 2 korda tagasi) saab t\u00e4nu sellele pikitriipe, mille v\u00e4rv on paela kummaltki poolt erinev (samal ajal kui <a href=\"https:\/\/yrmegard.net\/treasury\/et\/mustrid\/kolad-baasmuster-01-pikitriibud\/\" data-type=\"page\" data-id=\"3219\">tavaliste pikitriipude<\/a> v\u00e4rv on paela m\u00f5lemal poolel sama). Piltidel vasakult paremale: 1 \u2013 k\u00f5lade asend vaheldub \u00fcle \u00fche, k\u00f5lasid keeratakse pidevalt \u00fches suunas; 2 \u2013 k\u00f5lade asend vaheldub \u00fcle \u00fche, k\u00f5lasid keeratakse 4 korda edasi, 4 korda tagasi; 3 \u2013 k\u00f5lade asend vaheldub \u00fcle \u00fche, k\u00f5lasid keeratakse 3 korda edasi, 3 korda tagasi, ts\u00fckkel A-B-C.<\/p>\n\n\n\n<pre class=\"wp-block-verse\">* <a href=\"https:\/\/www.yrmegard.net\/treasury\/patterns\/gtt\/tw_basic_pattern_03.gtt\" target=\"_blank\" rel=\"noreferrer noopener\">Lae alla GTT muster<\/a>.\n* <a href=\"https:\/\/www.yrmegard.net\/treasury\/patterns\/pdf\/kolad-baasmuster-03-maleruut.pdf\" target=\"_blank\" rel=\"noreferrer noopener\">Lae alla muster ja juhised pdf formaadis<\/a>.<\/pre>\n<\/div>\n<\/div>\n","protected":false},"excerpt":{"rendered":"<p>K\u00f5lade algasend See rakendus on 2\u00d72 rakenduse variatsioon, mida kasutatakse nii samalaiuste ristitriipude, kui ka kahepoolse paela kudumiseks. Antud juhul on k\u00f5lade paarid k\u00f5rvalasuvate paaride suhtes poole ringi v\u00f5rra nihkes. Keerates k\u00f5lasid kaheste ts\u00fcklitena (2 korda edasi, 2 korda tagasi) saab t\u00e4nu sellele pikitriipe, mille&nbsp;<a class=\"read-more\" href=\"https:\/\/yrmegard.net\/treasury\/et\/mustrid\/kolad-baasmuster-03-maleruut\/\">&hellip;<\/a><\/p>\n","protected":false},"author":2,"featured_media":7196,"parent":3207,"menu_order":3,"comment_status":"closed","ping_status":"closed","template":"template-full.php","meta":{"_vp_format_video_url":"","_vp_image_focal_point":[],"footnotes":""},"class_list":["post-3235","page","type-page","status-publish","has-post-thumbnail","hentry"],"_links":{"self":[{"href":"https:\/\/yrmegard.net\/treasury\/wp-json\/wp\/v2\/pages\/3235","targetHints":{"allow":["GET"]}}],"collection":[{"href":"https:\/\/yrmegard.net\/treasury\/wp-json\/wp\/v2\/pages"}],"about":[{"href":"https:\/\/yrmegard.net\/treasury\/wp-json\/wp\/v2\/types\/page"}],"author":[{"embeddable":true,"href":"https:\/\/yrmegard.net\/treasury\/wp-json\/wp\/v2\/users\/2"}],"replies":[{"embeddable":true,"href":"https:\/\/yrmegard.net\/treasury\/wp-json\/wp\/v2\/comments?post=3235"}],"version-history":[{"count":3,"href":"https:\/\/yrmegard.net\/treasury\/wp-json\/wp\/v2\/pages\/3235\/revisions"}],"predecessor-version":[{"id":7285,"href":"https:\/\/yrmegard.net\/treasury\/wp-json\/wp\/v2\/pages\/3235\/revisions\/7285"}],"up":[{"embeddable":true,"href":"https:\/\/yrmegard.net\/treasury\/wp-json\/wp\/v2\/pages\/3207"}],"wp:featuredmedia":[{"embeddable":true,"href":"https:\/\/yrmegard.net\/treasury\/wp-json\/wp\/v2\/media\/7196"}],"wp:attachment":[{"href":"https:\/\/yrmegard.net\/treasury\/wp-json\/wp\/v2\/media?parent=3235"}],"curies":[{"name":"wp","href":"https:\/\/api.w.org\/{rel}","templated":true}]}}