{"id":3225,"date":"2020-05-25T10:53:21","date_gmt":"2020-05-25T07:53:21","guid":{"rendered":"http:\/\/yrmegard.net\/cms\/?page_id=3225"},"modified":"2023-09-22T21:24:21","modified_gmt":"2023-09-22T18:24:21","slug":"kolad-baasmuster-02-ristitriibud","status":"publish","type":"page","link":"https:\/\/yrmegard.net\/treasury\/et\/mustrid\/kolad-baasmuster-02-ristitriibud\/","title":{"rendered":"K\u00f5ladega kudumine. Baasmuster: ristitriibud"},"content":{"rendered":"\n<h5 class=\"wp-block-heading\">Ristitriibud 1 x 1<\/h5>\n\n\n\n<div class=\"wp-block-columns is-layout-flex wp-container-core-columns-is-layout-9d6595d7 wp-block-columns-is-layout-flex\">\n<div class=\"wp-block-column is-layout-flow wp-block-column-is-layout-flow\" style=\"flex-basis:395px\">\n<div class=\"wp-block-columns is-not-stacked-on-mobile is-layout-flex wp-container-core-columns-is-layout-9d6595d7 wp-block-columns-is-layout-flex\">\n<div class=\"wp-block-column is-layout-flow wp-block-column-is-layout-flow\"><div class=\"wp-block-image\">\n<figure class=\"aligncenter size-full is-resized\"><img loading=\"lazy\" decoding=\"async\" src=\"https:\/\/yrmegard.net\/treasury\/wp-content\/uploads\/2023\/09\/tw_basic_pattern_02_draft1_1.gif\" alt=\"\" class=\"wp-image-7162\" style=\"object-fit:cover;width:120px;height:400px\" width=\"120\" height=\"400\"\/><\/figure>\n<\/div><\/div>\n\n\n\n<div class=\"wp-block-column is-layout-flow wp-block-column-is-layout-flow\"><div class=\"wp-block-image\">\n<figure class=\"aligncenter size-full is-resized\"><img loading=\"lazy\" decoding=\"async\" src=\"https:\/\/yrmegard.net\/treasury\/wp-content\/uploads\/2023\/09\/tw_basic_pattern_02_draft1_2.gif\" alt=\"\" class=\"wp-image-7163\" style=\"object-fit:cover;width:120px;height:400px\" width=\"120\" height=\"400\"\/><\/figure>\n<\/div><\/div>\n\n\n\n<div class=\"wp-block-column is-layout-flow wp-block-column-is-layout-flow\"><div class=\"wp-block-image\">\n<figure class=\"aligncenter size-full is-resized\"><img loading=\"lazy\" decoding=\"async\" src=\"https:\/\/yrmegard.net\/treasury\/wp-content\/uploads\/2023\/09\/tw_basic_pattern_02_draft1_3.gif\" alt=\"\" class=\"wp-image-7164\" style=\"object-fit:cover;width:120px;height:400px\" width=\"120\" height=\"400\"\/><\/figure>\n<\/div><\/div>\n<\/div>\n<\/div>\n\n\n\n<div class=\"wp-block-column is-layout-flow wp-block-column-is-layout-flow\">\n<p><strong>K\u00f5lade algasend<\/strong><\/p>\n\n\n\n<figure class=\"wp-block-image size-full threading\"><img loading=\"lazy\" decoding=\"async\" width=\"198\" height=\"125\" src=\"https:\/\/yrmegard.net\/treasury\/wp-content\/uploads\/2023\/09\/tw_basic_pattern_02_thread.png\" alt=\"\" class=\"wp-image-7161\"\/><\/figure>\n\n\n\n<p>Kitsaid ristitriipe saab kududa kahe, kolme v\u00f5i nelja v\u00e4rvi l\u00f5ngu kasutades. Antud skeemil on kasutatud selguse m\u00f5ttes kahte v\u00e4rvi. Triipude laius s\u00f5ltub kudumise tehnikast. K\u00f5lade keeramisel \u00fches suunas saab kitsaid triipe, laiemaid triipe saab r\u00fctmiliselt k\u00f5lade keeramise suunda muutes. Seejuures tuleb meeles pidada, et sellise l\u00f5ngade asendi juures k\u00f5lades on triipude optimaalne laius kaks, maksimum kolm rida, pikemad \u00fclejooksud v\u00f5ivad j\u00e4\u00e4da liiga l\u00f5dvaks. Piltidel vasakult paremale: 1 \u2013 k\u00f5lade asend vaheldub \u00fcle \u00fche, k\u00f5lasid keeratakse pidevalt \u00fches suunas; 2 \u2013 k\u00f5lade asend vaheldub \u00fcle \u00fche, k\u00f5lasid keeratakse 4 korda edasi, 4 korda tagasi; 3 \u2013 k\u00f5igi k\u00f5lade asend on sama, k\u00f5lasid keeratakse 2 korda edasi, 2 korda tagasi.<\/p>\n\n\n\n<pre class=\"wp-block-verse\">* <a href=\"https:\/\/www.yrmegard.net\/treasury\/patterns\/gtt\/tw_basic_pattern_02_1.gtt\" target=\"_blank\" rel=\"noreferrer noopener\">Lae alla GTT muster<\/a>.\n* <a href=\"https:\/\/www.yrmegard.net\/treasury\/patterns\/pdf\/kolad-baasmuster-02-ristitriibud.pdf\" target=\"_blank\" rel=\"noreferrer noopener\">Lae alla muster ja juhised pdf formaadis<\/a>.<\/pre>\n<\/div>\n<\/div>\n\n\n\n<div class=\"wp-block-boldblocks-icon-separator\" style=\"--bb--margin-top--sm:var(--bb--margin-top--lg);--bb--margin-bottom--sm:var(--bb--margin-bottom--lg);--bb--margin-top--md:var(--bb--margin-top--lg);--bb--margin-bottom--md:var(--bb--margin-bottom--lg);--bb--margin-top--lg:var(--wp--preset--spacing--80);--bb--margin-bottom--lg:var(--wp--preset--spacing--80)\" role=\"separator\"><div class=\"wp-block-boldblocks-icon-separator__inner icon-center is-align-center\" style=\"--bb--width--sm:var(--bb--width--lg);--bb--width--md:var(--bb--width--lg);--bb--width--lg:50%;--bb-border:1px solid var(--wp--preset--color--cyan-bluish-gray, #abb8c3);--bb--icon-width:1em;--bb--icon-spacing:2em;--bb--icon-fill-color:var(--wp--preset--color--cyan-bluish-gray, #abb8c3);--bb--icon-stroke-color:var(--wp--preset--color--cyan-bluish-gray, #abb8c3)\"><svg xmlns=\"http:\/\/www.w3.org\/2000\/svg\" fill=\"currentColor\" class=\"bi bi-three-dots bb-icon bb-icon--three-dots\" viewBox=\"0 0 16 16\">\n  <path d=\"M3 9.5a1.5 1.5 0 1 1 0-3 1.5 1.5 0 0 1 0 3zm5 0a1.5 1.5 0 1 1 0-3 1.5 1.5 0 0 1 0 3zm5 0a1.5 1.5 0 1 1 0-3 1.5 1.5 0 0 1 0 3z\"><\/path>\n<\/svg><\/div><\/div>\n\n\n\n<h5 class=\"wp-block-heading\">Ristitriibud 2 x 2<\/h5>\n\n\n\n<div class=\"wp-block-columns is-layout-flex wp-container-core-columns-is-layout-9d6595d7 wp-block-columns-is-layout-flex\">\n<div class=\"wp-block-column is-layout-flow wp-block-column-is-layout-flow\" style=\"flex-basis:395px\">\n<div class=\"wp-block-columns is-not-stacked-on-mobile is-layout-flex wp-container-core-columns-is-layout-9d6595d7 wp-block-columns-is-layout-flex\">\n<div class=\"wp-block-column is-layout-flow wp-block-column-is-layout-flow\"><div class=\"wp-block-image\">\n<figure class=\"aligncenter size-full is-resized\"><img loading=\"lazy\" decoding=\"async\" src=\"https:\/\/yrmegard.net\/treasury\/wp-content\/uploads\/2023\/09\/tw_basic_pattern_02_draft2_1.gif\" alt=\"\" class=\"wp-image-7168\" style=\"object-fit:cover;width:120px;height:400px\" width=\"120\" height=\"400\"\/><\/figure>\n<\/div><\/div>\n\n\n\n<div class=\"wp-block-column is-layout-flow wp-block-column-is-layout-flow\"><div class=\"wp-block-image\">\n<figure class=\"aligncenter size-full is-resized\"><img loading=\"lazy\" decoding=\"async\" src=\"https:\/\/yrmegard.net\/treasury\/wp-content\/uploads\/2023\/09\/tw_basic_pattern_02_draft2_2.gif\" alt=\"\" class=\"wp-image-7169\" style=\"object-fit:cover;width:120px;height:400px\" width=\"120\" height=\"400\"\/><\/figure>\n<\/div><\/div>\n\n\n\n<div class=\"wp-block-column is-layout-flow wp-block-column-is-layout-flow\"><div class=\"wp-block-image\">\n<figure class=\"aligncenter size-full is-resized\"><img loading=\"lazy\" decoding=\"async\" src=\"https:\/\/yrmegard.net\/treasury\/wp-content\/uploads\/2023\/09\/tw_basic_pattern_02_draft2_3.gif\" alt=\"\" class=\"wp-image-7170\" style=\"object-fit:cover;width:120px;height:400px\" width=\"120\" height=\"400\"\/><\/figure>\n<\/div><\/div>\n<\/div>\n<\/div>\n\n\n\n<div class=\"wp-block-column is-layout-flow wp-block-column-is-layout-flow\">\n<p><strong>K\u00f5lade algasend<\/strong><\/p>\n\n\n\n<figure class=\"wp-block-image size-full threading\"><img loading=\"lazy\" decoding=\"async\" width=\"198\" height=\"125\" src=\"https:\/\/yrmegard.net\/treasury\/wp-content\/uploads\/2023\/09\/tw_basic_pattern_02_thread2.png\" alt=\"\" class=\"wp-image-7167\"\/><\/figure>\n\n\n\n<p>Laiad \u00fchelaiused triibud tulevad selle rakenduse puhul k\u00f5lasid \u00fches suunas keerates. Kui keerata k\u00f5lasid neljaste ts\u00fcklitena, saab triipude laiust kahekordistada, ning m\u00e4ngides paarisarvuliste ts\u00fcklitega saab triipude laiusega l\u00f5pmatuseni m\u00e4ngida. Just seda viimast tehnikat kasutades saab paela, mille \u00fcks k\u00fclg on \u00fchte, teine teist v\u00e4rvi \u2013 see on kahepoolse tehnika alusp\u00f5hi. Piltidel vasakult paremale: 1 \u2013 k\u00f5lade asend vaheldub \u00fcle \u00fche, k\u00f5lasid keeratakse pidevalt \u00fches suunas; 2 \u2013 k\u00f5lade asend vaheldub \u00fcle \u00fche, k\u00f5lasid keeratakse 4 korda edasi, 4 korda tagasi; 3 \u2013 k\u00f5igi k\u00f5lade asend on sama, k\u00f5lasid keeratakse suvaliste ts\u00fcklitena.<\/p>\n\n\n\n<pre class=\"wp-block-verse\">* <a href=\"https:\/\/www.yrmegard.net\/treasury\/patterns\/gtt\/tw_basic_pattern_02_2.gtt\" target=\"_blank\" rel=\"noreferrer noopener\">Lae alla GTT muster<\/a>.\n* <a rel=\"noreferrer noopener\" href=\"https:\/\/www.yrmegard.net\/treasury\/patterns\/pdf\/kolad-baasmuster-02-ristitriibud.pdf\" target=\"_blank\">Lae alla muster ja juhised pdf formaadis<\/a>.<\/pre>\n<\/div>\n<\/div>\n\n\n\n<div class=\"wp-block-boldblocks-icon-separator\" style=\"--bb--margin-top--sm:var(--bb--margin-top--lg);--bb--margin-bottom--sm:var(--bb--margin-bottom--lg);--bb--margin-top--md:var(--bb--margin-top--lg);--bb--margin-bottom--md:var(--bb--margin-bottom--lg);--bb--margin-top--lg:var(--wp--preset--spacing--80);--bb--margin-bottom--lg:var(--wp--preset--spacing--80)\" role=\"separator\"><div class=\"wp-block-boldblocks-icon-separator__inner icon-center is-align-center\" style=\"--bb--width--sm:var(--bb--width--lg);--bb--width--md:var(--bb--width--lg);--bb--width--lg:50%;--bb-border:1px solid var(--wp--preset--color--cyan-bluish-gray, #abb8c3);--bb--icon-width:1em;--bb--icon-spacing:2em;--bb--icon-fill-color:var(--wp--preset--color--cyan-bluish-gray, #abb8c3);--bb--icon-stroke-color:var(--wp--preset--color--cyan-bluish-gray, #abb8c3)\"><svg xmlns=\"http:\/\/www.w3.org\/2000\/svg\" fill=\"currentColor\" class=\"bi bi-three-dots bb-icon bb-icon--three-dots\" viewBox=\"0 0 16 16\">\n  <path d=\"M3 9.5a1.5 1.5 0 1 1 0-3 1.5 1.5 0 0 1 0 3zm5 0a1.5 1.5 0 1 1 0-3 1.5 1.5 0 0 1 0 3zm5 0a1.5 1.5 0 1 1 0-3 1.5 1.5 0 0 1 0 3z\"><\/path>\n<\/svg><\/div><\/div>\n\n\n\n<h5 class=\"wp-block-heading\">Ristitriibud 1 x 3<\/h5>\n\n\n\n<div class=\"wp-block-columns is-layout-flex wp-container-core-columns-is-layout-9d6595d7 wp-block-columns-is-layout-flex\">\n<div class=\"wp-block-column is-layout-flow wp-block-column-is-layout-flow\" style=\"flex-basis:395px\">\n<div class=\"wp-block-columns is-not-stacked-on-mobile is-layout-flex wp-container-core-columns-is-layout-9d6595d7 wp-block-columns-is-layout-flex\">\n<div class=\"wp-block-column is-layout-flow wp-block-column-is-layout-flow\"><div class=\"wp-block-image\">\n<figure class=\"aligncenter size-full is-resized\"><img loading=\"lazy\" decoding=\"async\" src=\"https:\/\/yrmegard.net\/treasury\/wp-content\/uploads\/2023\/09\/tw_basic_pattern_02_draft3_1.gif\" alt=\"\" class=\"wp-image-7174\" style=\"object-fit:cover;width:120px;height:450px\" width=\"120\" height=\"450\"\/><\/figure>\n<\/div><\/div>\n\n\n\n<div class=\"wp-block-column is-layout-flow wp-block-column-is-layout-flow\"><div class=\"wp-block-image\">\n<figure class=\"aligncenter size-full is-resized\"><img loading=\"lazy\" decoding=\"async\" src=\"https:\/\/yrmegard.net\/treasury\/wp-content\/uploads\/2023\/09\/tw_basic_pattern_02_draft3_2.gif\" alt=\"\" class=\"wp-image-7175\" style=\"object-fit:cover;width:120px;height:230px\" width=\"120\" height=\"230\"\/><\/figure>\n<\/div>\n\n\n<div style=\"height:5px\" aria-hidden=\"true\" class=\"wp-block-spacer\"><\/div>\n\n\n\n<figure class=\"wp-block-image size-full is-resized\"><img loading=\"lazy\" decoding=\"async\" src=\"https:\/\/yrmegard.net\/treasury\/wp-content\/uploads\/2023\/09\/tw_basic_pattern_02_draft3_3.gif\" alt=\"\" class=\"wp-image-7177\" style=\"object-fit:cover;width:120px;height:230px\" width=\"120\" height=\"230\"\/><\/figure>\n<\/div>\n\n\n\n<div class=\"wp-block-column is-layout-flow wp-block-column-is-layout-flow\"><div class=\"wp-block-image\">\n<figure class=\"aligncenter size-full is-resized\"><img loading=\"lazy\" decoding=\"async\" src=\"https:\/\/yrmegard.net\/treasury\/wp-content\/uploads\/2023\/09\/tw_basic_pattern_02_draft3_4.gif\" alt=\"\" class=\"wp-image-7176\" style=\"object-fit:cover;width:120px;height:450px\" width=\"120\" height=\"450\"\/><\/figure>\n<\/div><\/div>\n<\/div>\n<\/div>\n\n\n\n<div class=\"wp-block-column is-layout-flow wp-block-column-is-layout-flow\">\n<p><strong>K\u00f5lade algasend<\/strong><\/p>\n\n\n\n<figure class=\"wp-block-image size-full threading\"><img loading=\"lazy\" decoding=\"async\" width=\"198\" height=\"125\" src=\"https:\/\/yrmegard.net\/treasury\/wp-content\/uploads\/2023\/09\/tw_basic_pattern_02_thread3.png\" alt=\"\" class=\"wp-image-7173\"\/><\/figure>\n\n\n\n<p>Antud rakendus annab v\u00f5imaluse luua l\u00f5pmatult erinevaid variantsioone s\u00f5ltuvalt k\u00f5lade keeramise ts\u00fcklitest. Kitsama triibu laius ei tohiks olla \u00fcle 3 rea, kuna pikem \u00fclejooks j\u00e4\u00e4b liiga l\u00f5dvaks. Laiema triibu laiusega v\u00f5ib m\u00e4ngida piiramatult. Piltidel vasakult paremale: 1 &#8211; k\u00f5lade asend vaheldub \u00fcle \u00fche, k\u00f5lasid keeratakse pidevalt \u00fches suunas; 2 &#8211; k\u00f5lade asend vaheldub \u00fcle \u00fche, k\u00f5lasid keeratakse 4 korda edasi, 4 korda tagasi, ts\u00fckkel A-B-C-D; 3 &#8211; k\u00f5lade asend vaheldub \u00fcle \u00fche, k\u00f5lasid keeratakse 4 korda edasi, 4 korda tagasi, ts\u00fckkel C-D-A-B; 4 &#8211; k\u00f5igi k\u00f5lade asend on sama, k\u00f5lasid keeratakse 2 korda edasi, 2 korda tagasi, ts\u00fckkel D-A-A-D.<\/p>\n\n\n\n<pre class=\"wp-block-verse\">* <a href=\"https:\/\/www.yrmegard.net\/treasury\/patterns\/gtt\/tw_basic_pattern_02_3.gtt\" target=\"_blank\" rel=\"noreferrer noopener\">Lae alla GTT muster<\/a>.\n* <a rel=\"noreferrer noopener\" href=\"https:\/\/www.yrmegard.net\/treasury\/patterns\/pdf\/kolad-baasmuster-02-ristitriibud.pdf\" target=\"_blank\">Lae alla muster ja juhised pdf formaadis<\/a>.<\/pre>\n<\/div>\n<\/div>\n","protected":false},"excerpt":{"rendered":"<p>Ristitriibud 1 x 1 K\u00f5lade algasend Kitsaid ristitriipe saab kududa kahe, kolme v\u00f5i nelja v\u00e4rvi l\u00f5ngu kasutades. Antud skeemil on kasutatud selguse m\u00f5ttes kahte v\u00e4rvi. Triipude laius s\u00f5ltub kudumise tehnikast. K\u00f5lade keeramisel \u00fches suunas saab kitsaid triipe, laiemaid triipe saab r\u00fctmiliselt k\u00f5lade keeramise suunda muutes.&nbsp;<a class=\"read-more\" href=\"https:\/\/yrmegard.net\/treasury\/et\/mustrid\/kolad-baasmuster-02-ristitriibud\/\">&hellip;<\/a><\/p>\n","protected":false},"author":2,"featured_media":7165,"parent":3207,"menu_order":2,"comment_status":"closed","ping_status":"closed","template":"template-full.php","meta":{"_vp_format_video_url":"","_vp_image_focal_point":[],"footnotes":""},"class_list":["post-3225","page","type-page","status-publish","has-post-thumbnail","hentry"],"_links":{"self":[{"href":"https:\/\/yrmegard.net\/treasury\/wp-json\/wp\/v2\/pages\/3225","targetHints":{"allow":["GET"]}}],"collection":[{"href":"https:\/\/yrmegard.net\/treasury\/wp-json\/wp\/v2\/pages"}],"about":[{"href":"https:\/\/yrmegard.net\/treasury\/wp-json\/wp\/v2\/types\/page"}],"author":[{"embeddable":true,"href":"https:\/\/yrmegard.net\/treasury\/wp-json\/wp\/v2\/users\/2"}],"replies":[{"embeddable":true,"href":"https:\/\/yrmegard.net\/treasury\/wp-json\/wp\/v2\/comments?post=3225"}],"version-history":[{"count":4,"href":"https:\/\/yrmegard.net\/treasury\/wp-json\/wp\/v2\/pages\/3225\/revisions"}],"predecessor-version":[{"id":7282,"href":"https:\/\/yrmegard.net\/treasury\/wp-json\/wp\/v2\/pages\/3225\/revisions\/7282"}],"up":[{"embeddable":true,"href":"https:\/\/yrmegard.net\/treasury\/wp-json\/wp\/v2\/pages\/3207"}],"wp:featuredmedia":[{"embeddable":true,"href":"https:\/\/yrmegard.net\/treasury\/wp-json\/wp\/v2\/media\/7165"}],"wp:attachment":[{"href":"https:\/\/yrmegard.net\/treasury\/wp-json\/wp\/v2\/media?parent=3225"}],"curies":[{"name":"wp","href":"https:\/\/api.w.org\/{rel}","templated":true}]}}