{"id":3219,"date":"2020-05-20T08:10:21","date_gmt":"2020-05-20T05:10:21","guid":{"rendered":"http:\/\/yrmegard.net\/cms\/?page_id=3219"},"modified":"2023-09-22T21:23:05","modified_gmt":"2023-09-22T18:23:05","slug":"kolad-baasmuster-01-pikitriibud","status":"publish","type":"page","link":"https:\/\/yrmegard.net\/treasury\/et\/mustrid\/kolad-baasmuster-01-pikitriibud\/","title":{"rendered":"K\u00f5ladega kudumine. Baasmuster: pikitriibud"},"content":{"rendered":"\n<div class=\"wp-block-columns is-layout-flex wp-container-core-columns-is-layout-9d6595d7 wp-block-columns-is-layout-flex\">\n<div class=\"wp-block-column is-layout-flow wp-block-column-is-layout-flow\" style=\"flex-basis:395px\">\n<div class=\"wp-block-columns is-not-stacked-on-mobile is-layout-flex wp-container-core-columns-is-layout-9d6595d7 wp-block-columns-is-layout-flex\">\n<div class=\"wp-block-column is-layout-flow wp-block-column-is-layout-flow\"><div class=\"wp-block-image\">\n<figure class=\"aligncenter size-full is-resized\"><img loading=\"lazy\" decoding=\"async\" src=\"https:\/\/yrmegard.net\/treasury\/wp-content\/uploads\/2023\/09\/tw_basic_pattern_01_draft1.gif\" alt=\"\" class=\"wp-image-7109\" style=\"object-fit:cover;width:120px;height:400px\" width=\"120\" height=\"400\"\/><\/figure>\n<\/div><\/div>\n\n\n\n<div class=\"wp-block-column is-layout-flow wp-block-column-is-layout-flow\"><div class=\"wp-block-image\">\n<figure class=\"aligncenter size-full is-resized\"><img loading=\"lazy\" decoding=\"async\" src=\"https:\/\/yrmegard.net\/treasury\/wp-content\/uploads\/2023\/09\/tw_basic_pattern_01_draft2.gif\" alt=\"\" class=\"wp-image-7110\" style=\"object-fit:cover;width:120px;height:400px\" width=\"120\" height=\"400\"\/><\/figure>\n<\/div><\/div>\n\n\n\n<div class=\"wp-block-column is-layout-flow wp-block-column-is-layout-flow\"><div class=\"wp-block-image\">\n<figure class=\"aligncenter size-full is-resized\"><img loading=\"lazy\" decoding=\"async\" src=\"https:\/\/yrmegard.net\/treasury\/wp-content\/uploads\/2023\/09\/tw_basic_pattern_01_draft3.gif\" alt=\"\" class=\"wp-image-7111\" style=\"object-fit:cover;width:120px;height:400px\" width=\"120\" height=\"400\"\/><\/figure>\n<\/div><\/div>\n<\/div>\n<\/div>\n\n\n\n<div class=\"wp-block-column is-layout-flow wp-block-column-is-layout-flow\">\n<p><strong>K\u00f5lade algasend<\/strong><\/p>\n\n\n\n<figure class=\"wp-block-image size-full threading\"><img loading=\"lazy\" decoding=\"async\" width=\"198\" height=\"125\" src=\"https:\/\/yrmegard.net\/treasury\/wp-content\/uploads\/2023\/09\/tw_basic_pattern_01_thread.png\" alt=\"\" class=\"wp-image-7108\"\/><\/figure>\n\n\n\n<p>Pikitriipude laius s\u00f5ltub sellest, mitu sama v\u00e4rvi l\u00f5ngadega k\u00f5la on asetatud k\u00f5rvuti. Triibud v\u00f5ivad olla k\u00f5ik sama laiaid v\u00f5i hoopis erineva laiusega, v\u00e4rvide arv on piiratud vaid k\u00f5lade arvuga. Paela \u00fcldmulje ei s\u00f5ltu k\u00f5lade asendist ja nende keeramise suunast, kuid detailides on siiski erinevusi. Piltidel vasakult paremale: 1 \u2013 k\u00f5lade asend vaheldub \u00fcle \u00fche, k\u00f5lasid keeratakse pidevalt \u00fches suunas; 2 \u2013 k\u00f5lade asend vaheldub \u00fcle \u00fche, k\u00f5lasid keeratakse 4 korda edasi, 4 korda tagasi; 3 \u2013 k\u00f5igi k\u00f5lade asend on sama, k\u00f5lasid keeratakse pidevalt \u00fches suunas (sel juhul keerdub&nbsp;valmis pael spiraalina l\u00f5ngade keerdumise suunas).<\/p>\n\n\n\n<p>Huvitavamat paela saab selle baasmustri p\u00f5hjal t\u00f5stes k\u00f5lasid \u00fcksteise suhtes ringi.<\/p>\n\n\n\n<pre class=\"wp-block-verse\">* <a href=\"https:\/\/www.yrmegard.net\/treasury\/patterns\/gtt\/tw_basic_pattern_01.gtt\" target=\"_blank\" rel=\"noreferrer noopener\">Lae alla GTT muster<\/a>.\n* <a rel=\"noreferrer noopener\" href=\"https:\/\/www.yrmegard.net\/treasury\/patterns\/pdf\/kolad-baasmuster-01-pikitriibud.pdf\" target=\"_blank\">Lae alla muster ja juhised pdf formaadis<\/a>.<\/pre>\n<\/div>\n<\/div>\n","protected":false},"excerpt":{"rendered":"<p>K\u00f5lade algasend Pikitriipude laius s\u00f5ltub sellest, mitu sama v\u00e4rvi l\u00f5ngadega k\u00f5la on asetatud k\u00f5rvuti. Triibud v\u00f5ivad olla k\u00f5ik sama laiaid v\u00f5i hoopis erineva laiusega, v\u00e4rvide arv on piiratud vaid k\u00f5lade arvuga. Paela \u00fcldmulje ei s\u00f5ltu k\u00f5lade asendist ja nende keeramise suunast, kuid detailides on siiski&nbsp;<a class=\"read-more\" href=\"https:\/\/yrmegard.net\/treasury\/et\/mustrid\/kolad-baasmuster-01-pikitriibud\/\">&hellip;<\/a><\/p>\n","protected":false},"author":2,"featured_media":7155,"parent":3207,"menu_order":1,"comment_status":"closed","ping_status":"closed","template":"template-full.php","meta":{"_vp_format_video_url":"","_vp_image_focal_point":[],"footnotes":""},"class_list":["post-3219","page","type-page","status-publish","has-post-thumbnail","hentry"],"_links":{"self":[{"href":"https:\/\/yrmegard.net\/treasury\/wp-json\/wp\/v2\/pages\/3219","targetHints":{"allow":["GET"]}}],"collection":[{"href":"https:\/\/yrmegard.net\/treasury\/wp-json\/wp\/v2\/pages"}],"about":[{"href":"https:\/\/yrmegard.net\/treasury\/wp-json\/wp\/v2\/types\/page"}],"author":[{"embeddable":true,"href":"https:\/\/yrmegard.net\/treasury\/wp-json\/wp\/v2\/users\/2"}],"replies":[{"embeddable":true,"href":"https:\/\/yrmegard.net\/treasury\/wp-json\/wp\/v2\/comments?post=3219"}],"version-history":[{"count":18,"href":"https:\/\/yrmegard.net\/treasury\/wp-json\/wp\/v2\/pages\/3219\/revisions"}],"predecessor-version":[{"id":7278,"href":"https:\/\/yrmegard.net\/treasury\/wp-json\/wp\/v2\/pages\/3219\/revisions\/7278"}],"up":[{"embeddable":true,"href":"https:\/\/yrmegard.net\/treasury\/wp-json\/wp\/v2\/pages\/3207"}],"wp:featuredmedia":[{"embeddable":true,"href":"https:\/\/yrmegard.net\/treasury\/wp-json\/wp\/v2\/media\/7155"}],"wp:attachment":[{"href":"https:\/\/yrmegard.net\/treasury\/wp-json\/wp\/v2\/media?parent=3219"}],"curies":[{"name":"wp","href":"https:\/\/api.w.org\/{rel}","templated":true}]}}