{"id":3186,"date":"2020-03-28T21:31:45","date_gmt":"2020-03-28T21:31:45","guid":{"rendered":"http:\/\/yrmegard.net\/cms\/?page_id=3186"},"modified":"2023-08-27T22:22:36","modified_gmt":"2023-08-27T19:22:36","slug":"modelbuch-spies","status":"publish","type":"page","link":"https:\/\/yrmegard.net\/treasury\/et\/artiklid\/modelbuch-spies\/","title":{"rendered":"Anna Neuper\u2019s Modelbuch: Early Sixteenth-Century Patterns for Weaving Brocaded Bands. Nancy Spies with Ute Bargmann"},"content":{"rendered":"<div class=\"wp-block-image blog-image\">\n<figure class=\"alignleft size-large is-resized\"><a href=\"https:\/\/yrmegard.net\/treasury\/wp-content\/uploads\/2023\/08\/modelbuch.jpg\" data-rel=\"lightbox-gallery-lEa1YhoB\" data-rl_title=\"\" data-rl_caption=\"\" title=\"\"><img decoding=\"async\" src=\"https:\/\/yrmegard.net\/treasury\/wp-content\/uploads\/2023\/08\/modelbuch-791x1024.jpg\" alt=\"\" class=\"wp-image-7010\" style=\"width:300px\" width=\"300\" srcset=\"https:\/\/yrmegard.net\/treasury\/wp-content\/uploads\/2023\/08\/modelbuch-791x1024.jpg 791w, https:\/\/yrmegard.net\/treasury\/wp-content\/uploads\/2023\/08\/modelbuch-232x300.jpg 232w, https:\/\/yrmegard.net\/treasury\/wp-content\/uploads\/2023\/08\/modelbuch-768x994.jpg 768w, https:\/\/yrmegard.net\/treasury\/wp-content\/uploads\/2023\/08\/modelbuch.jpg 927w\" sizes=\"(max-width: 791px) 100vw, 791px\" \/><\/a><\/figure>\n<\/div>\n\n\n<p>Arelate Studio, 2003<br>ISBN 0-9718960-1-1<\/p>\n\n\n\n<p>Selle raamatu nahkk\u00f6ites originaal on k\u00f5igest 17,5\u00d714 cm suur ning asub Saksamaal Wolfenb\u00fctteli linnas hertsog Augusti raamatukogus. 1517. aastal vana nunna poolt k\u00e4sitsi kirjutatud raamat on \u00fcks vanimaid s\u00e4ilinud mustriskeemide kogumikke ning on 6 aastat vanem esimesest tr\u00fckitud mustrikogumikust.<\/p>\n\n\n\n<p>2003. aastal ilmunud raamatu n\u00e4ol on seega tegemist vana mustriskeemide kogumiku t\u00f6\u00f6tlusega. Raamatu 56 lehek\u00fcljest on vaid 5 lehek\u00fclge teksti, \u00fclej\u00e4\u00e4nusid h\u00f5ivavad mustriskeemid, enamasti mitme kaupa lehek\u00fcljel. See on t\u00f5eline aardeleid ajalooliste mustrite armastajatele!<\/p>\n\n\n<div class=\"wp-block-image blog-image\">\n<figure class=\"alignright size-large is-resized\"><a href=\"https:\/\/yrmegard.net\/treasury\/wp-content\/uploads\/2023\/08\/modelbuch_page.jpg\" data-rel=\"lightbox-gallery-lEa1YhoB\" data-rl_title=\"\" data-rl_caption=\"\" title=\"\"><img decoding=\"async\" src=\"https:\/\/yrmegard.net\/treasury\/wp-content\/uploads\/2023\/08\/modelbuch_page-736x1024.jpg\" alt=\"\" class=\"wp-image-7012\" style=\"width:298px\" width=\"298\" srcset=\"https:\/\/yrmegard.net\/treasury\/wp-content\/uploads\/2023\/08\/modelbuch_page-736x1024.jpg 736w, https:\/\/yrmegard.net\/treasury\/wp-content\/uploads\/2023\/08\/modelbuch_page-216x300.jpg 216w, https:\/\/yrmegard.net\/treasury\/wp-content\/uploads\/2023\/08\/modelbuch_page-768x1068.jpg 768w, https:\/\/yrmegard.net\/treasury\/wp-content\/uploads\/2023\/08\/modelbuch_page.jpg 863w\" sizes=\"(max-width: 736px) 100vw, 736px\" \/><\/a><\/figure>\n<\/div>\n\n\n<p>Siinkohal ei saa j\u00e4tta mainimata, et vana mustrikogumiku t\u00f6\u00f6tlus ei t\u00e4henda sugugi seda, et autorid kirjutasid l\u00fchikese sissejuhatuse, t\u00f5stsid mustrid omavahel ringi ning andsid raamatu oma nime all v\u00e4lja. Kui nii oleks tehtud, pakuks see raamat suurt huvi mitte k\u00e4sit\u00f6\u00f6, vaid kalligraafia armastajatele.<\/p>\n\n\n\n<p>Mustrikogumiku originaali leidis Nancy Spies\u00a0t\u00f5en\u00e4oliselt oma raamatu <a href=\"https:\/\/yrmegard.net\/treasury\/et\/artiklid\/pomp-spies\/\" data-type=\"page\" data-id=\"3174\">Ecclesiastical Pomp and Aristocratic Circumstance<\/a> jaoks materjali otsides. Lihtsaks mainimiseks ja paari skeemi kasutamiseks on see materjal liiga rikkalik. Seep\u00e4rast pandi raamat ootele, ning Nancy tuli selle juurde tagasi juba peale eelmise raamatu tr\u00fckki minekut. Kogumiku ettevalmistamisele koost\u00f6\u00f6s Ute Bargmanniga kulus mitu aastat.<\/p>\n\n\n\n<p>87 mustrit olid algselt \u00fcles kirjutatud rea kaupa l\u00fchikeste ja pikkade kriipsude jadadena: l\u00fchikesed kriipsud m\u00e4rgistasid k\u00f5lasid, mille l\u00f5imel\u00f5ngad j\u00e4\u00e4vad mustri loova lisakoel\u00f5nga alla, pikad kriipsud \u2013 k\u00f5lasid, mille l\u00f5imel\u00f5ngad j\u00e4\u00e4vad lisakoel\u00f5nga peale. Viis j\u00e4rjestikkust samasugust m\u00e4rki olid asendatud V t\u00e4hega. Skeemides oli \u00fcsna palju vigu, topelt ridu v\u00f5i hoopis puudu olevaid ridu, kuna see m\u00e4rgis\u00fcsteem ei anna praktiliselt mingit ettekujutust sellest, milline muster kudumisel v\u00e4lja tuleb. Iga sellise mustri \u00fcmber joonistamine ja korrastamine n\u00f5uab mitte ainult aega, vaid l\u00f5pmatult kannatust ja t\u00e4psust. Tulemus sai selle eest \u00e4\u00e4rmiselt kiiduv\u00e4\u00e4rt.<\/p>\n\n\n\n<p>Lisaks korrastamisele sorteerisid Nancy ja Ute skeeme mustrit\u00fc\u00fcbi j\u00e4rgi. M\u00f5ned mustrid on unikaalsed, teised aga moodustavad komplekte, erinedes vaid k\u00f5lade arvu poolest.<\/p>\n\n\n\n<p>L\u00fchidalt kokkuv\u00f5ttes on tegemist suurep\u00e4rase mustriskeemide kogumikuga iga k\u00f5ladega kuduja r\u00f5\u00f5muks.<\/p>\n","protected":false},"excerpt":{"rendered":"<p>Arelate Studio, 2003ISBN 0-9718960-1-1 Selle raamatu nahkk\u00f6ites originaal on k\u00f5igest 17,5\u00d714 cm suur ning asub Saksamaal Wolfenb\u00fctteli linnas hertsog Augusti raamatukogus. 1517. aastal vana nunna poolt k\u00e4sitsi kirjutatud raamat on \u00fcks vanimaid s\u00e4ilinud mustriskeemide kogumikke ning on 6 aastat vanem esimesest tr\u00fckitud mustrikogumikust. 2003. aastal&nbsp;<a class=\"read-more\" href=\"https:\/\/yrmegard.net\/treasury\/et\/artiklid\/modelbuch-spies\/\">&hellip;<\/a><\/p>\n","protected":false},"author":2,"featured_media":7010,"parent":2918,"menu_order":65,"comment_status":"closed","ping_status":"closed","template":"template-full.php","meta":{"_vp_format_video_url":"","_vp_image_focal_point":[],"footnotes":""},"class_list":["post-3186","page","type-page","status-publish","has-post-thumbnail","hentry"],"_links":{"self":[{"href":"https:\/\/yrmegard.net\/treasury\/wp-json\/wp\/v2\/pages\/3186","targetHints":{"allow":["GET"]}}],"collection":[{"href":"https:\/\/yrmegard.net\/treasury\/wp-json\/wp\/v2\/pages"}],"about":[{"href":"https:\/\/yrmegard.net\/treasury\/wp-json\/wp\/v2\/types\/page"}],"author":[{"embeddable":true,"href":"https:\/\/yrmegard.net\/treasury\/wp-json\/wp\/v2\/users\/2"}],"replies":[{"embeddable":true,"href":"https:\/\/yrmegard.net\/treasury\/wp-json\/wp\/v2\/comments?post=3186"}],"version-history":[{"count":1,"href":"https:\/\/yrmegard.net\/treasury\/wp-json\/wp\/v2\/pages\/3186\/revisions"}],"predecessor-version":[{"id":7013,"href":"https:\/\/yrmegard.net\/treasury\/wp-json\/wp\/v2\/pages\/3186\/revisions\/7013"}],"up":[{"embeddable":true,"href":"https:\/\/yrmegard.net\/treasury\/wp-json\/wp\/v2\/pages\/2918"}],"wp:featuredmedia":[{"embeddable":true,"href":"https:\/\/yrmegard.net\/treasury\/wp-json\/wp\/v2\/media\/7010"}],"wp:attachment":[{"href":"https:\/\/yrmegard.net\/treasury\/wp-json\/wp\/v2\/media?parent=3186"}],"curies":[{"name":"wp","href":"https:\/\/api.w.org\/{rel}","templated":true}]}}