{"id":3174,"date":"2020-03-28T19:54:19","date_gmt":"2020-03-28T19:54:19","guid":{"rendered":"http:\/\/yrmegard.net\/cms\/?page_id=3174"},"modified":"2023-08-24T19:13:47","modified_gmt":"2023-08-24T16:13:47","slug":"pomp-spies","status":"publish","type":"page","link":"https:\/\/yrmegard.net\/treasury\/et\/artiklid\/pomp-spies\/","title":{"rendered":"Ecclesiastical Pomp &#038; Aristocratic Circumstance. Nancy Spies"},"content":{"rendered":"<div class=\"wp-block-image blog-image\">\n<figure class=\"alignleft size-large is-resized\"><a href=\"https:\/\/yrmegard.net\/treasury\/wp-content\/uploads\/2023\/08\/spies_pomp.jpg\" data-rel=\"lightbox-gallery-S9R1S96t\" data-rl_title=\"\" data-rl_caption=\"\" title=\"\"><img decoding=\"async\" src=\"https:\/\/yrmegard.net\/treasury\/wp-content\/uploads\/2023\/08\/spies_pomp-762x1024.jpg\" alt=\"\" class=\"wp-image-6986\" style=\"width:300px\" width=\"300\" srcset=\"https:\/\/yrmegard.net\/treasury\/wp-content\/uploads\/2023\/08\/spies_pomp-762x1024.jpg 762w, https:\/\/yrmegard.net\/treasury\/wp-content\/uploads\/2023\/08\/spies_pomp-223x300.jpg 223w, https:\/\/yrmegard.net\/treasury\/wp-content\/uploads\/2023\/08\/spies_pomp-768x1032.jpg 768w, https:\/\/yrmegard.net\/treasury\/wp-content\/uploads\/2023\/08\/spies_pomp-1143x1536.jpg 1143w, https:\/\/yrmegard.net\/treasury\/wp-content\/uploads\/2023\/08\/spies_pomp.jpg 1488w\" sizes=\"(max-width: 762px) 100vw, 762px\" \/><\/a><\/figure>\n<\/div>\n\n\n<p>Arelate Studio, 2000<br>ISBN 0-615-11681-7<\/p>\n\n\n\n<p>Uurida \u00fche valdkonna arengut 1000 aasta v\u00e4ltel pole just kerge \u00fclesanne. Isegi siis, kui piirata oma huvi mitte ainult \u00fche tekstiilitehnika, vaid ka selle konkreetse t\u00fc\u00fcbiga. Nancy Spies p\u00fchendas k\u00f5ladega kootud brokaatv\u00f6\u00f6de ja -paelte uurimisele 5 aastat oma elust. Viis aastat kirjavahetuseks ja s\u00f5itudeks, jooniste ja mustrite loomiseks, p\u00fc\u00fcdes s\u00fcstematiseerida tohutut hulka informatsiooni. Selle tulemusena valmis raamat, mida Peter Collingwood iseloomustab oma eess\u00f5nas s\u00f5nadega <em>formidable<\/em> (\u00fc\u00fcratult suur) ja <em>astonishing<\/em> (imeline, imestust v\u00e4\u00e4rt).<\/p>\n\n\n\n<p>Siinkohal peab \u00fctlema, et olukord k\u00f5ladega kootud esemete uurimisega on sama peaaegu iga pool \u2013 \u00fcldist infot on piisavalt palju, kuid sellele pole s\u00fcsteemset l\u00e4henemist, r\u00e4\u00e4kimata \u00fchisest teadmistebaasist kasv\u00f5i \u00fche tehnika v\u00f5i \u00fche geograafilise piirkonna kohta. Nancy raamat, mis ilmus 2000. aastal, t\u00e4itis \u00fche sellise ni\u0161i.<\/p>\n\n\n\n<p>Nancy Spies ei ole erialalt tekstiiliuurija ega ajaloolane, kuid \u00fchel hetkel otsustas ta kasutada avanenud v\u00f5imalust oma senine t\u00f6\u00f6 k\u00f5rvale j\u00e4tta ning viia hobi hoopis teisele tasemele. Selle tulemusena valmis uurimist\u00f6\u00f6, millelaadset polnud keegi seni julgenud ette v\u00f5tta.<\/p>\n\n\n\n<p>V\u00f5rreldes <a href=\"https:\/\/yrmegard.net\/treasury\/et\/artiklid\/tw-tech-peter-collingwood\/\" data-type=\"page\" data-id=\"3141\">Peter Collingwood\u2019i raamatuga<\/a>, mis on oma iseloomult pigem ents\u00fcklopeedia, saab Nancy raamatut j\u00e4rjest lugeda. \u00d5igemini puudutab see esimest osa, kust leiab uurimist\u00f6\u00f6 tulemused ning nendest l\u00e4htuvad j\u00e4reldused. Teine osa raamatust\u2026 kuid sellest hiljem. <a href=\"https:\/\/www.yrmegard.net\/treasury\/bookshelf\/spies_pomp_contents.pdf\" target=\"_blank\" rel=\"noreferrer noopener\">Raamatu sisukord (pdf,)<\/a> r\u00e4\u00e4gib iseenda eest.<\/p>\n\n\n\n<p>Raamat algab ajaloolise \u00fclevaatega, mis sisaldab muuhulgas infot selle kohta, kus, kes ja mis tingimustes k\u00f5ladega kootud esemeid valmistas ning kasutas. Siit leiab ka hulganisti muuseumieksponaatide jooniseid ning v\u00e4ljav\u00f5tteid kirjandulikest allikatest ja uurimist\u00f6\u00f6dest. Erilist t\u00e4helepanu on p\u00f6\u00f6ratud terminoloogiale ja selle, kuidas autor otsustas, mis allikas on juttu just brokaatpaeltest, ja kus mainitakse hoopis midagi muud.<\/p>\n\n\n\n<p>Ajaloolisele infole j\u00e4rgneb p\u00f5hjalik tehniline info t\u00f6\u00f6 k\u00e4igus uuritud paelte ja v\u00f6\u00f6de kohta. \u00c4ra on toodud kasutuses olnud materjalid ja nende v\u00e4rvimiseks kasutatud pigmendid (eraldi materjalide ja sajandite kaupa), on kirjeldatud metallniitide erinevaid t\u00fc\u00fcpe, nende valmistamise viise ja p\u00f5hilisi kasutusv\u00f5imalusi, aga ka keemiliste anal\u00fc\u00fcside tulemusi, mis n\u00e4itavad erinevate metallide sisaldust. Eraldi alaosa on p\u00fchendatud brokaatpaela p\u00f5hja kudumisele, ning eraldi alaosa koel\u00f5nga keeramisele ridade vahel. Lisaks on p\u00f5gusalt juttu mustrite t\u00fcpoloogiast ja kudumise abivahenditest.<\/p>\n\n\n\n<p>Ainsaks esimese raamatu osa miinuseks on see, et illustratsioonide seas pole \u00fchtegi fotot, vaid on esemetest ja piltidest tehtud joonised. P\u00f5hjuseks loomulikult see, et fotode ja reproduktsioonide avaldamise \u00f5igused on v\u00e4ga kallid. Kahjuks annavad joonised aga kujutatud objektidest vaid \u00fcldist ettekujutust ja n\u00e4evad v\u00e4lja liiga skemaatilised.<\/p>\n\n\n\n<p>Raamatu teine osa algab k\u00f5ladega kudumise alg\u00f5petusest \u00fches levinumate probleemide kirjelduse ning nende v\u00e4ltimise v\u00f5i parandamise v\u00f5imalustega. J\u00e4rgnevad 71 (!) mustriskeemi, kus iga skeemi k\u00f5rvalt leiab p\u00f5hjaliku info originaali kohta. M\u00f5nedele skeemidele on lisatud pilte n\u00e4idistest, mis on autori enda kootud. Osa n\u00e4idistest n\u00e4eb raamatu kaanel, kuid lisades on m\u00e4rgitud, et need n\u00e4idised ei vasta alati originaalidele v\u00e4rvivaliku ja m\u00f5\u00f5tude osas.<\/p>\n\n\n\n<p>Mustriskeemidega see raamat veel sugugi ei l\u00f5pe. Umbes kolmandik raamatu kogumahust (ehk umbes 100 lehek\u00fclge) h\u00f5ivab teadaolevate brokaatpaelte ja -v\u00f6\u00f6de kataloog. \u00c4ra toodud on esemed, mille valmistamisaeg j\u00e4\u00e4b 6. ja 16. sajandi vahele. Kataloog koosneb kahest osast: esimeses on esemed sorteeritud otstarbe j\u00e4rgi, teises osas praeguse asukoha j\u00e4rgi (riik, linn, muuseum). Iga eseme kohta on antud p\u00e4ris palju infot \u2013 nt materjalidest, m\u00f5\u00f5tudest jne. Kataloog on illustreeritud joonistega m\u00f5ningatest mustritest, mis j\u00e4id raamatu p\u00f5hiosast v\u00e4lja. Joonised on v\u00e4ikesed, kuid soovi korral on neid siiski v\u00f5imalik skeemidena kasutada.<\/p>\n\n\n\n<p>Just nagu Peter Collingwood\u2019i raamatu puhul, on ka sellesse raamatusse koondatud infohulk jahmatav. Veel \u00fcks s\u00f5na, millega saab seda iseloomustada, on \u201cinspireeriv\u201d. See on hindamatu aare neile, kes lisaks oskusele luua ilusaid paelu v\u00e4\u00e4rtustavad tehnika ajalugu ja traditsioone.<\/p>\n\n\n\n<p>Lisan veel, et Nancy on lisaks v\u00e4lja andnud raamatuid mustriskeemidega kudumiseks ja tikkimiseks ning eraldi tikkimismustreid \u2013 neid leiab <a rel=\"noopener\" href=\"http:\/\/www.arelatestudio.com\/\" target=\"_blank\">siit<\/a>.<\/p>\n","protected":false},"excerpt":{"rendered":"<p>Arelate Studio, 2000ISBN 0-615-11681-7 Uurida \u00fche valdkonna arengut 1000 aasta v\u00e4ltel pole just kerge \u00fclesanne. Isegi siis, kui piirata oma huvi mitte ainult \u00fche tekstiilitehnika, vaid ka selle konkreetse t\u00fc\u00fcbiga. Nancy Spies p\u00fchendas k\u00f5ladega kootud brokaatv\u00f6\u00f6de ja -paelte uurimisele 5 aastat oma elust. Viis aastat&nbsp;<a class=\"read-more\" href=\"https:\/\/yrmegard.net\/treasury\/et\/artiklid\/pomp-spies\/\">&hellip;<\/a><\/p>\n","protected":false},"author":2,"featured_media":6986,"parent":2918,"menu_order":64,"comment_status":"closed","ping_status":"closed","template":"template-full.php","meta":{"_vp_format_video_url":"","_vp_image_focal_point":[],"footnotes":""},"class_list":["post-3174","page","type-page","status-publish","has-post-thumbnail","hentry"],"_links":{"self":[{"href":"https:\/\/yrmegard.net\/treasury\/wp-json\/wp\/v2\/pages\/3174","targetHints":{"allow":["GET"]}}],"collection":[{"href":"https:\/\/yrmegard.net\/treasury\/wp-json\/wp\/v2\/pages"}],"about":[{"href":"https:\/\/yrmegard.net\/treasury\/wp-json\/wp\/v2\/types\/page"}],"author":[{"embeddable":true,"href":"https:\/\/yrmegard.net\/treasury\/wp-json\/wp\/v2\/users\/2"}],"replies":[{"embeddable":true,"href":"https:\/\/yrmegard.net\/treasury\/wp-json\/wp\/v2\/comments?post=3174"}],"version-history":[{"count":2,"href":"https:\/\/yrmegard.net\/treasury\/wp-json\/wp\/v2\/pages\/3174\/revisions"}],"predecessor-version":[{"id":6991,"href":"https:\/\/yrmegard.net\/treasury\/wp-json\/wp\/v2\/pages\/3174\/revisions\/6991"}],"up":[{"embeddable":true,"href":"https:\/\/yrmegard.net\/treasury\/wp-json\/wp\/v2\/pages\/2918"}],"wp:featuredmedia":[{"embeddable":true,"href":"https:\/\/yrmegard.net\/treasury\/wp-json\/wp\/v2\/media\/6986"}],"wp:attachment":[{"href":"https:\/\/yrmegard.net\/treasury\/wp-json\/wp\/v2\/media?parent=3174"}],"curies":[{"name":"wp","href":"https:\/\/api.w.org\/{rel}","templated":true}]}}