{"id":3141,"date":"2020-03-22T20:55:29","date_gmt":"2020-03-22T20:55:29","guid":{"rendered":"http:\/\/yrmegard.net\/cms\/?page_id=3141"},"modified":"2023-08-16T00:04:10","modified_gmt":"2023-08-15T21:04:10","slug":"tw-tech-peter-collingwood","status":"publish","type":"page","link":"https:\/\/yrmegard.net\/treasury\/et\/artiklid\/tw-tech-peter-collingwood\/","title":{"rendered":"The Techniques of Tablet Weaving. Peter Collingwood"},"content":{"rendered":"<div class=\"wp-block-image blog-image\">\n<figure class=\"alignleft size-full is-resized\"><a href=\"https:\/\/yrmegard.net\/treasury\/wp-content\/uploads\/2023\/08\/Collingwood.jpg\" data-rel=\"lightbox-gallery-rzvkPGZa\" data-rl_title=\"\" data-rl_caption=\"\" title=\"\"><img decoding=\"async\" src=\"https:\/\/yrmegard.net\/treasury\/wp-content\/uploads\/2023\/08\/Collingwood.jpg\" alt=\"\" class=\"wp-image-6930\" style=\"width:300px\" width=\"300\" srcset=\"https:\/\/yrmegard.net\/treasury\/wp-content\/uploads\/2023\/08\/Collingwood.jpg 646w, https:\/\/yrmegard.net\/treasury\/wp-content\/uploads\/2023\/08\/Collingwood-232x300.jpg 232w\" sizes=\"(max-width: 646px) 100vw, 646px\" \/><\/a><\/figure>\n<\/div>\n\n\n<p>Robin &amp; Russ Handweavers, Inc., 2002<br>ISBN 1-56659-055-8<\/p>\n\n\n\n<p>esmatr\u00fckk:<br>Faber and Faber Limited, 1982<\/p>\n\n\n\n<p>Kui k\u00fcsida lugemissoovitust suvalises k\u00f5ladega kudumise foorumis juhuks, kui algt\u00f5ed selged ja tahaks saada teoreetilist p\u00f5hja, on 9 juhul 10st esimeseks soovituseks just see raamat, v\u00e4hemalt nii oli see pikki aastaid enne 2010-ndaid. Ning siiani nimetatakse seda raamatut esimese kolme soovituse seas. Sellele on kirjutatud vaid kiitvaid retsensioone, m\u00f5ningates neist on seda raamatut nimetatud lausa K\u00f5ladega Kudumise Piibliks. Kogenud kudujate aruteludes kohtab m\u00f5nikord viiteid kujul TTW02-pl*-fig*, kus t\u00e4htede kombinatsioon on just sellesama raamatu pealkiri koos ilmumise aastaga, millele j\u00e4rgneb kas tabeli v\u00f5i pildi number.<\/p>\n\n\n\n<p>Peter Collingwood on inglane, kes p\u00fchendas suure osa oma pikast elust (1922 \u2013 2008) erinevate tekstiilitehnikate uurimisele. Mitmeid tema raamatuid \u2013 <em>The Techniques of Rug Weaving<\/em>, <em>The Techniques of Sprang<\/em>, <em>The Techniques of Tablet Weaving<\/em> ja teisi \u2013 m\u00fc\u00fcdi ja m\u00fc\u00fcakse suurte tiraa\u017eidena. \u00dcks p\u00f5hjustest on ilmselt see fakt, et Peter oli eelk\u00f5ige praktik, ning k\u00f5ik, millest ta kirjutas, oli l\u00e4bi uuritud ning mitmeid kordi l\u00e4bi katsetatud. K\u00f5ik raamatud on illustreeritud tema enda t\u00f6\u00f6de piltidega. Oma surmani korraldas ta n\u00e4itusi ja meistriklasse ning oli tuntud kui avatud inimene, kes oli alati valmis aitama v\u00f5i lihtsalt suhtlema tekstiili teemadel. Erinevate inimeste m\u00e4lestusi temast v\u00f5ib lugeda <a href=\"http:\/\/www.lindahendrickson.com\/remembering-peter-collingwood.htm\" target=\"_blank\" rel=\"noopener noreferrer\">siit<\/a>.<\/p>\n\n\n\n<p><em>The Techniques of Tablet Weaving<\/em> n\u00e4gi esmakordselt valgust 1982. aastal. Esmatr\u00fcki eksemplare pakutakse m\u00fc\u00fcgiks hulluksajava hinnaga, viimast tr\u00fckki aga naljalt m\u00fc\u00fcgilt ei leia. Kuni Peter\u2019i surmani m\u00fc\u00fcs ta oma raamatuid ise oma veebilehe kaudu, kuid tema lapsed sellega enam ei tegele.<\/p>\n\n\n\n<p>Juba TTW sisukord (<a href=\"https:\/\/www.yrmegard.net\/treasury\/bookshelf\/collingwood_contents.pdf\">sisukord pdf formaadis<\/a>, 88 kb) l\u00f6\u00f6b jalust maha. Seitsmeteistk\u00fcmneks teemaks jagatud materjalis on antud p\u00f5hjalik \u00fclevaade k\u00f5ikidest vajalikest materjalidest ja t\u00f6\u00f6vahenditest, kudumise ettevalmistamisest ning kaheksast erinevast kudumist\u00fc\u00fcbist. Lisatud on ka \u00f5petus, kuidas luua sarnast struktuuri k\u00f5lasid kasutama. K\u00f5igele sellele eelneb ajalooline sissejuhatus, j\u00e4rgnevad aga l\u00fchike tehnikatekataloog, p\u00f5hjalik bibliograafia ja tuntud nn \u201cRamsese v\u00f6\u00f6\u201d anal\u00fc\u00fcs, kust selgub, et vastupidiselt varasematele teooriatele pole see v\u00f6\u00f6 k\u00f5ladega kootud.<\/p>\n\n\n\n<p>Mulje sellest raamatust s\u00f5ltub paljuski sellest, mida sellest oodatakse. \u00dctlen vaid, et lugeda selle s\u00f5na klassikalises m\u00f5ttes on seda praktiliselt v\u00f5imatu \u2013 see ei olegi selleks m\u00f5eldud, on liiga palju tehnilist infot. Selle juurde tuleb p\u00f6\u00f6rduda ikka ja uuesti, kui teatmeteose juurde, et iga kord leida midagi uut.<\/p>\n\n\n\n<p>Need, kes otsivad raamatust ajalooliste mustrite kogumikku \u00fches p\u00f5hjalikku juhendiga peavad pettuma. Ajalooline info, millega raamat algab, koosneb kirjeldavast osast, kus on juttu vanimatest leidudest, millele j\u00e4rgneb paar n\u00e4idet kirjalikest allikatest, kus on mainitud k\u00f5ladega kudumist ja \u00fcldine kronoloogiline nimekiri k\u00f5ladega kootud esemetest, mis on vanemad kui 1000. p. Kr. Kusjuures nimekirjas pole mingeid viiteid j\u00e4rgnevatele raamatuosadele v\u00f5i kasv\u00f5i tehnikatele nende nimetuste j\u00e4rgi. Tehnikatele p\u00fchendatud osades on siin-seal mainitud m\u00f5nda ajaloolist n\u00e4idet, kuid neid on v\u00e4he. Selgelt on eristatud vaid autori enda poolt v\u00e4lja m\u00f5eldud variatsioonid.<\/p>\n\n\n<div class=\"wp-block-image blog-image\">\n<figure class=\"alignright size-full is-resized\"><a href=\"https:\/\/yrmegard.net\/treasury\/wp-content\/uploads\/2023\/08\/Collingwood_page_new.jpg\" data-rel=\"lightbox-gallery-rzvkPGZa\" data-rl_title=\"\" data-rl_caption=\"\" title=\"\"><img decoding=\"async\" src=\"https:\/\/yrmegard.net\/treasury\/wp-content\/uploads\/2023\/08\/Collingwood_page_new.jpg\" alt=\"\" class=\"wp-image-6937\" style=\"width:300px\" width=\"300\" srcset=\"https:\/\/yrmegard.net\/treasury\/wp-content\/uploads\/2023\/08\/Collingwood_page_new.jpg 666w, https:\/\/yrmegard.net\/treasury\/wp-content\/uploads\/2023\/08\/Collingwood_page_new-225x300.jpg 225w\" sizes=\"(max-width: 666px) 100vw, 666px\" \/><\/a><\/figure>\n<\/div>\n\n\n<p>Tuleb kindlasti mainida ka seda, et ajalooliste mustrite taasloomisel ei ole Peter alati v\u00e4ga t\u00e4pne ja ei j\u00e4rgi arheoloogiliselt t\u00f5estatud andmeid, vaid l\u00e4htub oma praktiliste katsetuste tulemustest. See on t\u00f5en\u00e4oliselt selle raamatu ainus miinus, mis on pealegi oluline vaid v\u00e4iksele osale lugejatest.<\/p>\n\n\n\n<p>\u00c4\u00e4rmiselt p\u00f5hjalikult on kirjeldatud kudumise ettevalmistamise protsessi, kusjuures autor ei paku \u00fchte universaalset tegevusviisi, vaid mitu erinevat. Terve suur raamatuosa on p\u00fchendatud manipulatsioonidele k\u00f5ladega \u2013 kirjeldatud ja ka joonistatud on erinevaid viise k\u00f5lade keeramiseks ning kuidas need m\u00f5jutavad l\u00f5imel\u00f5ngu ning paela struktuuri. Kusjuures peaaegu k\u00f5ik joonised ja skeemid on samuti Peter\u00b4i enda tehtud.<\/p>\n\n\n\n<p>Tehnikaid, \u00fcks iga osa kohta, pole ainult kirjeldatud, vaid ka joonistatud igast vaatest, sh k\u00fclgvaatest. On \u00e4ra toodud hulganisti variatsioone, mis on alati nii h\u00e4sti kirjeldatud, et k\u00e4ed lausa ise ulatavad k\u00f5lade poole. Need raamatuosad on k\u00f5ige raskemini loetavad, kuna kubisevad tehnilistest terminitest. K\u00f5ik seletused on m\u00f5eldud eelk\u00f5ige abistamaks tehnikat m\u00f5ista ning alles siis saavutamaks praktilisi tulemusi. See on \u00e4\u00e4rmiselt kasulik neile, kel on juba kogemust ja kes sooviksid ise struktuure ja mustreid luua, kuid v\u00f5ib ehmatada neid, kes alles alustavad ja tahaksid saada arusaadavat skeemi, mitte teoreetilist juttu l\u00f5imel\u00f5ngade keerdumise suunast paela sees. Ehmatada siiski ei maksa, kuna infot on selles raamatus palju rohkem, kui algse \u00f5ppimise ajaks.<\/p>\n\n\n\n<p>Raamatu \u00fcks ootamatumaid ja p\u00f5nevamaid osi on p\u00fchendatud sellele, kuidas luua k\u00f5ladega kootule sarnast struktuuri k\u00f5lasid kasutamata. Kirjeldused on k\u00fcll l\u00fchikesed, kuid on lisatud skeemid, ning s\u00fc\u00fcvides saab k\u00f5igile 8le t\u00f6\u00f6v\u00f5ttele pihta.<\/p>\n\n\n\n<p>Info hulk, mis on sellesse raamatusse koondatud, ning selle vaieldamatu kvaliteet v\u00e4\u00e4rivad s\u00fcgavat kummardust. See raamat on varsti 40 aastat vana, kuid siiani pole mitte \u00fchtegi teist v\u00e4ljaannet, mida v\u00f5iks teoreetilise p\u00f5hjalikkuse poolest TTWga v\u00f5rrelda.\u00a0 Ajaloolist, etnograafilist ja muud taolist infot leiab mujalt, aga selle raamatu abiga on v\u00f5imalik luua sellele korralik p\u00f5hi. Nii et Collingwood\u2019i raamat k\u00e4tte ja vapralt vastu oma k\u00f5lakangelastegudele!<\/p>\n","protected":false},"excerpt":{"rendered":"<p>Robin &amp; Russ Handweavers, Inc., 2002ISBN 1-56659-055-8 esmatr\u00fckk:Faber and Faber Limited, 1982 Kui k\u00fcsida lugemissoovitust suvalises k\u00f5ladega kudumise foorumis juhuks, kui algt\u00f5ed selged ja tahaks saada teoreetilist p\u00f5hja, on 9 juhul 10st esimeseks soovituseks just see raamat, v\u00e4hemalt nii oli see pikki aastaid enne 2010-ndaid.&nbsp;<a class=\"read-more\" href=\"https:\/\/yrmegard.net\/treasury\/et\/artiklid\/tw-tech-peter-collingwood\/\">&hellip;<\/a><\/p>\n","protected":false},"author":2,"featured_media":6930,"parent":2918,"menu_order":62,"comment_status":"closed","ping_status":"closed","template":"template-full.php","meta":{"_vp_format_video_url":"","_vp_image_focal_point":[],"footnotes":""},"class_list":["post-3141","page","type-page","status-publish","has-post-thumbnail","hentry"],"_links":{"self":[{"href":"https:\/\/yrmegard.net\/treasury\/wp-json\/wp\/v2\/pages\/3141","targetHints":{"allow":["GET"]}}],"collection":[{"href":"https:\/\/yrmegard.net\/treasury\/wp-json\/wp\/v2\/pages"}],"about":[{"href":"https:\/\/yrmegard.net\/treasury\/wp-json\/wp\/v2\/types\/page"}],"author":[{"embeddable":true,"href":"https:\/\/yrmegard.net\/treasury\/wp-json\/wp\/v2\/users\/2"}],"replies":[{"embeddable":true,"href":"https:\/\/yrmegard.net\/treasury\/wp-json\/wp\/v2\/comments?post=3141"}],"version-history":[{"count":3,"href":"https:\/\/yrmegard.net\/treasury\/wp-json\/wp\/v2\/pages\/3141\/revisions"}],"predecessor-version":[{"id":6957,"href":"https:\/\/yrmegard.net\/treasury\/wp-json\/wp\/v2\/pages\/3141\/revisions\/6957"}],"up":[{"embeddable":true,"href":"https:\/\/yrmegard.net\/treasury\/wp-json\/wp\/v2\/pages\/2918"}],"wp:featuredmedia":[{"embeddable":true,"href":"https:\/\/yrmegard.net\/treasury\/wp-json\/wp\/v2\/media\/6930"}],"wp:attachment":[{"href":"https:\/\/yrmegard.net\/treasury\/wp-json\/wp\/v2\/media?parent=3141"}],"curies":[{"name":"wp","href":"https:\/\/api.w.org\/{rel}","templated":true}]}}