{"id":3130,"date":"2020-03-22T12:58:18","date_gmt":"2020-03-22T12:58:18","guid":{"rendered":"http:\/\/yrmegard.net\/cms\/?page_id=3130"},"modified":"2023-08-16T21:55:40","modified_gmt":"2023-08-16T18:55:40","slug":"eesti-vood-eevi-astel","status":"publish","type":"page","link":"https:\/\/yrmegard.net\/treasury\/et\/artiklid\/eesti-vood-eevi-astel\/","title":{"rendered":"Eesti v\u00f6\u00f6d. Eevi Astel"},"content":{"rendered":"<div class=\"wp-block-image blog-image\">\n<figure class=\"alignleft size-full is-resized\"><a href=\"https:\/\/yrmegard.net\/treasury\/wp-content\/uploads\/2023\/08\/astel_cover_big.gif\" data-rel=\"lightbox-gallery-8VCGdO7D\" data-rl_title=\"\" data-rl_caption=\"\" title=\"\"><img decoding=\"async\" src=\"https:\/\/yrmegard.net\/treasury\/wp-content\/uploads\/2023\/08\/astel_cover_big.gif\" alt=\"\" class=\"wp-image-6912\" style=\"width:300px\" width=\"300\"\/><\/a><\/figure>\n<\/div>\n\n\n<p>Ilmamaa, 1998<br>ISBN 9985-821-49-1<\/p>\n\n\n\n<p>\u201cEesti v\u00f6\u00f6de\u201d m\u00fc\u00fcgiedu on h\u00e4mmastav. Kultuurifondide abiga v\u00e4lja antud raamat on nii populaarne, et selle tr\u00fckikordused l\u00e4hevad ikka ja j\u00e4lle \u00fclikiiresti kaubaks. Ja seda juba \u00fcle 20 aasta j\u00e4rjest. Endale ja kingiks, kohalikud ja turistid, lapsed ja t\u00e4iskasvanud, meistrid ja teiste t\u00f6\u00f6de imetlejad, rahvariietest huvituvad v\u00f5i mitte \u2013 see raamat on saavutanud <em>\u201cmust have\u201d<\/em> staatuse. Ka <a href=\"https:\/\/yrmegard.net\/treasury\/et\/artiklid\/tw-tech-peter-collingwood\/\">Peter Collingwoodile<\/a> pakkus see huvi.<\/p>\n\n\n\n<p>Eevi Astel on hariduse poolest ajaloolane-etnograaf. Ta t\u00f6\u00f6tas Eesti Rahva Muuseumis 1963. aastast ning 1971. aastast oli selle peavarahoidja. Teha t\u00f6\u00f6d sellise varanduse keskel ning j\u00e4\u00e4da \u00fcksk\u00f5ikseks pole kuidagi v\u00f5imalik. Aastate jooksul on Eevi Astel kirjutanud ning aidanud kirjutada mitmeid materjale muuseumi ajaloo ning etnograafilise tekstiili teemadel. Eesti v\u00f6\u00f6de album on publikatsioonidest suurim.<\/p>\n\n\n\n<p>Tegemist on \u00f5igupoolest albumi, mitte raamatuga. 263st lehek\u00fcljest 20 viimast h\u00f5ivavad lisad \u2013 abstraktid inglise ja saksa keeles, bibliograafia, l\u00fchendid, piltide register. Lisaks veel alateemasid tutvustavad tekstid \u2013 kokku samuti umbes 20 lehek\u00fclge. Ja siis pildid, suured, erksav\u00e4rvilised, kvaliteetsed fotod. Fotograaf Aldo Luud on teinud imehead t\u00f6\u00f6d \u2013 piltidel on palju paremini n\u00e4ha v\u00f6\u00f6de struktuuri ja v\u00e4rve, kui originaalidel. Virunuka v\u00f6\u00f6 fragmentide pilt on lausa eriline \u2013 sellel saab l\u00f5imel\u00f5ngasid kokku lugeda, samas kui reaalsetel fragmentidel pole kerge isegi erineva v\u00e4rviga laike eristada.<\/p>\n\n\n<div class=\"wp-block-image blog-image\">\n<figure class=\"alignright size-full is-resized\"><a href=\"https:\/\/yrmegard.net\/treasury\/wp-content\/uploads\/2023\/08\/astel_page-scaled.jpeg\" data-rel=\"lightbox-gallery-8VCGdO7D\" data-rl_title=\"\" data-rl_caption=\"\" title=\"\"><img decoding=\"async\" src=\"https:\/\/yrmegard.net\/treasury\/wp-content\/uploads\/2023\/08\/astel_page-scaled.jpeg\" alt=\"\" class=\"wp-image-6963\" style=\"width:300px\" width=\"300\" srcset=\"https:\/\/yrmegard.net\/treasury\/wp-content\/uploads\/2023\/08\/astel_page-scaled.jpeg 1927w, https:\/\/yrmegard.net\/treasury\/wp-content\/uploads\/2023\/08\/astel_page-226x300.jpeg 226w, https:\/\/yrmegard.net\/treasury\/wp-content\/uploads\/2023\/08\/astel_page-771x1024.jpeg 771w, https:\/\/yrmegard.net\/treasury\/wp-content\/uploads\/2023\/08\/astel_page-768x1020.jpeg 768w, https:\/\/yrmegard.net\/treasury\/wp-content\/uploads\/2023\/08\/astel_page-1156x1536.jpeg 1156w, https:\/\/yrmegard.net\/treasury\/wp-content\/uploads\/2023\/08\/astel_page-1542x2048.jpeg 1542w\" sizes=\"(max-width: 1927px) 100vw, 1927px\" \/><\/a><\/figure>\n<\/div>\n\n\n<p>Albumis esindatud v\u00f6\u00f6d on jagatud kaheksasse gruppi materjalide ja valmistamistehnoloogia j\u00e4rgi. V\u00f6\u00f6dega seotud infole ja nende piltidele eelneb sisukas eess\u00f5na, kus on juttu v\u00f6\u00f6de valmistamise ja kandmise traditsioonist. Ees\u00f5na on illustreeritud Eesti kaartidega, kus on n\u00e4idatud konkreetsete v\u00f6\u00f6t\u00fc\u00fcpide levikupiirkonnad, ning piltidega rahvar\u00f5ivastes inimestest. Samuti on pilte k\u00e4sit\u00f6\u00f6listest ja nende t\u00f6\u00f6vahenditest \u2013 viimastest on p\u00f5hiliselt esindatud tihvad ja v\u00f6\u00f6m\u00f5\u00f5gad.<\/p>\n\n\n\n<p>K\u00f5lav\u00f6\u00f6dele on p\u00fchendatud esimene ning sugugi mitte mahukaim albumi osa. L\u00fchike tekst annab \u00fclevaate Eesti arheoloogilistest leidudest (nendest, mis raamatu kirjutamise hetkeks teada olid) ja terminoloogiast erinevates murretes, lisatud on veidi tehnika \u00fcldajalugu. Just see viimane osa on n\u00f5rgav\u00f5itu, kuna sisaldab vanu andmeid ning v\u00e4iteid, mis on juba m\u00f5nda aega tagasi \u00fcmber l\u00fckatud. Piltidelt n\u00e4eb vaid kahte paremini s\u00e4ilinud arheoloogilist leidu \u2013 v\u00f6\u00f6 fragmente Parisseljast ja Virunukast. Virunuka leiu k\u00f5rval n\u00e4eb selle v\u00f6\u00f6 rekonstruktsiooni, mille autoriks soomlanna Barbro Gardberg. J\u00e4rgnevatel piltidel on 58 v\u00f6\u00f6d, mille valmistamisaeg langeb p\u00f5hiliselt 18. ja 19. sajandisse. V\u00f6\u00f6d on grupeeritud geograafilisel p\u00f5him\u00f5ttel, kuid pole arvestatud kronoloogia ega mustrit\u00fc\u00fcpidega. N\u00e4iteks \u00fcks mustrit\u00fc\u00fcp on esindatud erinevates v\u00e4rvides \u00fcle 10 korra samas kui m\u00f5nda pole \u00fcldse n\u00e4idatud. \u00dcld\u00fclevaate Eesti viimase kolme sajandi k\u00f5lav\u00f6\u00f6dest aga siiski saab.<\/p>\n\n\n\n<p>Albumi suurim osa on p\u00fchendatud kiriv\u00f6\u00f6dele, kuna tegemist on levinuima ja t\u00f5en\u00e4oliselt ka k\u00f5ige paremini uuritud v\u00f6\u00f6t\u00fc\u00fcbiga. Piltidele eelneb pikem tekst ajaloost, tehnoloogiast, mustritest ja v\u00e4rvikombinatsioonidest. 90 (!) j\u00e4rgneval lehek\u00fcljel leiab pilte 413 (!!!) erinevast v\u00f6\u00f6st, suurem osa piltidest on piisavalt suured, et nendelt saab probleemideta mustrit lugeda.<\/p>\n\n\n\n<p>J\u00e4rgnevad albumiosad r\u00e4\u00e4givad v\u00f5rkv\u00f6\u00f6dest, telgedel kootud v\u00f6\u00f6dest ning muudest v\u00f6\u00f6valmistamise viisidest, sh heegeldamisest ja tikkimisest. Nahkv\u00f6\u00f6de alaosas on palju pilte pannaldest ja muudest v\u00f6\u00f6de kaunistustest, mis on kahjuks m\u00e4\u00e4ratletud vaid geograafilselt. Viimased albumi osad on p\u00fchendatud linnav\u00f6\u00f6dele.<\/p>\n\n\n\n<p>Albumi miinuseks on tehnilise info t\u00e4ielik puudumine \u2013 kuid see on eelk\u00f5ige album, ning oma eesm\u00e4rki \u2013 tutvustada tervet kihti traditsioonilisest tekstiiilist \u2013 t\u00e4idab see igati. Ilu ning inspiratsiooni on selles l\u00f5pmatult.<\/p>\n","protected":false},"excerpt":{"rendered":"<p>Ilmamaa, 1998ISBN 9985-821-49-1 \u201cEesti v\u00f6\u00f6de\u201d m\u00fc\u00fcgiedu on h\u00e4mmastav. Kultuurifondide abiga v\u00e4lja antud raamat on nii populaarne, et selle tr\u00fckikordused l\u00e4hevad ikka ja j\u00e4lle \u00fclikiiresti kaubaks. Ja seda juba \u00fcle 20 aasta j\u00e4rjest. Endale ja kingiks, kohalikud ja turistid, lapsed ja t\u00e4iskasvanud, meistrid ja teiste t\u00f6\u00f6de&nbsp;<a class=\"read-more\" href=\"https:\/\/yrmegard.net\/treasury\/et\/artiklid\/eesti-vood-eevi-astel\/\">&hellip;<\/a><\/p>\n","protected":false},"author":2,"featured_media":6912,"parent":2918,"menu_order":61,"comment_status":"closed","ping_status":"closed","template":"template-full.php","meta":{"_vp_format_video_url":"","_vp_image_focal_point":[],"footnotes":""},"class_list":["post-3130","page","type-page","status-publish","has-post-thumbnail","hentry"],"_links":{"self":[{"href":"https:\/\/yrmegard.net\/treasury\/wp-json\/wp\/v2\/pages\/3130","targetHints":{"allow":["GET"]}}],"collection":[{"href":"https:\/\/yrmegard.net\/treasury\/wp-json\/wp\/v2\/pages"}],"about":[{"href":"https:\/\/yrmegard.net\/treasury\/wp-json\/wp\/v2\/types\/page"}],"author":[{"embeddable":true,"href":"https:\/\/yrmegard.net\/treasury\/wp-json\/wp\/v2\/users\/2"}],"replies":[{"embeddable":true,"href":"https:\/\/yrmegard.net\/treasury\/wp-json\/wp\/v2\/comments?post=3130"}],"version-history":[{"count":3,"href":"https:\/\/yrmegard.net\/treasury\/wp-json\/wp\/v2\/pages\/3130\/revisions"}],"predecessor-version":[{"id":6965,"href":"https:\/\/yrmegard.net\/treasury\/wp-json\/wp\/v2\/pages\/3130\/revisions\/6965"}],"up":[{"embeddable":true,"href":"https:\/\/yrmegard.net\/treasury\/wp-json\/wp\/v2\/pages\/2918"}],"wp:featuredmedia":[{"embeddable":true,"href":"https:\/\/yrmegard.net\/treasury\/wp-json\/wp\/v2\/media\/6912"}],"wp:attachment":[{"href":"https:\/\/yrmegard.net\/treasury\/wp-json\/wp\/v2\/media?parent=3130"}],"curies":[{"name":"wp","href":"https:\/\/api.w.org\/{rel}","templated":true}]}}