{"id":3056,"date":"2020-03-13T21:58:16","date_gmt":"2020-03-13T21:58:16","guid":{"rendered":"http:\/\/yrmegard.net\/cms\/?page_id=3056"},"modified":"2023-08-15T12:52:31","modified_gmt":"2023-08-15T09:52:31","slug":"artikkel-lapsep6ll-maali-jargi","status":"publish","type":"page","link":"https:\/\/yrmegard.net\/treasury\/et\/artiklid\/artikkel-lapsep6ll-maali-jargi\/","title":{"rendered":"Tikandi rekonstruktsioon maali j\u00e4rgi: tikitud lapsep\u00f5ll"},"content":{"rendered":"\n<figure class=\"wp-block-gallery alignright has-nested-images columns-default is-cropped wp-block-gallery-1 is-layout-flex wp-block-gallery-is-layout-flex\">\n<figure class=\"wp-block-image size-full blog-image\"><a href=\"https:\/\/yrmegard.net\/treasury\/wp-content\/uploads\/2023\/08\/embroidery-article-02-bib_St_Anna.jpg\" data-rel=\"lightbox-gallery-7IsdmaV5\" data-rl_title=\"\" data-rl_caption=\"\" title=\"\"><img loading=\"lazy\" decoding=\"async\" width=\"992\" height=\"1500\" data-id=\"6797\" src=\"https:\/\/yrmegard.net\/treasury\/wp-content\/uploads\/2023\/08\/embroidery-article-02-bib_St_Anna.jpg\" alt=\"\" class=\"wp-image-6797\" style=\"object-fit:cover\" srcset=\"https:\/\/yrmegard.net\/treasury\/wp-content\/uploads\/2023\/08\/embroidery-article-02-bib_St_Anna.jpg 992w, https:\/\/yrmegard.net\/treasury\/wp-content\/uploads\/2023\/08\/embroidery-article-02-bib_St_Anna-198x300.jpg 198w, https:\/\/yrmegard.net\/treasury\/wp-content\/uploads\/2023\/08\/embroidery-article-02-bib_St_Anna-677x1024.jpg 677w, https:\/\/yrmegard.net\/treasury\/wp-content\/uploads\/2023\/08\/embroidery-article-02-bib_St_Anna-768x1161.jpg 768w\" sizes=\"auto, (max-width: 992px) 100vw, 992px\" \/><\/a><figcaption class=\"wp-element-caption\">P\u00fcha Anna tript\u00fchhoni fragment.<\/figcaption><\/figure>\n\n\n\n<figure class=\"wp-block-image size-full blog-image\"><a href=\"https:\/\/yrmegard.net\/treasury\/wp-content\/uploads\/2023\/08\/embroidery-article-02-bib_St_Anna_cross.jpg\" data-rel=\"lightbox-gallery-7IsdmaV5\" data-rl_title=\"\" data-rl_caption=\"\" title=\"\"><img loading=\"lazy\" decoding=\"async\" width=\"993\" height=\"1500\" data-id=\"6799\" src=\"https:\/\/yrmegard.net\/treasury\/wp-content\/uploads\/2023\/08\/embroidery-article-02-bib_St_Anna_cross.jpg\" alt=\"\" class=\"wp-image-6799\" style=\"object-fit:cover\" srcset=\"https:\/\/yrmegard.net\/treasury\/wp-content\/uploads\/2023\/08\/embroidery-article-02-bib_St_Anna_cross.jpg 993w, https:\/\/yrmegard.net\/treasury\/wp-content\/uploads\/2023\/08\/embroidery-article-02-bib_St_Anna_cross-199x300.jpg 199w, https:\/\/yrmegard.net\/treasury\/wp-content\/uploads\/2023\/08\/embroidery-article-02-bib_St_Anna_cross-678x1024.jpg 678w, https:\/\/yrmegard.net\/treasury\/wp-content\/uploads\/2023\/08\/embroidery-article-02-bib_St_Anna_cross-768x1160.jpg 768w\" sizes=\"auto, (max-width: 993px) 100vw, 993px\" \/><\/a><figcaption class=\"wp-element-caption\">Suurendatud fragment p\u00f5llega.<\/figcaption><\/figure>\n<\/figure>\n\n\n\n<p>Selle projekti lugu algas 2003. aasta m\u00e4rtsis, kui Galina Karputina, venekeelse ajaloofoorumi kost\u00fc\u00fcmiteemalise osa looja ja moderaator, juhtis mu t\u00e4helepanu \u00fchele maalile. See oli fragment Belgia p\u00e4ritolu p\u00fcha Anna tript\u00fchhonist, mida dateeritakse 1509. aastasse. Jutu all olev fragment p\u00e4rines Ermitaa\u017eis 1996. aastal toimunud n\u00e4ituse \u201cFlaami raamatuminiatuur 1475-1550\u2033 kataloogist. Tript\u00fchhoni autoriks on Quinten Massijs. Lapse pudip\u00f5llel olev ornament j\u00e4i mulle silma, kuid tript\u00fchhoni kohta ei \u00f5nnestunud leida mingit lisainfot. Tol hetkel ei \u00f5nnestunud leida ka selle t\u00e4isreproduktsiooni.&nbsp;<\/p>\n\n\n\n<p>Hiljem tekkis tript\u00fchhoni kirjeldus ning reproduktsioon&nbsp; <a href=\"https:\/\/www.wga.hu\/html_m\/m\/massys\/quentin\/1\/st_anne1.html\" target=\"_blank\" rel=\"noreferrer noopener\">Web Gallery of Art<\/a> lehele. Kvaliteetseim reproduktsioon asub <a href=\"https:\/\/upload.wikimedia.org\/wikipedia\/commons\/e\/e8\/Quinten_Metsys_-_Triptyque_de_la_confr%C3%A9rie_de_Sainte-Anne_%C3%A0_Louvain.jpg\" target=\"_blank\" rel=\"noreferrer noopener\" data-rel=\"lightbox-gallery-7IsdmaV5\" data-rl_title=\"\" data-rl_caption=\"\" title=\"\">Wikimedia<\/a> lehel.<\/p>\n\n\n\n<p>Kunstilise kujutise j\u00e4rgi ei ole v\u00f5imalik 100% kindlaks teha kangale mustri loomise tehnikat. V\u00e4ljakutse hinnatud, r\u00e4ndas maali reproduktsioon arhiivi, kust see ilmus j\u00e4lle v\u00e4lja suvel 2004. T\u00f6\u00f6 mustri kallal, hiljem aga tikandi ja p\u00f5lle kallal kestis kevadeni 2005 \u2013 kokku umbes 7 kuud.<\/p>\n\n\n\n<ul class=\"wp-block-list\">\n<li><a href=\"#description\">T\u00f6\u00f6 kirjeldus<\/a><\/li>\n\n\n\n<li><a href=\"#materials\">Kasutatud materjalid<\/a><\/li>\n\n\n\n<li><a href=\"#tech\">Tikkimistehnikad, nende valik<\/a><\/li>\n\n\n\n<li><a href=\"#sample\">N\u00e4idise valmistamine<\/a><\/li>\n\n\n\n<li><a href=\"#bib\">P\u00f5lle valmistamine<\/a><\/li>\n\n\n\n<li><a href=\"http:\/\/yrmegard.net\/cms\/ru\/articles\/embroidery-bib#notes\">Vead ja muud m\u00e4rkused<\/a><\/li>\n\n\n\n<li><a href=\"#final\">L\u00f5pps\u00f5na<\/a><\/li>\n<\/ul>\n\n\n<div class=\"wp-block-image blog-image\">\n<figure class=\"alignright size-full is-resized\"><a href=\"https:\/\/yrmegard.net\/treasury\/wp-content\/uploads\/2023\/08\/embroidery-article-02-bib_bib.jpg\" data-rel=\"lightbox-gallery-7IsdmaV5\" data-rl_title=\"\" data-rl_caption=\"\" title=\"\"><img decoding=\"async\" src=\"https:\/\/yrmegard.net\/treasury\/wp-content\/uploads\/2023\/08\/embroidery-article-02-bib_bib.jpg\" alt=\"\" class=\"wp-image-6819\" style=\"width:512px\" width=\"512\" srcset=\"https:\/\/yrmegard.net\/treasury\/wp-content\/uploads\/2023\/08\/embroidery-article-02-bib_bib.jpg 1500w, https:\/\/yrmegard.net\/treasury\/wp-content\/uploads\/2023\/08\/embroidery-article-02-bib_bib-300x225.jpg 300w, https:\/\/yrmegard.net\/treasury\/wp-content\/uploads\/2023\/08\/embroidery-article-02-bib_bib-1024x768.jpg 1024w, https:\/\/yrmegard.net\/treasury\/wp-content\/uploads\/2023\/08\/embroidery-article-02-bib_bib-768x576.jpg 768w\" sizes=\"(max-width: 1500px) 100vw, 1500px\" \/><\/a><figcaption class=\"wp-element-caption\">Valmis p\u00f5ll<\/figcaption><\/figure>\n<\/div>\n\n\n<h2 class=\"wp-block-heading\" id=\"description\">T\u00f6\u00f6 kirjeldus<\/h2>\n\n\n\n<p>Pudip\u00f5lle laius on 25 cm, pikkus 58 cm. Esik\u00fcljele on tikitud punane v\u00f5rdsete harudega rist. Tikandi laius 18,7 cm, k\u00f5rgus 16,6 cm. P\u00f5lle vooder on tehtud samast materjalist, mis esik\u00fclg ning kaitseb tikandit v\u00f5imaliku kahjustuse eest.<\/p>\n\n\n\n<h2 class=\"wp-block-heading\" id=\"materials\">Kasutatud materjalid<\/h2>\n\n\n\n<p>Kangas on toimsega koega 100% linane, kanga tihedus 18 niiti cm kohta. \u00d5mblusniit on 100% puuvillane. Tikkimisniit on India kedratud 100% siid, kahekordne Holbeini piste jaoks ja neljakordne kaldristpiste jaoks.<\/p>\n\n\n\n<p>N\u00e4idise jaoks on kasutatud sama tikkimisniiti, kuid kangas on linase-puuvillase segu <em>basket weave<\/em>, tihedusega 14 topeltniiti cm kohta.<\/p>\n\n\n\n<h2 class=\"wp-block-heading\" id=\"tech\">Tikkimistehnikad<\/h2>\n\n\n\n<p>Ma jagan seisukohta, et kunstieseme, olgu see pilt v\u00f5i ruumiline kujutis, j\u00e4rgi pole v\u00f5imalik tekstiili kaunistamise tehnikat kindlasks teha, seega minu h\u00fcpotees p\u00f5hineb vaid teoreetilisetel oletustel. Sellegipoolest\u2026<\/p>\n\n\n\n<p>P\u00fcha Anna tript\u00fchhoni fragment sattus mulle k\u00e4tte siis, kui otsisin materjale <em>blackwork<\/em> ehk musta tikandi kohta. Visuaalne mulje ristist p\u00f5lle peal &#8211; \u00f5huline kontuur, punane v\u00e4rv \u2013 r\u00e4\u00e4gib just selle tehnika kasuks. \u00d5igus k\u00fcll, maal on dateeritud 1509. aastasse kui see tehnika ei olnud veel saavutanud oma populaarsuse tippu, kuid stiil ise oli tuntud Hispaanias (aga m\u00f5ne allika j\u00e4rgi ka mujal Euroopas) veel enne seda, kui inglise aadel selle \u00e4\u00e4rmiselt moekaks tegi. XVI sajandi alguses langeb kaasaegse Belgia territoorium Hispaania m\u00f5ju alla, seega pole v\u00f5imatu, et hispaanlaste tikkimisstiil oli seal h\u00e4sti teada. Pole ka v\u00e4listatud, et pildil n\u00e4eme hoopis hispaania pere last.<\/p>\n\n\n<div class=\"wp-block-image blog-image\">\n<figure class=\"alignleft size-full\"><img loading=\"lazy\" decoding=\"async\" width=\"204\" height=\"131\" src=\"https:\/\/yrmegard.net\/treasury\/wp-content\/uploads\/2023\/08\/article_02_bib_04_pillow_sm.gif\" alt=\"\" class=\"wp-image-6824\"\/><\/figure>\n<\/div>\n\n\n<p><em>Blackwork<\/em> on nn kontuurtikand, ehk kui v\u00f5tta see aluseks, vajame lisaks veel \u00fchte tehnikat, millega kontuurid \u00e4ra t\u00e4ita. Otsides v\u00f5imalikke kombinatsioone leidsin pilte m\u00f5nest ajaloolisest esemest, kus kontuurtikand on kasutuses koos <em>Assisi<\/em>\u00b4ga.<\/p>\n\n\n\n<p>\u00dchte sellistest n\u00e4idetest n\u00e4eb vasakul. See on Itaalia p\u00e4ritolu padjakate, mis asub hetkel <a href=\"http:\/\/gallerysearch.ds.man.ac.uk\/Detail\/18849\" target=\"_blank\" rel=\"noopener noreferrer\">Whitworth Art Gallery<\/a>\u00b4s ja on dateeritud XVI sajandisse (lingilt n\u00e4eb pildi suuremat versiooni).&nbsp;<\/p>\n\n\n\n<p>Andmeid <em>Assisi<\/em> kasutuse kohta sel perioodil on v\u00e4he, kuid neid siiski on. Huvitav on ka see, et Itaalia, kust see tehnika p\u00e4rineb, asub sel ajal samuti Hispaania m\u00f5jusf\u00e4\u00e4ris. <em>Assisi<\/em> stiilis tikandid on v\u00e4ga sarnased sellega, mida n\u00e4eme lapsep\u00f5llel tript\u00fchhonil.<\/p>\n\n\n\n<h2 class=\"wp-block-heading\" id=\"sample\">Praktiline t\u00f6\u00f6: n\u00e4idis<\/h2>\n\n\n\n<p><em>I etapp<\/em><\/p>\n\n\n\n<p>T\u00f6\u00f6 algas loomulikult mitte n\u00e4idise enda, vaid hoopis mustriskeemi loomisega. Pliiatsi, ruudulise paberi ja suurendusklaasi seltsis veetsin maali kohal lugematuid tunde. Esimene mustriskeemiversioon valmis vaid kahe ja poole tunniga, kuid meenutas originaali vaid \u00fcldjoontes. Teise ja kolmanda versiooni loomine v\u00f5ttis kokku \u00fcle 10 tunni. T\u00f6\u00f6 k\u00e4igus muutus mustriskeem veel v\u00e4hemalt 4 korda, ning m\u00f5ningate detalide t\u00e4psus on endiselt k\u00fcsim\u00e4rgi all.<\/p>\n\n\n<div class=\"wp-block-image blog-image\">\n<figure class=\"alignleft size-full\"><img loading=\"lazy\" decoding=\"async\" width=\"241\" height=\"210\" src=\"https:\/\/yrmegard.net\/treasury\/wp-content\/uploads\/2023\/08\/article_02_bib_05_sample1.gif\" alt=\"\" class=\"wp-image-6827\"\/><\/figure>\n<\/div>\n\n<div class=\"wp-block-image blog-image\">\n<figure class=\"alignright size-full\"><img loading=\"lazy\" decoding=\"async\" width=\"241\" height=\"210\" src=\"https:\/\/yrmegard.net\/treasury\/wp-content\/uploads\/2023\/08\/article_02_bib_06_sample2.gif\" alt=\"\" class=\"wp-image-6828\"\/><\/figure>\n<\/div>\n\n\n<p>Viide viimasele mustriskeemi versioonile asub selle artikli l\u00f5pus.<\/p>\n\n\n\n<p><em>II etapp<\/em><\/p>\n\n\n\n<p>N\u00e4idiseks tikkisin \u00fche osa ristist <em>Holbeini<\/em> pistes. Vasakul olevalt pildilt n\u00e4eb, et nurgaelemendid on proportsioonist v\u00e4ljast ning maalil oleva ornamendiga v\u00f5rreldes on liiga suured.<\/p>\n\n\n\n<p><em>III etapp<\/em><\/p>\n\n\n\n<p>Katsetades <em>Assisi<\/em> versiooni, t\u00e4itsin kontuurid kaldristpistega (vt pilti paremal). Ristpistes read on tikitud \u00fcle \u00fche \u00fches ja teises suunas.<\/p>\n\n\n\n<p>V\u00f5rreldes maaliga tulid elementide piirid liiga selged, seega tegin otsuse mitte tikkida elementide kontuure p\u00f5llel.<\/p>\n\n\n\n<h2 class=\"wp-block-heading\" id=\"bib\">Praktiline t\u00f6\u00f6: p\u00f5ll<\/h2>\n\n\n\n<p><em>I etapp<\/em><\/p>\n\n\n\n<p>Esimeseks \u00fclesandeks sai tulevase tikandi suuruse m\u00e4\u00e4ramine. L\u00e4htudes maalist oletasin, et p\u00f5lle laiuseks on 24-25 cm, tikandi enda laius v\u00f5iks siis olla 18-19 cm.<\/p>\n\n\n\n<p>Kanga tiheduseks on 18 niiti cm kohta. Seega mustri laius niitides on 324. Kuna mustri laius pistetes on 97, siis lihtsa tehte tulemusena saame \u00fche piste pikkuseks kolm niiti.<\/p>\n\n\n\n<p><em>II etapp<\/em><\/p>\n\n\n\n<p>K\u00f5ik kontuurid said tikitud Holbeini pistes. \u00dches suunas liikumisel kasutasin t\u00f6mbi otsaga n\u00f5ela, mis ei l\u00e4bistanud kanga niite, teises suunas liikumiseks aga teravat n\u00f5ela. Tulemusena tulid jooned sirgemad. <\/p>\n\n\n\n<p><em>III etapp<\/em><\/p>\n\n\n\n<p>T\u00e4itsin mustri kontuurid kaldristpistega, kusjuures read on tikitud vahelduva suunaga. K\u00f5ik pildid all on suurendatavad.<\/p>\n\n\n\n<figure class=\"wp-block-gallery has-nested-images columns-5 is-cropped wp-block-gallery-2 is-layout-flex wp-block-gallery-is-layout-flex\">\n<figure class=\"wp-block-image size-large blog-image\"><a href=\"https:\/\/yrmegard.net\/treasury\/wp-content\/uploads\/2023\/08\/embroidery-article-02-bib_contour.jpg\" data-rel=\"lightbox-gallery-7IsdmaV5\" data-rl_title=\"\" data-rl_caption=\"\" title=\"\"><img loading=\"lazy\" decoding=\"async\" width=\"905\" height=\"1024\" data-id=\"6829\" src=\"https:\/\/yrmegard.net\/treasury\/wp-content\/uploads\/2023\/08\/embroidery-article-02-bib_contour-905x1024.jpg\" alt=\"\" class=\"wp-image-6829\" srcset=\"https:\/\/yrmegard.net\/treasury\/wp-content\/uploads\/2023\/08\/embroidery-article-02-bib_contour-905x1024.jpg 905w, https:\/\/yrmegard.net\/treasury\/wp-content\/uploads\/2023\/08\/embroidery-article-02-bib_contour-265x300.jpg 265w, https:\/\/yrmegard.net\/treasury\/wp-content\/uploads\/2023\/08\/embroidery-article-02-bib_contour-768x869.jpg 768w, https:\/\/yrmegard.net\/treasury\/wp-content\/uploads\/2023\/08\/embroidery-article-02-bib_contour.jpg 1326w\" sizes=\"auto, (max-width: 905px) 100vw, 905px\" \/><\/a><\/figure>\n\n\n\n<figure class=\"wp-block-image size-full blog-image\"><a href=\"https:\/\/yrmegard.net\/treasury\/wp-content\/uploads\/2023\/08\/embroidery_article_02_bib_08_cross_final.gif\" data-rel=\"lightbox-gallery-7IsdmaV5\" data-rl_title=\"\" data-rl_caption=\"\" title=\"\"><img loading=\"lazy\" decoding=\"async\" width=\"1139\" height=\"1056\" data-id=\"6848\" src=\"https:\/\/yrmegard.net\/treasury\/wp-content\/uploads\/2023\/08\/embroidery_article_02_bib_08_cross_final.gif\" alt=\"\" class=\"wp-image-6848\"\/><\/a><\/figure>\n\n\n\n<figure class=\"wp-block-image size-full blog-image\"><a href=\"https:\/\/yrmegard.net\/treasury\/wp-content\/uploads\/2023\/08\/article_02_bib_09_cross_wing.gif\" data-rel=\"lightbox-gallery-7IsdmaV5\" data-rl_title=\"\" data-rl_caption=\"\" title=\"\"><img loading=\"lazy\" decoding=\"async\" width=\"564\" height=\"600\" data-id=\"6834\" src=\"https:\/\/yrmegard.net\/treasury\/wp-content\/uploads\/2023\/08\/article_02_bib_09_cross_wing.gif\" alt=\"\" class=\"wp-image-6834\"\/><\/a><\/figure>\n\n\n\n<figure class=\"wp-block-image size-full blog-image\"><a href=\"https:\/\/yrmegard.net\/treasury\/wp-content\/uploads\/2023\/08\/article_02_bib_10_cross_center.gif\" data-rel=\"lightbox-gallery-7IsdmaV5\" data-rl_title=\"\" data-rl_caption=\"\" title=\"\"><img loading=\"lazy\" decoding=\"async\" width=\"630\" height=\"600\" data-id=\"6835\" src=\"https:\/\/yrmegard.net\/treasury\/wp-content\/uploads\/2023\/08\/article_02_bib_10_cross_center.gif\" alt=\"\" class=\"wp-image-6835\"\/><\/a><\/figure>\n\n\n\n<figure class=\"wp-block-image size-full blog-image\"><a href=\"https:\/\/yrmegard.net\/treasury\/wp-content\/uploads\/2023\/08\/article_02_bib_11_cross_center_back.gif\" data-rel=\"lightbox-gallery-7IsdmaV5\" data-rl_title=\"\" data-rl_caption=\"\" title=\"\"><img loading=\"lazy\" decoding=\"async\" width=\"644\" height=\"600\" data-id=\"6836\" src=\"https:\/\/yrmegard.net\/treasury\/wp-content\/uploads\/2023\/08\/article_02_bib_11_cross_center_back.gif\" alt=\"\" class=\"wp-image-6836\"\/><\/a><\/figure>\n<\/figure>\n\n\n\n<p><em>IV etapp<\/em><\/p>\n\n\n\n<p>Viimane etapp on viimistlus. K\u00f5ik niidiotsad on peidetud ristpiste ridade alla, tagumisele k\u00fcljele ei j\u00e4\u00e4nud \u00fchtegi niidiotsa. Peale seda sai p\u00f5ll v\u00e4lja l\u00f5igatud ja voodriga kokku \u00f5mmeldud.<\/p>\n\n\n\n<h2 class=\"wp-block-heading\" id=\"notes\">V\u00f5imalikud vead<\/h2>\n\n\n\n<figure class=\"wp-block-gallery alignright has-nested-images columns-default wp-block-gallery-3 is-layout-flex wp-block-gallery-is-layout-flex\">\n<figure class=\"wp-block-image size-full blog-image\"><a href=\"https:\/\/yrmegard.net\/treasury\/wp-content\/uploads\/2023\/08\/article_02_bib_12_bib_corner-300x147-1.gif\" data-rel=\"lightbox-gallery-7IsdmaV5\" data-rl_title=\"\" data-rl_caption=\"\" title=\"\"><img loading=\"lazy\" decoding=\"async\" width=\"300\" height=\"147\" data-id=\"6856\" src=\"https:\/\/yrmegard.net\/treasury\/wp-content\/uploads\/2023\/08\/article_02_bib_12_bib_corner-300x147-1.gif\" alt=\"\" class=\"wp-image-6856\"\/><\/a><\/figure>\n\n\n\n<figure class=\"wp-block-image size-full blog-image\"><a href=\"https:\/\/yrmegard.net\/treasury\/wp-content\/uploads\/2023\/08\/article_02_bib_13_triptihfr_corner.gif\" data-rel=\"lightbox-gallery-7IsdmaV5\" data-rl_title=\"\" data-rl_caption=\"\" title=\"\"><img loading=\"lazy\" decoding=\"async\" width=\"290\" height=\"147\" data-id=\"6857\" src=\"https:\/\/yrmegard.net\/treasury\/wp-content\/uploads\/2023\/08\/article_02_bib_13_triptihfr_corner.gif\" alt=\"\" class=\"wp-image-6857\"\/><\/a><\/figure>\n<\/figure>\n\n\n\n<p>Nurgaelemente muutsin mustriskeemil v\u00e4hemalt 5 korda ja endiselt j\u00e4id nad tikandi n\u00f5rgeimaks kohaks. Nagu n\u00e4ha suurendatud fragmentidelt, saab nurgaelementi lugeda erinevalt s\u00f5ltuvalt sellest, millist maali osa kasutada.<\/p>\n\n\n\n<p>Kui maali fragmendil paremal on nurgaelement sarnane minu tikitule, siis vasakul see meenutab rohkem elemente risti harude juures.<\/p>\n\n\n\n<h2 class=\"wp-block-heading\" id=\"final\">L\u00f5pps\u00f5na<\/h2>\n\n\n\n<p>Tikandit maali j\u00e4rgi taasluua on kindlasti v\u00f5imalik, kuid seejuures ei saa olla kindel mitte ainult tulemuse vastavuses potentsiaalsele originaalile, vaid ka 100% vastavuses maalile endale. Samas on kogu protsess \u00e4\u00e4rmiselt huvitav ja kaasakiskuv, nii et see kompenseerib k\u00f5ik kahtlused tulemuse vastavuses ajaloolistele esemetele.<\/p>\n\n\n\n<div style=\"height:30px\" aria-hidden=\"true\" class=\"wp-block-spacer\"><\/div>\n\n\n\n<pre class=\"wp-block-verse\"><a href=\"https:\/\/www.yrmegard.net\/treasury\/bookshelf\/embroidery_pattern_01_cross_est.pdf\" target=\"_blank\" rel=\"noreferrer noopener\">Lae alla tikkimistmuster pdf formaadis<\/a>.<\/pre>\n","protected":false},"excerpt":{"rendered":"<p>Selle projekti lugu algas 2003. aasta m\u00e4rtsis, kui Galina Karputina, venekeelse ajaloofoorumi kost\u00fc\u00fcmiteemalise osa looja ja moderaator, juhtis mu t\u00e4helepanu \u00fchele maalile. See oli fragment Belgia p\u00e4ritolu p\u00fcha Anna tript\u00fchhonist, mida dateeritakse 1509. aastasse. Jutu all olev fragment p\u00e4rines Ermitaa\u017eis 1996. aastal toimunud n\u00e4ituse \u201cFlaami&nbsp;<a class=\"read-more\" href=\"https:\/\/yrmegard.net\/treasury\/et\/artiklid\/artikkel-lapsep6ll-maali-jargi\/\">&hellip;<\/a><\/p>\n","protected":false},"author":2,"featured_media":6819,"parent":2918,"menu_order":32,"comment_status":"closed","ping_status":"closed","template":"template-full.php","meta":{"_vp_format_video_url":"","_vp_image_focal_point":[],"footnotes":""},"class_list":["post-3056","page","type-page","status-publish","has-post-thumbnail","hentry"],"_links":{"self":[{"href":"https:\/\/yrmegard.net\/treasury\/wp-json\/wp\/v2\/pages\/3056","targetHints":{"allow":["GET"]}}],"collection":[{"href":"https:\/\/yrmegard.net\/treasury\/wp-json\/wp\/v2\/pages"}],"about":[{"href":"https:\/\/yrmegard.net\/treasury\/wp-json\/wp\/v2\/types\/page"}],"author":[{"embeddable":true,"href":"https:\/\/yrmegard.net\/treasury\/wp-json\/wp\/v2\/users\/2"}],"replies":[{"embeddable":true,"href":"https:\/\/yrmegard.net\/treasury\/wp-json\/wp\/v2\/comments?post=3056"}],"version-history":[{"count":30,"href":"https:\/\/yrmegard.net\/treasury\/wp-json\/wp\/v2\/pages\/3056\/revisions"}],"predecessor-version":[{"id":6934,"href":"https:\/\/yrmegard.net\/treasury\/wp-json\/wp\/v2\/pages\/3056\/revisions\/6934"}],"up":[{"embeddable":true,"href":"https:\/\/yrmegard.net\/treasury\/wp-json\/wp\/v2\/pages\/2918"}],"wp:featuredmedia":[{"embeddable":true,"href":"https:\/\/yrmegard.net\/treasury\/wp-json\/wp\/v2\/media\/6819"}],"wp:attachment":[{"href":"https:\/\/yrmegard.net\/treasury\/wp-json\/wp\/v2\/media?parent=3056"}],"curies":[{"name":"wp","href":"https:\/\/api.w.org\/{rel}","templated":true}]}}