{"id":2927,"date":"2020-02-09T20:42:05","date_gmt":"2020-02-09T20:42:05","guid":{"rendered":"http:\/\/yrmegard.net\/cms\/?page_id=2927"},"modified":"2023-12-26T00:07:00","modified_gmt":"2023-12-25T21:07:00","slug":"artikkel-mustriskeemid","status":"publish","type":"page","link":"https:\/\/yrmegard.net\/treasury\/et\/artiklid\/artikkel-mustriskeemid\/","title":{"rendered":"Et mustriskeem poleks salakeel. K\u00f5ladega kudumise mustrite koostamise ja lugemise p\u00f5him\u00f5tted."},"content":{"rendered":"<div class=\"wp-block-image blog-image\">\n<figure class=\"alignright size-large is-resized\"><a href=\"https:\/\/yrmegard.net\/treasury\/wp-content\/uploads\/2023\/08\/100_tablets.jpg\" data-rel=\"lightbox-gallery-TfLcUxg8\" data-rl_title=\"\" data-rl_caption=\"\" title=\"\"><img loading=\"lazy\" decoding=\"async\" width=\"1024\" height=\"768\" src=\"https:\/\/yrmegard.net\/treasury\/wp-content\/uploads\/2023\/08\/100_tablets-1024x768.jpg\" alt=\"\" class=\"wp-image-6650\" style=\"width:512px;height:384px\" srcset=\"https:\/\/yrmegard.net\/treasury\/wp-content\/uploads\/2023\/08\/100_tablets-1024x768.jpg 1024w, https:\/\/yrmegard.net\/treasury\/wp-content\/uploads\/2023\/08\/100_tablets-300x225.jpg 300w, https:\/\/yrmegard.net\/treasury\/wp-content\/uploads\/2023\/08\/100_tablets-768x576.jpg 768w, https:\/\/yrmegard.net\/treasury\/wp-content\/uploads\/2023\/08\/100_tablets-1536x1152.jpg 1536w, https:\/\/yrmegard.net\/treasury\/wp-content\/uploads\/2023\/08\/100_tablets-2048x1536.jpg 2048w\" sizes=\"auto, (max-width: 1024px) 100vw, 1024px\" \/><\/a><\/figure>\n<\/div>\n\n\n<p>Nii tr\u00fckiv\u00e4ljaannetes kui ka interneti avarustes leidub p\u00e4ris suures koguses mustriskeeme k\u00f5ladega kudumiseks. T\u00e4ies mahus saavad neid kahjuks kasutada vaid v\u00e4hesed. Tihtipeale kuuleb mustriskeemide kogumike kohta arvamusi stiilis \u201cskeemid on segased v\u00f5i ebat\u00e4psed, v\u00e4ga raske v\u00f5i hoopis v\u00f5imatu kududa\u201d. Seejuures kiidetakse ja laidetakse, omavahel vaieldes, t\u00e4iesti erinevaid mustrikogumikke. P\u00f5hjuseks pole midagi muud kui t\u00f5siasi, et k\u00f5ladega kudumise mustriskeemide jaoks pole olemas standardit ega \u00fchtset m\u00e4rgis\u00fcsteemi. Peaaegu iga mustriskeemide koostaja kasutab oma s\u00fcsteemi, ning tulemusena isegi visuaalselt sarnaseid skeeme peab lugema erineval moel. K\u00f5ik see v\u00f5ib osutuda algajale, aga vahest ka kogenumale kudujale oluliseks takistuseks.<\/p>\n\n\n\n<p>Probleemi on tunnistatud ka rahvusvahelistes k\u00f5ladega kudumise \u00fchingutes, ning 2008. aasta kevadel on alustatud arutelu \u00fchise m\u00e4rgis\u00fcsteemi loomise v\u00f5imalustest. Konkreetseid tulemusi pole aga tekkinud ning v\u00f5ib arvata, ei tekigi.<\/p>\n\n\n\n<p>See artikkel annab \u00fclevaate levinumatest m\u00e4rgis\u00fcsteemidest, mida kasutatakse k\u00f5ladega kudumise mustriskeemidel, ning annab vihjeid, mis lihtsustavad t\u00f6\u00f6d <a href=\"https:\/\/yrmegard.net\/treasury\/et\/mustrid\/\">Yrmegardi t\u00f6\u00f6toas avaldatud mustriskeemidega<\/a>. <\/p>\n\n\n\n<p>K\u00f5ik allpool \u00f6eldud kehtib klassikalistele nelinurksetele ja 4 auguga k\u00f5ladele m\u00f5eldud skeemide kohta.<\/p>\n\n\n\n<h2 class=\"wp-block-heading\">Mustriskeemi koostisosad<\/h2>\n\n\n\n<p>Klassikalised k\u00f5ladega kudumise mustriskeemi koostisosad on k\u00f5lade algasendi skeem, k\u00f5lade keeramise skeem ja mustrijoonis. K\u00f5igi nende elementide olemasolu pole kohustuslik, mustriskeem v\u00f5ib koosneda vaid \u00fchest nendest v\u00f5i siis nende suvalisest kombinatsioonist. Info k\u00f5lade algasendi ning nende keeramise kohta v\u00f5ib olla esitatud nii graafiliselt kui ka tekstina. S\u00f5ltumata mustriskeemi t\u00fc\u00fcbist tuleb enne t\u00f6\u00f6 alustamist selgitada j\u00e4rgmised asjad:<\/p>\n\n\n\n<ul class=\"wp-block-list\">\n<li><a href=\"#weaver\">kuduja asend t\u00f6\u00f6 suhtes;<\/a><\/li>\n\n\n\n<li><a href=\"#tablets\">k\u00f5lade algasend;<\/a><\/li>\n\n\n\n<li><a href=\"#warp\">l\u00f5ngade algasend k\u00f5lades;<\/a><\/li>\n\n\n\n<li><a href=\"#repeat\">mustrikordus ehk k\u00f5lade keeramise j\u00e4rjekord<\/a>.<\/li>\n<\/ul>\n\n\n\n<p>Lisaks on selle artikli l\u00f5pus toodud veel:<\/p>\n\n\n\n<ul class=\"wp-block-list\">\n<li><a href=\"#combination\">n\u00e4iteid mustriskeemide erinevate osade kombinatsioonidest<\/a>;<\/li>\n\n\n\n<li><a href=\"#workshop\">juhend t\u00f6\u00f6toas avaldatud mustriskeemide juurde<\/a>.<\/li>\n<\/ul>\n\n\n\n<h2 class=\"wp-block-heading\" id=\"weaver\">Kuduja asend t\u00f6\u00f6 suhtes<\/h2>\n\n\n\n<p>Levinum on variant, kui kootav pael tekib l\u00f5ime kudujapoolses otsas, ning kuduja l\u00f6\u00f6b vaheliku kinni enda poole, kuid on ka vastupidiseid variante, kui l\u00fc\u00fcakse vahelik kinni endast \u00e4ra, ehk siis pael tekib l\u00f5ime kaugemas otsas. Sellise asendi kirjeldusi v\u00f5ib leida etnograafilistest materjalidest, kaasaesetest tuntumatest kudujatest t\u00f6\u00f6tab niimoodi <a href=\"http:\/\/www.guntram.co.za\/tabletweaving\/patterns\/collection.html\" target=\"_blank\" rel=\"noopener\">Guntram<\/a>.<\/p>\n\n\n\n<p>Infot t\u00f6\u00f6 suuna kohta reeglina mustriskeemide k\u00f5rvalt ei leia, kuid enne t\u00f6\u00f6 alustamist konkreetse autori skeemide j\u00e4rgi tuleks see v\u00e4lja selgitada, kuna sellest s\u00f5ltuvad nii k\u00f5lade algasend kui ka k\u00f5lade keeramise suund. Allolevad n\u00e4ited l\u00e4htuvad levinumast variandist, ehk enda poole kinni l\u00f6\u00f6misest. Seega k\u00f5lade edasi keeramise all m\u00f5eldakse keeramist endast ja valmivast paelast \u00e4ra, ning k\u00f5lade tagasi keeramise all enda ja paela poole keeramist.<\/p>\n\n\n\n<h2 class=\"wp-block-heading\" id=\"tablets\">K\u00f5lade algasend<\/h2>\n\n\n\n<p>K\u00f5lade algasendi (ehk k\u00f5lade ja l\u00f5imel\u00f5ngade omavahelise asendi) m\u00e4rkimiseks on kasutuses v\u00e4hemalt kolm erinevat m\u00e4rgis\u00fcsteemi: kaldkriipsud ja \/, t\u00e4hed S ja Z ning horisontaalsed nooled. M\u00e4rgid asuvad tavap\u00e4raselt l\u00f5ngade algasendi skeemi all v\u00f5i kasutatakse tekstis.&nbsp;<\/p>\n\n\n\n<p>Olukord kaldkriipsudega on k\u00f5ige lihtsam. Need ei ole k\u00f5ige populaarsemad, kuid kasutamise korral t\u00e4hendavad need ilma eranditeta k\u00f5lade asendit l\u00f5imel\u00f5nga suhtes. Lisaks n\u00e4itab kalde suund piltlikult seda, mis suunas keerduvad selle k\u00f5la l\u00f5imel\u00f5ngad k\u00f5la edasi keeramisel. All vasakul on n\u00e4idatud baasmustri n\u00e4itel kaks erinevat k\u00f5lade algasendit ning paelastruktuur, mis tekib k\u00f5igi k\u00f5lade edasi keeramisel.<\/p>\n\n\n<div class=\"wp-block-image blog-image\">\n<figure class=\"alignleft size-full\"><img loading=\"lazy\" decoding=\"async\" width=\"260\" height=\"145\" src=\"https:\/\/yrmegard.net\/treasury\/wp-content\/uploads\/2023\/08\/tablet_article_01_patterns_01_draft_slant.png\" alt=\"\" class=\"wp-image-6651\"\/><\/figure>\n<\/div>\n\n\n<p>Kaldkriipsudega m\u00e4rgitakse k\u00f5lade algasendit kas l\u00f5imel\u00f5ngade algasendi tabeli alla v\u00f5i mustrijoonise alla, harvemini eraldiseisva elemendina, kuid vaid \u00fcliharva tekstis.<\/p>\n\n\n\n<p>Kaldkriipsud k\u00f5lade algasendi m\u00e4rkimiseks on kasutuses n\u00e4iteks mustrikogus <a href=\"http:\/\/www.theloomybin.com\/cw\/libindex.html\" target=\"_blank\" rel=\"noreferrer noopener\">The Loomy Bin<\/a>.<\/p>\n\n\n\n<p>T\u00e4hti S ja Z kasutatakse lisaks k\u00f5ladega kudumisele paljudel teistel tekstiilialadel m\u00e4rkimaks l\u00f5ngade keerdumise suunda (ka ketramisel). Need konkreetsed t\u00e4hed on valitud sellep\u00e4rast, et nende keskmine osa n\u00e4itab vajalikku suunda. Kuid k\u00f5ladega kudumisel on siin \u00fcks konks.<\/p>\n\n\n\n<p>Erinevalt kaldkriipsudest v\u00f5idakse S ja Z t\u00e4htedega m\u00e4rkida nii k\u00f5lade asendit l\u00f5ime suhtes, kui ka l\u00f5imel\u00f5ngade asendit k\u00f5lade suhtes. Kui mustriskeemil on kasutatud S ja Z, siis enne t\u00f6\u00f6 alustamist tasub selgitada, mida autor on nendega m\u00e4rkinud, kuna s\u00f5ltuvalt mustrist annab k\u00f5lade vale algasend kas muudetud struktuuri v\u00f5i siis lausa t\u00e4ieliku segaduse mustri asemel.<\/p>\n\n\n<div class=\"wp-block-image blog-image\">\n<figure class=\"alignright size-full\"><img loading=\"lazy\" decoding=\"async\" width=\"300\" height=\"115\" src=\"https:\/\/yrmegard.net\/treasury\/wp-content\/uploads\/2023\/08\/tablet_article_01_patterns_02_draft_sz-300x115-1.png\" alt=\"\" class=\"wp-image-6652\"\/><\/figure>\n<\/div>\n\n\n<p>Paremal on n\u00e4idatud baasmuster ning kaks paela varianti, mille saab k\u00f5iki k\u00f5lasid edasi keerates. Esimesel juhul S ja Z m\u00e4rgivad l\u00f5ngade asendit k\u00f5lade suhtes (ehk S v\u00f5rdub \/ ja Z v\u00f5rdub ), teisel juhul k\u00f5lade asendit l\u00f5ngade suhtes (ehk S v\u00f5rdub \\ ja Z v\u00f5rdub \/).<\/p>\n\n\n<div class=\"wp-block-image blog-image\">\n<figure class=\"alignleft size-full\"><img loading=\"lazy\" decoding=\"async\" width=\"166\" height=\"119\" src=\"https:\/\/yrmegard.net\/treasury\/wp-content\/uploads\/2023\/08\/tablet_article_01_patterns_03_draft_arrows.png\" alt=\"\" class=\"wp-image-6653\"\/><\/figure>\n<\/div>\n\n\n<p>Sagedamini kasutatakse S ja Z t\u00e4hti l\u00f5ngade asendi m\u00e4rkimiseks \u2013 n\u00e4iteks, Peter Collingwoodi raamatus <a href=\"https:\/\/yrmegard.net\/treasury\/et\/artiklid\/tw-tech-peter-collingwood\/\">The Techniques of Tablet Weaving<\/a>, <a rel=\"noopener\" href=\"http:\/\/www.cs.vassar.edu\/~capriest\/textileres.html\" target=\"_blank\">Carolin Priest-Dormani mustritel<\/a> v\u00f5i Guntrami programmis <a rel=\"noreferrer noopener\" href=\"http:\/\/www.guntram.co.za\/tabletweaving\/gtt.htm\" target=\"_blank\">GTT<\/a>.<\/p>\n\n\n\n<p>Horisontaalseid nooli kasutatakse k\u00f5lade algasendi m\u00e4rkimiseks \u00e4\u00e4rmiselt harva ning nende t\u00e4hendus v\u00f5ib sarnaselt t\u00e4htedele s\u00f5ltuda autori eelistusest: need v\u00f5ivad t\u00e4hendada nii k\u00f5lade kui ka l\u00f5ngade asendit.<\/p>\n\n\n\n<p>Nooli kasutab oma mustriskeemidel n\u00e4iteks <a href=\"http:\/\/www.steinmaus.de\/Mittelalter\/weben\/muster\/index.html\" target=\"_blank\" rel=\"noreferrer noopener\">Guido Gehlhaar<\/a>.<\/p>\n\n\n\n<h2 class=\"wp-block-heading\" id=\"warp\">L\u00f5ngade algasend k\u00f5lades<\/h2>\n\n\n\n<p>Info selle kohta, mis v\u00e4rvi l\u00f5ngad mis k\u00f5laaukudes asuvad antakse teksti kujul vaid siis, kui k\u00f5ikides k\u00f5lades on l\u00f5imel\u00f5ngade asend sama v\u00f5i kui k\u00f5ladesse pannakse 4 \u00fchev\u00e4rvilist l\u00f5nga. Teistel juhtudel n\u00e4idatakse l\u00f5imel\u00f5ngade asendit k\u00f5lades enamasti tabelina, kus iga tulp on \u00fcks k\u00f5la ning iga tabeli lahter on \u00fcks k\u00f5laauk. Tabeli read ning neile vastavad augud k\u00f5lades tavaliselt m\u00e4rgitakse t\u00e4htedega A, B, C ja D. V\u00e4rve antakse edasi kas sama v\u00e4rvi, viirutuse v\u00f5i tingm\u00e4rkidega (viimased kaks reeglina must-valge mustriskeemi puhul).<\/p>\n\n\n\n<p>Tabeli \u00f5igeks lugemiseks on vaja t\u00e4hele panna, kas tuleb alustada lugemist alt v\u00f5i \u00fclevalt, ning milline k\u00f5laaukude asend on autori poolt v\u00f5etud algasendiks.<\/p>\n\n\n\n<p>Alt \u00fcles ja \u00fclevalt alla tabeliridade lugemist kasutatakse umbes v\u00f5rdselt, reeglina on tabeli k\u00f5rvale kirjutatud t\u00e4hed, mis asja lihtsamaks teevad. Kui read pole m\u00e4ristatud ning lisainfot pole antud, saab k\u00f5rvutada l\u00f5nga algasendi tabelit paelajoonisega (mis ei toimi keerulisemate mustrite puhul), v\u00f5i siis lihtsalt kudumisel katsetades.&nbsp;<\/p>\n\n\n<div class=\"wp-block-image blog-image\">\n<figure class=\"alignright size-full\"><img loading=\"lazy\" decoding=\"async\" width=\"500\" height=\"120\" src=\"https:\/\/yrmegard.net\/treasury\/wp-content\/uploads\/2023\/08\/tablet_article_01_patterns_04_draft_warp.png\" alt=\"\" class=\"wp-image-6655\" srcset=\"https:\/\/yrmegard.net\/treasury\/wp-content\/uploads\/2023\/08\/tablet_article_01_patterns_04_draft_warp.png 500w, https:\/\/yrmegard.net\/treasury\/wp-content\/uploads\/2023\/08\/tablet_article_01_patterns_04_draft_warp-300x72.png 300w\" sizes=\"auto, (max-width: 500px) 100vw, 500px\" \/><\/figure>\n<\/div>\n\n\n<p>Paremal on toodud lihtne n\u00e4ide juba varem kasutatud l\u00f5ngade ja k\u00f5lade asendiga. Esimesel pildil on neli rida paela, mis on kootud k\u00f5iki k\u00f5lasid edasi keerates. Teisel pildil on toodud l\u00f5imel\u00f5ngade algasendi tabel, mida tuleb lugeda alt \u00fclesse, see visuaalselt kordab sama mustrit, mis tekib paelal. Kolmandal pildil olevat tabelit tuleb lugeda \u00fclevalt alla ning see kujutab tekkiva paela peegepilti.<\/p>\n\n\n<div class=\"wp-block-image\">\n<figure class=\"alignleft size-thumbnail\"><img loading=\"lazy\" decoding=\"async\" width=\"150\" height=\"150\" src=\"https:\/\/yrmegard.net\/treasury\/wp-content\/uploads\/2023\/08\/tablet_article_01_patterns_05_draft_tablet-150x150.png\" alt=\"\" class=\"wp-image-6654\"\/><\/figure>\n<\/div>\n\n\n<p>Eelmises l\u00f5igus \u00f6eldu kehtib j\u00e4rgmise k\u00f5lade aukude asendi juures: auk \u0410 \u2013 kudujale l\u00e4him \u00fclemine auk, auk \u0412 \u2013 kudujale l\u00e4him alumine auk, auk C \u2013 kudujast kaugem alumine auk, auk D \u2013 kudujast kaugem \u00fclemine auk. Pildil vasakul on n\u00e4idatud k\u00f5la, mille suhtes kuduja asub paremal pool.<\/p>\n\n\n\n<p>Kuid on olemas ka teistsugune aukude m\u00e4rgistamise viis, kus auk \u0410 on endiselt l\u00e4him \u00fclemine auk, kuid B on kaugem \u00fclemine, C kaugem alumine ja D \u2013 l\u00e4him alumine auk. Vahest leiab infot aukude algasendi kohta mustriskeemide k\u00f5rvalt, kuid kahjuks mitte alati.<\/p>\n\n\n\n<h2 class=\"wp-block-heading\" id=\"repeat\">Mustrikordus ehk k\u00f5lade keeramise j\u00e4rjekord<\/h2>\n\n\n\n<p>K\u00f5lade keeramise j\u00e4rjekord v\u00f5ib olla edasi antud tekstina v\u00f5i graafiliselt. Ainult teksti kasutatakse reeglina siis, kui mustrikordus on lihtne, ts\u00fckkel on l\u00fchike ning k\u00f5lasid keeratakse koos v\u00f5i kahes-kolmes pakis. Kuid on ka erandeid: <a href=\"http:\/\/www.cs.vassar.edu\/~capriest\/textileres.html\" target=\"_blank\" rel=\"noopener\">Carolin Priest-Dorman<\/a> kirjeldab mustrikordust vaid tekstina ka <a href=\"http:\/\/www.cs.vassar.edu\/~capriest\/birkarcp.html\" target=\"_blank\" rel=\"noopener\">keerulisematel juhtudel<\/a>.<\/p>\n\n\n\n<p>Graafiliselt antakse mustrikordust edasi tabelina, mida reeglina loetakse alt \u00fcles. Tabeli tulbad vastavad k\u00f5ladele, iga rida on enamasti \u00fcks k\u00f5la keeramine (v\u00e4ljaarvatud kahepoolse tehnika jaoks tehtud mustriskeemidel). Igas lahtris on minimaalselt antud info k\u00f5la keeramise suuna kohta \u2013 kas edasi v\u00f5i tagasi. Tabeli variante on \u00e4\u00e4rmiselt palju. M\u00f5ned ei anna visuaalselt mitte mingit ettekujutust tulevasest mustrist, teised aga n\u00e4itavad selle p\u00e4ris ilusti \u00e4ra.<\/p>\n\n\n\n<p>K\u00f5la keeramise suuna muutmine v\u00f5ib olla edasi antud:<\/p>\n\n\n\n<ul class=\"regular-list wp-block-list\">\n<li>abiv\u00e4rvi (tavaliselt hall) v\u00f5i viirutuse abil \u2013 valge lahter t\u00e4hendab k\u00f5la keeramist edasi, hall v\u00f5i viirutatud \u2013 k\u00f5la keeramist tagasi;<\/li>\n\n\n\n<li>kaldkriipsude abil \u2013 kui kriipsu asend vastab k\u00f5la algasendile, siis keeratakse k\u00f5la edasi, kui kaldkriips on k\u00f5laasendile vastupidine, siis keeratakse k\u00f5la tagasi;<\/li>\n\n\n\n<li>noolte abil \u2013 nool \u00fcles t\u00e4hendab k\u00f5la keeramist edasi, nool alla \u2013 tagasi.<\/li>\n<\/ul>\n\n\n\n<p>Abiv\u00e4rv ja kaldkriipsud v\u00f5ivad olla kasutuses samaaegselt, samas lahtris v\u00f5i kaldkriipsud ise v\u00f5ivad olla sama v\u00e4rvi mis v\u00e4rvi l\u00f5ng selle keeramise ajal mustrit loob. Samuti v\u00f5ivad tabeli lahtrites olla \u00e4ra toodud t\u00e4hed, mis m\u00e4rgivad aktiivset k\u00f5laauku.<\/p>\n\n\n\n<p>Muster vajab m\u00f5nikord n\u00f6 ilusat algust enne seda, kui saab mustrikordusega alustada. Sellise alguse vajadus on reeglina m\u00e4rgitud skeemi k\u00f5rval, ning enamasti n\u00e4idatakse see ka graafiliselt k\u00f5lade keeramise tabelis, kus see on selgelt eristatud p\u00f5himustrikordusest.<\/p>\n\n\n\n<h2 class=\"wp-block-heading\" id=\"combination\">Mustriskeemide erinevate osade kombinatsioonid<\/h2>\n\n\n\n<p>Allpool n\u00e4eb kolme paljudest v\u00f5imalikest skeemide variantidest mustrile, mida leiab <a href=\"https:\/\/yrmegard.net\/treasury\/et\/mustrid\/kolad-diagonaalmuster-paike\/\">mustrikogumikust<\/a>.<\/p>\n\n\n\n<div style=\"height:20px\" aria-hidden=\"true\" class=\"wp-block-spacer\"><\/div>\n\n\n\n<div class=\"wp-block-columns is-layout-flex wp-container-core-columns-is-layout-9d6595d7 wp-block-columns-is-layout-flex\">\n<div class=\"wp-block-column is-layout-flow wp-block-column-is-layout-flow\">\n<p>K\u00f5lade ja l\u00f5ngade algasend on v\u00e4lja toodud eraldi k\u00f5lade keeramise skeemi all. K\u00f5lade algasend on m\u00e4rgitud kaldkriipsudega. K\u00f5lade keeramise skeemil pole m\u00e4rgitud muud kui k\u00f5lade keeramise suund \u2013 valged lahtrid t\u00e4hendavad keeramist edasi, hallid lahtrid \u2013 tagasi.<\/p>\n\n\n\n<div style=\"height:15px\" aria-hidden=\"true\" class=\"wp-block-spacer\"><\/div>\n\n\n<div class=\"wp-block-image\">\n<figure class=\"aligncenter size-full is-resized\"><img loading=\"lazy\" decoding=\"async\" width=\"259\" height=\"800\" src=\"https:\/\/yrmegard.net\/treasury\/wp-content\/uploads\/2023\/08\/tablet_article_01_patterns_06_draft_turning.png\" alt=\"\" class=\"wp-image-6669\" style=\"width:256px;height:789px\" srcset=\"https:\/\/yrmegard.net\/treasury\/wp-content\/uploads\/2023\/08\/tablet_article_01_patterns_06_draft_turning.png 259w, https:\/\/yrmegard.net\/treasury\/wp-content\/uploads\/2023\/08\/tablet_article_01_patterns_06_draft_turning-97x300.png 97w\" sizes=\"auto, (max-width: 259px) 100vw, 259px\" \/><\/figure>\n<\/div><\/div>\n\n\n\n<div class=\"wp-block-column is-layout-flow wp-block-column-is-layout-flow\">\n<p>K\u00f5lade ja l\u00f5ngade algasendi tabel on osaks k\u00f5lade keeramise tabelist. K\u00f5lade algasendit ja nende keeramise suunda m\u00e4rgitakse kaldkriipsudena, mille v\u00e4rv vastab aktiivse l\u00f5nga v\u00e4rvile. Selline skeemit\u00fc\u00fcp annab reaalset mustrit ja paela struktuuri k\u00f5ige paremini edasi.<\/p>\n\n\n\n<div style=\"height:15px\" aria-hidden=\"true\" class=\"wp-block-spacer\"><\/div>\n\n\n<div class=\"wp-block-image\">\n<figure class=\"aligncenter size-full\"><img loading=\"lazy\" decoding=\"async\" width=\"259\" height=\"631\" src=\"https:\/\/yrmegard.net\/treasury\/wp-content\/uploads\/2023\/08\/tablet_article_01_patterns_08_sequence2.gif\" alt=\"\" class=\"wp-image-6668\"\/><\/figure>\n<\/div><\/div>\n\n\n\n<div class=\"wp-block-column is-layout-flow wp-block-column-is-layout-flow\">\n<p>K\u00f5lade ja l\u00f5ngade algasend on v\u00e4lja toodud eraldi k\u00f5lade keeramise skeemi all. L\u00f5imel\u00f5ngade algasend k\u00f5lade suhtes on m\u00e4rgitud t\u00e4htedega S ja Z. K\u00f5lade keeramise skeemil on m\u00e4rgitud t\u00e4hed A-st D-ni, mis t\u00e4histavad aktiivseid k\u00f5laauke, samuti on kasutatud \u00fchte reaalset l\u00f5ngav\u00e4rvi.<\/p>\n\n\n\n<div style=\"height:15px\" aria-hidden=\"true\" class=\"wp-block-spacer\"><\/div>\n\n\n<div class=\"wp-block-image\">\n<figure class=\"aligncenter size-full\"><img loading=\"lazy\" decoding=\"async\" width=\"259\" height=\"800\" src=\"https:\/\/yrmegard.net\/treasury\/wp-content\/uploads\/2023\/08\/tablet_article_01_patterns_06_draft_turning2.png\" alt=\"\" class=\"wp-image-6670\" srcset=\"https:\/\/yrmegard.net\/treasury\/wp-content\/uploads\/2023\/08\/tablet_article_01_patterns_06_draft_turning2.png 259w, https:\/\/yrmegard.net\/treasury\/wp-content\/uploads\/2023\/08\/tablet_article_01_patterns_06_draft_turning2-97x300.png 97w\" sizes=\"auto, (max-width: 259px) 100vw, 259px\" \/><\/figure>\n<\/div><\/div>\n<\/div>\n\n\n\n<h2 class=\"wp-block-heading\">Juhend T\u00f6\u00f6toas avaldatud mustrite kasutamiseks<\/h2>\n\n\n\n<ul class=\"wp-block-list\">\n<li>Kuduja asend: kuduja asub l\u00f5ime t\u00f6\u00f6otsa juures ning l\u00f6\u00f6b paela kinni enda poole. Edasi keeramine on endast \u00e4ra, tagasi \u2013 enda poole.<\/li>\n\n\n\n<li>K\u00f5ik mustrid koosnevad v\u00e4hemalt k\u00f5lade ja l\u00f5ngade algasendi tabelist, mustri joonisest ja tekstilisest k\u00f5lade keeramise juhendist. Keerulisemate mustrite puhul on k\u00f5lade keeramise j\u00e4rjekord n\u00e4idatud graafiliselt.<\/li>\n\n\n\n<li>K\u00f5lade algasend on n\u00e4idatud l\u00f5ngade algasendi all kaldkriipsudena, mis m\u00e4rgivad k\u00f5lade asendit l\u00f5ime suhtes.<\/li>\n\n\n\n<li>L\u00f5ngade asendi tabeli juures on m\u00e4rgitud t\u00e4hed A B C D. Tabelit tuleb lugeda alt \u00fcles.<\/li>\n\n\n\n<li>Augud k\u00f5lades asuvad j\u00e4rgmiselt: A on kudujale l\u00e4him \u00fclemine, D on kaugem \u00fclemine auk.<\/li>\n\n\n\n<li>K\u00f5lade keeramise skeemidel on n\u00e4idatud nii k\u00f5lade keeramise suund kaldkriipsude abil, kui ka keeramise suuna muutumine abiv\u00e4rvi abil.<\/li>\n\n\n\n<li>Mustrikordused on omavahel eraldatud v\u00e4rvilise joonega; paela algus on alati mainitud tekstis ning \u00e4ra toodud k\u00f5lade keeramise skeemil, olles mustrikordusest joonega eraldatud.<\/li>\n\n\n\n<li>Mustrid <a rel=\"noopener\" href=\"http:\/\/www.guntram.co.za\/tabletweaving\/gtt.htm\" target=\"_blank\">GTT<\/a> jaoks on loodud programmi enda sisereeglitest l\u00e4htuvalt ning nendele ei sobi graafilistele skeemidele m\u00f5eldud juhised. Elektrooniliste skeemidega t\u00f6\u00f6tamisel tuleb l\u00e4htuda infost, mida saab programmist endast.<\/li>\n<\/ul>\n\n\n\n<h3 class=\"wp-block-heading has-text-align-left\"><em>Edukat kudumist!<\/em><\/h3>\n","protected":false},"excerpt":{"rendered":"<p>Nii tr\u00fckiv\u00e4ljaannetes kui ka interneti avarustes leidub p\u00e4ris suures koguses mustriskeeme k\u00f5ladega kudumiseks. T\u00e4ies mahus saavad neid kahjuks kasutada vaid v\u00e4hesed. Tihtipeale kuuleb mustriskeemide kogumike kohta arvamusi stiilis \u201cskeemid on segased v\u00f5i ebat\u00e4psed, v\u00e4ga raske v\u00f5i hoopis v\u00f5imatu kududa\u201d. Seejuures kiidetakse ja laidetakse, omavahel vaieldes,&nbsp;<a class=\"read-more\" href=\"https:\/\/yrmegard.net\/treasury\/et\/artiklid\/artikkel-mustriskeemid\/\">&hellip;<\/a><\/p>\n","protected":false},"author":2,"featured_media":7222,"parent":2918,"menu_order":1,"comment_status":"closed","ping_status":"closed","template":"template-full.php","meta":{"_vp_format_video_url":"","_vp_image_focal_point":[],"footnotes":""},"class_list":["post-2927","page","type-page","status-publish","has-post-thumbnail","hentry"],"_links":{"self":[{"href":"https:\/\/yrmegard.net\/treasury\/wp-json\/wp\/v2\/pages\/2927","targetHints":{"allow":["GET"]}}],"collection":[{"href":"https:\/\/yrmegard.net\/treasury\/wp-json\/wp\/v2\/pages"}],"about":[{"href":"https:\/\/yrmegard.net\/treasury\/wp-json\/wp\/v2\/types\/page"}],"author":[{"embeddable":true,"href":"https:\/\/yrmegard.net\/treasury\/wp-json\/wp\/v2\/users\/2"}],"replies":[{"embeddable":true,"href":"https:\/\/yrmegard.net\/treasury\/wp-json\/wp\/v2\/comments?post=2927"}],"version-history":[{"count":8,"href":"https:\/\/yrmegard.net\/treasury\/wp-json\/wp\/v2\/pages\/2927\/revisions"}],"predecessor-version":[{"id":9004,"href":"https:\/\/yrmegard.net\/treasury\/wp-json\/wp\/v2\/pages\/2927\/revisions\/9004"}],"up":[{"embeddable":true,"href":"https:\/\/yrmegard.net\/treasury\/wp-json\/wp\/v2\/pages\/2918"}],"wp:featuredmedia":[{"embeddable":true,"href":"https:\/\/yrmegard.net\/treasury\/wp-json\/wp\/v2\/media\/7222"}],"wp:attachment":[{"href":"https:\/\/yrmegard.net\/treasury\/wp-json\/wp\/v2\/media?parent=2927"}],"curies":[{"name":"wp","href":"https:\/\/api.w.org\/{rel}","templated":true}]}}