{"id":2918,"date":"2020-05-03T15:37:16","date_gmt":"2020-05-03T12:37:16","guid":{"rendered":"http:\/\/yrmegard.net\/cms\/?page_id=2918"},"modified":"2023-10-07T23:31:52","modified_gmt":"2023-10-07T20:31:52","slug":"artiklid","status":"publish","type":"page","link":"https:\/\/yrmegard.net\/treasury\/et\/artiklid\/","title":{"rendered":"Artiklid"},"content":{"rendered":"\n<h2 class=\"wp-block-heading\">K\u00f5ladega kudumine<\/h2>\n\n\n\n<div class=\"wp-block-columns is-layout-flex wp-container-core-columns-is-layout-9d6595d7 wp-block-columns-is-layout-flex\">\n<div class=\"wp-block-column is-layout-flow wp-block-column-is-layout-flow\">\n<figure class=\"wp-block-image size-full is-resized blog-image\"><a href=\"https:\/\/yrmegard.net\/treasury\/et\/artiklid\/artikkel-mustriskeemid\/\"><img loading=\"lazy\" decoding=\"async\" src=\"https:\/\/yrmegard.net\/treasury\/wp-content\/uploads\/2023\/08\/tablet_article_01_patterns_01_draft_slant.png\" alt=\"\" class=\"wp-image-6651\" style=\"object-fit:cover;width:350px;height:230px\" width=\"350\" height=\"230\"\/><\/a><\/figure>\n\n\n\n<h5 class=\"wp-block-heading\"><a href=\"https:\/\/yrmegard.net\/treasury\/et\/artiklid\/artikkel-mustriskeemid\/\" data-type=\"page\" data-id=\"2927\">Et mustriskeem poleks salakeel. Skeemide koostamise ja lugemise p\u00f5him\u00f5tted<\/a><\/h5>\n\n\n\n<p>Kuidas lugeda k\u00f5lade kudumiseks m\u00f5eldud mustriskeeme? N\u00e4pun\u00e4ited on abiks ka enda skeemide koostamisel ning T\u00f6\u00f6toas avaldatud skeemide kasutamisel.<\/p>\n\n\n\n<p><a href=\"https:\/\/yrmegard.net\/treasury\/et\/artiklid\/artikkel-mustriskeemid\/\">Loe edasi\u2026<\/a><\/p>\n<\/div>\n\n\n\n<div class=\"wp-block-column is-layout-flow wp-block-column-is-layout-flow\">\n<figure class=\"wp-block-image size-large is-resized blog-image\"><a href=\"https:\/\/yrmegard.net\/treasury\/et\/artiklid\/artikkel-alg6petus\/\"><img loading=\"lazy\" decoding=\"async\" src=\"https:\/\/yrmegard.net\/treasury\/wp-content\/uploads\/2023\/08\/kolade_lummuses_foto_08-1024x768.jpg\" alt=\"\" class=\"wp-image-6738\" style=\"object-fit:cover;width:350px;height:230px\" width=\"350\" height=\"230\"\/><\/a><\/figure>\n\n\n\n<h5 class=\"wp-block-heading\"><a href=\"https:\/\/yrmegard.net\/treasury\/et\/artiklid\/artikkel-alg6petus\/\" data-type=\"page\" data-id=\"2982\">K\u00f5lade lummuses. Veidi ajalugu ja alg\u00f5petus<\/a><\/h5>\n\n\n\n<p>Kui vana on k\u00f5ladega kudumise tehnika? Kuidas kudumisega alustada? Artiklist leiab kiire \u00fclevaate tehnika ajaloost ning juhendi lihtsa paela valmistamiseks.<\/p>\n\n\n\n<p><a href=\"https:\/\/yrmegard.net\/treasury\/et\/artiklid\/artikkel-alg6petus\/\">Loe edasi\u2026<\/a><\/p>\n<\/div>\n\n\n\n<div class=\"wp-block-column is-layout-flow wp-block-column-is-layout-flow\">\n<figure class=\"wp-block-image size-full is-resized blog-image\"><a href=\"https:\/\/yrmegard.net\/treasury\/et\/artiklid\/artikkel-aared\/\"><img decoding=\"async\" src=\"https:\/\/yrmegard.net\/treasury\/wp-content\/uploads\/2023\/08\/blog_11_01_31.jpg\" alt=\"\" class=\"wp-image-6754\" style=\"height:230px\" height=\"230\" srcset=\"https:\/\/yrmegard.net\/treasury\/wp-content\/uploads\/2023\/08\/blog_11_01_31.jpg 550w, https:\/\/yrmegard.net\/treasury\/wp-content\/uploads\/2023\/08\/blog_11_01_31-300x186.jpg 300w\" sizes=\"(max-width: 550px) 100vw, 550px\" \/><\/a><\/figure>\n\n\n\n<h5 class=\"wp-block-heading\"><a href=\"https:\/\/yrmegard.net\/treasury\/et\/artiklid\/artikkel-aared\/\" data-type=\"page\" data-id=\"3042\">\u00c4\u00e4rem\u00e4rkused: k\u00f5lapaela \u00e4\u00e4red<\/a><\/h5>\n\n\n\n<p>Kuidas n\u00e4eb v\u00e4lja tavap\u00e4rane k\u00f5ladega kootud paela \u00e4\u00e4r ning kas sellele on alternatiivi? Tekst algselt avaldatud blogis.<\/p>\n\n\n\n<p><a href=\"https:\/\/yrmegard.net\/treasury\/et\/artiklid\/artikkel-aared\/\">Loe edasi\u2026<\/a><\/p>\n<\/div>\n<\/div>\n\n\n\n<h2 class=\"wp-block-heading\">Tikkimine<\/h2>\n\n\n\n<div class=\"wp-block-columns is-layout-flex wp-container-core-columns-is-layout-9d6595d7 wp-block-columns-is-layout-flex\">\n<div class=\"wp-block-column is-layout-flow wp-block-column-is-layout-flow\">\n<figure class=\"wp-block-image size-full is-resized blog-image\"><a href=\"https:\/\/yrmegard.net\/treasury\/et\/artiklid\/artikkel-kaldristpiste\/\"><img loading=\"lazy\" decoding=\"async\" src=\"https:\/\/yrmegard.net\/treasury\/wp-content\/uploads\/2023\/08\/article_01_cross_03_sample_light.gif\" alt=\"\" class=\"wp-image-6777\" style=\"object-fit:cover;width:350px;height:230px\" width=\"350\" height=\"230\"\/><\/a><\/figure>\n\n\n\n<h5 class=\"wp-block-heading\"><a href=\"https:\/\/yrmegard.net\/treasury\/et\/artiklid\/artikkel-kaldristpiste\/\" data-type=\"page\" data-id=\"3058\">Ajalooline kaldristipiste. M\u00e4rkmed kanga\u00e4\u00e4rtel<\/a><\/h5>\n\n\n\n<p>Artiklist leiab infot ajaloolise kaldristipiste tehnika ning selle kasutamise kohta. Tekst p\u00f5hineb praktilisel eksperimendil.\u00a0<\/p>\n\n\n\n<p><a href=\"https:\/\/yrmegard.net\/treasury\/et\/artiklid\/artikkel-kaldristpiste\/\">Loe edasi\u2026<\/a><\/p>\n<\/div>\n\n\n\n<div class=\"wp-block-column is-layout-flow wp-block-column-is-layout-flow\">\n<figure class=\"wp-block-image size-large is-resized blog-image\"><a href=\"https:\/\/yrmegard.net\/treasury\/et\/artiklid\/artikkel-lapsep6ll-maali-jargi\/\"><img loading=\"lazy\" decoding=\"async\" src=\"https:\/\/yrmegard.net\/treasury\/wp-content\/uploads\/2023\/08\/embroidery-article-02-bib_bib-1024x768.jpg\" alt=\"\" class=\"wp-image-6819\" style=\"object-fit:cover;width:350px;height:230px\" width=\"350\" height=\"230\"\/><\/a><\/figure>\n\n\n\n<h5 class=\"wp-block-heading\"><a href=\"https:\/\/yrmegard.net\/treasury\/et\/artiklid\/artikkel-lapsep6ll-maali-jargi\/\" data-type=\"page\" data-id=\"3056\">Tikandi rekonstruktsioon maali j\u00e4rgi: tikitud lapsep\u00f5ll<\/a><\/h5>\n\n\n\n<p>Kas maali j\u00e4rgi saab tekstiilieseme j\u00e4rgi teha? Artikkel kirjeldab t\u00f6\u00f6protsessi alates idee tekkimisest kuni p\u00f5lle valmimiseni, ning t\u00f6\u00f6ga seotud v\u00e4ljakutseid.<\/p>\n\n\n\n<p><a href=\"https:\/\/yrmegard.net\/treasury\/et\/artiklid\/artikkel-lapsep6ll-maali-jargi\/\">Loe edasi\u2026<\/a><\/p>\n<\/div>\n\n\n\n<div class=\"wp-block-column is-layout-flow wp-block-column-is-layout-flow\">\n<figure class=\"wp-block-image size-full is-resized blog-image\"><a href=\"https:\/\/yrmegard.net\/treasury\/et\/artiklid\/tikkimistehnikad\/\"><img loading=\"lazy\" decoding=\"async\" src=\"https:\/\/yrmegard.net\/treasury\/wp-content\/uploads\/2023\/08\/article_03_techniques_02_blackwork_sample_bronzino.gif\" alt=\"\" class=\"wp-image-6903\" style=\"object-fit:cover;width:350px;height:230px\" width=\"350\" height=\"230\"\/><\/a><\/figure>\n\n\n\n<h5 class=\"wp-block-heading\"><a href=\"https:\/\/yrmegard.net\/treasury\/et\/artiklid\/tikkimistehnikad\/\" data-type=\"page\" data-id=\"3119\">Ajalooline tikand: assisi, blackwork, counted thread<\/a><\/h5>\n\n\n\n<p>Kolm v\u00e4ga kaunist ja v\u00e4ga erinevat keskaegset tikkimistehnikat: kust need p\u00e4rinevad ning mis neid iseloomustab? Lisaks leiab sellelt lehelt viiteid lisamaterjalidele.<\/p>\n\n\n\n<p><a href=\"https:\/\/yrmegard.net\/treasury\/et\/artiklid\/tikkimistehnikad\/\">Loe edasi..<\/a>.<\/p>\n<\/div>\n<\/div>\n\n\n\n<div class=\"wp-block-boldblocks-icon-separator\" style=\"--bb--margin-top--sm:var(--bb--margin-top--lg);--bb--margin-bottom--sm:var(--bb--margin-bottom--lg);--bb--margin-top--md:var(--bb--margin-top--lg);--bb--margin-bottom--md:var(--bb--margin-bottom--lg);--bb--margin-top--lg:var(--wp--preset--spacing--80);--bb--margin-bottom--lg:var(--wp--preset--spacing--80)\" role=\"separator\"><div class=\"wp-block-boldblocks-icon-separator__inner icon-center is-align-center\" style=\"--bb--width--sm:var(--bb--width--lg);--bb--width--md:var(--bb--width--lg);--bb--width--lg:50%;--bb-border:1px solid var(--wp--preset--color--cyan-bluish-gray, #abb8c3);--bb--icon-width:1em;--bb--icon-spacing:2em;--bb--icon-fill-color:var(--wp--preset--color--cyan-bluish-gray, #abb8c3);--bb--icon-stroke-color:var(--wp--preset--color--cyan-bluish-gray, #abb8c3)\"><svg xmlns=\"http:\/\/www.w3.org\/2000\/svg\" fill=\"currentColor\" class=\"bi bi-three-dots bb-icon bb-icon--three-dots\" viewBox=\"0 0 16 16\">\n  <path d=\"M3 9.5a1.5 1.5 0 1 1 0-3 1.5 1.5 0 0 1 0 3zm5 0a1.5 1.5 0 1 1 0-3 1.5 1.5 0 0 1 0 3zm5 0a1.5 1.5 0 1 1 0-3 1.5 1.5 0 0 1 0 3z\"><\/path>\n<\/svg><\/div><\/div>\n\n\n\n<h1 class=\"wp-block-heading\">Raamaturiiul<\/h1>\n\n\n\n<h2 class=\"wp-block-heading\">K\u00f5ladega kudumine<\/h2>\n\n\n\n<div class=\"wp-block-columns is-layout-flex wp-container-core-columns-is-layout-9d6595d7 wp-block-columns-is-layout-flex\">\n<div class=\"wp-block-column is-layout-flow wp-block-column-is-layout-flow\"><div class=\"wp-block-image blog-image\">\n<figure class=\"aligncenter size-full is-resized\"><a href=\"https:\/\/yrmegard.net\/treasury\/et\/artiklid\/eesti-vood-eevi-astel\/\"><img decoding=\"async\" src=\"https:\/\/yrmegard.net\/treasury\/wp-content\/uploads\/2023\/08\/astel_cover_big.gif\" alt=\"\" class=\"wp-image-6912\" style=\"height:300px\" height=\"300\"\/><\/a><\/figure>\n<\/div>\n\n\n<h5 class=\"wp-block-heading has-text-align-center\"><strong><a href=\"https:\/\/yrmegard.net\/treasury\/et\/artiklid\/eesti-vood-eevi-astel\/\" data-type=\"page\" data-id=\"3130\">Eesti v\u00f6\u00f6d<br>Eevi Astel<\/a><\/strong><\/h5>\n\n\n\n<p>Selle raamatu m\u00fc\u00fcgiedu on h\u00e4mmastav. See avaldati kultuurifondide toel, nagu ka paljusid sarnaseid raamatuid, sihtr\u00fchmaks eesti rahvariietest huvituvad inimesed ning kaunite k\u00e4sit\u00f6\u00f6albumite austajad. Selle tr\u00fckikordused l\u00e4hevad ikka ja j\u00e4lle \u00fclikiiresti kaubaks, ja seda juba \u00fcle 20 aasta j\u00e4rjest.\u00a0<\/p>\n\n\n\n<p><a href=\"https:\/\/yrmegard.net\/treasury\/et\/artiklid\/eesti-vood-eevi-astel\/\">Loe edasi\u2026<\/a><\/p>\n<\/div>\n\n\n\n<div class=\"wp-block-column is-layout-flow wp-block-column-is-layout-flow\"><div class=\"wp-block-image blog-image\">\n<figure class=\"aligncenter size-full is-resized\"><a href=\"https:\/\/yrmegard.net\/treasury\/et\/artiklid\/tw-tech-peter-collingwood\/\"><img decoding=\"async\" src=\"https:\/\/yrmegard.net\/treasury\/wp-content\/uploads\/2023\/08\/Collingwood.jpg\" alt=\"\" class=\"wp-image-6930\" style=\"height:300px\" height=\"300\" srcset=\"https:\/\/yrmegard.net\/treasury\/wp-content\/uploads\/2023\/08\/Collingwood.jpg 646w, https:\/\/yrmegard.net\/treasury\/wp-content\/uploads\/2023\/08\/Collingwood-232x300.jpg 232w\" sizes=\"(max-width: 646px) 100vw, 646px\" \/><\/a><\/figure>\n<\/div>\n\n\n<h5 class=\"wp-block-heading has-text-align-center\"><a href=\"https:\/\/yrmegard.net\/treasury\/et\/artiklid\/tw-tech-peter-collingwood\/\" data-type=\"page\" data-id=\"3141\">The Techniques of Tablet Weaving<br>Peter Colligwood<\/a><\/h5>\n\n\n\n<p>Kui k\u00fcsida lugemissoovitust juhuks, kui k\u00f5ladega kudumise algt\u00f5ed selged ja tahaks saada teoreetilist p\u00f5hja, on 9 juhul 10st esimeseks soovituseks just see raamat. Ka 40 aastat peale esmatr\u00fcki ilmumist\u00a0 on see raamat sama asendamatu neile, kes soovivad m\u00f5ista tehnikat, mitte lihtsalt mustri j\u00e4rgi kududa.\u00a0<\/p>\n\n\n\n<p><a href=\"https:\/\/yrmegard.net\/treasury\/et\/artiklid\/tw-tech-peter-collingwood\/\">Loe edasi\u2026<\/a><\/p>\n<\/div>\n\n\n\n<div class=\"wp-block-column is-layout-flow wp-block-column-is-layout-flow\"><div class=\"wp-block-image blog-image\">\n<figure class=\"aligncenter size-full is-resized\"><a href=\"https:\/\/yrmegard.net\/treasury\/et\/artiklid\/cw-crockett\/\"><img decoding=\"async\" src=\"https:\/\/yrmegard.net\/treasury\/wp-content\/uploads\/2023\/08\/crockett_cover_big.jpg\" alt=\"\" class=\"wp-image-6959\" style=\"height:300px\" height=\"300\" srcset=\"https:\/\/yrmegard.net\/treasury\/wp-content\/uploads\/2023\/08\/crockett_cover_big.jpg 452w, https:\/\/yrmegard.net\/treasury\/wp-content\/uploads\/2023\/08\/crockett_cover_big-226x300.jpg 226w\" sizes=\"(max-width: 452px) 100vw, 452px\" \/><\/a><\/figure>\n<\/div>\n\n\n<h5 class=\"wp-block-heading has-text-align-center\"><a href=\"https:\/\/yrmegard.net\/treasury\/et\/artiklid\/cw-crockett\/\">Card Weaving<br>Candace Crockett<\/a><\/h5>\n\n\n\n<p>Juhul kui vajate p\u00f5hjalikke, selgeid ja lihtsaid seletusi oma k\u00f5ladega kudumise teekonna alustamiseks, on Candace Crocketti raamat kahtlemata hea valik. See on klassikaline \u00f5pik, mis kujundlikult \u00f6eldes v\u00f5tab teid k\u00e4est kinni ja viib sellele teele samm sammult, kuni vaba k\u00f5laloominguni.\u00a0<\/p>\n\n\n\n<p><a href=\"https:\/\/yrmegard.net\/treasury\/et\/artiklid\/cw-crockett\/\" data-type=\"page\" data-id=\"3156\">Loe edasi\u2026<\/a><\/p>\n<\/div>\n<\/div>\n\n\n\n<div style=\"height:35px\" aria-hidden=\"true\" class=\"wp-block-spacer\"><\/div>\n\n\n\n<div class=\"wp-block-columns is-layout-flex wp-container-core-columns-is-layout-9d6595d7 wp-block-columns-is-layout-flex\">\n<div class=\"wp-block-column is-layout-flow wp-block-column-is-layout-flow\"><div class=\"wp-block-image blog-image\">\n<figure class=\"aligncenter size-large is-resized\"><a href=\"https:\/\/yrmegard.net\/treasury\/et\/artiklid\/pomp-spies\/\"><img decoding=\"async\" src=\"https:\/\/yrmegard.net\/treasury\/wp-content\/uploads\/2023\/08\/spies_pomp-762x1024.jpg\" alt=\"\" class=\"wp-image-6986\" style=\"height:299px\" height=\"299\" srcset=\"https:\/\/yrmegard.net\/treasury\/wp-content\/uploads\/2023\/08\/spies_pomp-762x1024.jpg 762w, https:\/\/yrmegard.net\/treasury\/wp-content\/uploads\/2023\/08\/spies_pomp-223x300.jpg 223w, https:\/\/yrmegard.net\/treasury\/wp-content\/uploads\/2023\/08\/spies_pomp-768x1032.jpg 768w, https:\/\/yrmegard.net\/treasury\/wp-content\/uploads\/2023\/08\/spies_pomp-1143x1536.jpg 1143w, https:\/\/yrmegard.net\/treasury\/wp-content\/uploads\/2023\/08\/spies_pomp.jpg 1488w\" sizes=\"(max-width: 762px) 100vw, 762px\" \/><\/a><\/figure>\n<\/div>\n\n\n<h5 class=\"wp-block-heading has-text-align-center\"><strong><a href=\"https:\/\/yrmegard.net\/treasury\/et\/artiklid\/pomp-spies\/\" data-type=\"page\" data-id=\"3174\">Ecclesiastical Pomp & <br>Aristocratic Circumstance<br>Nancy Spies<\/a><\/strong><\/h5>\n\n\n\n<p>Uurida \u00fche valdkonna arengut 1000 aasta v\u00e4ltel pole just kerge \u00fclesanne. Isegi siis, kui piirata oma huvi mitte ainult \u00fche tekstiilitehnika, vaid ka selle konkreetse t\u00fc\u00fcbiga. Nancy Spies p\u00fchendas k\u00f5ladega kootud brokaatv\u00f6\u00f6de ja -paelte uurimisele 5 aastat oma elust.\u00a0<\/p>\n\n\n\n<p><a href=\"https:\/\/yrmegard.net\/treasury\/et\/artiklid\/pomp-spies\/\">Loe edasi\u2026<\/a><\/p>\n<\/div>\n\n\n\n<div class=\"wp-block-column is-layout-flow wp-block-column-is-layout-flow\"><div class=\"wp-block-image blog-image\">\n<figure class=\"aligncenter size-large is-resized\"><a href=\"https:\/\/yrmegard.net\/treasury\/et\/artiklid\/modelbuch-spies\/\"><img decoding=\"async\" src=\"https:\/\/yrmegard.net\/treasury\/wp-content\/uploads\/2023\/08\/modelbuch-791x1024.jpg\" alt=\"\" class=\"wp-image-7010\" style=\"height:300px\" height=\"300\" srcset=\"https:\/\/yrmegard.net\/treasury\/wp-content\/uploads\/2023\/08\/modelbuch-791x1024.jpg 791w, https:\/\/yrmegard.net\/treasury\/wp-content\/uploads\/2023\/08\/modelbuch-232x300.jpg 232w, https:\/\/yrmegard.net\/treasury\/wp-content\/uploads\/2023\/08\/modelbuch-768x994.jpg 768w, https:\/\/yrmegard.net\/treasury\/wp-content\/uploads\/2023\/08\/modelbuch.jpg 927w\" sizes=\"(max-width: 791px) 100vw, 791px\" \/><\/a><\/figure>\n<\/div>\n\n\n<h5 class=\"wp-block-heading has-text-align-center\"><a href=\"https:\/\/yrmegard.net\/treasury\/et\/artiklid\/modelbuch-spies\/\">Anna Neuper\u2019s Modelbuch: Early Sixteenth-Century Patterns for Weaving Brocaded Bands<br>Nancy Spies with Ute Bargmann<\/a><\/h5>\n\n\n\n<p>Selle raamatu nahkk\u00f6ites originaal on k\u00f5igest 17,5\u00d714 cm suur ning asub Saksamaal Wolfenb\u00fctteli linnas herzog Augusti raamatukogus. 1517. aastal vana nunna poolt k\u00e4sitsi kirjutatud raamat on \u00fcks vanimaid s\u00e4ilinud mustriskeemide kogumikke ning on 6 aastat vanem esimesest tr\u00fckitud mustrikogumikust.<\/p>\n\n\n\n<p><a href=\"https:\/\/yrmegard.net\/treasury\/et\/artiklid\/modelbuch-spies\/\" data-type=\"page\" data-id=\"3186\">Loe edasi\u2026<\/a><\/p>\n<\/div>\n\n\n\n<div class=\"wp-block-column is-layout-flow wp-block-column-is-layout-flow\"><div class=\"wp-block-image blog-image\">\n<figure class=\"aligncenter size-full is-resized\"><a href=\"https:\/\/yrmegard.net\/treasury\/et\/artiklid\/kolavoo-eestis-kurrik\/\"><img decoding=\"async\" src=\"https:\/\/yrmegard.net\/treasury\/wp-content\/uploads\/2023\/09\/kurrik-1.jpg\" alt=\"\" class=\"wp-image-7027\" style=\"height:299px\" height=\"299\" srcset=\"https:\/\/yrmegard.net\/treasury\/wp-content\/uploads\/2023\/09\/kurrik-1.jpg 405w, https:\/\/yrmegard.net\/treasury\/wp-content\/uploads\/2023\/09\/kurrik-1-208x300.jpg 208w\" sizes=\"(max-width: 405px) 100vw, 405px\" \/><\/a><\/figure>\n<\/div>\n\n\n<h5 class=\"wp-block-heading has-text-align-center\"><a href=\"https:\/\/yrmegard.net\/treasury\/et\/artiklid\/kolavoo-eestis-kurrik\/\">K\u00f5lav\u00f6\u00f6 Eestis<br>Helmi Kurrik<\/a><\/h5>\n\n\n\n<p>\u201cK\u00f5lav\u00f6\u00f6 Eestis\u201d on unikaalne ning ainus p\u00f5hjalik \u00fclevaade Eesti k\u00f5lav\u00f6\u00f6dest ja k\u00f5igest nendega seonduvast. 1931. aastal ilmunud tr\u00fckisest on s\u00e4ilinud vaid v\u00e4hesed eksemplarid. Samas liigub ringi p\u00e4ris palju nii paber- kui ka elektroonilisi koopiad, sealhulgas ka Eestist v\u00e4ljaspool.<\/p>\n\n\n\n<p><a href=\"https:\/\/yrmegard.net\/treasury\/et\/artiklid\/kolavoo-eestis-kurrik\/\" data-type=\"page\" data-id=\"3197\">Loe edasi\u2026<\/a><\/p>\n<\/div>\n<\/div>\n","protected":false},"excerpt":{"rendered":"<p>K\u00f5ladega kudumine Et mustriskeem poleks salakeel. Skeemide koostamise ja lugemise p\u00f5him\u00f5tted Kuidas lugeda k\u00f5lade kudumiseks m\u00f5eldud mustriskeeme? N\u00e4pun\u00e4ited on abiks ka enda skeemide koostamisel ning T\u00f6\u00f6toas avaldatud skeemide kasutamisel. Loe edasi\u2026 K\u00f5lade lummuses. Veidi ajalugu ja alg\u00f5petus Kui vana on k\u00f5ladega kudumise tehnika? Kuidas kudumisega&nbsp;<a class=\"read-more\" href=\"https:\/\/yrmegard.net\/treasury\/et\/artiklid\/\">&hellip;<\/a><\/p>\n","protected":false},"author":2,"featured_media":6668,"parent":0,"menu_order":4,"comment_status":"closed","ping_status":"closed","template":"template-full.php","meta":{"_vp_format_video_url":"","_vp_image_focal_point":[],"footnotes":""},"class_list":["post-2918","page","type-page","status-publish","has-post-thumbnail","hentry"],"_links":{"self":[{"href":"https:\/\/yrmegard.net\/treasury\/wp-json\/wp\/v2\/pages\/2918","targetHints":{"allow":["GET"]}}],"collection":[{"href":"https:\/\/yrmegard.net\/treasury\/wp-json\/wp\/v2\/pages"}],"about":[{"href":"https:\/\/yrmegard.net\/treasury\/wp-json\/wp\/v2\/types\/page"}],"author":[{"embeddable":true,"href":"https:\/\/yrmegard.net\/treasury\/wp-json\/wp\/v2\/users\/2"}],"replies":[{"embeddable":true,"href":"https:\/\/yrmegard.net\/treasury\/wp-json\/wp\/v2\/comments?post=2918"}],"version-history":[{"count":8,"href":"https:\/\/yrmegard.net\/treasury\/wp-json\/wp\/v2\/pages\/2918\/revisions"}],"predecessor-version":[{"id":8601,"href":"https:\/\/yrmegard.net\/treasury\/wp-json\/wp\/v2\/pages\/2918\/revisions\/8601"}],"wp:featuredmedia":[{"embeddable":true,"href":"https:\/\/yrmegard.net\/treasury\/wp-json\/wp\/v2\/media\/6668"}],"wp:attachment":[{"href":"https:\/\/yrmegard.net\/treasury\/wp-json\/wp\/v2\/media?parent=2918"}],"curies":[{"name":"wp","href":"https:\/\/api.w.org\/{rel}","templated":true}]}}