{"id":2885,"date":"2020-02-02T21:03:05","date_gmt":"2020-02-02T18:03:05","guid":{"rendered":"http:\/\/yrmegard.net\/cms\/?page_id=2885"},"modified":"2023-08-12T00:58:08","modified_gmt":"2023-08-11T21:58:08","slug":"kontakt","status":"publish","type":"page","link":"https:\/\/yrmegard.net\/treasury\/et\/kontakt\/","title":{"rendered":"Kontakt"},"content":{"rendered":"\n<p>Kui soovid saata <a href=\"https:\/\/yrmegard.net\/treasury\/et\/tutvustus\/\">T\u00f6\u00f6toa perenaisele<\/a> m\u00f5ne k\u00fcsimuse, k\u00fcsida n\u00f5u v\u00f5i abi, v\u00f5i hoopis jagada oma kommentaare T\u00f6\u00f6toa kohta, saad seda teha alloleva vormi kaudu:<\/p>\n\n\n<div class=\"wpforms-container wpforms-container-full wpforms-block wpforms-block-4db71e4b-e3d0-4458-8ff6-efcb64d4a024 wpforms-render-modern\" id=\"wpforms-6589\"><form id=\"wpforms-form-6589\" class=\"wpforms-validate wpforms-form wpforms-ajax-form\" data-formid=\"6589\" method=\"post\" enctype=\"multipart\/form-data\" action=\"\/treasury\/wp-json\/wp\/v2\/pages\/2885\" data-token=\"72821ec6bb919cd37aab5516da0eaeb5\" data-token-time=\"1775941684\"><noscript class=\"wpforms-error-noscript\">Please enable JavaScript in your browser to complete this form.<\/noscript><div id=\"wpforms-error-noscript\" style=\"display: none;\">Please enable JavaScript in your browser to complete this form.<\/div><div class=\"wpforms-field-container\"><div id=\"wpforms-6589-field_4-container\" class=\"wpforms-field wpforms-field-text\" data-field-id=\"4\"><label class=\"wpforms-field-label\" for=\"wpforms-6589-field_4\">Teie nimi <span class=\"wpforms-required-label\" aria-hidden=\"true\">*<\/span><\/label><input type=\"text\" id=\"wpforms-6589-field_4\" class=\"wpforms-field-medium wpforms-field-required\" name=\"wpforms[fields][4]\" aria-errormessage=\"wpforms-6589-field_4-error\" required><\/div><div id=\"wpforms-6589-field_1-container\" class=\"wpforms-field wpforms-field-email\" data-field-id=\"1\"><label class=\"wpforms-field-label\" for=\"wpforms-6589-field_1\">E-posti aadress <span class=\"wpforms-required-label\" aria-hidden=\"true\">*<\/span><\/label><input type=\"email\" id=\"wpforms-6589-field_1\" class=\"wpforms-field-medium wpforms-field-required\" name=\"wpforms[fields][1]\" spellcheck=\"false\" aria-errormessage=\"wpforms-6589-field_1-error\" required><\/div><div id=\"wpforms-6589-field_2-container\" class=\"wpforms-field wpforms-field-textarea\" data-field-id=\"2\"><label class=\"wpforms-field-label\" for=\"wpforms-6589-field_2\">Teie s\u00f5num <span class=\"wpforms-required-label\" aria-hidden=\"true\">*<\/span><\/label><textarea id=\"wpforms-6589-field_2\" class=\"wpforms-field-medium wpforms-field-required\" name=\"wpforms[fields][2]\" aria-errormessage=\"wpforms-6589-field_2-error\" required><\/textarea><\/div><div id=\"wpforms-6589-field_5-container\" class=\"wpforms-field wpforms-field-gdpr-checkbox\" data-field-id=\"5\"><label class=\"wpforms-field-label\">GDPR n\u00f5usolek <span class=\"wpforms-required-label\" aria-hidden=\"true\">*<\/span><\/label><ul id=\"wpforms-6589-field_5\" class=\"wpforms-field-required\"><li class=\"choice-1\"><input type=\"checkbox\" id=\"wpforms-6589-field_5_1\" name=\"wpforms[fields][5][]\" value=\"Olen n\u00f5us minu andmete salvestamisega, et veebilehe autor saaks minuga \u00fchendust v\u00f5tta.\" aria-errormessage=\"wpforms-6589-field_5_1-error\" required ><label class=\"wpforms-field-label-inline\" for=\"wpforms-6589-field_5_1\">Olen n\u00f5us minu andmete salvestamisega, et veebilehe autor saaks minuga \u00fchendust v\u00f5tta.<\/label><\/li><\/ul><\/div><\/div><!-- .wpforms-field-container --><div class=\"wpforms-submit-container\" ><input type=\"hidden\" name=\"wpforms[id]\" value=\"6589\"><input type=\"hidden\" name=\"page_title\" value=\"\"><input type=\"hidden\" name=\"page_url\" value=\"https:\/\/yrmegard.net\/treasury\/wp-json\/wp\/v2\/pages\/2885\"><input type=\"hidden\" name=\"url_referer\" value=\"\"><button type=\"submit\" name=\"wpforms[submit]\" id=\"wpforms-submit-6589\" class=\"wpforms-submit\" data-alt-text=\"Saadan...\" data-submit-text=\"Saada\" aria-live=\"assertive\" value=\"wpforms-submit\">Saada<\/button><img loading=\"lazy\" decoding=\"async\" src=\"https:\/\/yrmegard.net\/treasury\/wp-content\/plugins\/wpforms-lite\/assets\/images\/submit-spin.svg\" class=\"wpforms-submit-spinner\" style=\"display: none;\" width=\"26\" height=\"26\" alt=\"Loading\"><\/div><\/form><\/div>  <!-- .wpforms-container -->","protected":false},"excerpt":{"rendered":"<p>Kui soovid saata T\u00f6\u00f6toa perenaisele m\u00f5ne k\u00fcsimuse, k\u00fcsida n\u00f5u v\u00f5i abi, v\u00f5i hoopis jagada oma kommentaare T\u00f6\u00f6toa kohta, saad seda teha alloleva vormi kaudu:<\/p>\n","protected":false},"author":2,"featured_media":6594,"parent":0,"menu_order":3,"comment_status":"closed","ping_status":"closed","template":"template-full.php","meta":{"_vp_format_video_url":"","_vp_image_focal_point":[],"footnotes":""},"class_list":["post-2885","page","type-page","status-publish","has-post-thumbnail","hentry"],"_links":{"self":[{"href":"https:\/\/yrmegard.net\/treasury\/wp-json\/wp\/v2\/pages\/2885","targetHints":{"allow":["GET"]}}],"collection":[{"href":"https:\/\/yrmegard.net\/treasury\/wp-json\/wp\/v2\/pages"}],"about":[{"href":"https:\/\/yrmegard.net\/treasury\/wp-json\/wp\/v2\/types\/page"}],"author":[{"embeddable":true,"href":"https:\/\/yrmegard.net\/treasury\/wp-json\/wp\/v2\/users\/2"}],"replies":[{"embeddable":true,"href":"https:\/\/yrmegard.net\/treasury\/wp-json\/wp\/v2\/comments?post=2885"}],"version-history":[{"count":5,"href":"https:\/\/yrmegard.net\/treasury\/wp-json\/wp\/v2\/pages\/2885\/revisions"}],"predecessor-version":[{"id":6613,"href":"https:\/\/yrmegard.net\/treasury\/wp-json\/wp\/v2\/pages\/2885\/revisions\/6613"}],"wp:featuredmedia":[{"embeddable":true,"href":"https:\/\/yrmegard.net\/treasury\/wp-json\/wp\/v2\/media\/6594"}],"wp:attachment":[{"href":"https:\/\/yrmegard.net\/treasury\/wp-json\/wp\/v2\/media?parent=2885"}],"curies":[{"name":"wp","href":"https:\/\/api.w.org\/{rel}","templated":true}]}}