{"id":152,"date":"2020-01-20T21:42:22","date_gmt":"2020-01-20T18:42:22","guid":{"rendered":"http:\/\/yrmegard.net\/cms\/?page_id=152"},"modified":"2025-03-30T17:50:27","modified_gmt":"2025-03-30T14:50:27","slug":"tanud","status":"publish","type":"page","link":"https:\/\/yrmegard.net\/treasury\/et\/tanud\/","title":{"rendered":"T\u00e4nud"},"content":{"rendered":"<div class=\"wp-block-image\">\n<figure class=\"alignright size-full is-resized\"><a href=\"https:\/\/yrmegard.net\/treasury\/wp-content\/uploads\/2023\/08\/Presentation_dance.jpg\" data-rel=\"lightbox-gallery-rsS1CzrE\" data-rl_title=\"\" data-rl_caption=\"\" title=\"\"><img loading=\"lazy\" decoding=\"async\" width=\"1920\" height=\"2560\" src=\"https:\/\/yrmegard.net\/treasury\/wp-content\/uploads\/2023\/08\/Presentation_dance.jpg\" alt=\"\" class=\"wp-image-6549\" style=\"width:225px;height:undefinedpx\" srcset=\"https:\/\/yrmegard.net\/treasury\/wp-content\/uploads\/2023\/08\/Presentation_dance.jpg 1920w, https:\/\/yrmegard.net\/treasury\/wp-content\/uploads\/2023\/08\/Presentation_dance-225x300.jpg 225w, https:\/\/yrmegard.net\/treasury\/wp-content\/uploads\/2023\/08\/Presentation_dance-768x1024.jpg 768w, https:\/\/yrmegard.net\/treasury\/wp-content\/uploads\/2023\/08\/Presentation_dance-1152x1536.jpg 1152w, https:\/\/yrmegard.net\/treasury\/wp-content\/uploads\/2023\/08\/Presentation_dance-1536x2048.jpg 1536w\" sizes=\"auto, (max-width: 1920px) 100vw, 1920px\" \/><\/a><figcaption class=\"wp-element-caption\">Keskaegne tants Tallinna vanalinnas<\/figcaption><\/figure>\n<\/div>\n\n\n<p><strong>Minu suurim t\u00e4nu abi ja inspiratsiooni eest kuulub j\u00e4rgmistele inimestele:<\/strong><\/p>\n\n\n\n<ul class=\"wp-block-list\">\n<li>Sarah Goslee\u2019le (aka Phiala, <a href=\"http:\/\/www.stringpage.com\/\" target=\"_blank\" rel=\"noreferrer noopener\">www.stringpage.com<\/a>), kelle soovitusi j\u00e4rgides tegin esimesi katsetusi k\u00f5latehnikas;<\/li>\n\n\n\n<li>Eckhard Gartz\u2019ile (aka Guntram, <a href=\"http:\/\/www.guntram.co.za\/tabletweaving\/patterns\/collection.html\">www.guntram.co.za\/tabletweaving\/patterns\/collection.html<\/a>), tema erilise p\u00fchendumuse eest k\u00f5latehnikale ning inspiratsiooni eest, mida olen alati saanud tema t\u00f6id vaadates ja temaga suheldes;<\/li>\n\n\n\n<li>Guido Gehlhaar\u2019ile (<a href=\"http:\/\/www.steinmaus.de\/Mittelalter\/weben\/index.html\" target=\"_blank\" rel=\"noreferrer noopener\">Steinmaus.de\/Mittelalter\/weben<\/a>), kes on mitme originaalse k\u00f5latehnika idee autor, kogu tema abi ja toetuse eest;<\/li>\n\n\n\n<li>Michael Houghton\u2019ile (aka Herveus, <a href=\"http:\/\/whitewolfandphoenix.com\/\" target=\"_blank\" rel=\"noreferrer noopener\">whitewolfandphoenix.com<\/a>), kes on aidanud nii n\u00f5u kui raamatukogu t\u00e4iedamisega;<\/li>\n\n\n\n<li>Timothy J. Mitchell\u2019ile (aka Richard Wymarc, <a href=\"http:\/\/www.wymarc.com\/\" target=\"_blank\" rel=\"noreferrer noopener\">www.wymarc.com<\/a>), kelle juhendite abil tegin aastaid tagasi oma esimese tutvuse ajaloolise tikandiga;<\/li>\n\n\n\n<li>Eesti elava ajaloo klubide Rewal ja Valhalla liikmetele;<\/li>\n\n\n\n<li>\u00fchingu Ladies on a Quest for Authenticity daamidele, nimeliselt: Galina Karputina\u2019le, kes on projekti <a href=\"https:\/\/costumology.livejournal.com\/\" target=\"_blank\" rel=\"noreferrer noopener\" aria-label=\" (opens in a new tab)\">Costumology.ru<\/a> autor, Maija Perfiljeva\u2019le, Alesja Kruchonok\u2019ile ja Veera Tarbajeva\u2019le.<\/li>\n<\/ul>\n\n\n\n<p><\/p>\n\n\n\n<p>Eriline t\u00e4nu minu perele, kes kannatavad mind koos k\u00f5igi mu ideedega. Lisaks on <a href=\"http:\/\/kasetriibik.eu\">Kasetriibik O\u00dc<\/a> meie pereettev\u00f5te, kus toimetame abikaasaga koost\u00f6\u00f6s.<\/p>\n\n\n\n<p>T\u00f6\u00f6tuba pesitseb aastaid <a rel=\"noreferrer noopener\" href=\"http:\/\/data.zone.ee\/\" target=\"_blank\">DataZone<\/a> serveris ning t\u00f6\u00f6tab <a rel=\"noreferrer noopener\" href=\"http:\/\/wordpress.org\/\" target=\"_blank\">WordPress<\/a>i baasil. Tikkimismustrid on loodud <a rel=\"noreferrer noopener\" aria-label=\" (opens in a new tab)\" href=\"https:\/\/stitchcraft.info\/index.html\" target=\"_blank\">StitchCraft 2006<\/a> abiga, k\u00f5latamiseks m\u00f5eldud mustrid <a rel=\"noreferrer noopener\" href=\"http:\/\/www.guntram.co.za\/tabletweaving\/gtt.htm\" target=\"_blank\">GTT<\/a> abiga. K\u00fclastustatistikat koguvad <a rel=\"noreferrer noopener\" href=\"http:\/\/www.statcounter.com\/\" target=\"_blank\">StatCounter.com<\/a> ja <a rel=\"noreferrer noopener\" href=\"http:\/\/www.google.com\/intl\/en_uk\/analytics\/index.html\" target=\"_blank\">Google Analytics<\/a>.<\/p>\n","protected":false},"excerpt":{"rendered":"<p>Minu suurim t\u00e4nu abi ja inspiratsiooni eest kuulub j\u00e4rgmistele inimestele: Eriline t\u00e4nu minu perele, kes kannatavad mind koos k\u00f5igi mu ideedega. Lisaks on Kasetriibik O\u00dc meie pereettev\u00f5te, kus toimetame abikaasaga koost\u00f6\u00f6s. T\u00f6\u00f6tuba pesitseb aastaid DataZone serveris ning t\u00f6\u00f6tab WordPressi baasil. Tikkimismustrid on loodud StitchCraft 2006&nbsp;<a class=\"read-more\" href=\"https:\/\/yrmegard.net\/treasury\/et\/tanud\/\">&hellip;<\/a><\/p>\n","protected":false},"author":2,"featured_media":6549,"parent":0,"menu_order":2,"comment_status":"closed","ping_status":"closed","template":"template-full.php","meta":{"_vp_format_video_url":"","_vp_image_focal_point":[],"footnotes":""},"class_list":["post-152","page","type-page","status-publish","has-post-thumbnail","hentry"],"_links":{"self":[{"href":"https:\/\/yrmegard.net\/treasury\/wp-json\/wp\/v2\/pages\/152","targetHints":{"allow":["GET"]}}],"collection":[{"href":"https:\/\/yrmegard.net\/treasury\/wp-json\/wp\/v2\/pages"}],"about":[{"href":"https:\/\/yrmegard.net\/treasury\/wp-json\/wp\/v2\/types\/page"}],"author":[{"embeddable":true,"href":"https:\/\/yrmegard.net\/treasury\/wp-json\/wp\/v2\/users\/2"}],"replies":[{"embeddable":true,"href":"https:\/\/yrmegard.net\/treasury\/wp-json\/wp\/v2\/comments?post=152"}],"version-history":[{"count":22,"href":"https:\/\/yrmegard.net\/treasury\/wp-json\/wp\/v2\/pages\/152\/revisions"}],"predecessor-version":[{"id":9161,"href":"https:\/\/yrmegard.net\/treasury\/wp-json\/wp\/v2\/pages\/152\/revisions\/9161"}],"wp:featuredmedia":[{"embeddable":true,"href":"https:\/\/yrmegard.net\/treasury\/wp-json\/wp\/v2\/media\/6549"}],"wp:attachment":[{"href":"https:\/\/yrmegard.net\/treasury\/wp-json\/wp\/v2\/media?parent=152"}],"curies":[{"name":"wp","href":"https:\/\/api.w.org\/{rel}","templated":true}]}}