{"id":105,"date":"2020-01-19T20:12:22","date_gmt":"2020-01-19T17:12:22","guid":{"rendered":"http:\/\/yrmegard.net\/cms\/?page_id=105"},"modified":"2025-08-05T22:36:39","modified_gmt":"2025-08-05T19:36:39","slug":"tutvustus","status":"publish","type":"page","link":"https:\/\/yrmegard.net\/treasury\/et\/tutvustus\/","title":{"rendered":"T\u00f6\u00f6toast"},"content":{"rendered":"\n<h2 class=\"wp-block-heading\"><a href=\"https:\/\/yrmegard.net\/treasury\/wp-content\/uploads\/2023\/08\/tw-saarde-process.jpg\" data-rel=\"lightbox-gallery-L0ZucGl7\" data-rl_title=\"\" data-rl_caption=\"\" title=\"\"><img loading=\"lazy\" decoding=\"async\" class=\"blog_image alignleft wp-image-6513 size-medium\" src=\"https:\/\/yrmegard.net\/treasury\/wp-content\/uploads\/2023\/08\/tw-saarde-process-266x300.jpg\" alt=\"\" width=\"266\" height=\"300\" srcset=\"https:\/\/yrmegard.net\/treasury\/wp-content\/uploads\/2023\/08\/tw-saarde-process-266x300.jpg 266w, https:\/\/yrmegard.net\/treasury\/wp-content\/uploads\/2023\/08\/tw-saarde-process-907x1024.jpg 907w, https:\/\/yrmegard.net\/treasury\/wp-content\/uploads\/2023\/08\/tw-saarde-process-768x867.jpg 768w, https:\/\/yrmegard.net\/treasury\/wp-content\/uploads\/2023\/08\/tw-saarde-process.jpg 1063w\" sizes=\"auto, (max-width: 266px) 100vw, 266px\" \/><\/a>Mis on Yrmegardi T\u00f6\u00f6tuba?<\/h2>\n\n\n\n<p>Yrmegardi t\u00f6\u00f6tuba s\u00fcndis kirest &#8211; kirest ajaloolise k\u00f5ladega kudumise vastu, kuid ka mitme teise tekstiilitehnika vastu ning ka ajaloo vastu \u00fcldisemalt. Rolli m\u00e4ngis ka soov \u00f5ppida midagi uut ning avastada mineviku tarkused, soov m\u00f5ista, m\u00f5testada ja edasi anda. T\u00f6\u00f6toal pole ambitsiooni olla k\u00f5ladega kudumise universaalne ents\u00fcklopeedia, see on pigem tagasihoidlik arhiiv, kuhu on kogutud kogemusi ja praktikas kinnitust leidnud teooriat, mis v\u00f5iksid olla abiks iga\u00fchele, kes on v\u00f5tnud ette k\u00f5ladega kudumise r\u00e4nnaku.<\/p>\n\n\n\n<p>Yrmegardi t\u00f6\u00f6tuba loodi 2004. aastal ning see on puhtalt digitaalne, sellel ei ole f\u00fc\u00fcsilist asukohta.<\/p>\n\n\n\n<h2 class=\"wp-block-heading\">Kes veab t\u00f6\u00f6tuba?<\/h2>\n\n\n\n<p>Minu nimi on Julia Christie Amor, elan Tallinnas. Olen \u00f5ppinud teatrire\u017eiid, raadiore\u017eiid (BA) ja kultuurikorraldust (MA), lisaks elukestev \u00f5pe kahe hetkel teismelise lapse kasvatamises. Mul on \u00fcle 20 aasta kogemust suhtekorralduses, avalikes suhetes ja turunduses, nii \u00e4rivaldkonnas kui ka kultuurisektoris. \u00dcrituste korraldamise kogemus on olnud abiks ka elava ajaloo klubi juhtimisel. R\u00e4\u00e4gin kolme keelt, baasteadmised on veel 6 keeles. Armastan tantsimist (eriti flamencot ja ajaloolist tantsu) ja jumaldan kasse.<\/p>\n\n\n<div class=\"wp-block-image\">\n<figure class=\"alignright size-full is-resized\"><a href=\"https:\/\/yrmegard.net\/treasury\/wp-content\/uploads\/2023\/08\/Parg1.jpg\" data-rel=\"lightbox-gallery-L0ZucGl7\" data-rl_title=\"\" data-rl_caption=\"\" title=\"\"><img loading=\"lazy\" decoding=\"async\" width=\"461\" height=\"504\" src=\"https:\/\/yrmegard.net\/treasury\/wp-content\/uploads\/2023\/08\/Parg1.jpg\" alt=\"\" class=\"wp-image-6523\" style=\"width:275px;height:undefinedpx\" srcset=\"https:\/\/yrmegard.net\/treasury\/wp-content\/uploads\/2023\/08\/Parg1.jpg 461w, https:\/\/yrmegard.net\/treasury\/wp-content\/uploads\/2023\/08\/Parg1-274x300.jpg 274w\" sizes=\"auto, (max-width: 461px) 100vw, 461px\" \/><\/a><figcaption class=\"wp-element-caption\">Julia ehk Yrmegard Tallinna Maikrahvinnana<\/figcaption><\/figure>\n<\/div>\n\n\n<p>Tore on tuttavaks saada! T\u00e4nan huvi eest!<\/p>\n\n\n\n<h2 class=\"wp-block-heading\">Kes on Yrmegard?<\/h2>\n\n\n\n<p>Nimi <em>Yrmegard<\/em> nagu ka sugulasnimed <em>Ermegart<\/em>, <em>Irmeltrud<\/em> ja <em>Hildega(a)rd<\/em> on saksa-skandinaavia p\u00e4ritolu. Nime k\u00f5ige varasem minule teadaolev \u00fclest\u00e4hendus on tehtud 1310. aastal \u00fches Sileesia kirikuraamatus, kuid suurt populaarsust nimi ei saavutanud. Tallinna arhiivides kohtab seda nime paar korda 15. sajandi keskpaiga kinnistusraamatutes. V\u00e4hestest andmetest v\u00f5ib j\u00e4reldada, et Yrmegard oli t\u00f5en\u00e4oliselt kaupmehe lesk, kes peale mehe surma p\u00e4ris paar ehitist Revali peamisel kaubat\u00e4naval \u2013 Pikal t\u00e4naval. Hooned pole t\u00e4naseni s\u00e4ilinud.<\/p>\n\n\n\n<h2 class=\"wp-block-heading\">Miks Yrmegard?<\/h2>\n\n\n\n<p>2000-ndate alguses tekitas huvi elava ajaloo vastu vajaduse ka keskaegse nime ning tegelaskuju j\u00e4rele, mida ajaloolistel \u00fcritustel kasutada. Tallinna arhiivides dokumente sirvides j\u00e4id silma mitmed nimed, milledest Yrmegard oli k\u00f5ige ebatavalisem ning seejuures meeldej\u00e4\u00e4vam. Sellest ajast alates on see nimi minuga kaasas k\u00e4inud ning j\u00e4i kasutusse ka v\u00e4ljaspool elava ajalooga tegelevat kogukonda.<\/p>\n\n\n\n<h2 class=\"wp-block-heading\">Kes on Kasetriibik?<\/h2>\n\n\n\n<p>Kasetriibik O\u00dc on v\u00e4ike pereettev\u00f5te, mis tegeleb k\u00e4sit\u00f6\u00f6komplektide ja k\u00e4sit\u00f6\u00f6na valminud aksessuaaride tootmise ja m\u00fc\u00fcgiga. Eelk\u00f5ige on meie valikus k\u00f5ladega kootud esemed. Lisaks e-poele Yrmegardi t\u00f6\u00f6toa veebilehel leiab meie tooteid ka <a href=\"https:\/\/crafts.ee\/kauplused\/\" target=\"_blank\" rel=\"noreferrer noopener\">Koduk\u00e4sit\u00f6\u00f6 poodidest.<\/a><\/p>\n\n\n\n<p>Meie ettev\u00f5te nimi on inspireeritud \u00fchest v\u00e4ikesest ja tihti m\u00e4rkamatust, kuid toimekast n\u00e4rilisest, keda kohtab ka Eesti metsades.<\/p>\n","protected":false},"excerpt":{"rendered":"<p>Mis on Yrmegardi T\u00f6\u00f6tuba? Yrmegardi t\u00f6\u00f6tuba s\u00fcndis kirest &#8211; kirest ajaloolise k\u00f5ladega kudumise vastu, kuid ka mitme teise tekstiilitehnika vastu ning ka ajaloo vastu \u00fcldisemalt. Rolli m\u00e4ngis ka soov \u00f5ppida midagi uut ning avastada mineviku tarkused, soov m\u00f5ista, m\u00f5testada ja edasi anda. T\u00f6\u00f6toal pole ambitsiooni&nbsp;<a class=\"read-more\" href=\"https:\/\/yrmegard.net\/treasury\/et\/tutvustus\/\">&hellip;<\/a><\/p>\n","protected":false},"author":2,"featured_media":6513,"parent":0,"menu_order":1,"comment_status":"closed","ping_status":"closed","template":"template-full.php","meta":{"_vp_format_video_url":"","_vp_image_focal_point":[],"footnotes":""},"class_list":["post-105","page","type-page","status-publish","has-post-thumbnail","hentry"],"_links":{"self":[{"href":"https:\/\/yrmegard.net\/treasury\/wp-json\/wp\/v2\/pages\/105","targetHints":{"allow":["GET"]}}],"collection":[{"href":"https:\/\/yrmegard.net\/treasury\/wp-json\/wp\/v2\/pages"}],"about":[{"href":"https:\/\/yrmegard.net\/treasury\/wp-json\/wp\/v2\/types\/page"}],"author":[{"embeddable":true,"href":"https:\/\/yrmegard.net\/treasury\/wp-json\/wp\/v2\/users\/2"}],"replies":[{"embeddable":true,"href":"https:\/\/yrmegard.net\/treasury\/wp-json\/wp\/v2\/comments?post=105"}],"version-history":[{"count":21,"href":"https:\/\/yrmegard.net\/treasury\/wp-json\/wp\/v2\/pages\/105\/revisions"}],"predecessor-version":[{"id":9714,"href":"https:\/\/yrmegard.net\/treasury\/wp-json\/wp\/v2\/pages\/105\/revisions\/9714"}],"wp:featuredmedia":[{"embeddable":true,"href":"https:\/\/yrmegard.net\/treasury\/wp-json\/wp\/v2\/media\/6513"}],"wp:attachment":[{"href":"https:\/\/yrmegard.net\/treasury\/wp-json\/wp\/v2\/media?parent=105"}],"curies":[{"name":"wp","href":"https:\/\/api.w.org\/{rel}","templated":true}]}}