{"id":897,"date":"2025-02-15T11:57:23","date_gmt":"2025-02-15T11:57:23","guid":{"rendered":"https:\/\/yrmegard.net\/shop\/?post_type=product&#038;p=897"},"modified":"2025-12-11T13:25:26","modified_gmt":"2025-12-11T13:25:26","slug":"kolad","status":"publish","type":"product","link":"https:\/\/yrmegard.net\/shop\/et\/toode\/kolad\/","title":{"rendered":"K\u00f5lad"},"content":{"rendered":"<p>Yrmegardi k\u00f5lad on valmistatud vastupidavast kaetud kartongist (400 g\/m\u00b2), mis peab kudumisele vastu ka siis, kui l\u00f5imel\u00f5ngad on v\u00e4ga pingule t\u00f5mmatud. Kuna k\u00f5lad on \u00f5hukesed, siis 10 k\u00f5last koosneva paki laius ilma l\u00f5imel\u00f5ngadeta on ainult 0,7 cm, s\u00f5ltuvalt l\u00f5ime j\u00e4medusest v\u00f5ib paki laius kudumisel olla ligi 1,2- 1,5 cm. See t\u00e4hendab, et laiemate mustrite puhul ei venita k\u00f5lad l\u00f5ime laiali ning pinge l\u00f5imel\u00f5ngades on \u00fchtlasem.<\/p>\n<p>K\u00f5lade \u00fchele k\u00fcljele on tr\u00fckitud Yrmegardi t\u00f6\u00f6toa logo. Logo asendi j\u00e4rgi saad kudumise ajal kontrollida iga k\u00f5la asendit &#8211; see teeb lihtsamaks vea leidmise n\u00e4iteks nende mustrite puhul, mille kudumisel keeratakse k\u00f5iki k\u00f5lasid koos ning \u00fches suunas.<\/p>\n<p>K\u00f5ladel on 8 auku, mille t\u00f5ttu saad neid kasutada palju paindlikumalt ning kududa mustreid, mis n\u00f5uavad 2, 3, 4, 6 v\u00f5i 8 l\u00f5imel\u00f5nga k\u00f5la kohta ning \u00fchte, kahte v\u00f5i kolme vahelikku. Joonis all n\u00e4itab erinevat l\u00f5imel\u00f5ngade paigutust k\u00f5lades vastavalt l\u00f5imel\u00f5ngade arvule ja vahelikkude arvule:<\/p>\n<p><img loading=\"lazy\" decoding=\"async\" class=\"logo aligncenter wp-image-1040 size-full\" src=\"https:\/\/yrmegard.net\/shop\/wp-content\/uploads\/2025\/02\/kolade-kasutus-reas-1.jpg\" alt=\"k\u00f5lade kasutus vastavalt l\u00f5imel\u00f5ngade arvule\" width=\"850\" height=\"170\" srcset=\"https:\/\/yrmegard.net\/shop\/wp-content\/uploads\/2025\/02\/kolade-kasutus-reas-1.jpg 850w, https:\/\/yrmegard.net\/shop\/wp-content\/uploads\/2025\/02\/kolade-kasutus-reas-1-300x60.jpg 300w, https:\/\/yrmegard.net\/shop\/wp-content\/uploads\/2025\/02\/kolade-kasutus-reas-1-768x154.jpg 768w, https:\/\/yrmegard.net\/shop\/wp-content\/uploads\/2025\/02\/kolade-kasutus-reas-1-800x160.jpg 800w\" sizes=\"auto, (max-width: 850px) 100vw, 850px\" \/><\/p>\n","protected":false},"excerpt":{"rendered":"<p>Yrmegardi k\u00f5lad on sinu usaldusv\u00e4\u00e4rsed abilised imeliste mustrite loomisel. Kuna k\u00f5lad on kerged ja siledad, on neid lihtne keerata ning nad ei takerdu l\u00f5imel\u00f5ngadesse. Nii saad nautida loomingut, mis su n\u00e4ppude all s\u00fcnnib.<\/p>\n<p>K\u00f5lasid saad osta nii \u00fchekaupa kui komplektidena. Vali k\u00f5igepealt soovitud komplekt ja siis vali nende komplektide arv, mida tellida soovid. Iga komplektiga tuleb kaasa tekstiilist kott k\u00f5lade hoidmiseks.<\/p>\n","protected":false},"featured_media":1038,"comment_status":"open","ping_status":"closed","template":"","meta":[],"product_brand":[],"product_cat":[41],"product_tag":[],"class_list":{"0":"post-897","1":"product","2":"type-product","3":"status-publish","4":"has-post-thumbnail","6":"product_cat-tooriistad","7":"product_shipping_class-bands","9":"first","10":"instock","11":"shipping-taxable","12":"purchasable","13":"product-type-variable"},"_links":{"self":[{"href":"https:\/\/yrmegard.net\/shop\/et\/wp-json\/wp\/v2\/product\/897","targetHints":{"allow":["GET"]}}],"collection":[{"href":"https:\/\/yrmegard.net\/shop\/et\/wp-json\/wp\/v2\/product"}],"about":[{"href":"https:\/\/yrmegard.net\/shop\/et\/wp-json\/wp\/v2\/types\/product"}],"replies":[{"embeddable":true,"href":"https:\/\/yrmegard.net\/shop\/et\/wp-json\/wp\/v2\/comments?post=897"}],"wp:featuredmedia":[{"embeddable":true,"href":"https:\/\/yrmegard.net\/shop\/et\/wp-json\/wp\/v2\/media\/1038"}],"wp:attachment":[{"href":"https:\/\/yrmegard.net\/shop\/et\/wp-json\/wp\/v2\/media?parent=897"}],"wp:term":[{"taxonomy":"product_brand","embeddable":true,"href":"https:\/\/yrmegard.net\/shop\/et\/wp-json\/wp\/v2\/product_brand?post=897"},{"taxonomy":"product_cat","embeddable":true,"href":"https:\/\/yrmegard.net\/shop\/et\/wp-json\/wp\/v2\/product_cat?post=897"},{"taxonomy":"product_tag","embeddable":true,"href":"https:\/\/yrmegard.net\/shop\/et\/wp-json\/wp\/v2\/product_tag?post=897"}],"curies":[{"name":"wp","href":"https:\/\/api.w.org\/{rel}","templated":true}]}}