{"id":1613,"date":"2025-11-23T18:27:20","date_gmt":"2025-11-23T18:27:20","guid":{"rendered":"https:\/\/yrmegard.net\/shop\/et\/toode\/\/"},"modified":"2025-11-23T18:51:58","modified_gmt":"2025-11-23T18:51:58","slug":"votmehoidja-orrenhofi-mustriga","status":"publish","type":"product","link":"https:\/\/yrmegard.net\/shop\/et\/toode\/votmehoidja-orrenhofi-mustriga\/","title":{"rendered":"V\u00f5tmehoidja Orrenhofi mustriga"},"content":{"rendered":"<p>R\u00f5\u00f5msav\u00e4rviline t\u00e4piline v\u00f5tmehoidja kaunistab su v\u00f5tmekimpu v\u00f5i hoopis kotti ja toob killukese p\u00e4ikest igasse p\u00e4eva. K\u00e4sit\u00f6\u00f6na valminud, on iga v\u00f5tmehoidja natuke omamoodi, unikaalne, nagu seda on ka iga\u00fcks meist.<\/p>\n<p>V\u00f5tmehoidja pikkus koos r\u00f5ngaga on 15 cm, kootud paela laius on 1,1 cm.<\/p>\n<h6><strong>Valmistamisviis ja muster<\/strong><\/h6>\n<p>K\u00f5ik Yrmegardi t\u00f6\u00f6toa paelad on kootud k\u00e4sitsi ajaloolist k\u00f5ladega kudumise tehnoloogiat kasutades. Kui soovid ise k\u00f5ladega kudumist \u00f5ppida, siis saad seda teha Yrmegardi t\u00f6\u00f6toa <a href=\"https:\/\/yrmegard.net\/shop\/product-category\/komplektid\/\">kudumiskomplektide<\/a> abil ning lisainfot leiad meie <a href=\"https:\/\/yrmegard.net\/treasury\/et\/artiklid\/\">artiklitest<\/a>.<\/p>\n<p>K\u00e4epaelte muster on p\u00e4rit eesti rahvariide v\u00f6\u00f6lt Eesti Rahva Muuseumi kogust. V\u00f6\u00f6 pildid ja kirjeldused <a href=\"https:\/\/opendata.muis.ee\/object\/509891\" target=\"_blank\" rel=\"noopener\">leiad MUISist<\/a>. V\u00f6\u00f6 on p\u00e4rit Oraj\u00f5e vallast, mille saksap\u00e4rane nimetus on <strong><em>Orrenhof<\/em><\/strong> &#8211; siit ongi tuletatud k\u00e4epaelte mustri nimetus.<\/p>\n<h6><strong>Hooldusjuhend<\/strong><\/h6>\n<p>Paelte valmistamiseks kasutame ainult kvaliteetseid ja v\u00f5imalikult looduslikke materjale. Orrenhofi mustriga k\u00e4epaelad on kootud Itaalias toodetud puuvillasest heegelniidist. Topeltr\u00f5ngad on valmistatud terasest.<\/p>\n<p>Vajadusel pese paela k\u00e4sitsi k\u00fclmas vees ja \u00f5rnpesuvahendit kasutades. Palun pane t\u00e4hele, et kuuma vette sattudes v\u00f5ib pael m\u00f5nev\u00f5rra kokku t\u00f5mbuda ning sellet\u00f5ttu l\u00fchemaks minna.<\/p>\n<h6><strong>NB!<\/strong><\/h6>\n<ul>\n<li>Juhime t\u00e4helepanu, et p\u00e4ris paela v\u00e4rvid v\u00f5ivad fotodel olevatest paeltest m\u00f5nev\u00f5rra erineda. P\u00f5hjuseks on muuhulgas see, et erinevatel ekraanidel paistavad v\u00e4rvid v\u00e4lja erinevad.<\/li>\n<li>J\u00e4reltellimisel v\u00f5tmehoidjate valmistamisaeg on kuni 10 t\u00f6\u00f6p\u00e4eva.<\/li>\n<\/ul>\n<hr \/>\n","protected":false},"excerpt":{"rendered":"<p>P\u00e4ikeseliselt kollane v\u00f5tmehoidja on justkui soe p\u00e4ikesekiir ka k\u00f5ige pimedamal p\u00e4eval! Pehmest puuvillast k\u00e4sitsi kootud pael on su v\u00f5tmekimbus eristuvaks detailiks, samas sobib suurep\u00e4raselt ka iga koti ja riietusega.<\/p>\n","protected":false},"featured_media":1632,"comment_status":"open","ping_status":"closed","template":"","meta":[],"product_brand":[],"product_cat":[127],"product_tag":[],"class_list":{"0":"post-1613","1":"product","2":"type-product","3":"status-publish","4":"has-post-thumbnail","6":"product_cat-votmehoidjad","7":"product_shipping_class-bands","9":"first","10":"instock","11":"shipping-taxable","12":"purchasable","13":"product-type-variable"},"_links":{"self":[{"href":"https:\/\/yrmegard.net\/shop\/et\/wp-json\/wp\/v2\/product\/1613","targetHints":{"allow":["GET"]}}],"collection":[{"href":"https:\/\/yrmegard.net\/shop\/et\/wp-json\/wp\/v2\/product"}],"about":[{"href":"https:\/\/yrmegard.net\/shop\/et\/wp-json\/wp\/v2\/types\/product"}],"replies":[{"embeddable":true,"href":"https:\/\/yrmegard.net\/shop\/et\/wp-json\/wp\/v2\/comments?post=1613"}],"wp:featuredmedia":[{"embeddable":true,"href":"https:\/\/yrmegard.net\/shop\/et\/wp-json\/wp\/v2\/media\/1632"}],"wp:attachment":[{"href":"https:\/\/yrmegard.net\/shop\/et\/wp-json\/wp\/v2\/media?parent=1613"}],"wp:term":[{"taxonomy":"product_brand","embeddable":true,"href":"https:\/\/yrmegard.net\/shop\/et\/wp-json\/wp\/v2\/product_brand?post=1613"},{"taxonomy":"product_cat","embeddable":true,"href":"https:\/\/yrmegard.net\/shop\/et\/wp-json\/wp\/v2\/product_cat?post=1613"},{"taxonomy":"product_tag","embeddable":true,"href":"https:\/\/yrmegard.net\/shop\/et\/wp-json\/wp\/v2\/product_tag?post=1613"}],"curies":[{"name":"wp","href":"https:\/\/api.w.org\/{rel}","templated":true}]}}