{"id":1464,"date":"2025-05-01T08:57:30","date_gmt":"2025-05-01T08:57:30","guid":{"rendered":"https:\/\/yrmegard.net\/shop\/toode\/\/"},"modified":"2025-11-13T19:30:49","modified_gmt":"2025-11-13T19:30:49","slug":"lehed_ja_keerud","status":"publish","type":"product","link":"https:\/\/yrmegard.net\/shop\/et\/toode\/lehed_ja_keerud\/","title":{"rendered":"K\u00f5lamuster: lehed ja keerud"},"content":{"rendered":"<p>Allalaetavast pdf-failist leiad mustrijoonise, mustriskeemi ja juhised, mis aitavad sul kududa kauni paela. Sinu uus lemmikaksessuaar, mis t\u00e4iendab isikup\u00e4rast stiili, ootab vaid kudumist!<\/p>\n<p>See muster n\u00e4eb hea v\u00e4lja nii j\u00e4medast villasest l\u00f5ngast kui ka peenest puuvillasest niidist kootuna.<\/p>\n<p>Selle mustri kudumiseks l\u00e4heb vaja 34 k\u00f5la:<\/p>\n<ul>\n<li>4 \u00e4\u00e4rek\u00f5las (2+2) on iga\u00fches 4 sama v\u00e4rvi l\u00f5imel\u00f5nga;<\/li>\n<li>30 mustrik\u00f5las on iga\u00fches 2 tumedat ja 2 heledat l\u00f5imel\u00f5nga.<\/li>\n<\/ul>\n<p><em>Selle mustri autor on Julia Christie Amor. Palun mustrit mitte avaldada, mitte edasi m\u00fc\u00fca ega kasutada mustrit kudumis- v\u00f5i \u00f5petusvideote loomiseks.<\/em><\/p>\n","protected":false},"excerpt":{"rendered":"<p>Leia inspiratsiooni loodusest ja koo kaunist paela, mille mustri moodustavad p\u00f5imunud lehed. See muster sobib suurep\u00e4raselt isikup\u00e4rase v\u00f6\u00f6, kotirihma, kitarririhma v\u00f5i m\u00f5ne muu silmatorkava eseme loomiseks. Muster on m\u00f5eldud varasema kogemusega kudujale. Muster on koheselt allalaetav ning kibeleb paelale saama.<\/p>\n","protected":false},"featured_media":1456,"comment_status":"open","ping_status":"closed","template":"","meta":[],"product_brand":[],"product_cat":[37],"product_tag":[],"class_list":{"0":"post-1464","1":"product","2":"type-product","3":"status-publish","4":"has-post-thumbnail","6":"product_cat-mustrid","8":"first","9":"instock","10":"downloadable","11":"virtual","12":"sold-individually","13":"purchasable","14":"product-type-simple"},"_links":{"self":[{"href":"https:\/\/yrmegard.net\/shop\/et\/wp-json\/wp\/v2\/product\/1464","targetHints":{"allow":["GET"]}}],"collection":[{"href":"https:\/\/yrmegard.net\/shop\/et\/wp-json\/wp\/v2\/product"}],"about":[{"href":"https:\/\/yrmegard.net\/shop\/et\/wp-json\/wp\/v2\/types\/product"}],"replies":[{"embeddable":true,"href":"https:\/\/yrmegard.net\/shop\/et\/wp-json\/wp\/v2\/comments?post=1464"}],"wp:featuredmedia":[{"embeddable":true,"href":"https:\/\/yrmegard.net\/shop\/et\/wp-json\/wp\/v2\/media\/1456"}],"wp:attachment":[{"href":"https:\/\/yrmegard.net\/shop\/et\/wp-json\/wp\/v2\/media?parent=1464"}],"wp:term":[{"taxonomy":"product_brand","embeddable":true,"href":"https:\/\/yrmegard.net\/shop\/et\/wp-json\/wp\/v2\/product_brand?post=1464"},{"taxonomy":"product_cat","embeddable":true,"href":"https:\/\/yrmegard.net\/shop\/et\/wp-json\/wp\/v2\/product_cat?post=1464"},{"taxonomy":"product_tag","embeddable":true,"href":"https:\/\/yrmegard.net\/shop\/et\/wp-json\/wp\/v2\/product_tag?post=1464"}],"curies":[{"name":"wp","href":"https:\/\/api.w.org\/{rel}","templated":true}]}}