{"id":1227,"date":"2025-03-09T17:31:26","date_gmt":"2025-03-09T17:31:26","guid":{"rendered":"https:\/\/yrmegard.net\/shop\/et\/toode\/\/"},"modified":"2025-11-12T19:34:02","modified_gmt":"2025-11-12T19:34:02","slug":"komplekt-dorpat-kaepaelad","status":"publish","type":"product","link":"https:\/\/yrmegard.net\/shop\/et\/toode\/komplekt-dorpat-kaepaelad\/","title":{"rendered":"Koo ise erkpunased Dorpati mustriga k\u00e4epaelad"},"content":{"rendered":"<p>Yrmegardi k\u00f5ladega kudumise komplekt on kudumiseks valmis &#8211; v\u00f5ta karbist v\u00e4lja ja alusta! Kui oled algaja, saad komplekti abil kerge vaevaga k\u00f5ladega kudumist \u00f5ppida. Kogenumale kudujale pakub komplekt v\u00f5imaluse k\u00f5lade rakendamine vahele j\u00e4tta ning lihtsalt kudumist nautida. Erkpunased pilkup\u00fc\u00fcdvad paelad valmivad kui v\u00f5luv\u00e4el!<\/p>\n<h6><strong>Mis on karbis?<\/strong><\/h6>\n<p>Kompaktsest karbist leiad <strong>k\u00f5ik vajaliku<\/strong> kahe samasuguse mustriga k\u00e4epaela kudumiseks:<\/p>\n<ul>\n<li>12 k\u00f5la, valmistatud vastupidavast kaetud kartongist;<\/li>\n<li>puuvillased l\u00f5imel\u00f5ngad pikkusega 1,5 meetrit, juba k\u00f5ladesse rakendatult;<\/li>\n<li>puuvillane koel\u00f5ng pikkusega 5 meetrit on keritud kartongist s\u00fcstiku peale;<\/li>\n<li>abivahendid:\n<ul>\n<li>3 puidust r\u00f5ngast (2+1), mille k\u00fclge on kinnitatud l\u00f5imel\u00f5ng;<\/li>\n<li>3 erinevat v\u00e4rvi abipaela;<\/li>\n<li>1 bambusest tikk;<\/li>\n<li>2 n\u00f6\u00f6pi (tee valik enne komplekti ostukorvi lisamist);<\/li>\n<li>l\u00fchijuhend ja link p\u00f5hjalikule juhendile veebilehel.<\/li>\n<\/ul>\n<\/li>\n<\/ul>\n<p>Paelte orienteeruv laius on 1 -1,2 cm, iga paela pikkus on sinu valikul kuni 25 cm.<\/p>\n<p>Julge pealehakkamine, killuke kannatust ja veidike r\u00f5\u00f5msat ootus\u00e4revust teevad kudumise eriti m\u00f5nusaks. Kui esimesed read kootud ning v\u00f5tted selged, muutub kudumine peaaegu meditatiivseks tegevuseks, mis aitab puhata ning rahulikke hetki nautida.<\/p>\n<h6><strong>Muster<\/strong><\/h6>\n<p>K\u00e4epaelte muster on kahepoolne. See on p\u00e4rit eesti rahvariide v\u00f6\u00f6lt Eesti Rahva Muuseumi kogust. V\u00f6\u00f6 pildid ja kirjeldused <a href=\"https:\/\/opendata.muis.ee\/object\/1000899\" target=\"_blank\" rel=\"noopener\">leiad MUISist<\/a>. V\u00f6\u00f6 on p\u00e4rit Tartumaalt.<\/p>\n<h6><strong>Hooldusjuhend<\/strong><\/h6>\n<p>Komplektide valmistamiseks kasutame ainult kvaliteetseid ja v\u00f5imalikult looduslikke materjale. Dorpati mustriga k\u00e4epaelte kudumise komplektis on kasutatud puuvillaseid heegelniite.<\/p>\n<p>Valmis paelu saad vajadusel pesta k\u00e4sitsi k\u00fclmas vees ja \u00f5rnpesuvahendit kasutades.<\/p>\n<h6><strong>NB!<\/strong><\/h6>\n<ul>\n<li>Juhime t\u00e4helepanu, et l\u00f5imel\u00f5ngade v\u00e4rvid komplektis v\u00f5ivad fotodel olevatest l\u00f5ngadest m\u00f5nev\u00f5rra erineda. P\u00f5hjuseks on muuhulgas see, et erinevatel ekraanidel paistavad v\u00e4rvid v\u00e4lja erinevad.<\/li>\n<li>Fotodel olevad valmis paelad ei kuulu komplekti.<\/li>\n<li>J\u00e4reltellimisel komplektide valmistamisaeg on kuni 10 t\u00f6\u00f6p\u00e4eva.<\/li>\n<\/ul>\n<hr \/>\n","protected":false},"excerpt":{"rendered":"<p>V\u00e4rskenda oma meeli ja v\u00f5ta aega iseendale! Naudi k\u00f5ladega kudumist p\u00f5hjaliku juhendi j\u00e4rgi ning j\u00e4lgi, kuidas pehme puuvillane l\u00f5ng su n\u00e4ppude vahel loodusest inspireeritud ajaloolist mustrit moodustab.\u00a0 R\u00f5\u00f5musta ennast v\u00f5i l\u00e4hedasi eredav\u00e4rvilise aksessuaariga, mis kannab sinu osavate n\u00e4ppude soojust. Komplektis on k\u00f5ik vajalik kudumiseks, n\u00f6\u00f6bid k\u00e4epaelte kinniseks saad ise valida.<\/p>\n","protected":false},"featured_media":1435,"comment_status":"open","ping_status":"closed","template":"","meta":[],"product_brand":[],"product_cat":[39],"product_tag":[],"class_list":{"0":"post-1227","1":"product","2":"type-product","3":"status-publish","4":"has-post-thumbnail","6":"product_cat-komplektid","7":"product_shipping_class-box","9":"first","10":"instock","11":"shipping-taxable","12":"purchasable","13":"product-type-variable"},"_links":{"self":[{"href":"https:\/\/yrmegard.net\/shop\/et\/wp-json\/wp\/v2\/product\/1227","targetHints":{"allow":["GET"]}}],"collection":[{"href":"https:\/\/yrmegard.net\/shop\/et\/wp-json\/wp\/v2\/product"}],"about":[{"href":"https:\/\/yrmegard.net\/shop\/et\/wp-json\/wp\/v2\/types\/product"}],"replies":[{"embeddable":true,"href":"https:\/\/yrmegard.net\/shop\/et\/wp-json\/wp\/v2\/comments?post=1227"}],"wp:featuredmedia":[{"embeddable":true,"href":"https:\/\/yrmegard.net\/shop\/et\/wp-json\/wp\/v2\/media\/1435"}],"wp:attachment":[{"href":"https:\/\/yrmegard.net\/shop\/et\/wp-json\/wp\/v2\/media?parent=1227"}],"wp:term":[{"taxonomy":"product_brand","embeddable":true,"href":"https:\/\/yrmegard.net\/shop\/et\/wp-json\/wp\/v2\/product_brand?post=1227"},{"taxonomy":"product_cat","embeddable":true,"href":"https:\/\/yrmegard.net\/shop\/et\/wp-json\/wp\/v2\/product_cat?post=1227"},{"taxonomy":"product_tag","embeddable":true,"href":"https:\/\/yrmegard.net\/shop\/et\/wp-json\/wp\/v2\/product_tag?post=1227"}],"curies":[{"name":"wp","href":"https:\/\/api.w.org\/{rel}","templated":true}]}}