{"id":1009,"date":"2025-02-22T14:30:45","date_gmt":"2025-02-22T14:30:45","guid":{"rendered":"https:\/\/yrmegard.net\/shop\/?post_type=product&#038;p=1009"},"modified":"2025-11-12T20:02:25","modified_gmt":"2025-11-12T20:02:25","slug":"kaepael-dorpati-mustriga","status":"publish","type":"product","link":"https:\/\/yrmegard.net\/shop\/et\/toode\/kaepael-dorpati-mustriga\/","title":{"rendered":"Eredav\u00e4rviline k\u00e4epael Dorpati mustriga"},"content":{"rendered":"<p>Pehme su naha vastas ja silmatorkav detail sinu riietuse juures, kiirgab see pael soojust ja s\u00e4ra. K\u00e4sit\u00f6\u00f6na valminud, on iga pael natuke omamoodi, unikaalne, nagu seda on ka iga\u00fcks meist.<\/p>\n<p>Paela laius on 1,2 cm.<\/p>\n<h6><strong>Kuidas valida \u00f5ige k\u00e4epaela pikkus<\/strong><\/h6>\n<ul>\n<li>Otsusta, kas soovid kanda k\u00e4epaela tihedalt randme \u00fcmber, v\u00f5i eelistad, et see liigub su randmel vabalt ringi.<\/li>\n<li>M\u00f5\u00f5da oma randme\u00fcmberm\u00f5\u00f5t. Kui m\u00f5\u00f5dulinti pole k\u00e4ep\u00e4rast, kasuta m\u00f5\u00f5tmiseks paela v\u00f5i niiti, mida saad p\u00e4rast joonlauaga \u00fcle m\u00f5\u00f5ta.<\/li>\n<li>Kui lisad randme\u00fcmberm\u00f5\u00f5dule ~1 cm, saad tihedalt \u00fcmber randme istuva k\u00e4epaela optimaalse kootud osa pikkuse (ehk kui sinu randme\u00fcmberm\u00f5\u00f5t on 14 cm, vali k\u00e4epaela pikkuseks 15 cm).<\/li>\n<li>Kui lisad randme\u00fcmberm\u00f5\u00f5dule ~2-3 cm, saad k\u00e4epaela kootud osa pikkuse, mille puhul liigub k\u00e4epael vabalt ringi, kuid ei tule \u00fcle k\u00e4e \u00e4ra (ehk kui sinu randme\u00fcmberm\u00f5\u00f5t on 16 cm, vali k\u00e4epaela pikkuseks 19 cm).<\/li>\n<\/ul>\n<p>Kui k\u00e4epaela pikkuse valik ei l\u00e4he k\u00f5ige t\u00e4psemalt, saab olukorda lahendada nii, et l\u00f5ikad n\u00f6\u00f6bi ettevaatlikult paela k\u00fcljest lahti ja \u00f5mbled vastavalt vajadusele\u00a0uude kohta.<\/p>\n<h6><strong>Valmistamisviis ja muster<\/strong><\/h6>\n<p>K\u00f5ik Yrmegardi t\u00f6\u00f6toa paelad on kootud k\u00e4sitsi ajaloolist k\u00f5ladega kudumise tehnoloogiat kasutades. Kui soovid ise k\u00f5ladega kudumist \u00f5ppida, siis saad seda teha Yrmegardi t\u00f6\u00f6toa <a href=\"https:\/\/yrmegard.net\/shop\/product-category\/komplektid\/\">kudumiskomplektide<\/a> abil ning lisainfot leiad meie <a href=\"https:\/\/yrmegard.net\/treasury\/et\/artiklid\/\">artiklitest<\/a>.<\/p>\n<p>K\u00e4epaelte muster on kahepoolne. See on p\u00e4rit eesti rahvariide v\u00f6\u00f6lt Eesti Rahva Muuseumi kogust. V\u00f6\u00f6 pildid ja kirjeldused <a href=\"https:\/\/opendata.muis.ee\/object\/1000899\" target=\"_blank\" rel=\"noopener\">leiad MUISist<\/a>. V\u00f6\u00f6 on p\u00e4rit Tartumaalt. Tartu saksap\u00e4rane nimi oli <em><strong>Dorpat<\/strong><\/em>\u00a0&#8211; siit ongi tuletatud k\u00e4epaelte mustri nimetus.<\/p>\n<h6><strong>Hooldusjuhend<\/strong><\/h6>\n<p>Paelte valmistamiseks kasutame ainult kvaliteetseid ja v\u00f5imalikult looduslikke materjale. Dorpati mustriga k\u00e4epaelad on kootud Red Heart puuvillasest heegelniidist.<\/p>\n<p>Vajadusel pese paela k\u00e4sitsi k\u00fclmas vees ja \u00f5rnpesuvahendit kasutades. Palun pane t\u00e4hele, et kuuma vette sattudes v\u00f5ib pael m\u00f5nev\u00f5rra kokku t\u00f5mbuda ning sellet\u00f5ttu l\u00fchemaks minna.<\/p>\n<h6><strong>NB!<\/strong><\/h6>\n<ul>\n<li>Juhime t\u00e4helepanu, et p\u00e4ris paela v\u00e4rvid v\u00f5ivad fotodel olevatest paeltest m\u00f5nev\u00f5rra erineda. P\u00f5hjuseks on muuhulgas see, et erinevatel ekraanidel paistavad v\u00e4rvid v\u00e4lja erinevad.<\/li>\n<li>Paelte kootud osa pikkused on \u00fcmardatud +\/- 3 mm s\u00f5ltuvalt mustrist ja paela struktuurist.<\/li>\n<li>J\u00e4reltellimisel paelte valmistamisaeg on kuni 10 t\u00f6\u00f6p\u00e4eva.<\/li>\n<\/ul>\n<hr \/>\n","protected":false},"excerpt":{"rendered":"<p>Ussinahka meenutava mustriga erkpunane k\u00e4epael ei j\u00e4ta kedagi k\u00fclmaks. Pilkup\u00fc\u00fcdev siksak on kootud pehmest puuvillasest l\u00f5ngast ning toob su erilist stiili esile igas olukorras ja igas seltskonnas. Loodusest inspireeritud mustriga pael ootab julget ja s\u00e4ravat kandjat, kellega koos tuua v\u00e4rvi igasse p\u00e4eva!<\/p>\n","protected":false},"featured_media":1012,"comment_status":"open","ping_status":"closed","template":"","meta":[],"product_brand":[],"product_cat":[40],"product_tag":[],"class_list":{"0":"post-1009","1":"product","2":"type-product","3":"status-publish","4":"has-post-thumbnail","6":"product_cat-paelad","7":"product_shipping_class-bands","9":"first","10":"instock","11":"shipping-taxable","12":"purchasable","13":"product-type-variable"},"_links":{"self":[{"href":"https:\/\/yrmegard.net\/shop\/et\/wp-json\/wp\/v2\/product\/1009","targetHints":{"allow":["GET"]}}],"collection":[{"href":"https:\/\/yrmegard.net\/shop\/et\/wp-json\/wp\/v2\/product"}],"about":[{"href":"https:\/\/yrmegard.net\/shop\/et\/wp-json\/wp\/v2\/types\/product"}],"replies":[{"embeddable":true,"href":"https:\/\/yrmegard.net\/shop\/et\/wp-json\/wp\/v2\/comments?post=1009"}],"wp:featuredmedia":[{"embeddable":true,"href":"https:\/\/yrmegard.net\/shop\/et\/wp-json\/wp\/v2\/media\/1012"}],"wp:attachment":[{"href":"https:\/\/yrmegard.net\/shop\/et\/wp-json\/wp\/v2\/media?parent=1009"}],"wp:term":[{"taxonomy":"product_brand","embeddable":true,"href":"https:\/\/yrmegard.net\/shop\/et\/wp-json\/wp\/v2\/product_brand?post=1009"},{"taxonomy":"product_cat","embeddable":true,"href":"https:\/\/yrmegard.net\/shop\/et\/wp-json\/wp\/v2\/product_cat?post=1009"},{"taxonomy":"product_tag","embeddable":true,"href":"https:\/\/yrmegard.net\/shop\/et\/wp-json\/wp\/v2\/product_tag?post=1009"}],"curies":[{"name":"wp","href":"https:\/\/api.w.org\/{rel}","templated":true}]}}