{"id":961,"date":"2025-02-21T11:37:29","date_gmt":"2025-02-21T11:37:29","guid":{"rendered":"https:\/\/yrmegard.net\/shop\/?page_id=961"},"modified":"2025-11-23T18:54:51","modified_gmt":"2025-11-23T18:54:51","slug":"pood","status":"publish","type":"page","link":"https:\/\/yrmegard.net\/shop\/et\/","title":{"rendered":"Pood"},"content":{"rendered":"\n<h2 class=\"wp-block-heading\"><em><strong>K\u00e4epaelad<\/strong><\/em><\/h2>\n\n\n<div class=\"woocommerce columns-3 \"><ul class=\"products columns-3\">\n<li class=\"product type-product post-933 status-publish first instock product_cat-paelad has-post-thumbnail shipping-taxable purchasable product-type-variable\">\n\t<a href=\"https:\/\/yrmegard.net\/shop\/et\/toode\/kaepael-saarahofi-mustriga\/\" class=\"woocommerce-LoopProduct-link woocommerce-loop-product__link\"><img loading=\"lazy\" decoding=\"async\" width=\"300\" height=\"300\" src=\"https:\/\/yrmegard.net\/shop\/wp-content\/uploads\/2025\/02\/Saarahof-crop-300x300.jpg\" class=\"attachment-woocommerce_thumbnail size-woocommerce_thumbnail\" alt=\"V\u00e4\u00e4rikalt veinipunane k\u00e4epael Saarahofi mustriga\" srcset=\"https:\/\/yrmegard.net\/shop\/wp-content\/uploads\/2025\/02\/Saarahof-crop-300x300.jpg 300w, https:\/\/yrmegard.net\/shop\/wp-content\/uploads\/2025\/02\/Saarahof-crop-150x150.jpg 150w, https:\/\/yrmegard.net\/shop\/wp-content\/uploads\/2025\/02\/Saarahof-crop-100x100.jpg 100w\" sizes=\"auto, (max-width: 300px) 100vw, 300px\" \/><h2 class=\"woocommerce-loop-product__title\">V\u00e4\u00e4rikalt veinipunane k\u00e4epael Saarahofi mustriga<\/h2>\n\t<span class=\"price\"><span class=\"woocommerce-Price-amount amount\"><bdi>20,00&nbsp;<span class=\"woocommerce-Price-currencySymbol\">&euro;<\/span><\/bdi><\/span><\/span>\n<\/a><a href=\"https:\/\/yrmegard.net\/shop\/et\/toode\/kaepael-saarahofi-mustriga\/\" aria-describedby=\"woocommerce_loop_add_to_cart_link_describedby_933\" data-quantity=\"1\" class=\"button product_type_variable add_to_cart_button\" data-product_id=\"933\" data-product_sku=\"YW01-SR02-PV11-\" aria-label=\"Vali tootele &ldquo;V\u00e4\u00e4rikalt veinipunane k\u00e4epael Saarahofi mustriga&rdquo; omadused\" rel=\"nofollow\">Vali<\/a>\t<span id=\"woocommerce_loop_add_to_cart_link_describedby_933\" class=\"screen-reader-text\">\n\t\tThis product has multiple variants. The options may be chosen on the product page\t<\/span>\n<\/li>\n<li class=\"product type-product post-1009 status-publish instock product_cat-paelad has-post-thumbnail shipping-taxable purchasable product-type-variable\">\n\t<a href=\"https:\/\/yrmegard.net\/shop\/et\/toode\/kaepael-dorpati-mustriga\/\" class=\"woocommerce-LoopProduct-link woocommerce-loop-product__link\"><img loading=\"lazy\" decoding=\"async\" width=\"300\" height=\"300\" src=\"https:\/\/yrmegard.net\/shop\/wp-content\/uploads\/2025\/02\/Dorpat_tootepilt1-300x300.jpg\" class=\"attachment-woocommerce_thumbnail size-woocommerce_thumbnail\" alt=\"Eredav\u00e4rviline k\u00e4epael Dorpati mustriga\" srcset=\"https:\/\/yrmegard.net\/shop\/wp-content\/uploads\/2025\/02\/Dorpat_tootepilt1-300x300.jpg 300w, https:\/\/yrmegard.net\/shop\/wp-content\/uploads\/2025\/02\/Dorpat_tootepilt1-150x150.jpg 150w, https:\/\/yrmegard.net\/shop\/wp-content\/uploads\/2025\/02\/Dorpat_tootepilt1-100x100.jpg 100w\" sizes=\"auto, (max-width: 300px) 100vw, 300px\" \/><h2 class=\"woocommerce-loop-product__title\">Eredav\u00e4rviline k\u00e4epael Dorpati mustriga<\/h2>\n\t<span class=\"price\"><span class=\"woocommerce-Price-amount amount\"><bdi>20,00&nbsp;<span class=\"woocommerce-Price-currencySymbol\">&euro;<\/span><\/bdi><\/span><\/span>\n<\/a><a href=\"https:\/\/yrmegard.net\/shop\/et\/toode\/kaepael-dorpati-mustriga\/\" aria-describedby=\"woocommerce_loop_add_to_cart_link_describedby_1009\" data-quantity=\"1\" class=\"button product_type_variable add_to_cart_button\" data-product_id=\"1009\" data-product_sku=\"YW01-DR02-PV12-\" aria-label=\"Vali tootele &ldquo;Eredav\u00e4rviline k\u00e4epael Dorpati mustriga&rdquo; omadused\" rel=\"nofollow\">Vali<\/a>\t<span id=\"woocommerce_loop_add_to_cart_link_describedby_1009\" class=\"screen-reader-text\">\n\t\tThis product has multiple variants. The options may be chosen on the product page\t<\/span>\n<\/li>\n<li class=\"product type-product post-913 status-publish last instock product_cat-paelad has-post-thumbnail shipping-taxable purchasable product-type-variable\">\n\t<a href=\"https:\/\/yrmegard.net\/shop\/et\/toode\/kaepael-karksi-mustriga\/\" class=\"woocommerce-LoopProduct-link woocommerce-loop-product__link\"><img loading=\"lazy\" decoding=\"async\" width=\"300\" height=\"300\" src=\"https:\/\/yrmegard.net\/shop\/wp-content\/uploads\/2025\/11\/Karksi-kaepael-tootepilt-300x300.jpg\" class=\"attachment-woocommerce_thumbnail size-woocommerce_thumbnail\" alt=\"Kevadiselt roheline k\u00e4epael Karksi mustriga\" srcset=\"https:\/\/yrmegard.net\/shop\/wp-content\/uploads\/2025\/11\/Karksi-kaepael-tootepilt-300x300.jpg 300w, https:\/\/yrmegard.net\/shop\/wp-content\/uploads\/2025\/11\/Karksi-kaepael-tootepilt-150x150.jpg 150w, https:\/\/yrmegard.net\/shop\/wp-content\/uploads\/2025\/11\/Karksi-kaepael-tootepilt-100x100.jpg 100w\" sizes=\"auto, (max-width: 300px) 100vw, 300px\" \/><h2 class=\"woocommerce-loop-product__title\">Kevadiselt roheline k\u00e4epael Karksi mustriga<\/h2>\n\t<span class=\"price\"><span class=\"woocommerce-Price-amount amount\"><bdi>20,00&nbsp;<span class=\"woocommerce-Price-currencySymbol\">&euro;<\/span><\/bdi><\/span><\/span>\n<\/a><a href=\"https:\/\/yrmegard.net\/shop\/et\/toode\/kaepael-karksi-mustriga\/\" aria-describedby=\"woocommerce_loop_add_to_cart_link_describedby_913\" data-quantity=\"1\" class=\"button product_type_variable add_to_cart_button\" data-product_id=\"913\" data-product_sku=\"YW01-KR05-PV12-\" aria-label=\"Vali tootele &ldquo;Kevadiselt roheline k\u00e4epael Karksi mustriga&rdquo; omadused\" rel=\"nofollow\">Vali<\/a>\t<span id=\"woocommerce_loop_add_to_cart_link_describedby_913\" class=\"screen-reader-text\">\n\t\tThis product has multiple variants. The options may be chosen on the product page\t<\/span>\n<\/li>\n<li class=\"product type-product post-1508 status-publish first instock product_cat-paelad has-post-thumbnail shipping-taxable purchasable product-type-variable\">\n\t<a href=\"https:\/\/yrmegard.net\/shop\/et\/toode\/kaepael-orrenhofi-mustriga\/\" class=\"woocommerce-LoopProduct-link woocommerce-loop-product__link\"><img loading=\"lazy\" decoding=\"async\" width=\"300\" height=\"300\" src=\"https:\/\/yrmegard.net\/shop\/wp-content\/uploads\/2025\/08\/Orrenhof_tootepilt_suurendus-300x300.jpg\" class=\"attachment-woocommerce_thumbnail size-woocommerce_thumbnail\" alt=\"P\u00e4ikeseline k\u00e4epael Orrenhofi mustriga\" srcset=\"https:\/\/yrmegard.net\/shop\/wp-content\/uploads\/2025\/08\/Orrenhof_tootepilt_suurendus-300x300.jpg 300w, https:\/\/yrmegard.net\/shop\/wp-content\/uploads\/2025\/08\/Orrenhof_tootepilt_suurendus-150x150.jpg 150w, https:\/\/yrmegard.net\/shop\/wp-content\/uploads\/2025\/08\/Orrenhof_tootepilt_suurendus-100x100.jpg 100w\" sizes=\"auto, (max-width: 300px) 100vw, 300px\" \/><h2 class=\"woocommerce-loop-product__title\">P\u00e4ikeseline k\u00e4epael Orrenhofi mustriga<\/h2>\n\t<span class=\"price\"><span class=\"woocommerce-Price-amount amount\"><bdi>20,00&nbsp;<span class=\"woocommerce-Price-currencySymbol\">&euro;<\/span><\/bdi><\/span><\/span>\n<\/a><a href=\"https:\/\/yrmegard.net\/shop\/et\/toode\/kaepael-orrenhofi-mustriga\/\" aria-describedby=\"woocommerce_loop_add_to_cart_link_describedby_1508\" data-quantity=\"1\" class=\"button product_type_variable add_to_cart_button\" data-product_id=\"1508\" data-product_sku=\"YW01-OR04-\" aria-label=\"Vali tootele &ldquo;P\u00e4ikeseline k\u00e4epael Orrenhofi mustriga&rdquo; omadused\" rel=\"nofollow\">Vali<\/a>\t<span id=\"woocommerce_loop_add_to_cart_link_describedby_1508\" class=\"screen-reader-text\">\n\t\tThis product has multiple variants. The options may be chosen on the product page\t<\/span>\n<\/li>\n<\/ul>\n<\/div>\n\n\n\n<h2 class=\"wp-block-heading\"><em><strong>K\u00f5ladega kudumise komplektid<\/strong><\/em><\/h2>\n\n\n<div class=\"woocommerce columns-3 \"><ul class=\"products columns-3\">\n<li class=\"product type-product post-1227 status-publish first instock product_cat-komplektid has-post-thumbnail shipping-taxable purchasable product-type-variable\">\n\t<a href=\"https:\/\/yrmegard.net\/shop\/et\/toode\/komplekt-dorpat-kaepaelad\/\" class=\"woocommerce-LoopProduct-link woocommerce-loop-product__link\"><img loading=\"lazy\" decoding=\"async\" width=\"300\" height=\"300\" src=\"https:\/\/yrmegard.net\/shop\/wp-content\/uploads\/2025\/04\/Dorpat_komplekt_karbita_crop-300x300.jpg\" class=\"attachment-woocommerce_thumbnail size-woocommerce_thumbnail\" alt=\"Koo ise erkpunased Dorpati mustriga k\u00e4epaelad\" srcset=\"https:\/\/yrmegard.net\/shop\/wp-content\/uploads\/2025\/04\/Dorpat_komplekt_karbita_crop-300x300.jpg 300w, https:\/\/yrmegard.net\/shop\/wp-content\/uploads\/2025\/04\/Dorpat_komplekt_karbita_crop-150x150.jpg 150w, https:\/\/yrmegard.net\/shop\/wp-content\/uploads\/2025\/04\/Dorpat_komplekt_karbita_crop-100x100.jpg 100w\" sizes=\"auto, (max-width: 300px) 100vw, 300px\" \/><h2 class=\"woocommerce-loop-product__title\">Koo ise erkpunased Dorpati mustriga k\u00e4epaelad<\/h2>\n\t<span class=\"price\"><span class=\"woocommerce-Price-amount amount\"><bdi>25,00&nbsp;<span class=\"woocommerce-Price-currencySymbol\">&euro;<\/span><\/bdi><\/span><\/span>\n<\/a><a href=\"https:\/\/yrmegard.net\/shop\/et\/toode\/komplekt-dorpat-kaepaelad\/\" aria-describedby=\"woocommerce_loop_add_to_cart_link_describedby_1227\" data-quantity=\"1\" class=\"button product_type_variable add_to_cart_button\" data-product_id=\"1227\" data-product_sku=\"YS01-DR02-PV12-\" aria-label=\"Vali tootele &ldquo;Koo ise erkpunased Dorpati mustriga k\u00e4epaelad&rdquo; omadused\" rel=\"nofollow\">Vali<\/a>\t<span id=\"woocommerce_loop_add_to_cart_link_describedby_1227\" class=\"screen-reader-text\">\n\t\tThis product has multiple variants. The options may be chosen on the product page\t<\/span>\n<\/li>\n<li class=\"product type-product post-157 status-publish instock product_cat-komplektid has-post-thumbnail purchasable product-type-variable\">\n\t<a href=\"https:\/\/yrmegard.net\/shop\/et\/toode\/komplekt-karksi-kaepaelad\/\" class=\"woocommerce-LoopProduct-link woocommerce-loop-product__link\"><img loading=\"lazy\" decoding=\"async\" width=\"300\" height=\"300\" src=\"https:\/\/yrmegard.net\/shop\/wp-content\/uploads\/2025\/11\/Karksi-avatud-karp-300x300.jpg\" class=\"attachment-woocommerce_thumbnail size-woocommerce_thumbnail\" alt=\"Koo ise r\u00f5\u00f5msalt kevadised Karksi mustriga k\u00e4epaelad\" srcset=\"https:\/\/yrmegard.net\/shop\/wp-content\/uploads\/2025\/11\/Karksi-avatud-karp-300x300.jpg 300w, https:\/\/yrmegard.net\/shop\/wp-content\/uploads\/2025\/11\/Karksi-avatud-karp-150x150.jpg 150w, https:\/\/yrmegard.net\/shop\/wp-content\/uploads\/2025\/11\/Karksi-avatud-karp-100x100.jpg 100w\" sizes=\"auto, (max-width: 300px) 100vw, 300px\" \/><h2 class=\"woocommerce-loop-product__title\">Koo ise r\u00f5\u00f5msalt kevadised Karksi mustriga k\u00e4epaelad<\/h2>\n\t<span class=\"price\"><span class=\"woocommerce-Price-amount amount\"><bdi>25,00&nbsp;<span class=\"woocommerce-Price-currencySymbol\">&euro;<\/span><\/bdi><\/span><\/span>\n<\/a><a href=\"https:\/\/yrmegard.net\/shop\/et\/toode\/komplekt-karksi-kaepaelad\/\" aria-describedby=\"woocommerce_loop_add_to_cart_link_describedby_157\" data-quantity=\"1\" class=\"button product_type_variable add_to_cart_button\" data-product_id=\"157\" data-product_sku=\"YS01-KR05-PV12-\" aria-label=\"Vali tootele &ldquo;Koo ise r\u00f5\u00f5msalt kevadised Karksi mustriga k\u00e4epaelad&rdquo; omadused\" rel=\"nofollow\">Vali<\/a>\t<span id=\"woocommerce_loop_add_to_cart_link_describedby_157\" class=\"screen-reader-text\">\n\t\tThis product has multiple variants. The options may be chosen on the product page\t<\/span>\n<\/li>\n<li class=\"product type-product post-1484 status-publish last instock product_cat-komplektid has-post-thumbnail shipping-taxable purchasable product-type-variable\">\n\t<a href=\"https:\/\/yrmegard.net\/shop\/et\/toode\/komplekt-orrenhof-kaepaelad\/\" class=\"woocommerce-LoopProduct-link woocommerce-loop-product__link\"><img loading=\"lazy\" decoding=\"async\" width=\"300\" height=\"300\" src=\"https:\/\/yrmegard.net\/shop\/wp-content\/uploads\/2025\/06\/Orrenhof_karp_paelaga_crop-300x300.jpg\" class=\"attachment-woocommerce_thumbnail size-woocommerce_thumbnail\" alt=\"Koo ise p\u00e4ikeselised Orrenhofi mustriga k\u00e4epaelad\" srcset=\"https:\/\/yrmegard.net\/shop\/wp-content\/uploads\/2025\/06\/Orrenhof_karp_paelaga_crop-300x300.jpg 300w, https:\/\/yrmegard.net\/shop\/wp-content\/uploads\/2025\/06\/Orrenhof_karp_paelaga_crop-150x150.jpg 150w, https:\/\/yrmegard.net\/shop\/wp-content\/uploads\/2025\/06\/Orrenhof_karp_paelaga_crop-100x100.jpg 100w\" sizes=\"auto, (max-width: 300px) 100vw, 300px\" \/><h2 class=\"woocommerce-loop-product__title\">Koo ise p\u00e4ikeselised Orrenhofi mustriga k\u00e4epaelad<\/h2>\n\t<span class=\"price\"><span class=\"woocommerce-Price-amount amount\"><bdi>25,00&nbsp;<span class=\"woocommerce-Price-currencySymbol\">&euro;<\/span><\/bdi><\/span><\/span>\n<\/a><a href=\"https:\/\/yrmegard.net\/shop\/et\/toode\/komplekt-orrenhof-kaepaelad\/\" aria-describedby=\"woocommerce_loop_add_to_cart_link_describedby_1484\" data-quantity=\"1\" class=\"button product_type_variable add_to_cart_button\" data-product_id=\"1484\" data-product_sku=\"YS01-OR04-PV12-\" aria-label=\"Vali tootele &ldquo;Koo ise p\u00e4ikeselised Orrenhofi mustriga k\u00e4epaelad&rdquo; omadused\" rel=\"nofollow\">Vali<\/a>\t<span id=\"woocommerce_loop_add_to_cart_link_describedby_1484\" class=\"screen-reader-text\">\n\t\tThis product has multiple variants. The options may be chosen on the product page\t<\/span>\n<\/li>\n<li class=\"product type-product post-1542 status-publish first instock product_cat-komplektid has-post-thumbnail shipping-taxable purchasable product-type-variable\">\n\t<a href=\"https:\/\/yrmegard.net\/shop\/et\/toode\/komplekt-saarahof-kaepaelad\/\" class=\"woocommerce-LoopProduct-link woocommerce-loop-product__link\"><img loading=\"lazy\" decoding=\"async\" width=\"300\" height=\"300\" src=\"https:\/\/yrmegard.net\/shop\/wp-content\/uploads\/2025\/08\/Saarahof_komplekt_tootepilt-300x300.jpg\" class=\"attachment-woocommerce_thumbnail size-woocommerce_thumbnail\" alt=\"Koo ise veinipunased Saarahofi mustriga k\u00e4epaelad\" srcset=\"https:\/\/yrmegard.net\/shop\/wp-content\/uploads\/2025\/08\/Saarahof_komplekt_tootepilt-300x300.jpg 300w, https:\/\/yrmegard.net\/shop\/wp-content\/uploads\/2025\/08\/Saarahof_komplekt_tootepilt-150x150.jpg 150w, https:\/\/yrmegard.net\/shop\/wp-content\/uploads\/2025\/08\/Saarahof_komplekt_tootepilt-100x100.jpg 100w\" sizes=\"auto, (max-width: 300px) 100vw, 300px\" \/><h2 class=\"woocommerce-loop-product__title\">Koo ise veinipunased Saarahofi mustriga k\u00e4epaelad<\/h2>\n\t<span class=\"price\"><span class=\"woocommerce-Price-amount amount\"><bdi>25,00&nbsp;<span class=\"woocommerce-Price-currencySymbol\">&euro;<\/span><\/bdi><\/span><\/span>\n<\/a><a href=\"https:\/\/yrmegard.net\/shop\/et\/toode\/komplekt-saarahof-kaepaelad\/\" aria-describedby=\"woocommerce_loop_add_to_cart_link_describedby_1542\" data-quantity=\"1\" class=\"button product_type_variable add_to_cart_button\" data-product_id=\"1542\" data-product_sku=\"YS01-SR02-PV12-\" aria-label=\"Vali tootele &ldquo;Koo ise veinipunased Saarahofi mustriga k\u00e4epaelad&rdquo; omadused\" rel=\"nofollow\">Vali<\/a>\t<span id=\"woocommerce_loop_add_to_cart_link_describedby_1542\" class=\"screen-reader-text\">\n\t\tThis product has multiple variants. The options may be chosen on the product page\t<\/span>\n<\/li>\n<\/ul>\n<\/div>\n\n\n\n<h2 class=\"wp-block-heading\"><em><strong>V\u00f5tmehoidjad<\/strong><\/em><\/h2>\n\n\n<div class=\"woocommerce columns-3 \"><ul class=\"products columns-3\">\n<li class=\"product type-product post-1613 status-publish first instock product_cat-votmehoidjad has-post-thumbnail shipping-taxable purchasable product-type-variable\">\n\t<a href=\"https:\/\/yrmegard.net\/shop\/et\/toode\/votmehoidja-orrenhofi-mustriga\/\" class=\"woocommerce-LoopProduct-link woocommerce-loop-product__link\"><img loading=\"lazy\" decoding=\"async\" width=\"300\" height=\"300\" src=\"https:\/\/yrmegard.net\/shop\/wp-content\/uploads\/2025\/11\/Orrenhof-lilledega-300x300.jpg\" class=\"attachment-woocommerce_thumbnail size-woocommerce_thumbnail\" alt=\"V\u00f5tmehoidja Orrenhofi mustriga\" srcset=\"https:\/\/yrmegard.net\/shop\/wp-content\/uploads\/2025\/11\/Orrenhof-lilledega-300x300.jpg 300w, https:\/\/yrmegard.net\/shop\/wp-content\/uploads\/2025\/11\/Orrenhof-lilledega-150x150.jpg 150w, https:\/\/yrmegard.net\/shop\/wp-content\/uploads\/2025\/11\/Orrenhof-lilledega-100x100.jpg 100w\" sizes=\"auto, (max-width: 300px) 100vw, 300px\" \/><h2 class=\"woocommerce-loop-product__title\">V\u00f5tmehoidja Orrenhofi mustriga<\/h2>\n\t<span class=\"price\"><span class=\"woocommerce-Price-amount amount\"><bdi>8,00&nbsp;<span class=\"woocommerce-Price-currencySymbol\">&euro;<\/span><\/bdi><\/span><\/span>\n<\/a><a href=\"https:\/\/yrmegard.net\/shop\/et\/toode\/votmehoidja-orrenhofi-mustriga\/\" aria-describedby=\"woocommerce_loop_add_to_cart_link_describedby_1613\" data-quantity=\"1\" class=\"button product_type_variable add_to_cart_button\" data-product_id=\"1613\" data-product_sku=\"YW02-OR04-\" aria-label=\"Vali tootele &ldquo;V\u00f5tmehoidja Orrenhofi mustriga&rdquo; omadused\" rel=\"nofollow\">Vali<\/a>\t<span id=\"woocommerce_loop_add_to_cart_link_describedby_1613\" class=\"screen-reader-text\">\n\t\tThis product has multiple variants. The options may be chosen on the product page\t<\/span>\n<\/li>\n<\/ul>\n<\/div>\n\n\n\n<h2 class=\"wp-block-heading\"><strong><em>Mustrid<\/em><\/strong><\/h2>\n\n\n<div class=\"woocommerce columns-3 \"><ul class=\"products columns-3\">\n<li class=\"product type-product post-1464 status-publish first instock product_cat-mustrid has-post-thumbnail downloadable virtual sold-individually purchasable product-type-simple\">\n\t<a href=\"https:\/\/yrmegard.net\/shop\/et\/toode\/lehed_ja_keerud\/\" class=\"woocommerce-LoopProduct-link woocommerce-loop-product__link\"><img loading=\"lazy\" decoding=\"async\" width=\"300\" height=\"300\" src=\"https:\/\/yrmegard.net\/shop\/wp-content\/uploads\/2025\/04\/YP_leaves_product-300x300.png\" class=\"attachment-woocommerce_thumbnail size-woocommerce_thumbnail\" alt=\"K\u00f5lamuster: lehed ja keerud\" srcset=\"https:\/\/yrmegard.net\/shop\/wp-content\/uploads\/2025\/04\/YP_leaves_product-300x300.png 300w, https:\/\/yrmegard.net\/shop\/wp-content\/uploads\/2025\/04\/YP_leaves_product-150x150.png 150w, https:\/\/yrmegard.net\/shop\/wp-content\/uploads\/2025\/04\/YP_leaves_product-100x100.png 100w\" sizes=\"auto, (max-width: 300px) 100vw, 300px\" \/><h2 class=\"woocommerce-loop-product__title\">K\u00f5lamuster: lehed ja keerud<\/h2>\n\t<span class=\"price\"><span class=\"woocommerce-Price-amount amount\"><bdi>10,00&nbsp;<span class=\"woocommerce-Price-currencySymbol\">&euro;<\/span><\/bdi><\/span><\/span>\n<\/a><a href=\"\/shop\/et\/wp-json\/wp\/v2\/pages\/961?add-to-cart=1464\" aria-describedby=\"woocommerce_loop_add_to_cart_link_describedby_1464\" data-quantity=\"1\" class=\"button product_type_simple add_to_cart_button ajax_add_to_cart\" data-product_id=\"1464\" data-product_sku=\"YP-I34-LS\" aria-label=\"Add to cart: &ldquo;K\u00f5lamuster: lehed ja keerud&rdquo;\" rel=\"nofollow\" data-success_message=\"&ldquo;K\u00f5lamuster: lehed ja keerud&rdquo; has been added to your cart\" role=\"button\">Lisa korvi<\/a>\t<span id=\"woocommerce_loop_add_to_cart_link_describedby_1464\" class=\"screen-reader-text\">\n\t\t\t<\/span>\n<\/li>\n<\/ul>\n<\/div>\n\n\n\n<h2 class=\"wp-block-heading\"><strong><em>T\u00f6\u00f6riistad<\/em><\/strong><\/h2>\n\n\n<div class=\"woocommerce columns-3 \"><ul class=\"products columns-3\">\n<li class=\"product type-product post-897 status-publish first instock product_cat-tooriistad has-post-thumbnail shipping-taxable purchasable product-type-variable\">\n\t<a href=\"https:\/\/yrmegard.net\/shop\/et\/toode\/kolad\/\" class=\"woocommerce-LoopProduct-link woocommerce-loop-product__link\"><img loading=\"lazy\" decoding=\"async\" width=\"300\" height=\"300\" src=\"https:\/\/yrmegard.net\/shop\/wp-content\/uploads\/2025\/02\/kolad-tootepilt2-300x300.jpg\" class=\"attachment-woocommerce_thumbnail size-woocommerce_thumbnail\" alt=\"K\u00f5lad\" srcset=\"https:\/\/yrmegard.net\/shop\/wp-content\/uploads\/2025\/02\/kolad-tootepilt2-300x300.jpg 300w, https:\/\/yrmegard.net\/shop\/wp-content\/uploads\/2025\/02\/kolad-tootepilt2-150x150.jpg 150w, https:\/\/yrmegard.net\/shop\/wp-content\/uploads\/2025\/02\/kolad-tootepilt2-100x100.jpg 100w\" sizes=\"auto, (max-width: 300px) 100vw, 300px\" \/><h2 class=\"woocommerce-loop-product__title\">K\u00f5lad<\/h2>\n\t<span class=\"price\"><span class=\"woocommerce-Price-amount amount\" aria-hidden=\"true\"><bdi>1,00&nbsp;<span class=\"woocommerce-Price-currencySymbol\">&euro;<\/span><\/bdi><\/span> <span aria-hidden=\"true\">&ndash;<\/span> <span class=\"woocommerce-Price-amount amount\" aria-hidden=\"true\"><bdi>40,00&nbsp;<span class=\"woocommerce-Price-currencySymbol\">&euro;<\/span><\/bdi><\/span><span class=\"screen-reader-text\">Price range: 1,00&nbsp;&euro; through 40,00&nbsp;&euro;<\/span><\/span>\n<\/a><a href=\"https:\/\/yrmegard.net\/shop\/et\/toode\/kolad\/\" aria-describedby=\"woocommerce_loop_add_to_cart_link_describedby_897\" data-quantity=\"1\" class=\"button product_type_variable add_to_cart_button\" data-product_id=\"897\" data-product_sku=\"YT-KA07-4-8\" aria-label=\"Vali tootele &ldquo;K\u00f5lad&rdquo; omadused\" rel=\"nofollow\">Vali<\/a>\t<span id=\"woocommerce_loop_add_to_cart_link_describedby_897\" class=\"screen-reader-text\">\n\t\tThis product has multiple variants. The options may be chosen on the product page\t<\/span>\n<\/li>\n<\/ul>\n<\/div>\n","protected":false},"excerpt":{"rendered":"<p>K\u00e4epaelad K\u00f5ladega kudumise komplektid V\u00f5tmehoidjad Mustrid T\u00f6\u00f6riistad<\/p>\n","protected":false},"author":2,"featured_media":0,"parent":0,"menu_order":0,"comment_status":"closed","ping_status":"closed","template":"","meta":{"footnotes":""},"class_list":["post-961","page","type-page","status-publish","hentry"],"_links":{"self":[{"href":"https:\/\/yrmegard.net\/shop\/et\/wp-json\/wp\/v2\/pages\/961","targetHints":{"allow":["GET"]}}],"collection":[{"href":"https:\/\/yrmegard.net\/shop\/et\/wp-json\/wp\/v2\/pages"}],"about":[{"href":"https:\/\/yrmegard.net\/shop\/et\/wp-json\/wp\/v2\/types\/page"}],"author":[{"embeddable":true,"href":"https:\/\/yrmegard.net\/shop\/et\/wp-json\/wp\/v2\/users\/2"}],"replies":[{"embeddable":true,"href":"https:\/\/yrmegard.net\/shop\/et\/wp-json\/wp\/v2\/comments?post=961"}],"version-history":[{"count":19,"href":"https:\/\/yrmegard.net\/shop\/et\/wp-json\/wp\/v2\/pages\/961\/revisions"}],"predecessor-version":[{"id":1637,"href":"https:\/\/yrmegard.net\/shop\/et\/wp-json\/wp\/v2\/pages\/961\/revisions\/1637"}],"wp:attachment":[{"href":"https:\/\/yrmegard.net\/shop\/et\/wp-json\/wp\/v2\/media?parent=961"}],"curies":[{"name":"wp","href":"https:\/\/api.w.org\/{rel}","templated":true}]}}