{"id":3,"date":"2024-03-02T22:39:35","date_gmt":"2024-03-02T22:39:35","guid":{"rendered":"https:\/\/yrmegard.net\/shop\/?page_id=3"},"modified":"2025-04-18T10:49:43","modified_gmt":"2025-04-18T10:49:43","slug":"privacy-policy","status":"publish","type":"page","link":"https:\/\/yrmegard.net\/shop\/et\/privacy-policy\/","title":{"rendered":"Privaatsustingimused"},"content":{"rendered":"\n<h2 class=\"wp-block-heading\">Sellest veebilehest<\/h2>\n\n\n\n<p><strong class=\"privacy-policy-tutorial\">Yrmegardi t\u00f6\u00f6toa <\/strong>veebileht kuulub Julia Christie Amor&#8217;ile, rohkem infot autori ja projekti kohta leite <a href=\"https:\/\/yrmegard.net\/treasury\/et\/tutvustus\/\" data-type=\"page\" data-id=\"105\">siit<\/a>. Yrmegardi t\u00f6\u00f6toa <a href=\"https:\/\/yrmegard.net\/treasury\/et\/pood\/\" data-type=\"page\" data-id=\"5930\">veebipoodi<\/a> opereerib Kasetriibik O\u00dc.<\/p>\n\n\n\n<h2 class=\"wp-block-heading\">Mis andmeid me kogume ja salvestame poe kasutamisel<\/h2>\n\n\n\n<p>Kui k\u00fclastad Yrmegardi poe veebilehte, j\u00e4lgime j\u00e4rgmist teavet:<\/p>\n\n\n\n<ul class=\"wp-block-list\">\n<li><strong>Vaadatud tooted<\/strong> \u2013 kasutame seda n\u00e4iteks selleks, et n\u00e4idata sulle hiljuti vaadatud tooteid.<\/li>\n\n\n\n<li><strong>Asukoht, IP-aadress ja brauseri t\u00fc\u00fcp<\/strong> \u2013 kasutame seda lehe paremaks kuvamiseks, samuti maksude arvutamiseks.<\/li>\n\n\n\n<li><strong>Kohaletoimetamise aadress<\/strong> \u2013 palume sul selle sisestada, et saaksime enne tellimuse esitamist pakkuda transpordikulu hinnangu ning saata sulle tellimuse.<\/li>\n<\/ul>\n\n\n\n<p>Kasutame k\u00fcpsiseid, et salvestada sinu ostukorvi sisu lehe sirvimise ajal.<\/p>\n\n\n\n<p>Kui teed Yrmegardi poes ostu, palume sul esitada j\u00e4rgmine teave: nimi, arveldusaadress, kohaletoimetamise aadress, e-posti aadress, telefoninumber, krediitkaardi\/makseandmed ja valikuline konto teave nagu kasutajanimi ja parool. Kasutame seda teavet selleks, et:<\/p>\n\n\n\n<ul class=\"wp-block-list\">\n<li>saata sulle teavet sinu konto ja tellimuse kohta;<\/li>\n\n\n\n<li>vastata sinu p\u00e4ringutele, sealhulgas tagasimaksetele ja kaebustele;<\/li>\n\n\n\n<li>luua sinu jaoks konto meie poes;<\/li>\n\n\n\n<li>t\u00e4ita seaduslikke kohustusi, n\u00e4iteks maksude arvestamist<\/li>\n\n\n\n<li>parandada meie poe teenuseid ja tootevalikut;<\/li>\n\n\n\n<li>saata turunduss\u00f5numeid, kui oled andnud selleks n\u00f5usoleku.<\/li>\n<\/ul>\n\n\n\n<p>Kui lood konto, salvestame sinu nime, aadressi, e-posti ja telefoninumbri, et need andmed t\u00e4ituksid automaatselt tulevaste tellimuste esitamisel.<\/p>\n\n\n\n<p>\u00dcldiselt salvestame sinu kohta teavet seni, kuni seda vajame eesm\u00e4rkidel, milleks see koguti, ja kui seadus ei n\u00f5ua selle pikemat s\u00e4ilitamist. N\u00e4iteks s\u00e4ilitame tellimuse andmeid maksustamise ja raamatupidamise eesm\u00e4rgil 7 aastat. See h\u00f5lmab sinu nime, e-posti aadressi ning arveldus- ja tarneaadresse.<\/p>\n\n\n\n<p>Samuti salvestame kommentaare v\u00f5i hinnanguid, kui otsustad neid meiega jagada.<\/p>\n\n\n\n<h2 class=\"wp-block-heading\">Kes meie meeskonnast sellele teabele ligi p\u00e4\u00e4seb<\/h2>\n\n\n\n<p>Meie meeskonnaliikmetel on juurdep\u00e4\u00e4s teabele, mida meile esitad. N\u00e4iteks saavad poehaldurid ligip\u00e4\u00e4su:<\/p>\n\n\n\n<ul class=\"wp-block-list\">\n<li>tellimuste andmetele, nagu ostetud tooted, ostmise aeg ja kohaletoimetamise aadress;<\/li>\n\n\n\n<li>kliendi andmetele, nagu nimi, e-posti aadress, arveldus- ja tarneaadressid.<\/li>\n<\/ul>\n\n\n\n<p>Meeskonnaliikmed p\u00e4\u00e4sevad nendele andmetele ligi, et t\u00e4ita tellimusi, t\u00f6\u00f6delda tagasimakseid ja pakkuda kliendituge.<\/p>\n\n\n\n<h2 class=\"wp-block-heading\">Mida jagame kolmandate osapooltega<\/h2>\n\n\n\n<p>Jagame teavet kolmandate osapooltega, kes aitavad meil pakkuda tellimusi ja poe teenuseid, n\u00e4iteks kauba k\u00e4ttetoimetamiseks vajalikud ostja isikuandmed antakse \u00fcle ostja valitud tarneteenust osutavale ettev\u00f5ttele.<\/p>\n\n\n\n<h2 class=\"wp-block-heading\">Maksed<\/h2>\n\n\n\n<p>Me aktsepteerime makseid WooPayments ja Stripe \u00fchislahenduse kaudu. Maksete t\u00f6\u00f6tlemisel edastatakse osa sinu andmetest Stripe&#8217;ile, sealhulgas teave, mis on vajalik makse t\u00f6\u00f6tlemiseks v\u00f5i toetamiseks, nagu ostusumma ja arveldusandmed.<\/p>\n\n\n\n<p>Lisateabe saamiseks vaata palun <a href=\"https:\/\/stripe.com\/en-ee\/privacy\">Stripe privaatsuspoliitikat<\/a>.<\/p>\n\n\n\n<h2 class=\"wp-block-heading\">S\u00f5numite saatmine<\/h2>\n\n\n\n<p>Kui kasutad veebilehe autorile s\u00f5numi saatmiseks sellel veebilehel olevaid kontaktvorme, saad n\u00f5ustuda oma nime ja e-posti aadressi salvestamise k\u00fcpsisefailides. See v\u00f5imalus on loodud sinu mugavuseks, et sa ei peaks uuesti oma nime ja e-posti aadressi sisestama, kui j\u00e4rgmist s\u00f5numit saadad. Need k\u00fcpsisefailid s\u00e4ilitatakse \u00fche aasta.<\/p>\n\n\n\n<h2 class=\"wp-block-heading\">Kuhu sinu infot edastatakse<\/h2>\n\n\n\n<p>Sinu s\u00f5numid saadetakse otse veebilehe omaniku e-posti aadressile, kuid neid v\u00f5idakse kontrollida automaatse r\u00e4mpsposti tuvastusrakenduse abil.Veebilehele lisatud v\u00e4line sisu<\/p>\n\n\n\n<p>Lehek\u00fcljed ja artiklid v\u00f5ivad sisaldada v\u00e4list sisu (<em>embedded content<\/em>, nt videod, pildid, tekstid). Selline sisu k\u00e4itub selliselt, nagu sa k\u00fclastaks algup\u00e4rast veebilehte, ehk kust see sisu p\u00e4rineb.<\/p>\n\n\n\n<p>Need algup\u00e4rased veebilehed v\u00f5ivad koguda andmeid sinu kohta, kasutada k\u00fcpsiseid ja kolmandate osapoolte infokogumisfunktsioone, ning j\u00e4lgida sinu sisukasutust, sh juhtudel, kui sul on vastaval veebilehel loodud konto ning oled sinna sisse logitud.<\/p>\n\n\n\n<h2 class=\"wp-block-heading\">Kui kaua hoiame sinu andmeid<\/h2>\n\n\n\n<p>Kui saadad meile s\u00f5numi, sinu s\u00f5num ja sellega seotud metainfo s\u00e4ilitatakse t\u00e4htajatult. Seda tehakse selleks, et parema klienditeeninduse huvides sind oleks v\u00f5imalik tuvastada ka tulevikus toimuva suhtluse tarbeks.<\/p>\n\n\n\n<h2 class=\"wp-block-heading\">Millised \u00f5igused on sinul seoses oma andmetega<\/h2>\n\n\n\n<p>Kui oled saatnud meile s\u00f5numi v\u00f5i teinud tellimuse, saad k\u00fcsida v\u00e4ljav\u00f5tet isikuandmetest, mida me sinue kohta s\u00e4ilitame. Samuti saad paluda sinu kohta salvestatud andmete kustutamist. See ei puuduta andmeid, mida peame s\u00e4ilitama administratiivsetel, seaduslikel v\u00f5i turvalisusega seotud alustel.<\/p>\n\n\n\n<h2 class=\"wp-block-heading\">Kasutajate statistika: Statcounter<\/h2>\n\n\n\n<p><a rel=\"noreferrer noopener\" href=\"https:\/\/statcounter.com\/\" target=\"_blank\">Statcounter<\/a> on veebistatistikateenus, mis aitab meil veebilehe k\u00fclastajaid m\u00f5ista; n\u00e4iteks seda, kuidas k\u00fclastajad meie veebilehe leiavad, kui kaua nad meie lehel veedavad, millistest sisulehtedest nad k\u00f5ige rohkem huvitatud on jne. Kasutame Statcounter&#8217;it, sest k\u00fclastajate huvide parem m\u00f5istmine aitab meil veebilehe sisu, kujundust ja funktsionaalsust t\u00e4iustada, ning pakkuda oma k\u00fclastajatele paremat veebikogemust.<\/p>\n\n\n\n<p>Statcounter kasutab k\u00fcpsiseid ja muid tehnoloogiaid, et koguda andmeid k\u00fclastajate ja k\u00fclastajate tegevuse kohta meie veebisaidil. Need andmed h\u00f5lmavad j\u00e4rgmist:<\/p>\n\n\n\n<ul class=\"wp-block-list\">\n<li>k\u00fclastuse kellaaeg ja kuup\u00e4ev (see aitab meil tuvastada ja planeerida meie veebisaidil kiireid perioode);<\/li>\n<\/ul>\n\n\n\n<ul class=\"wp-block-list\">\n<li>IP-aadress (see on Interneti-teenuse pakkuja poolt seadmele m\u00e4\u00e4ratud numbriline silt, mis v\u00f5imaldab seadmel Interneti-juurdep\u00e4\u00e4su);<\/li>\n<\/ul>\n\n\n\n<ul class=\"wp-block-list\">\n<li>brauser ja operatsioonis\u00fcsteem (see v\u00f5ib aidata meil tagada, et meie veebisait toimib \u00f5igesti meie saidile juurdep\u00e4\u00e4suks kasutatavates brauserites\/operatsioonis\u00fcsteemides);<\/li>\n<\/ul>\n\n\n\n<ul class=\"wp-block-list\">\n<li>seadme teave nt. seadme t\u00fc\u00fcp ja ekraani suurus (see v\u00f5ib aidata meil veenduda, et meie veebisait t\u00f6\u00f6tab \u00f5igesti meie saidile juurdep\u00e4\u00e4suks kasutatavates seadmetes);<\/li>\n<\/ul>\n\n\n\n<ul class=\"wp-block-list\">\n<li>viitamise andmed nt. otsingumootori link (see aitab meil m\u00f5ista, millised otsingumootorid aitavad k\u00fclastajatel meie veebisaiti leida).<\/li>\n<\/ul>\n\n\n\n<p>Kui k\u00fclastad meie veebisaiti, v\u00f5idakse sinu brauserisse paigutada Statcounteri k\u00fcpsisefail (nimega &#8220;on_unique&#8221;). Seda k\u00fcpsist kasutatakse ainult selleks, et teha kindlaks, kas oled esma- v\u00f5i korduvk\u00fclastaja, ja hinnata veebilehe kordumatuid k\u00fclastusi.<\/p>\n\n\n\n<p>Rohkem infot Statcounter&#8217;i k\u00fcpsisefailide kohta ning kuidas neist loobuda on leitav siit: <br><a rel=\"noreferrer noopener\" href=\"http:\/\/statcounter.com\/about\/set-refusal-cookie\/\" target=\"_blank\">http:\/\/statcounter.com\/about\/set-refusal-cookie\/<\/a><\/p>\n\n\n\n<p>Statcounter&#8217;i privaatsustingimused asuvad siin:<br><a rel=\"noreferrer noopener\" href=\"https:\/\/statcounter.com\/about\/legal\/#privacy\" target=\"_blank\">https:\/\/statcounter.com\/about\/legal\/#privacy<\/a><\/p>\n\n\n\n<h2 class=\"wp-block-heading\">Kasutajate statistika: Google Analytics<\/h2>\n\n\n\n<p><a rel=\"noreferrer noopener\" href=\"https:\/\/analytics.google.com\/\" target=\"_blank\">Google Analytics<\/a> on veel \u00fcks statistikateenus, mida kasutame veebilehe k\u00fclastajate paremaks m\u00f5istmiseks ja k\u00fclastajatele parema veebikogemuse pakkumiseks.<\/p>\n\n\n\n<p>Google Analytics kasutab peamiselt oma k\u00fcpsisefaile, et koguda ja anal\u00fc\u00fcsida infot k\u00fclastajate tegevuste kohta Google Analytics&#8217;i klientide veebisaitidel. Kasutajad v\u00f5ivad k\u00fcpsised keelata v\u00f5i \u00fcksikud k\u00fcpsised kustutada. <a href=\"https:\/\/policies.google.com\/technologies\/cookies\" target=\"_blank\" rel=\"noreferrer noopener\">Rohkem infot siit<\/a>.<\/p>\n\n\n\n<p>Lisaks toetab Google Analytics brauserisse paigaldatavat <a href=\"https:\/\/tools.google.com\/dlpage\/gaoptout\/\" target=\"_blank\" rel=\"noreferrer noopener\">rakendust<\/a>,\u00a0mis selle paigaldamisel ja sisse l\u00fclitamisel ei luba Google Analytics&#8217;il j\u00e4lgida kasutaja tegevusi \u00fchelgi k\u00fclastataval veebilehel. Palun pane t\u00e4hele, et see rakendus l\u00fclitab v\u00e4lja vaid Google Analytics&#8217;i poolsed m\u00f5\u00f5tmised.<\/p>\n\n\n\n<p>Lisateavet selle kohta, millist teavet Google kogub, kui kasutad nende tooteid ja teenuseid ning seda veebilehte, miks nad seda koguvad ja kuidas seda kasutavad, vaata siit: <a href=\"http:\/\/www.google.com\/intl\/en\/policies\/privacy\/\" target=\"_blank\" rel=\"noreferrer noopener\">Google privacy policy &amp; principles<\/a>.<\/p>\n","protected":false},"excerpt":{"rendered":"<p>Sellest veebilehest Yrmegardi t\u00f6\u00f6toa veebileht kuulub Julia Christie Amor&#8217;ile, rohkem infot autori ja projekti kohta leite siit. Yrmegardi t\u00f6\u00f6toa veebipoodi opereerib Kasetriibik O\u00dc. Mis andmeid me kogume ja salvestame poe kasutamisel Kui k\u00fclastad Yrmegardi poe veebilehte, j\u00e4lgime j\u00e4rgmist teavet: Kasutame k\u00fcpsiseid, et salvestada sinu ostukorvi&nbsp;<a class=\"read-more\" href=\"https:\/\/yrmegard.net\/shop\/et\/privacy-policy\/\">&hellip;<\/a><\/p>\n","protected":false},"author":1,"featured_media":0,"parent":0,"menu_order":0,"comment_status":"closed","ping_status":"open","template":"","meta":{"footnotes":""},"class_list":["post-3","page","type-page","status-publish","hentry"],"_links":{"self":[{"href":"https:\/\/yrmegard.net\/shop\/et\/wp-json\/wp\/v2\/pages\/3","targetHints":{"allow":["GET"]}}],"collection":[{"href":"https:\/\/yrmegard.net\/shop\/et\/wp-json\/wp\/v2\/pages"}],"about":[{"href":"https:\/\/yrmegard.net\/shop\/et\/wp-json\/wp\/v2\/types\/page"}],"author":[{"embeddable":true,"href":"https:\/\/yrmegard.net\/shop\/et\/wp-json\/wp\/v2\/users\/1"}],"replies":[{"embeddable":true,"href":"https:\/\/yrmegard.net\/shop\/et\/wp-json\/wp\/v2\/comments?post=3"}],"version-history":[{"count":2,"href":"https:\/\/yrmegard.net\/shop\/et\/wp-json\/wp\/v2\/pages\/3\/revisions"}],"predecessor-version":[{"id":1431,"href":"https:\/\/yrmegard.net\/shop\/et\/wp-json\/wp\/v2\/pages\/3\/revisions\/1431"}],"wp:attachment":[{"href":"https:\/\/yrmegard.net\/shop\/et\/wp-json\/wp\/v2\/media?parent=3"}],"curies":[{"name":"wp","href":"https:\/\/api.w.org\/{rel}","templated":true}]}}